{"id":474,"date":"2020-09-26T12:37:36","date_gmt":"2020-09-26T15:37:36","guid":{"rendered":"http:\/\/www.professores.uff.br\/brunosantiago\/?page_id=474"},"modified":"2020-11-30T13:25:37","modified_gmt":"2020-11-30T16:25:37","slug":"algebra-linear-listas-de-exercicios-semanais","status":"publish","type":"page","link":"https:\/\/www.professores.uff.br\/brunosantiago\/algebra-linear-listas-de-exercicios-semanais\/","title":{"rendered":"\u00c1lgebra Linear &#8211; Listas de Exerc\u00edcios Semanais"},"content":{"rendered":"\n<p class=\"has-medium-font-size\"><a rel=\"noreferrer noopener\" aria-label=\"Lista 01 (Com solu\u00e7\u00f5es) (abre numa nova aba)\" href=\"http:\/\/www.professores.uff.br\/brunosantiago\/wp-content\/uploads\/sites\/17\/2020\/09\/Lista-de-Exerc\u00edcios-1-1.pdf\" target=\"_blank\">Lista 01 (Com solu\u00e7\u00f5es)<\/a> <\/p>\n\n\n\n<p class=\"has-medium-font-size\"><a href=\"https:\/\/youtu.be\/Sk-2XUIyLaQ\" target=\"_blank\" rel=\"noreferrer noopener\" aria-label=\"Lista 01 (Gabarito comentado) (abre numa nova aba)\">Lista 01 (Gabarito comentado)<\/a><\/p>\n\n\n\n<div class=\"wp-block-file\"><a href=\"http:\/\/www.professores.uff.br\/brunosantiago\/wp-content\/uploads\/sites\/17\/2020\/09\/Lista-de-Exerc\u00edcios-2-1.pdf\"> <strong>Lista 02 (Com solu\u00e7\u00f5es) <\/strong><\/a><\/div>\n\n\n\n<p class=\"has-medium-font-size\"><a rel=\"noreferrer noopener\" aria-label=\"Lista 02 (Gabarito comentado) (abre numa nova aba)\" href=\"https:\/\/youtu.be\/RNFtJ2xg-uY\" target=\"_blank\">Lista 02 (Gabarito comentado)<\/a><\/p>\n\n\n\n<p class=\"has-medium-font-size\"><a rel=\"noreferrer noopener\" aria-label=\" (abre numa nova aba)\" href=\"http:\/\/www.professores.uff.br\/brunosantiago\/wp-content\/uploads\/sites\/17\/2020\/10\/Lista-de-exerc\u00edcios-3.pdf\" target=\"_blank\">Lista 03 (Com solu\u00e7\u00f5es)<\/a><\/p>\n\n\n\n<p class=\"has-medium-font-size\"><a rel=\"noreferrer noopener\" aria-label=\"Lista 03 (Gabarito comentado) (abre numa nova aba)\" href=\"https:\/\/youtu.be\/zZljbukCjXM\" target=\"_blank\">Lista 03 (Gabarito comentado)<\/a><\/p>\n\n\n\n<p class=\"has-medium-font-size\"><a rel=\"noreferrer noopener\" aria-label=\" (abre numa nova aba)\" href=\"http:\/\/www.professores.uff.br\/brunosantiago\/wp-content\/uploads\/sites\/17\/2020\/10\/Lista-de-Exerc\u00edcios-4-1.pdf\" target=\"_blank\">Lista 04 (Com solu\u00e7\u00f5es)<\/a><\/p>\n\n\n\n<p class=\"has-medium-font-size\"><a rel=\"noreferrer noopener\" aria-label=\"Lista 04 (Gabarito comentado) (abre numa nova aba)\" href=\"https:\/\/youtu.be\/IdpPOeVAOkM\" target=\"_blank\">Lista 04 (Gabarito comentado)<\/a> <\/p>\n\n\n\n<p class=\"has-medium-font-size\"><a rel=\"noreferrer noopener\" aria-label=\"Lista 05 (abre numa nova aba)\" href=\"http:\/\/www.professores.uff.br\/brunosantiago\/wp-content\/uploads\/sites\/17\/2020\/10\/Lista-de-Exerc\u00edcios-5.pdf\" target=\"_blank\">Lista 05 (Com solu\u00e7\u00f5es)<\/a><\/p>\n\n\n\n<p class=\"has-medium-font-size\"><a href=\"https:\/\/youtu.be\/pSHSSSC9k98\" target=\"_blank\" rel=\"noreferrer noopener\" aria-label=\"Lista 05 (Gabarito comentado) (abre numa nova aba)\">Lista 05 (Gabarito comentado)<\/a><\/p>\n\n\n\n<p class=\"has-medium-font-size\"><a rel=\"noreferrer noopener\" aria-label=\"Lista 06 (abre numa nova aba)\" href=\"http:\/\/www.professores.uff.br\/brunosantiago\/wp-content\/uploads\/sites\/17\/2020\/10\/Lista-de-Exerc\u00edcios-6.pdf\" target=\"_blank\">Lista 06 (Com solu\u00e7\u00f5es)<\/a> <\/p>\n\n\n\n<p class=\"has-medium-font-size\"><a rel=\"noreferrer noopener\" aria-label=\"Lista 06 (Gabarito comentado) (abre numa nova aba)\" href=\"https:\/\/youtu.be\/QxV5W37bEXA\" target=\"_blank\">Lista 06 (Gabarito comentado)<\/a><\/p>\n\n\n\n<p class=\"has-medium-font-size\"><a rel=\"noreferrer noopener\" aria-label=\" (abre numa nova aba)\" href=\"http:\/\/www.professores.uff.br\/brunosantiago\/wp-content\/uploads\/sites\/17\/2020\/11\/Lista-de-Exerc\u00edcios-9.pdf\" target=\"_blank\">Listas 08 e 09 (Com solu\u00e7\u00f5es)<\/a><\/p>\n\n\n\n<p class=\"has-medium-font-size\"><a rel=\"noreferrer noopener\" aria-label=\"Listas 08 e 09 (Gabarito comentado)  (abre numa nova aba)\" href=\"https:\/\/youtu.be\/IEZBBg308EU\" target=\"_blank\">Listas 08 e 09 (Gabarito comentado) <\/a><\/p>\n\n\n\n<p class=\"has-medium-font-size\"><a rel=\"noreferrer noopener\" aria-label=\"Lista 10 (abre numa nova aba)\" href=\"http:\/\/www.professores.uff.br\/brunosantiago\/wp-content\/uploads\/sites\/17\/2020\/11\/Lista-de-Exerc\u00edcios-10.pdf\" target=\"_blank\">Lista 10<\/a><\/p>\n\n\n\n<p class=\"has-medium-font-size\"><a rel=\"noreferrer noopener\" aria-label=\"Lista 11 (abre numa nova aba)\" href=\"http:\/\/www.professores.uff.br\/brunosantiago\/wp-content\/uploads\/sites\/17\/2020\/11\/Lista-de-Exerc\u00edcios-11.pdf\" target=\"_blank\">Lista 11<\/a> <a rel=\"noreferrer noopener\" aria-label=\"Gabarito - Parte 1 (abre numa nova aba)\" href=\"https:\/\/youtu.be\/Nxa8IlF5j7U\" target=\"_blank\">Gabarito &#8211; Parte 1<\/a> <a href=\"https:\/\/youtu.be\/qAEM4KBLBSc\" target=\"_blank\" rel=\"noreferrer noopener\" aria-label=\"Parte 2 (abre numa nova aba)\">Parte 2<\/a><\/p>\n","protected":false},"excerpt":{"rendered":"<p>Lista 01 (Com solu\u00e7\u00f5es) Lista 01 (Gabarito comentado) Lista 02 (Gabarito comentado) Lista 03 (Com solu\u00e7\u00f5es) Lista 03 (Gabarito comentado) Lista 04 (Com solu\u00e7\u00f5es) Lista 04 (Gabarito comentado) Lista 05 (Com solu\u00e7\u00f5es) Lista 05 (Gabarito comentado) Lista 06 (Com solu\u00e7\u00f5es) Lista 06 (Gabarito comentado) Listas 08 e 09 (Com solu\u00e7\u00f5es) Listas 08 e 09 (Gabarito [&hellip;]<\/p>\n","protected":false},"author":19,"featured_media":0,"parent":0,"menu_order":0,"comment_status":"closed","ping_status":"closed","template":"","meta":{"_exactmetrics_skip_tracking":false,"_exactmetrics_sitenote_active":false,"_exactmetrics_sitenote_note":"","_exactmetrics_sitenote_category":0,"footnotes":""},"categories":[],"tags":[],"class_list":["post-474","page","type-page","status-publish","hentry"],"_links":{"self":[{"href":"https:\/\/www.professores.uff.br\/brunosantiago\/wp-json\/wp\/v2\/pages\/474","targetHints":{"allow":["GET"]}}],"collection":[{"href":"https:\/\/www.professores.uff.br\/brunosantiago\/wp-json\/wp\/v2\/pages"}],"about":[{"href":"https:\/\/www.professores.uff.br\/brunosantiago\/wp-json\/wp\/v2\/types\/page"}],"author":[{"embeddable":true,"href":"https:\/\/www.professores.uff.br\/brunosantiago\/wp-json\/wp\/v2\/users\/19"}],"replies":[{"embeddable":true,"href":"https:\/\/www.professores.uff.br\/brunosantiago\/wp-json\/wp\/v2\/comments?post=474"}],"version-history":[{"count":22,"href":"https:\/\/www.professores.uff.br\/brunosantiago\/wp-json\/wp\/v2\/pages\/474\/revisions"}],"predecessor-version":[{"id":640,"href":"https:\/\/www.professores.uff.br\/brunosantiago\/wp-json\/wp\/v2\/pages\/474\/revisions\/640"}],"wp:attachment":[{"href":"https:\/\/www.professores.uff.br\/brunosantiago\/wp-json\/wp\/v2\/media?parent=474"}],"wp:term":[{"taxonomy":"category","embeddable":true,"href":"https:\/\/www.professores.uff.br\/brunosantiago\/wp-json\/wp\/v2\/categories?post=474"},{"taxonomy":"post_tag","embeddable":true,"href":"https:\/\/www.professores.uff.br\/brunosantiago\/wp-json\/wp\/v2\/tags?post=474"}],"curies":[{"name":"wp","href":"https:\/\/api.w.org\/{rel}","templated":true}]}}