{"id":483,"date":"2020-09-26T12:56:33","date_gmt":"2020-09-26T15:56:33","guid":{"rendered":"http:\/\/www.professores.uff.br\/brunosantiago\/?page_id=483"},"modified":"2020-11-23T18:43:52","modified_gmt":"2020-11-23T21:43:52","slug":"algebra-linear-aulas-teoricas","status":"publish","type":"page","link":"https:\/\/www.professores.uff.br\/brunosantiago\/algebra-linear-aulas-teoricas\/","title":{"rendered":"\u00c1lgebra Linear &#8211; Aulas Te\u00f3ricas"},"content":{"rendered":"\n<p class=\"has-medium-font-size\"><a href=\"https:\/\/youtu.be\/u8n1uubPLbk\" target=\"_blank\" rel=\"noreferrer noopener\" aria-label=\"Aula de Apresenta\u00e7\u00e3o do Curso (abre numa nova aba)\">Aula de Apresenta\u00e7\u00e3o do Curso<\/a><\/p>\n\n\n\n<p class=\"has-medium-font-size\"><a href=\"http:\/\/www.professores.uff.br\/brunosantiago\/wp-content\/uploads\/sites\/17\/2020\/09\/Apresenta\u00e7\u00e3o-do-Curso.pdf\" target=\"_blank\" rel=\"noreferrer noopener\" aria-label=\"Slides da Aula de Apresenta\u00e7\u00e3o do Curso (abre numa nova aba)\">Slides da Aula de Apresenta\u00e7\u00e3o do Curso<\/a><\/p>\n\n\n\n<p class=\"has-medium-font-size\"><a href=\"https:\/\/youtu.be\/Qcr-GOe03ew\" target=\"_blank\" rel=\"noreferrer noopener\" aria-label=\"Aula Te\u00f3rica da Semana 1 (abre numa nova aba)\">Aula Te\u00f3rica da Semana 1<\/a><\/p>\n\n\n\n<p class=\"has-medium-font-size\"><a href=\"http:\/\/www.professores.uff.br\/brunosantiago\/wp-content\/uploads\/sites\/17\/2020\/09\/Aula-02.pdf\" target=\"_blank\" rel=\"noreferrer noopener\" aria-label=\"Slides da  Aula Te\u00f3rica da Semana 1 (abre numa nova aba)\">Slides da  Aula Te\u00f3rica da Semana 1<\/a> <\/p>\n\n\n\n<p class=\"has-medium-font-size\"> <a href=\"https:\/\/youtu.be\/H1Zt6zEnG-Y\" target=\"_blank\" rel=\"noreferrer noopener\" aria-label=\"Aula Te\u00f3rica da Semana 2 (abre numa nova aba)\">Aula Te\u00f3rica da Semana 2<\/a><\/p>\n\n\n\n<p class=\"has-medium-font-size\"><a rel=\"noreferrer noopener\" aria-label=\"Slides  Aula Te\u00f3rica da Semana 2 (abre numa nova aba)\" href=\"http:\/\/www.professores.uff.br\/brunosantiago\/wp-content\/uploads\/sites\/17\/2020\/09\/Aula-Te\u00f3rica-2.pdf\" target=\"_blank\">Slides  Aula Te\u00f3rica da Semana 2<\/a><\/p>\n\n\n\n<p class=\"has-medium-font-size\"><a href=\"https:\/\/youtu.be\/wyQBDmzEteQ\" target=\"_blank\" rel=\"noreferrer noopener\" aria-label=\"Aula Te\u00f3rica da Semana 3 (Parte 1) (abre numa nova aba)\">Aula Te\u00f3rica da Semana 3 (Parte 1)<\/a><\/p>\n\n\n\n<p class=\"has-medium-font-size\"><a href=\"http:\/\/www.professores.uff.br\/brunosantiago\/wp-content\/uploads\/sites\/17\/2020\/09\/Aula-Te\u00f3rica-3.pdf\" target=\"_blank\" rel=\"noreferrer noopener\" aria-label=\"Slides Aula Te\u00f3rica da Semana 3 (Parte 1) (abre numa nova aba)\">Slides Aula Te\u00f3rica da Semana 3 (Parte 1)<\/a><\/p>\n\n\n\n<p class=\"has-medium-font-size\"> <a rel=\"noreferrer noopener\" aria-label=\"Aula Te\u00f3rica da Semana 3 (Parte 2 - Aglutina\u00e7\u00e3o de dados) (abre numa nova aba)\" href=\"https:\/\/youtu.be\/SKpX88UJAP4\" target=\"_blank\">Aula Te\u00f3rica da Semana 3 (Parte 2 &#8211; Aglutina\u00e7\u00e3o de dados)<\/a> <\/p>\n\n\n\n<p class=\"has-medium-font-size\"><a rel=\"noreferrer noopener\" aria-label=\"Slides Aula Te\u00f3rica da Semana 3 (Parte 2 - Aglutina\u00e7\u00e3o de dados) (abre numa nova aba)\" href=\"http:\/\/www.professores.uff.br\/brunosantiago\/wp-content\/uploads\/sites\/17\/2020\/09\/aula_k-means.pdf\" target=\"_blank\">Slides Aula Te\u00f3rica da Semana 3 (Parte 2 &#8211; Aglutina\u00e7\u00e3o de dados)<\/a><\/p>\n\n\n\n<p class=\"has-medium-font-size\"><a rel=\"noreferrer noopener\" aria-label=\"Aula Te\u00f3rica da Semana 4 (abre numa nova aba)\" href=\"https:\/\/youtu.be\/aRh_h4dWMsE\" target=\"_blank\">Aula Te\u00f3rica da Semana 4<\/a><\/p>\n\n\n\n<p class=\"has-medium-font-size\"><a rel=\"noreferrer noopener\" aria-label=\"Slides Aula Te\u00f3rica da Semana 4 (abre numa nova aba)\" href=\"http:\/\/www.professores.uff.br\/brunosantiago\/wp-content\/uploads\/sites\/17\/2020\/10\/Aula-Te\u00f3rica-4.pdf\" target=\"_blank\">Slides Aula Te\u00f3rica da Semana 4<\/a><\/p>\n\n\n\n<p class=\"has-medium-font-size\"><a rel=\"noreferrer noopener\" aria-label=\"Aula Te\u00f3rica da Semana 5 (abre numa nova aba)\" href=\"https:\/\/youtu.be\/8tSbSz6pT7g\" target=\"_blank\">Aula Te\u00f3rica da Semana 5<\/a><\/p>\n\n\n\n<p class=\"has-medium-font-size\"><a rel=\"noreferrer noopener\" aria-label=\"Slides Aula Te\u00f3rica da Semana 5 (abre numa nova aba)\" href=\"http:\/\/www.professores.uff.br\/brunosantiago\/wp-content\/uploads\/sites\/17\/2020\/10\/Aula-Te\u00f3rica-5.pdf\" target=\"_blank\">Slides Aula Te\u00f3rica da Semana 5<\/a><\/p>\n\n\n\n<p class=\"has-medium-font-size\"><a rel=\"noreferrer noopener\" aria-label=\"Aula Te\u00f3rica da Semana 6 (abre numa nova aba)\" href=\"https:\/\/youtu.be\/nxvjACecaHY\" target=\"_blank\">Aula Te\u00f3rica da Semana 6<\/a><\/p>\n\n\n\n<p class=\"has-medium-font-size\"><a rel=\"noreferrer noopener\" aria-label=\"Slides Aula Te\u00f3rica da Semana 6 (abre numa nova aba)\" href=\"http:\/\/www.professores.uff.br\/brunosantiago\/wp-content\/uploads\/sites\/17\/2020\/10\/Aula-Te\u00f3rica-6.pdf\" target=\"_blank\">Slides Aula Te\u00f3rica da Semana 6<\/a><\/p>\n\n\n\n<p class=\"has-medium-font-size\"><a rel=\"noreferrer noopener\" aria-label=\"Aula Te\u00f3rica da Semana 8 (abre numa nova aba)\" href=\"https:\/\/youtu.be\/b6cTftIxFDY\" target=\"_blank\">Aula Te\u00f3rica da Semana 8<\/a><\/p>\n\n\n\n<p class=\"has-medium-font-size\"><a rel=\"noreferrer noopener\" aria-label=\"Slides Aula Te\u00f3rica da Semana 8 (abre numa nova aba)\" href=\"http:\/\/www.professores.uff.br\/brunosantiago\/wp-content\/uploads\/sites\/17\/2020\/11\/Aula11.pdf\" target=\"_blank\">Slides Aula Te\u00f3rica da Semana 8<\/a><\/p>\n\n\n\n<p class=\"has-medium-font-size\"><a rel=\"noreferrer noopener\" aria-label=\"Aula Te\u00f3rica das Semana 09 (abre numa nova aba)\" href=\"https:\/\/youtu.be\/01CaV95OvkY\" target=\"_blank\">Aula Te\u00f3rica das Semana 09<\/a><\/p>\n\n\n\n<p class=\"has-medium-font-size\"><a rel=\"noreferrer noopener\" aria-label=\"Slides Aula Te\u00f3rica da Semana 09 (abre numa nova aba)\" href=\"http:\/\/www.professores.uff.br\/brunosantiago\/wp-content\/uploads\/sites\/17\/2020\/11\/Aula-Te\u00f3rica-8-e-9.pdf\" target=\"_blank\">Slides Aula Te\u00f3rica da Semana 09<\/a><\/p>\n\n\n\n<p class=\"has-medium-font-size\"><a rel=\"noreferrer noopener\" aria-label=\"Aula Te\u00f3rica da Semana 10 (abre numa nova aba)\" href=\"https:\/\/youtu.be\/ZX2vyJgBuDg\" target=\"_blank\">Aula Te\u00f3rica da Semana 10<\/a> (veja os Cap\u00edtulos 17 e 18 do livro -texto)<\/p>\n\n\n\n<p class=\"has-medium-font-size\"><a rel=\"noreferrer noopener\" aria-label=\"Aula Te\u00f3rica da Semana 11 (abre numa nova aba)\" href=\"https:\/\/youtu.be\/hPLAxlAmB0k\" target=\"_blank\">Aula Te\u00f3rica da Semana 11<\/a> <a href=\"https:\/\/youtu.be\/-2silbtBOBQ\" target=\"_blank\" rel=\"noreferrer noopener\" aria-label=\"Parte 2 (abre numa nova aba)\">Parte 2<\/a><\/p>\n","protected":false},"excerpt":{"rendered":"<p>Aula de Apresenta\u00e7\u00e3o do Curso Slides da Aula de Apresenta\u00e7\u00e3o do Curso Aula Te\u00f3rica da Semana 1 Slides da Aula Te\u00f3rica da Semana 1 Aula Te\u00f3rica da Semana 2 Slides Aula Te\u00f3rica da Semana 2 Aula Te\u00f3rica da Semana 3 (Parte 1) Slides Aula Te\u00f3rica da Semana 3 (Parte 1) Aula Te\u00f3rica da Semana 3 [&hellip;]<\/p>\n","protected":false},"author":19,"featured_media":0,"parent":0,"menu_order":0,"comment_status":"closed","ping_status":"closed","template":"","meta":{"_exactmetrics_skip_tracking":false,"_exactmetrics_sitenote_active":false,"_exactmetrics_sitenote_note":"","_exactmetrics_sitenote_category":0,"footnotes":""},"categories":[],"tags":[],"class_list":["post-483","page","type-page","status-publish","hentry"],"_links":{"self":[{"href":"https:\/\/www.professores.uff.br\/brunosantiago\/wp-json\/wp\/v2\/pages\/483","targetHints":{"allow":["GET"]}}],"collection":[{"href":"https:\/\/www.professores.uff.br\/brunosantiago\/wp-json\/wp\/v2\/pages"}],"about":[{"href":"https:\/\/www.professores.uff.br\/brunosantiago\/wp-json\/wp\/v2\/types\/page"}],"author":[{"embeddable":true,"href":"https:\/\/www.professores.uff.br\/brunosantiago\/wp-json\/wp\/v2\/users\/19"}],"replies":[{"embeddable":true,"href":"https:\/\/www.professores.uff.br\/brunosantiago\/wp-json\/wp\/v2\/comments?post=483"}],"version-history":[{"count":13,"href":"https:\/\/www.professores.uff.br\/brunosantiago\/wp-json\/wp\/v2\/pages\/483\/revisions"}],"predecessor-version":[{"id":636,"href":"https:\/\/www.professores.uff.br\/brunosantiago\/wp-json\/wp\/v2\/pages\/483\/revisions\/636"}],"wp:attachment":[{"href":"https:\/\/www.professores.uff.br\/brunosantiago\/wp-json\/wp\/v2\/media?parent=483"}],"wp:term":[{"taxonomy":"category","embeddable":true,"href":"https:\/\/www.professores.uff.br\/brunosantiago\/wp-json\/wp\/v2\/categories?post=483"},{"taxonomy":"post_tag","embeddable":true,"href":"https:\/\/www.professores.uff.br\/brunosantiago\/wp-json\/wp\/v2\/tags?post=483"}],"curies":[{"name":"wp","href":"https:\/\/api.w.org\/{rel}","templated":true}]}}