{"id":489,"date":"2020-09-26T13:15:12","date_gmt":"2020-09-26T16:15:12","guid":{"rendered":"http:\/\/www.professores.uff.br\/brunosantiago\/?page_id=489"},"modified":"2020-11-20T23:40:00","modified_gmt":"2020-11-21T02:40:00","slug":"complementos-de-matematica-aplicada-listas-de-exercicios-semanais","status":"publish","type":"page","link":"https:\/\/www.professores.uff.br\/brunosantiago\/complementos-de-matematica-aplicada-listas-de-exercicios-semanais\/","title":{"rendered":"Complementos de Matem\u00e1tica Aplicada &#8211; Listas de Exerc\u00edcios Semanais"},"content":{"rendered":"\n<p class=\"has-medium-font-size\"><a href=\"http:\/\/www.professores.uff.br\/brunosantiago\/wp-content\/uploads\/sites\/17\/2020\/09\/Lista01.pdf\" target=\"_blank\" rel=\"noreferrer noopener\" aria-label=\"Lista 01 (abre numa nova aba)\">Lista 01<\/a> <\/p>\n\n\n\n<p class=\"has-medium-font-size\"><a href=\"http:\/\/www.professores.uff.br\/brunosantiago\/wp-content\/uploads\/sites\/17\/2020\/09\/Lista-01-CMA.pdf\" target=\"_blank\" rel=\"noreferrer noopener\" aria-label=\"Lista 01 - Solu\u00e7\u00f5es (abre numa nova aba)\">Lista 01 &#8211; Solu\u00e7\u00f5es<\/a><\/p>\n\n\n\n<p class=\"has-medium-font-size\"><a href=\"https:\/\/youtu.be\/vZ-2nfeU8iE\" target=\"_blank\" rel=\"noreferrer noopener\" aria-label=\"Lista 01 - Solu\u00e7\u00f5es comentadas (abre numa nova aba)\">Lista 01 &#8211; Solu\u00e7\u00f5es comentadas<\/a><\/p>\n\n\n\n<p class=\"has-medium-font-size\"><a href=\"http:\/\/www.professores.uff.br\/brunosantiago\/wp-content\/uploads\/sites\/17\/2020\/09\/Lista-02-2.pdf\" target=\"_blank\" rel=\"noreferrer noopener\" aria-label=\" (abre numa nova aba)\">Lista 02 (Enunciados e solu\u00e7\u00f5es)<\/a><\/p>\n\n\n\n<p class=\"has-medium-font-size\"><a rel=\"noreferrer noopener\" aria-label=\"Lista 02 - Solu\u00e7\u00f5es comentadas (abre numa nova aba)\" href=\"https:\/\/youtu.be\/tiz-oTU5MXg\" target=\"_blank\">Lista 02 &#8211; Solu\u00e7\u00f5es comentadas<\/a><\/p>\n\n\n\n<p class=\"has-medium-font-size\"><a rel=\"noreferrer noopener\" aria-label=\"Lista 03 (Enunciados e solu\u00e7\u00f5es) (abre numa nova aba)\" href=\"http:\/\/www.professores.uff.br\/brunosantiago\/wp-content\/uploads\/sites\/17\/2020\/10\/Lista02.pdf\" target=\"_blank\">Lista 03 (Enunciados e solu\u00e7\u00f5es)<\/a><\/p>\n\n\n\n<p class=\"has-medium-font-size\"><a rel=\"noreferrer noopener\" aria-label=\"Lista 03 - Solu\u00e7\u00f5es comentadas (abre numa nova aba)\" href=\"https:\/\/youtu.be\/ok7ZzmBFijQ\" target=\"_blank\">Lista 03 &#8211; Solu\u00e7\u00f5es comentadas<\/a><\/p>\n\n\n\n<p class=\"has-medium-font-size\"><a rel=\"noreferrer noopener\" aria-label=\" (abre numa nova aba)\" href=\"http:\/\/www.professores.uff.br\/brunosantiago\/wp-content\/uploads\/sites\/17\/2020\/10\/Lista-04.pdf\" target=\"_blank\">Lista 04 (Enunciados e solu\u00e7\u00f5es)<\/a><\/p>\n\n\n\n<p class=\"has-medium-font-size\"><a rel=\"noreferrer noopener\" aria-label=\"Lista 05 (abre numa nova aba)\" href=\"http:\/\/www.professores.uff.br\/brunosantiago\/wp-content\/uploads\/sites\/17\/2020\/07\/Lista-04.pdf\" target=\"_blank\">Lista 05<\/a><\/p>\n\n\n\n<p class=\"has-medium-font-size\"><a rel=\"noreferrer noopener\" aria-label=\"Lista 06 (Enunciados e solu\u00e7\u00f5es) (abre numa nova aba)\" href=\"http:\/\/www.professores.uff.br\/brunosantiago\/wp-content\/uploads\/sites\/17\/2020\/10\/Lista05.pdf\" target=\"_blank\">Lista 06 (Enunciados e solu\u00e7\u00f5es)<\/a><\/p>\n\n\n\n<p class=\"has-medium-font-size\"><a rel=\"noreferrer noopener\" aria-label=\"Lista 06 (Solu\u00e7\u00f5es comentadas) (abre numa nova aba)\" href=\"https:\/\/youtu.be\/ZURgGrtxxCU\" target=\"_blank\">Lista 06 (Solu\u00e7\u00f5es comentadas)<\/a><\/p>\n\n\n\n<p class=\"has-medium-font-size\"><a rel=\"noreferrer noopener\" aria-label=\"Lista 07 (abre numa nova aba)\" href=\"http:\/\/www.professores.uff.br\/brunosantiago\/wp-content\/uploads\/sites\/17\/2020\/11\/Lista06.pdf\" target=\"_blank\">Lista 07<\/a> <\/p>\n\n\n\n<p class=\"has-medium-font-size\"><a rel=\"noreferrer noopener\" aria-label=\"Lista 09 (abre numa nova aba)\" href=\"http:\/\/www.professores.uff.br\/brunosantiago\/wp-content\/uploads\/sites\/17\/2020\/11\/Lista-09.pdf\" target=\"_blank\">Lista 0<\/a>8<\/p>\n\n\n\n<p class=\"has-medium-font-size\"><a rel=\"noreferrer noopener\" aria-label=\"Lista 09 (Com solu\u00e7\u00f5es) (abre numa nova aba)\" href=\"http:\/\/www.professores.uff.br\/brunosantiago\/wp-content\/uploads\/sites\/17\/2020\/11\/Lista-09-1.pdf\" target=\"_blank\">Lista 09 (Com solu\u00e7\u00f5es)<\/a> <\/p>\n\n\n\n<p class=\"has-medium-font-size\"><a rel=\"noreferrer noopener\" aria-label=\"Lista 09 (Solu\u00e7\u00f5es comentadas) (abre numa nova aba)\" href=\"https:\/\/youtu.be\/hMdOq2jfOW8\" target=\"_blank\">Lista 09 (Solu\u00e7\u00f5es comentadas)<\/a><\/p>\n\n\n\n<p class=\"has-medium-font-size\"><a href=\"http:\/\/www.professores.uff.br\/brunosantiago\/wp-content\/uploads\/sites\/17\/2020\/11\/Lista-07.pdf\" target=\"_blank\" rel=\"noreferrer noopener\" aria-label=\"Lista 07 (abre numa nova aba)\">Lista 07<\/a><\/p>\n","protected":false},"excerpt":{"rendered":"<p>Lista 01 Lista 01 &#8211; Solu\u00e7\u00f5es Lista 01 &#8211; Solu\u00e7\u00f5es comentadas Lista 02 (Enunciados e solu\u00e7\u00f5es) Lista 02 &#8211; Solu\u00e7\u00f5es comentadas Lista 03 (Enunciados e solu\u00e7\u00f5es) Lista 03 &#8211; Solu\u00e7\u00f5es comentadas Lista 04 (Enunciados e solu\u00e7\u00f5es) Lista 05 Lista 06 (Enunciados e solu\u00e7\u00f5es) Lista 06 (Solu\u00e7\u00f5es comentadas) Lista 07 Lista 08 Lista 09 (Com solu\u00e7\u00f5es) [&hellip;]<\/p>\n","protected":false},"author":19,"featured_media":0,"parent":0,"menu_order":0,"comment_status":"closed","ping_status":"closed","template":"","meta":{"_exactmetrics_skip_tracking":false,"_exactmetrics_sitenote_active":false,"_exactmetrics_sitenote_note":"","_exactmetrics_sitenote_category":0,"footnotes":""},"categories":[],"tags":[],"class_list":["post-489","page","type-page","status-publish","hentry"],"_links":{"self":[{"href":"https:\/\/www.professores.uff.br\/brunosantiago\/wp-json\/wp\/v2\/pages\/489","targetHints":{"allow":["GET"]}}],"collection":[{"href":"https:\/\/www.professores.uff.br\/brunosantiago\/wp-json\/wp\/v2\/pages"}],"about":[{"href":"https:\/\/www.professores.uff.br\/brunosantiago\/wp-json\/wp\/v2\/types\/page"}],"author":[{"embeddable":true,"href":"https:\/\/www.professores.uff.br\/brunosantiago\/wp-json\/wp\/v2\/users\/19"}],"replies":[{"embeddable":true,"href":"https:\/\/www.professores.uff.br\/brunosantiago\/wp-json\/wp\/v2\/comments?post=489"}],"version-history":[{"count":17,"href":"https:\/\/www.professores.uff.br\/brunosantiago\/wp-json\/wp\/v2\/pages\/489\/revisions"}],"predecessor-version":[{"id":634,"href":"https:\/\/www.professores.uff.br\/brunosantiago\/wp-json\/wp\/v2\/pages\/489\/revisions\/634"}],"wp:attachment":[{"href":"https:\/\/www.professores.uff.br\/brunosantiago\/wp-json\/wp\/v2\/media?parent=489"}],"wp:term":[{"taxonomy":"category","embeddable":true,"href":"https:\/\/www.professores.uff.br\/brunosantiago\/wp-json\/wp\/v2\/categories?post=489"},{"taxonomy":"post_tag","embeddable":true,"href":"https:\/\/www.professores.uff.br\/brunosantiago\/wp-json\/wp\/v2\/tags?post=489"}],"curies":[{"name":"wp","href":"https:\/\/api.w.org\/{rel}","templated":true}]}}