{"id":497,"date":"2020-09-26T13:24:41","date_gmt":"2020-09-26T16:24:41","guid":{"rendered":"http:\/\/www.professores.uff.br\/brunosantiago\/?page_id=497"},"modified":"2020-11-20T23:33:53","modified_gmt":"2020-11-21T02:33:53","slug":"complementos-de-matematica-aplicada-aulas-teoricas","status":"publish","type":"page","link":"https:\/\/www.professores.uff.br\/brunosantiago\/complementos-de-matematica-aplicada-aulas-teoricas\/","title":{"rendered":"Complementos de Matem\u00e1tica Aplicada &#8211; Aulas Te\u00f3ricas"},"content":{"rendered":"\n<p class=\"has-medium-font-size\"><a href=\"https:\/\/youtu.be\/XK8JVkb8UXA\" target=\"_blank\" rel=\"noreferrer noopener\" aria-label=\"Aula Te\u00f3rica da Semana 1 - Apresenta\u00e7\u00e3o do Curso (abre numa nova aba)\">Aula Te\u00f3rica da Semana 1 &#8211; Apresenta\u00e7\u00e3o do Curso<\/a><\/p>\n\n\n\n<p class=\"has-medium-font-size\"><a href=\"http:\/\/www.professores.uff.br\/brunosantiago\/wp-content\/uploads\/sites\/17\/2020\/09\/ACE-Apresenta\u00e7\u00e3o-do-Curso.pdf\" target=\"_blank\" rel=\"noreferrer noopener\" aria-label=\"Slides da Aula da Semana 1 (abre numa nova aba)\">Slides da Aula da Semana 1<\/a><\/p>\n\n\n\n<p class=\"has-medium-font-size\"><a href=\"https:\/\/youtu.be\/ysaos8Y-6J8\" target=\"_blank\" rel=\"noreferrer noopener\" aria-label=\"Aula Te\u00f3rica da Semana 2 (abre numa nova aba)\">Aula Te\u00f3rica da Semana 2<\/a> <\/p>\n\n\n\n<p class=\"has-medium-font-size\"><a rel=\"noreferrer noopener\" aria-label=\"Slides da Aula da Semana 2 (abre numa nova aba)\" href=\"http:\/\/www.professores.uff.br\/brunosantiago\/wp-content\/uploads\/sites\/17\/2020\/09\/Aula02.pdf\" target=\"_blank\">Slides da Aula da Semana 2<\/a><\/p>\n\n\n\n<p class=\"has-medium-font-size\"><a rel=\"noreferrer noopener\" aria-label=\"Aula Te\u00f3rica da Semana 3 (abre numa nova aba)\" href=\"https:\/\/youtu.be\/K4VdJY2J-7s\" target=\"_blank\">Aula Te\u00f3rica da Semana 3<\/a><\/p>\n\n\n\n<p class=\"has-medium-font-size\"><a rel=\"noreferrer noopener\" aria-label=\"Slides da Aula da Semana 3 (abre numa nova aba)\" href=\"http:\/\/www.professores.uff.br\/brunosantiago\/wp-content\/uploads\/sites\/17\/2020\/09\/Aula03.pdf\" target=\"_blank\">Slides da Aula da Semana 3<\/a><\/p>\n\n\n\n<p class=\"has-medium-font-size\"><a rel=\"noreferrer noopener\" aria-label=\"Aula Te\u00f3rica da Semana 4 (abre numa nova aba)\" href=\"https:\/\/youtu.be\/GbQd7Ggst6E\" target=\"_blank\">Aula Te\u00f3rica da Semana 4<\/a><\/p>\n\n\n\n<p class=\"has-medium-font-size\"><a rel=\"noreferrer noopener\" aria-label=\"Slides Aula Te\u00f3rica da Semana 4 (abre numa nova aba)\" href=\"http:\/\/www.professores.uff.br\/brunosantiago\/wp-content\/uploads\/sites\/17\/2020\/10\/Aula-05.pdf\" target=\"_blank\">Slides Aula Te\u00f3rica da Semana 4<\/a><\/p>\n\n\n\n<p class=\"has-medium-font-size\"><a rel=\"noreferrer noopener\" aria-label=\"Aula Te\u00f3rica da Semana 5 (abre numa nova aba)\" href=\"https:\/\/youtu.be\/Ae0Kt1rzBGg\" target=\"_blank\">Aula Te\u00f3rica da Semana 5<\/a><\/p>\n\n\n\n<p class=\"has-medium-font-size\"><a rel=\"noreferrer noopener\" aria-label=\"Slides Aula Te\u00f3rica Semana 5 (abre numa nova aba)\" href=\"http:\/\/www.professores.uff.br\/brunosantiago\/wp-content\/uploads\/sites\/17\/2020\/10\/Aula-08.pdf\" target=\"_blank\">Slides Aula Te\u00f3rica Semana 5<\/a><\/p>\n\n\n\n<p class=\"has-medium-font-size\"><a rel=\"noreferrer noopener\" aria-label=\"Aula Te\u00f3rica da Semana 6 (abre numa nova aba)\" href=\"https:\/\/youtu.be\/dXpZpORIHTQ\" target=\"_blank\">Aula Te\u00f3rica da Semana 6<\/a><\/p>\n\n\n\n<p class=\"has-medium-font-size\"><a rel=\"noreferrer noopener\" aria-label=\"Slides Aula Te\u00f3rica da Semana 6 (abre numa nova aba)\" href=\"http:\/\/www.professores.uff.br\/brunosantiago\/wp-content\/uploads\/sites\/17\/2020\/10\/Aula-09.pdf\" target=\"_blank\">Slides Aula Te\u00f3rica da Semana 6<\/a><\/p>\n\n\n\n<p class=\"has-medium-font-size\"><a rel=\"noreferrer noopener\" aria-label=\"Aula Te\u00f3rica da Semana 6 (Parte 2) (abre numa nova aba)\" href=\"https:\/\/youtu.be\/5PVHIMzt-3Q\" target=\"_blank\">Aula Te\u00f3rica da Semana 6 (Parte 2)<\/a><\/p>\n\n\n\n<p class=\"has-medium-font-size\"><a rel=\"noreferrer noopener\" aria-label=\"Slides da Aula Te\u00f3rica da Semana 6 (Parte 2)  (abre numa nova aba)\" href=\"http:\/\/www.professores.uff.br\/brunosantiago\/wp-content\/uploads\/sites\/17\/2020\/10\/Aula10.pdf\" target=\"_blank\">Slides da Aula Te\u00f3rica da Semana 6 (Parte 2) <\/a><\/p>\n\n\n\n<p class=\"has-medium-font-size\"><a rel=\"noreferrer noopener\" aria-label=\"Aula Te\u00f3rica da Semana 9 (abre numa nova aba)\" href=\"https:\/\/youtu.be\/WolGppBoUCI\" target=\"_blank\">Aula Te\u00f3rica da Semana 9<\/a><\/p>\n\n\n\n<p class=\"has-medium-font-size\"><a rel=\"noreferrer noopener\" aria-label=\"Slides Aula Te\u00f3rica da Semana 9 (abre numa nova aba)\" href=\"http:\/\/www.professores.uff.br\/brunosantiago\/wp-content\/uploads\/sites\/17\/2020\/11\/Aula-13.pdf\" target=\"_blank\">Slides Aula Te\u00f3rica da Semana 9<\/a><\/p>\n\n\n\n<p class=\"has-medium-font-size\"><a rel=\"noreferrer noopener\" aria-label=\"Aula Te\u00f3rica da Semana 10 (Parte 1) (abre numa nova aba)\" href=\"https:\/\/youtu.be\/JHLEhvq6XPM\" target=\"_blank\">Aula Te\u00f3rica da Semana 10 (Parte 1)<\/a> <a rel=\"noreferrer noopener\" aria-label=\"(Parte 2) (abre numa nova aba)\" href=\"https:\/\/youtu.be\/jGCpVWiKH3E\" target=\"_blank\">(Parte 2)<\/a> <a rel=\"noreferrer noopener\" aria-label=\"(Parte 3) (abre numa nova aba)\" href=\"https:\/\/youtu.be\/EgSW-CEXDIU\" target=\"_blank\">(Parte 3)<\/a> <a href=\"https:\/\/youtu.be\/caTD4KLaQNk\" target=\"_blank\" rel=\"noreferrer noopener\" aria-label=\"(Parte 4) (abre numa nova aba)\">(Parte 4)<\/a><\/p>\n\n\n\n<p class=\"has-medium-font-size\"><a href=\"https:\/\/youtu.be\/0FzWTJ-5t7M\" target=\"_blank\" rel=\"noreferrer noopener\" aria-label=\"Aula Te\u00f3rica Final (abre numa nova aba)\">Aula Te\u00f3rica Final<\/a><\/p>\n","protected":false},"excerpt":{"rendered":"<p>Aula Te\u00f3rica da Semana 1 &#8211; Apresenta\u00e7\u00e3o do Curso Slides da Aula da Semana 1 Aula Te\u00f3rica da Semana 2 Slides da Aula da Semana 2 Aula Te\u00f3rica da Semana 3 Slides da Aula da Semana 3 Aula Te\u00f3rica da Semana 4 Slides Aula Te\u00f3rica da Semana 4 Aula Te\u00f3rica da Semana 5 Slides Aula [&hellip;]<\/p>\n","protected":false},"author":19,"featured_media":0,"parent":0,"menu_order":0,"comment_status":"closed","ping_status":"closed","template":"","meta":{"_exactmetrics_skip_tracking":false,"_exactmetrics_sitenote_active":false,"_exactmetrics_sitenote_note":"","_exactmetrics_sitenote_category":0,"footnotes":""},"categories":[],"tags":[],"class_list":["post-497","page","type-page","status-publish","hentry"],"_links":{"self":[{"href":"https:\/\/www.professores.uff.br\/brunosantiago\/wp-json\/wp\/v2\/pages\/497","targetHints":{"allow":["GET"]}}],"collection":[{"href":"https:\/\/www.professores.uff.br\/brunosantiago\/wp-json\/wp\/v2\/pages"}],"about":[{"href":"https:\/\/www.professores.uff.br\/brunosantiago\/wp-json\/wp\/v2\/types\/page"}],"author":[{"embeddable":true,"href":"https:\/\/www.professores.uff.br\/brunosantiago\/wp-json\/wp\/v2\/users\/19"}],"replies":[{"embeddable":true,"href":"https:\/\/www.professores.uff.br\/brunosantiago\/wp-json\/wp\/v2\/comments?post=497"}],"version-history":[{"count":10,"href":"https:\/\/www.professores.uff.br\/brunosantiago\/wp-json\/wp\/v2\/pages\/497\/revisions"}],"predecessor-version":[{"id":632,"href":"https:\/\/www.professores.uff.br\/brunosantiago\/wp-json\/wp\/v2\/pages\/497\/revisions\/632"}],"wp:attachment":[{"href":"https:\/\/www.professores.uff.br\/brunosantiago\/wp-json\/wp\/v2\/media?parent=497"}],"wp:term":[{"taxonomy":"category","embeddable":true,"href":"https:\/\/www.professores.uff.br\/brunosantiago\/wp-json\/wp\/v2\/categories?post=497"},{"taxonomy":"post_tag","embeddable":true,"href":"https:\/\/www.professores.uff.br\/brunosantiago\/wp-json\/wp\/v2\/tags?post=497"}],"curies":[{"name":"wp","href":"https:\/\/api.w.org\/{rel}","templated":true}]}}