{"id":509,"date":"2020-09-28T21:48:14","date_gmt":"2020-09-29T00:48:14","guid":{"rendered":"http:\/\/www.professores.uff.br\/brunosantiago\/?page_id=509"},"modified":"2020-11-30T15:50:30","modified_gmt":"2020-11-30T18:50:30","slug":"algebra-linear-aulas-de-duvidas","status":"publish","type":"page","link":"https:\/\/www.professores.uff.br\/brunosantiago\/algebra-linear-aulas-de-duvidas\/","title":{"rendered":"\u00c1lgebra Linear &#8211; Aulas de d\u00favidas"},"content":{"rendered":"\n<p class=\"has-medium-font-size\"><a rel=\"noreferrer noopener\" aria-label=\"Aula de d\u00favidas (28 - 09) (abre numa nova aba)\" href=\"https:\/\/youtu.be\/TSw1CHxz6RY\" target=\"_blank\">Aula de d\u00favidas (28 &#8211; 09)<\/a><\/p>\n\n\n\n<p class=\"has-medium-font-size\"><a rel=\"noreferrer noopener\" aria-label=\"Aula de d\u00favidas (14 - 10) (abre numa nova aba)\" href=\"https:\/\/youtu.be\/eBDUGtY9YQA\" target=\"_blank\">Aula de d\u00favidas (14 &#8211; 10) Parte I<\/a><\/p>\n\n\n\n<p class=\"has-medium-font-size\"><a rel=\"noreferrer noopener\" aria-label=\"Aula de d\u00favidas (14 - 10) Parte II (abre numa nova aba)\" href=\"https:\/\/youtu.be\/61pn8Nkeg24\" target=\"_blank\">Aula de d\u00favidas (14 &#8211; 10) Parte II<\/a><\/p>\n\n\n\n<p class=\"has-medium-font-size\"><a rel=\"noreferrer noopener\" aria-label=\"Aula de d\u00favidas (09 - 11) Parte I (abre numa nova aba)\" href=\"https:\/\/youtu.be\/wT0embdfgXI\" target=\"_blank\">Aula de d\u00favidas (09 &#8211; 11) Parte I<\/a><\/p>\n\n\n\n<p class=\"has-medium-font-size\"><a rel=\"noreferrer noopener\" aria-label=\"Aula de d\u00favidas (09 - 11) Parte II (abre numa nova aba)\" href=\"https:\/\/youtu.be\/OHjSGLCwkTo\" target=\"_blank\">Aula de d\u00favidas (09 &#8211; 11) Parte II<\/a><\/p>\n\n\n\n<p class=\"has-medium-font-size\"><a href=\"https:\/\/youtu.be\/vb4jrfYvhBQ\" target=\"_blank\" rel=\"noreferrer noopener\" aria-label=\"Aula de d\u00favidas (30 - 11) (abre numa nova aba)\">Aula de d\u00favidas (30 &#8211; 11)<\/a> <\/p>\n","protected":false},"excerpt":{"rendered":"<p>Aula de d\u00favidas (28 &#8211; 09) Aula de d\u00favidas (14 &#8211; 10) Parte I Aula de d\u00favidas (14 &#8211; 10) Parte II Aula de d\u00favidas (09 &#8211; 11) Parte I Aula de d\u00favidas (09 &#8211; 11) Parte II Aula de d\u00favidas (30 &#8211; 11)<\/p>\n","protected":false},"author":19,"featured_media":0,"parent":0,"menu_order":0,"comment_status":"closed","ping_status":"closed","template":"","meta":{"_exactmetrics_skip_tracking":false,"_exactmetrics_sitenote_active":false,"_exactmetrics_sitenote_note":"","_exactmetrics_sitenote_category":0,"footnotes":""},"categories":[],"tags":[],"class_list":["post-509","page","type-page","status-publish","hentry"],"_links":{"self":[{"href":"https:\/\/www.professores.uff.br\/brunosantiago\/wp-json\/wp\/v2\/pages\/509","targetHints":{"allow":["GET"]}}],"collection":[{"href":"https:\/\/www.professores.uff.br\/brunosantiago\/wp-json\/wp\/v2\/pages"}],"about":[{"href":"https:\/\/www.professores.uff.br\/brunosantiago\/wp-json\/wp\/v2\/types\/page"}],"author":[{"embeddable":true,"href":"https:\/\/www.professores.uff.br\/brunosantiago\/wp-json\/wp\/v2\/users\/19"}],"replies":[{"embeddable":true,"href":"https:\/\/www.professores.uff.br\/brunosantiago\/wp-json\/wp\/v2\/comments?post=509"}],"version-history":[{"count":5,"href":"https:\/\/www.professores.uff.br\/brunosantiago\/wp-json\/wp\/v2\/pages\/509\/revisions"}],"predecessor-version":[{"id":642,"href":"https:\/\/www.professores.uff.br\/brunosantiago\/wp-json\/wp\/v2\/pages\/509\/revisions\/642"}],"wp:attachment":[{"href":"https:\/\/www.professores.uff.br\/brunosantiago\/wp-json\/wp\/v2\/media?parent=509"}],"wp:term":[{"taxonomy":"category","embeddable":true,"href":"https:\/\/www.professores.uff.br\/brunosantiago\/wp-json\/wp\/v2\/categories?post=509"},{"taxonomy":"post_tag","embeddable":true,"href":"https:\/\/www.professores.uff.br\/brunosantiago\/wp-json\/wp\/v2\/tags?post=509"}],"curies":[{"name":"wp","href":"https:\/\/api.w.org\/{rel}","templated":true}]}}