{"id":524,"date":"2020-09-29T15:33:32","date_gmt":"2020-09-29T18:33:32","guid":{"rendered":"http:\/\/www.professores.uff.br\/brunosantiago\/?page_id=524"},"modified":"2020-10-14T19:17:12","modified_gmt":"2020-10-14T22:17:12","slug":"complementos-de-matematica-aplicada-aulas-de-duvidas","status":"publish","type":"page","link":"https:\/\/www.professores.uff.br\/brunosantiago\/complementos-de-matematica-aplicada-aulas-de-duvidas\/","title":{"rendered":"Complementos de Matem\u00e1tica Aplicada &#8211; Aulas de D\u00favidas"},"content":{"rendered":"\n<p class=\"has-medium-font-size\"><a rel=\"noreferrer noopener\" aria-label=\"Aula de d\u00favida 28 - 09 (abre numa nova aba)\" href=\"https:\/\/youtu.be\/ZnaJtBEa968\" target=\"_blank\">Aula de d\u00favida 28 &#8211; 09<\/a><\/p>\n\n\n\n<p class=\"has-medium-font-size\"><a rel=\"noreferrer noopener\" aria-label=\"Aula de d\u00favidas (14 - 10) Parte I (abre numa nova aba)\" href=\"https:\/\/youtu.be\/pqfVRdb7REU\" target=\"_blank\">Aula de d\u00favidas (14 &#8211; 10) Parte I<\/a><\/p>\n\n\n\n<p class=\"has-medium-font-size\"><a href=\"https:\/\/youtu.be\/Fedj4QJdFZo\" target=\"_blank\" rel=\"noreferrer noopener\" aria-label=\"Aula de d\u00favidas (14 - 10) Parte II (abre numa nova aba)\">Aula de d\u00favidas (14 &#8211; 10) Parte II<\/a><\/p>\n","protected":false},"excerpt":{"rendered":"<p>Aula de d\u00favida 28 &#8211; 09 Aula de d\u00favidas (14 &#8211; 10) Parte I Aula de d\u00favidas (14 &#8211; 10) Parte II<\/p>\n","protected":false},"author":19,"featured_media":0,"parent":0,"menu_order":0,"comment_status":"closed","ping_status":"closed","template":"","meta":{"_exactmetrics_skip_tracking":false,"_exactmetrics_sitenote_active":false,"_exactmetrics_sitenote_note":"","_exactmetrics_sitenote_category":0,"footnotes":""},"categories":[],"tags":[],"class_list":["post-524","page","type-page","status-publish","hentry"],"_links":{"self":[{"href":"https:\/\/www.professores.uff.br\/brunosantiago\/wp-json\/wp\/v2\/pages\/524","targetHints":{"allow":["GET"]}}],"collection":[{"href":"https:\/\/www.professores.uff.br\/brunosantiago\/wp-json\/wp\/v2\/pages"}],"about":[{"href":"https:\/\/www.professores.uff.br\/brunosantiago\/wp-json\/wp\/v2\/types\/page"}],"author":[{"embeddable":true,"href":"https:\/\/www.professores.uff.br\/brunosantiago\/wp-json\/wp\/v2\/users\/19"}],"replies":[{"embeddable":true,"href":"https:\/\/www.professores.uff.br\/brunosantiago\/wp-json\/wp\/v2\/comments?post=524"}],"version-history":[{"count":3,"href":"https:\/\/www.professores.uff.br\/brunosantiago\/wp-json\/wp\/v2\/pages\/524\/revisions"}],"predecessor-version":[{"id":575,"href":"https:\/\/www.professores.uff.br\/brunosantiago\/wp-json\/wp\/v2\/pages\/524\/revisions\/575"}],"wp:attachment":[{"href":"https:\/\/www.professores.uff.br\/brunosantiago\/wp-json\/wp\/v2\/media?parent=524"}],"wp:term":[{"taxonomy":"category","embeddable":true,"href":"https:\/\/www.professores.uff.br\/brunosantiago\/wp-json\/wp\/v2\/categories?post=524"},{"taxonomy":"post_tag","embeddable":true,"href":"https:\/\/www.professores.uff.br\/brunosantiago\/wp-json\/wp\/v2\/tags?post=524"}],"curies":[{"name":"wp","href":"https:\/\/api.w.org\/{rel}","templated":true}]}}