{"id":644,"date":"2021-02-01T18:23:08","date_gmt":"2021-02-01T21:23:08","guid":{"rendered":"http:\/\/www.professores.uff.br\/brunosantiago\/?page_id=644"},"modified":"2021-04-25T21:23:13","modified_gmt":"2021-04-26T00:23:13","slug":"cma-2020-2-listas-de-exercicios","status":"publish","type":"page","link":"https:\/\/www.professores.uff.br\/brunosantiago\/cma-2020-2-listas-de-exercicios\/","title":{"rendered":"CMA 2020.2 &#8211; Listas de Exerc\u00edcios"},"content":{"rendered":"\n<div class=\"wp-block-file\"><a href=\"http:\/\/www.professores.uff.br\/brunosantiago\/wp-content\/uploads\/sites\/17\/2021\/02\/Lista-de-Exerc\u00edcios-1.pdf\">Lista-de-Exerc\u00edcios-1<\/a><\/div>\n\n\n\n<div class=\"wp-block-file\"><a href=\"http:\/\/www.professores.uff.br\/brunosantiago\/wp-content\/uploads\/sites\/17\/2021\/02\/Lista-de-Exerc\u00edcios-1-1.pdf\">Lista-de-Exerc\u00edcios-1 (Com solu\u00e7\u00f5es)<\/a><\/div>\n\n\n\n<p><a rel=\"noreferrer noopener\" aria-label=\"Lista de Exerc\u00edcios 1 (Solu\u00e7\u00f5es comentadas) (abre numa nova aba)\" href=\"https:\/\/youtu.be\/pXS3hDQy15A\" target=\"_blank\">Lista de Exerc\u00edcios 1 (Solu\u00e7\u00f5es comentadas)<\/a><\/p>\n\n\n\n<div class=\"wp-block-file\"><a href=\"http:\/\/www.professores.uff.br\/brunosantiago\/wp-content\/uploads\/sites\/17\/2021\/02\/Lista-de-Exerc\u00edcios-2.pdf\">Lista-de-Exerc\u00edcios-2<\/a><\/div>\n\n\n\n<div class=\"wp-block-file\"><a href=\"http:\/\/www.professores.uff.br\/brunosantiago\/wp-content\/uploads\/sites\/17\/2021\/02\/Lista-de-Exerc\u00edcios-2-1.pdf\">Lista-de-Exerc\u00edcios-2 (Com solu\u00e7\u00f5es)<\/a><\/div>\n\n\n\n<p><a rel=\"noreferrer noopener\" aria-label=\"Lista de Exerc\u00edcios 2 (Solu\u00e7\u00f5es comentadas em v\u00eddeo) (abre numa nova aba)\" href=\"https:\/\/youtu.be\/CzBX5ZgRbU4\" target=\"_blank\">Lista de Exerc\u00edcios 2 (Solu\u00e7\u00f5es comentadas em v\u00eddeo)<\/a><\/p>\n\n\n\n<div class=\"wp-block-file\"><a href=\"http:\/\/www.professores.uff.br\/brunosantiago\/wp-content\/uploads\/sites\/17\/2021\/02\/Lista-de-Exerc\u00edcios-03.pdf\" target=\"_blank\" rel=\"noreferrer noopener\">Lista-de-Exerc\u00edcios-03<\/a><\/div>\n\n\n\n<div class=\"wp-block-file\"><a href=\"http:\/\/www.professores.uff.br\/brunosantiago\/wp-content\/uploads\/sites\/17\/2021\/03\/Lista-de-Exerc\u00edcios-03.pdf\" target=\"_blank\" rel=\"noreferrer noopener\">Lista-de-Exerc\u00edcios-03 (Com solu\u00e7\u00f5es)<\/a><\/div>\n\n\n\n<p><a rel=\"noreferrer noopener\" aria-label=\"Lista de Exerc\u00edcios 03 (Solu\u00e7\u00f5es comentadas em v\u00eddeo) (abre numa nova aba)\" href=\"https:\/\/youtu.be\/DsPQstVPqvs\" target=\"_blank\">Lista de Exerc\u00edcios 03 (Solu\u00e7\u00f5es comentadas em v\u00eddeo)<\/a><\/p>\n\n\n\n<div class=\"wp-block-file\"><a href=\"http:\/\/www.professores.uff.br\/brunosantiago\/wp-content\/uploads\/sites\/17\/2021\/03\/Lista-de-Exerc\u00edcios-4.pdf\" target=\"_blank\" rel=\"noreferrer noopener\">Lista-de-Exerc\u00edcios-4<\/a><\/div>\n\n\n\n<div class=\"wp-block-file\"><a href=\"http:\/\/www.professores.uff.br\/brunosantiago\/wp-content\/uploads\/sites\/17\/2021\/03\/Lista-de-Exerc\u00edcios-4-1.pdf\" target=\"_blank\" rel=\"noreferrer noopener\">Lista-de-Exerc\u00edcios-4 (Com solu\u00e7\u00f5es)<\/a><\/div>\n\n\n\n<p><a rel=\"noreferrer noopener\" aria-label=\"Lista de Exerc\u00edcios 4 (Solu\u00e7\u00e3o comentada em v\u00eddeo) (abre numa nova aba)\" href=\"https:\/\/youtu.be\/dEYOKtNKkbY\" target=\"_blank\">Lista de Exerc\u00edcios 4 (Solu\u00e7\u00e3o comentada em v\u00eddeo)<\/a><\/p>\n\n\n\n<div class=\"wp-block-file\"><a href=\"http:\/\/www.professores.uff.br\/brunosantiago\/wp-content\/uploads\/sites\/17\/2021\/03\/Lista-de-Exerc\u00edcios-5.pdf\" target=\"_blank\" rel=\"noreferrer noopener\">Lista-de-Exerc\u00edcios-5<\/a><\/div>\n\n\n\n<p><a rel=\"noreferrer noopener\" aria-label=\"Lista de Exerc\u00edcios 5 (Solu\u00e7\u00e3o comentada em v\u00eddeo) (abre numa nova aba)\" href=\"https:\/\/youtu.be\/ZURgGrtxxCU\" target=\"_blank\">Lista de Exerc\u00edcios 5 (Solu\u00e7\u00e3o comentada em v\u00eddeo)<\/a><\/p>\n\n\n\n<div class=\"wp-block-file\"><a href=\"http:\/\/www.professores.uff.br\/brunosantiago\/wp-content\/uploads\/sites\/17\/2021\/03\/Lista-de-Exerc\u00edcios-5-1.pdf\" target=\"_blank\" rel=\"noreferrer noopener\">Lista-de-Exerc\u00edcios-5 (Com solu\u00e7\u00f5es)<\/a><\/div>\n\n\n\n<div class=\"wp-block-file\"><a href=\"http:\/\/www.professores.uff.br\/brunosantiago\/wp-content\/uploads\/sites\/17\/2021\/03\/Lista-de-Exerc\u00edcios-6.pdf\" target=\"_blank\" rel=\"noreferrer noopener\">Lista-de-Exerc\u00edcios-6<\/a><\/div>\n\n\n\n<p><a rel=\"noreferrer noopener\" aria-label=\"Lista de Exerc\u00edcios 6 (Solu\u00e7\u00e3o comentada em v\u00eddeo) (abre numa nova aba)\" href=\"https:\/\/youtu.be\/mQdq8a5v5W4\" target=\"_blank\">Lista de Exerc\u00edcios 6 (Solu\u00e7\u00e3o comentada em v\u00eddeo)<\/a><\/p>\n\n\n\n<div class=\"wp-block-file\"><a href=\"http:\/\/www.professores.uff.br\/brunosantiago\/wp-content\/uploads\/sites\/17\/2021\/04\/Lista-de-Exerc\u00edcios-7.pdf\">Lista-de-Exerc\u00edcios-7<\/a><\/div>\n\n\n\n<div class=\"wp-block-file\"><a href=\"http:\/\/www.professores.uff.br\/brunosantiago\/wp-content\/uploads\/sites\/17\/2021\/04\/Lista-de-Exerc\u00edcios-7-1.pdf\">Lista-de-Exerc\u00edcios-7 (Com solu\u00e7\u00f5es)<\/a><\/div>\n\n\n\n<p><a rel=\"noreferrer noopener\" aria-label=\"Lista de Exerc\u00edcios 7 (Solu\u00e7\u00e3o comentada em v\u00eddeo) (abre numa nova aba)\" href=\"https:\/\/youtu.be\/lhsvYb1XCRc\" target=\"_blank\">Lista de Exerc\u00edcios 7 (Solu\u00e7\u00e3o comentada em v\u00eddeo)<\/a><\/p>\n\n\n\n<div class=\"wp-block-file\"><a href=\"http:\/\/www.professores.uff.br\/brunosantiago\/wp-content\/uploads\/sites\/17\/2021\/04\/Lista-de-Exerc\u00edcios-8.pdf\" target=\"_blank\" rel=\"noreferrer noopener\">Lista-de-Exerc\u00edcios-8<\/a><\/div>\n\n\n\n<div class=\"wp-block-file\"><a href=\"http:\/\/www.professores.uff.br\/brunosantiago\/wp-content\/uploads\/sites\/17\/2021\/04\/Lista-de-Exerc\u00edcios-8-1.pdf\" target=\"_blank\" rel=\"noreferrer noopener\">Lista-de-Exerc\u00edcios-8 (Com solu\u00e7\u00f5es)<\/a><\/div>\n\n\n\n<p><a href=\"https:\/\/youtu.be\/GZKvP988naE\">Lista de Exerc\u00edcios 8 (V\u00eddeo)<\/a><\/p>\n","protected":false},"excerpt":{"rendered":"<p>Lista de Exerc\u00edcios 1 (Solu\u00e7\u00f5es comentadas) Lista de Exerc\u00edcios 2 (Solu\u00e7\u00f5es comentadas em v\u00eddeo) Lista de Exerc\u00edcios 03 (Solu\u00e7\u00f5es comentadas em v\u00eddeo) Lista de Exerc\u00edcios 4 (Solu\u00e7\u00e3o comentada em v\u00eddeo) Lista de Exerc\u00edcios 5 (Solu\u00e7\u00e3o comentada em v\u00eddeo) Lista de Exerc\u00edcios 6 (Solu\u00e7\u00e3o comentada em v\u00eddeo) Lista de Exerc\u00edcios 7 (Solu\u00e7\u00e3o comentada em v\u00eddeo) Lista [&hellip;]<\/p>\n","protected":false},"author":19,"featured_media":0,"parent":0,"menu_order":0,"comment_status":"closed","ping_status":"closed","template":"","meta":{"_exactmetrics_skip_tracking":false,"_exactmetrics_sitenote_active":false,"_exactmetrics_sitenote_note":"","_exactmetrics_sitenote_category":0,"footnotes":""},"categories":[],"tags":[],"class_list":["post-644","page","type-page","status-publish","hentry"],"_links":{"self":[{"href":"https:\/\/www.professores.uff.br\/brunosantiago\/wp-json\/wp\/v2\/pages\/644","targetHints":{"allow":["GET"]}}],"collection":[{"href":"https:\/\/www.professores.uff.br\/brunosantiago\/wp-json\/wp\/v2\/pages"}],"about":[{"href":"https:\/\/www.professores.uff.br\/brunosantiago\/wp-json\/wp\/v2\/types\/page"}],"author":[{"embeddable":true,"href":"https:\/\/www.professores.uff.br\/brunosantiago\/wp-json\/wp\/v2\/users\/19"}],"replies":[{"embeddable":true,"href":"https:\/\/www.professores.uff.br\/brunosantiago\/wp-json\/wp\/v2\/comments?post=644"}],"version-history":[{"count":18,"href":"https:\/\/www.professores.uff.br\/brunosantiago\/wp-json\/wp\/v2\/pages\/644\/revisions"}],"predecessor-version":[{"id":713,"href":"https:\/\/www.professores.uff.br\/brunosantiago\/wp-json\/wp\/v2\/pages\/644\/revisions\/713"}],"wp:attachment":[{"href":"https:\/\/www.professores.uff.br\/brunosantiago\/wp-json\/wp\/v2\/media?parent=644"}],"wp:term":[{"taxonomy":"category","embeddable":true,"href":"https:\/\/www.professores.uff.br\/brunosantiago\/wp-json\/wp\/v2\/categories?post=644"},{"taxonomy":"post_tag","embeddable":true,"href":"https:\/\/www.professores.uff.br\/brunosantiago\/wp-json\/wp\/v2\/tags?post=644"}],"curies":[{"name":"wp","href":"https:\/\/api.w.org\/{rel}","templated":true}]}}