{"id":647,"date":"2021-02-01T18:29:21","date_gmt":"2021-02-01T21:29:21","guid":{"rendered":"http:\/\/www.professores.uff.br\/brunosantiago\/?page_id=647"},"modified":"2021-10-25T19:50:00","modified_gmt":"2021-10-25T22:50:00","slug":"cma-2020-2-videos","status":"publish","type":"page","link":"https:\/\/www.professores.uff.br\/brunosantiago\/cma-2020-2-videos\/","title":{"rendered":"CMA 2021.2 &#8211; V\u00eddeos"},"content":{"rendered":"\n<p><a href=\"https:\/\/youtu.be\/2KIf2jOxRx4\" target=\"_blank\" rel=\"noreferrer noopener\" aria-label=\"Como gabaritar em c\u00e1lculo! (abre numa nova aba)\">Como gabaritar em c\u00e1lculo!<\/a><\/p>\n\n\n\n<p><a rel=\"noreferrer noopener\" aria-label=\"Fun\u00e7\u00f5es e Modelagem (abre numa nova aba)\" href=\"https:\/\/youtu.be\/K4VdJY2J-7s\" target=\"_blank\">Fun\u00e7\u00f5es e Modelagem<\/a><\/p>\n\n\n\n<p><a rel=\"noreferrer noopener\" aria-label=\"Taxas de varia\u00e7\u00e3o de derivadas (abre numa nova aba)\" href=\"https:\/\/youtu.be\/Ae0Kt1rzBGg\" target=\"_blank\">Taxas de varia\u00e7\u00e3o de derivadas<\/a><\/p>\n\n\n\n<p><a rel=\"noreferrer noopener\" aria-label=\"Limites (abre numa nova aba)\" href=\"https:\/\/youtu.be\/GbQd7Ggst6E\" target=\"_blank\">Limites<\/a><\/p>\n\n\n\n<p><a rel=\"noreferrer noopener\" aria-label=\"Regras de deriva\u00e7\u00e3o e aplica\u00e7\u00f5es (abre numa nova aba)\" href=\"https:\/\/youtu.be\/dXpZpORIHTQ\" target=\"_blank\">Regras de deriva\u00e7\u00e3o e aplica\u00e7\u00f5es<\/a><\/p>\n\n\n\n<p><a rel=\"noreferrer noopener\" aria-label=\"Antiderivadas de polin\u00f4mios (abre numa nova aba)\" href=\"https:\/\/youtu.be\/peA89nHfhGI\" target=\"_blank\">Antiderivadas de polin\u00f4mios<\/a><\/p>\n\n\n\n<p><a rel=\"noreferrer noopener\" aria-label=\"Esbo\u00e7o de gr\u00e1ficos (abre numa nova aba)\" href=\"https:\/\/youtu.be\/b6cTftIxFDY\" target=\"_blank\">Esbo\u00e7o de gr\u00e1ficos<\/a><\/p>\n\n\n\n<p><a rel=\"noreferrer noopener\" aria-label=\"Otimiza\u00e7\u00e3o (abre numa nova aba)\" href=\"https:\/\/youtu.be\/JHLEhvq6XPM\" target=\"_blank\">Otimiza\u00e7\u00e3o<\/a><\/p>\n\n\n\n<p><a rel=\"noreferrer noopener\" aria-label=\"A regra da cadeia (abre numa nova aba)\" href=\"https:\/\/youtu.be\/5PVHIMzt-3Q\" target=\"_blank\">A regra da cadeia<\/a><\/p>\n\n\n\n<p><a href=\"https:\/\/youtu.be\/WolGppBoUCI\" target=\"_blank\" rel=\"noreferrer noopener\" aria-label=\"A fun\u00e7\u00e3o exponencial (abre numa nova aba)\">A fun\u00e7\u00e3o exponencial<\/a><\/p>\n","protected":false},"excerpt":{"rendered":"<p>Como gabaritar em c\u00e1lculo! Fun\u00e7\u00f5es e Modelagem Taxas de varia\u00e7\u00e3o de derivadas Limites Regras de deriva\u00e7\u00e3o e aplica\u00e7\u00f5es Antiderivadas de polin\u00f4mios Esbo\u00e7o de gr\u00e1ficos Otimiza\u00e7\u00e3o A regra da cadeia A fun\u00e7\u00e3o exponencial<\/p>\n","protected":false},"author":19,"featured_media":0,"parent":0,"menu_order":0,"comment_status":"closed","ping_status":"closed","template":"","meta":{"_exactmetrics_skip_tracking":false,"_exactmetrics_sitenote_active":false,"_exactmetrics_sitenote_note":"","_exactmetrics_sitenote_category":0,"footnotes":""},"categories":[],"tags":[],"class_list":["post-647","page","type-page","status-publish","hentry"],"_links":{"self":[{"href":"https:\/\/www.professores.uff.br\/brunosantiago\/wp-json\/wp\/v2\/pages\/647","targetHints":{"allow":["GET"]}}],"collection":[{"href":"https:\/\/www.professores.uff.br\/brunosantiago\/wp-json\/wp\/v2\/pages"}],"about":[{"href":"https:\/\/www.professores.uff.br\/brunosantiago\/wp-json\/wp\/v2\/types\/page"}],"author":[{"embeddable":true,"href":"https:\/\/www.professores.uff.br\/brunosantiago\/wp-json\/wp\/v2\/users\/19"}],"replies":[{"embeddable":true,"href":"https:\/\/www.professores.uff.br\/brunosantiago\/wp-json\/wp\/v2\/comments?post=647"}],"version-history":[{"count":15,"href":"https:\/\/www.professores.uff.br\/brunosantiago\/wp-json\/wp\/v2\/pages\/647\/revisions"}],"predecessor-version":[{"id":772,"href":"https:\/\/www.professores.uff.br\/brunosantiago\/wp-json\/wp\/v2\/pages\/647\/revisions\/772"}],"wp:attachment":[{"href":"https:\/\/www.professores.uff.br\/brunosantiago\/wp-json\/wp\/v2\/media?parent=647"}],"wp:term":[{"taxonomy":"category","embeddable":true,"href":"https:\/\/www.professores.uff.br\/brunosantiago\/wp-json\/wp\/v2\/categories?post=647"},{"taxonomy":"post_tag","embeddable":true,"href":"https:\/\/www.professores.uff.br\/brunosantiago\/wp-json\/wp\/v2\/tags?post=647"}],"curies":[{"name":"wp","href":"https:\/\/api.w.org\/{rel}","templated":true}]}}