{"id":718,"date":"2021-05-31T19:53:46","date_gmt":"2021-05-31T22:53:46","guid":{"rendered":"http:\/\/www.professores.uff.br\/brunosantiago\/?page_id=718"},"modified":"2026-01-30T12:04:32","modified_gmt":"2026-01-30T15:04:32","slug":"students","status":"publish","type":"page","link":"https:\/\/www.professores.uff.br\/brunosantiago\/students\/","title":{"rendered":"Students"},"content":{"rendered":"\n<h4 class=\"wp-block-heading\">Vitor Gomes Ferreira (2025-2029 &#8211; PhD)<\/h4>\n\n\n\n<p>Thesis Project: Rigidity in partially hyperbolic dynamics<\/p>\n\n\n\n<figure class=\"wp-block-image size-large is-resized\"><img loading=\"lazy\" decoding=\"async\" width=\"935\" height=\"1024\" src=\"https:\/\/www.professores.uff.br\/brunosantiago\/wp-content\/uploads\/sites\/17\/2024\/07\/IMG_20230119_162311-c\u00f3pia-1-935x1024.jpg\" alt=\"\" class=\"wp-image-861\" style=\"width:158px;height:173px\" srcset=\"https:\/\/www.professores.uff.br\/brunosantiago\/wp-content\/uploads\/sites\/17\/2024\/07\/IMG_20230119_162311-c\u00f3pia-1-935x1024.jpg 935w, https:\/\/www.professores.uff.br\/brunosantiago\/wp-content\/uploads\/sites\/17\/2024\/07\/IMG_20230119_162311-c\u00f3pia-1-274x300.jpg 274w, https:\/\/www.professores.uff.br\/brunosantiago\/wp-content\/uploads\/sites\/17\/2024\/07\/IMG_20230119_162311-c\u00f3pia-1-768x841.jpg 768w, https:\/\/www.professores.uff.br\/brunosantiago\/wp-content\/uploads\/sites\/17\/2024\/07\/IMG_20230119_162311-c\u00f3pia-1-1403x1536.jpg 1403w, https:\/\/www.professores.uff.br\/brunosantiago\/wp-content\/uploads\/sites\/17\/2024\/07\/IMG_20230119_162311-c\u00f3pia-1-1871x2048.jpg 1871w, https:\/\/www.professores.uff.br\/brunosantiago\/wp-content\/uploads\/sites\/17\/2024\/07\/IMG_20230119_162311-c\u00f3pia-1.jpg 1888w\" sizes=\"auto, (max-width: 935px) 100vw, 935px\" \/><\/figure>\n\n\n\n<hr class=\"wp-block-separator has-css-opacity\" \/>\n\n\n\n<p class=\"has-medium-font-size\"><strong>Atila Pianca Gudolini<\/strong> <strong>(2024-2026 &#8211; PhD)<\/strong><\/p>\n\n\n\n<p>Joint supervision with <a rel=\"noreferrer noopener\" aria-label=\"Alejandro Kocsard (abre numa nova aba)\" href=\"https:\/\/w3.impa.br\/~alejandro\/\" target=\"_blank\">Alejandro Kocsard<\/a>. Thesis project: periodic data rigidity for partially hyperbolic endomorphisms.<\/p>\n\n\n\n<hr class=\"wp-block-separator has-css-opacity\" \/>\n\n\n\n<p class=\"has-medium-font-size\"><strong>Luis Gustavo Valente Vazquez<\/strong> <strong>(2024-2028 &#8211; PhD)<\/strong><\/p>\n\n\n\n<p>Thesis Project: Transversality and absolute continuity of u-Gibbs states<\/p>\n\n\n\n<figure class=\"wp-block-image size-large is-resized\"><img loading=\"lazy\" decoding=\"async\" width=\"527\" height=\"420\" src=\"http:\/\/www.professores.uff.br\/brunosantiago\/wp-content\/uploads\/sites\/17\/2024\/01\/Foto-Luis.jpeg\" alt=\"\" class=\"wp-image-847\" style=\"width:161px;height:128px\" srcset=\"https:\/\/www.professores.uff.br\/brunosantiago\/wp-content\/uploads\/sites\/17\/2024\/01\/Foto-Luis.jpeg 527w, https:\/\/www.professores.uff.br\/brunosantiago\/wp-content\/uploads\/sites\/17\/2024\/01\/Foto-Luis-300x239.jpeg 300w\" sizes=\"auto, (max-width: 527px) 100vw, 527px\" \/><\/figure>\n\n\n\n<hr class=\"wp-block-separator has-css-opacity\" \/>\n\n\n\n<h4 class=\"wp-block-heading\">Vitor Gomes Ferreira (2023-2025 &#8211; Master)<\/h4>\n\n\n\n<p>Disserta\u00e7\u00e3o: <a href=\"http:\/\/www.professores.uff.br\/brunosantiago\/wp-content\/uploads\/sites\/17\/2026\/01\/Dissertacao_Vitor_Definitiva_assinado.pdf\" data-type=\"link\" data-id=\"http:\/\/www.professores.uff.br\/brunosantiago\/wp-content\/uploads\/sites\/17\/2026\/01\/Dissertacao_Vitor_Definitiva_assinado.pdf\" target=\"_blank\" rel=\"noreferrer noopener\">Entropy rigidity for surface Anosov diffeomorphisms<\/a><\/p>\n\n\n\n<figure class=\"wp-block-image size-large is-resized\"><img loading=\"lazy\" decoding=\"async\" width=\"935\" height=\"1024\" src=\"https:\/\/www.professores.uff.br\/brunosantiago\/wp-content\/uploads\/sites\/17\/2024\/07\/IMG_20230119_162311-c\u00f3pia-1-935x1024.jpg\" alt=\"\" class=\"wp-image-861\" style=\"width:158px;height:173px\" srcset=\"https:\/\/www.professores.uff.br\/brunosantiago\/wp-content\/uploads\/sites\/17\/2024\/07\/IMG_20230119_162311-c\u00f3pia-1-935x1024.jpg 935w, https:\/\/www.professores.uff.br\/brunosantiago\/wp-content\/uploads\/sites\/17\/2024\/07\/IMG_20230119_162311-c\u00f3pia-1-274x300.jpg 274w, https:\/\/www.professores.uff.br\/brunosantiago\/wp-content\/uploads\/sites\/17\/2024\/07\/IMG_20230119_162311-c\u00f3pia-1-768x841.jpg 768w, https:\/\/www.professores.uff.br\/brunosantiago\/wp-content\/uploads\/sites\/17\/2024\/07\/IMG_20230119_162311-c\u00f3pia-1-1403x1536.jpg 1403w, https:\/\/www.professores.uff.br\/brunosantiago\/wp-content\/uploads\/sites\/17\/2024\/07\/IMG_20230119_162311-c\u00f3pia-1-1871x2048.jpg 1871w, https:\/\/www.professores.uff.br\/brunosantiago\/wp-content\/uploads\/sites\/17\/2024\/07\/IMG_20230119_162311-c\u00f3pia-1.jpg 1888w\" sizes=\"auto, (max-width: 935px) 100vw, 935px\" \/><\/figure>\n\n\n\n<hr class=\"wp-block-separator has-css-opacity\" \/>\n\n\n\n<h4 class=\"wp-block-heading\"><strong>Luis Gustavo Valente Vazquez<\/strong> (2022-2024 &#8211; Master)<\/h4>\n\n\n\n<p>Disserta\u00e7\u00e3o: <a href=\"http:\/\/www.professores.uff.br\/brunosantiago\/wp-content\/uploads\/sites\/17\/2025\/02\/Diss_Luis_UFF_assinado.pdf\" target=\"_blank\" rel=\"noreferrer noopener\" aria-label=\"O argumento de transversalidade para continuidade absoluta de medidas (abre numa nova aba)\">O argumento de transversalidade para continuidade absoluta de medidas<\/a><\/p>\n\n\n\n<p><\/p>\n\n\n\n<figure class=\"wp-block-image size-large is-resized\"><img loading=\"lazy\" decoding=\"async\" width=\"527\" height=\"420\" src=\"https:\/\/www.professores.uff.br\/brunosantiago\/wp-content\/uploads\/sites\/17\/2024\/01\/Foto-Luis.jpeg\" alt=\"\" class=\"wp-image-847\" style=\"width:189px;height:150px\" srcset=\"https:\/\/www.professores.uff.br\/brunosantiago\/wp-content\/uploads\/sites\/17\/2024\/01\/Foto-Luis.jpeg 527w, https:\/\/www.professores.uff.br\/brunosantiago\/wp-content\/uploads\/sites\/17\/2024\/01\/Foto-Luis-300x239.jpeg 300w\" sizes=\"auto, (max-width: 527px) 100vw, 527px\" \/><\/figure>\n\n\n\n<hr class=\"wp-block-separator has-css-opacity\" \/>\n\n\n\n<p style=\"font-size:24px\"> <strong><a rel=\"noreferrer noopener\" aria-label=\"Odylo Costa (abre numa nova aba)\" href=\"https:\/\/odylocosta.wordpress.com\/\" target=\"_blank\">Odylo Costa<\/a><\/strong> (2020- 2022 &#8211; Master)  <\/p>\n\n\n\n<p class=\"has-normal-font-size\">Odylo is currently finishing his PhD under the guidance of <a rel=\"noreferrer noopener\" aria-label=\"Pierre Berger (abre numa nova aba)\" href=\"https:\/\/webusers.imj-prg.fr\/~pierre.berger\/\" target=\"_blank\">Pierre Berger<\/a> with a <a rel=\"noreferrer noopener\" aria-label=\"FSMP scholarship (abre numa nova aba)\" href=\"https:\/\/sciencesmaths-paris.fr\/\" target=\"_blank\">FSMP scholarship<\/a>, started in September 2022<\/p>\n\n\n\n<figure class=\"wp-block-image size-large is-resized\"><img loading=\"lazy\" decoding=\"async\" width=\"768\" height=\"1024\" src=\"https:\/\/www.professores.uff.br\/brunosantiago\/wp-content\/uploads\/sites\/17\/2021\/08\/odylo.jpeg\" alt=\"\" class=\"wp-image-756\" style=\"width:200px;height:266px\" srcset=\"https:\/\/www.professores.uff.br\/brunosantiago\/wp-content\/uploads\/sites\/17\/2021\/08\/odylo.jpeg 768w, https:\/\/www.professores.uff.br\/brunosantiago\/wp-content\/uploads\/sites\/17\/2021\/08\/odylo-225x300.jpeg 225w\" sizes=\"auto, (max-width: 768px) 100vw, 768px\" \/><\/figure>\n\n\n\n<hr class=\"wp-block-separator has-css-opacity\" \/>\n\n\n\n<p>Disserta\u00e7\u00e3o: <a href=\"http:\/\/www.professores.uff.br\/brunosantiago\/wp-content\/uploads\/sites\/17\/2022\/03\/Unique-ergodicity-of-the-horocycle-flow-via-hyperbolic-dynamics-Odylo-Costa.pdf\">Unique ergodicity of the horocycle flow via hyperbolic dynamics <\/a><\/p>\n\n\n\n<p style=\"font-size:24px\"><strong>Matheus Manso Del Valle<\/strong> (2019- 2021 &#8211; Master) <\/p>\n\n\n\n<p class=\"has-normal-font-size\">Matheus is currently finishing his PhD at IMPA, under the guidance of Alejandro Kocsard. <\/p>\n\n\n\n<figure class=\"wp-block-image is-resized\"><img loading=\"lazy\" decoding=\"async\" width=\"768\" height=\"1024\" src=\"http:\/\/www.professores.uff.br\/brunosantiago\/wp-content\/uploads\/sites\/17\/2021\/05\/Matheus-768x1024.jpeg\" alt=\"\" class=\"wp-image-719\" style=\"width:162px;height:216px\" srcset=\"https:\/\/www.professores.uff.br\/brunosantiago\/wp-content\/uploads\/sites\/17\/2021\/05\/Matheus-768x1024.jpeg 768w, https:\/\/www.professores.uff.br\/brunosantiago\/wp-content\/uploads\/sites\/17\/2021\/05\/Matheus-225x300.jpeg 225w, https:\/\/www.professores.uff.br\/brunosantiago\/wp-content\/uploads\/sites\/17\/2021\/05\/Matheus.jpeg 780w\" sizes=\"auto, (max-width: 768px) 100vw, 768px\" \/><\/figure>\n\n\n\n<div class=\"wp-block-file\"><a href=\"http:\/\/www.professores.uff.br\/brunosantiago\/wp-content\/uploads\/sites\/17\/2021\/05\/Diss_Matheus-Vers\u00e3o-Definitiva.pdf\">Disserta\u00e7\u00e3o: Medidas f\u00edsicas de Dirac <\/a><\/div>\n","protected":false},"excerpt":{"rendered":"<p>Vitor Gomes Ferreira (2025-2029 &#8211; PhD) Thesis Project: Rigidity in partially hyperbolic dynamics Atila Pianca Gudolini (2024-2026 &#8211; PhD) Joint supervision with Alejandro Kocsard. Thesis project: periodic data rigidity for partially hyperbolic endomorphisms. Luis Gustavo Valente Vazquez (2024-2028 &#8211; PhD) Thesis Project: Transversality and absolute continuity of u-Gibbs states Vitor Gomes Ferreira (2023-2025 &#8211; Master) [&hellip;]<\/p>\n","protected":false},"author":19,"featured_media":0,"parent":0,"menu_order":0,"comment_status":"closed","ping_status":"closed","template":"","meta":{"_exactmetrics_skip_tracking":false,"_exactmetrics_sitenote_active":false,"_exactmetrics_sitenote_note":"","_exactmetrics_sitenote_category":0,"footnotes":""},"categories":[],"tags":[],"class_list":["post-718","page","type-page","status-publish","hentry"],"_links":{"self":[{"href":"https:\/\/www.professores.uff.br\/brunosantiago\/wp-json\/wp\/v2\/pages\/718","targetHints":{"allow":["GET"]}}],"collection":[{"href":"https:\/\/www.professores.uff.br\/brunosantiago\/wp-json\/wp\/v2\/pages"}],"about":[{"href":"https:\/\/www.professores.uff.br\/brunosantiago\/wp-json\/wp\/v2\/types\/page"}],"author":[{"embeddable":true,"href":"https:\/\/www.professores.uff.br\/brunosantiago\/wp-json\/wp\/v2\/users\/19"}],"replies":[{"embeddable":true,"href":"https:\/\/www.professores.uff.br\/brunosantiago\/wp-json\/wp\/v2\/comments?post=718"}],"version-history":[{"count":23,"href":"https:\/\/www.professores.uff.br\/brunosantiago\/wp-json\/wp\/v2\/pages\/718\/revisions"}],"predecessor-version":[{"id":900,"href":"https:\/\/www.professores.uff.br\/brunosantiago\/wp-json\/wp\/v2\/pages\/718\/revisions\/900"}],"wp:attachment":[{"href":"https:\/\/www.professores.uff.br\/brunosantiago\/wp-json\/wp\/v2\/media?parent=718"}],"wp:term":[{"taxonomy":"category","embeddable":true,"href":"https:\/\/www.professores.uff.br\/brunosantiago\/wp-json\/wp\/v2\/categories?post=718"},{"taxonomy":"post_tag","embeddable":true,"href":"https:\/\/www.professores.uff.br\/brunosantiago\/wp-json\/wp\/v2\/tags?post=718"}],"curies":[{"name":"wp","href":"https:\/\/api.w.org\/{rel}","templated":true}]}}