{"id":728,"date":"2021-06-11T20:51:11","date_gmt":"2021-06-11T23:51:11","guid":{"rendered":"http:\/\/www.professores.uff.br\/brunosantiago\/?page_id=728"},"modified":"2022-01-17T16:58:37","modified_gmt":"2022-01-17T19:58:37","slug":"ensino-2021","status":"publish","type":"page","link":"https:\/\/www.professores.uff.br\/brunosantiago\/ensino-2021\/","title":{"rendered":"Ensino 2021"},"content":{"rendered":"\n<p><\/p>\n\n\n\n<p style=\"color:#0a167f\" class=\"has-text-color has-text-align-center has-large-font-size\"><strong>Complementos de Matem\u00e1tica Aplicada &#8211; GAN00144 &#8211; 2021.2 <\/strong><\/p>\n\n\n\n<p class=\"has-text-color has-text-align-center has-medium-font-size has-luminous-vivid-orange-color\">Sistemas de Informa\u00e7\u00e3o<\/p>\n\n\n\n<p class=\"has-text-align-left\"> O objetivo geral do curso \u00e9 mostrar como as ferramentas te\u00f3ricas do calculo diferencial e integral servem de instrumental para a confec\u00e7\u00e3o de modelos matem\u00e1ticos (n\u00e3o-triviais) de problemas ligados as mais diversas \u00e1reas do conhecimento. A \u00eanfase \u00e9 em modelagem matem\u00e1tica desde a primeira aula. Al\u00e9m disso, os alunos s\u00e3o incentivados a usarem o computador para fazer c\u00e1lculos e tamb\u00e9m para escrever programas e algoritmos simples e com isso testar e manipular alguns conceitos introduzidos ao longo do curso.   <\/p>\n\n\n\n<p><a href=\"https:\/\/www.professores.uff.br\/brunosantiago\/cma-2021-2-listas-de-exercicios\/\" target=\"_blank\" rel=\"noreferrer noopener\" aria-label=\"Listas de Exerc\u00edcios Semanais (abre numa nova aba)\">Listas de Exerc\u00edcios Semanais<\/a> <\/p>\n\n\n\n<p><a href=\"http:\/\/www.professores.uff.br\/brunosantiago\/wp-content\/uploads\/sites\/17\/2020\/09\/Notas-de-COMPLEMENTOS-DE-MATEM\u00c1TICA-APLICADA-1.pdf\">Livro-texto do curso<\/a><\/p>\n\n\n\n<p><a href=\"http:\/\/meet.google.com\/omc-hyqz-oex\">Link do Google Meet<\/a><\/p>\n\n\n\n<p><a href=\"http:\/\/www.professores.uff.br\/brunosantiago\/cma-2020-2-videos\/\">V\u00eddeos<\/a><\/p>\n\n\n\n<div class=\"wp-block-file\"><a href=\"https:\/\/www.professores.uff.br\/brunosantiago\/wp-content\/uploads\/sites\/17\/2022\/01\/P1.pdf\">Primeira Avalia\u00e7\u00e3o (Com solu\u00e7\u00f5es)<\/a><\/div>\n\n\n\n<p class=\"has-text-align-center\"> <strong>Material de estudo complementar<\/strong> <\/p>\n\n\n\n<p> O canal <a href=\"https:\/\/www.youtube.com\/channel\/UC6TTtp9Hdx7GUz0OjrVg1_Q\">Matem\u00e1tica Universit\u00e1ria<\/a>, do Professor Renam Lima do ITA tem video-aulas completas de todos os assuntos da nossa ementa. <\/p>\n\n\n\n<p><a href=\"https:\/\/www.youtube.com\/watch?v=JNbSlvJkv_w\">Como aprender c\u00e1lculo usando Python<\/a><\/p>\n\n\n\n<p> Ferramentas Computacionais gratuitas:  <a href=\"https:\/\/julialang.org\/\">https:\/\/julialang.org\/<\/a>   <a href=\"https:\/\/www.r-project.org\/\">https:\/\/www.r-project.org\/<\/a>   <a href=\"https:\/\/www.python.org\/\">https:\/\/www.python.org\/<\/a>  <a href=\"https:\/\/www.mathway.com\/pt\/Graph\">https:\/\/www.mathway.com\/pt\/Graph<\/a>  <\/p>\n\n\n\n<p class=\"has-text-color has-luminous-vivid-orange-color\">______________________________________________________________________________<\/p>\n\n\n\n<p><\/p>\n\n\n\n<p style=\"color:#0a167f\" class=\"has-text-color has-text-align-center has-large-font-size\"><strong>An\u00e1lise na Reta (Ver\u00e3o 2021)<\/strong><\/p>\n\n\n\n<p class=\"has-text-color has-text-align-center has-medium-font-size has-luminous-vivid-orange-color\">Mestrado em Matem\u00e1tica<\/p>\n\n\n\n<p>Curso de An\u00e1lise na Reta, ministrado dentro do programa de ver\u00e3o da PGMAT da Universidade Federal Fluminense entre janeiro e fevereiro de 2021. <a rel=\"noreferrer noopener\" aria-label=\"Todas as aulas est\u00e3o dispon\u00edveis no YouTube. (abre numa nova aba)\" href=\"https:\/\/www.youtube.com\/watch?v=B0ymo0X3wa4&amp;list=PLYrHvQ0q4HFZGIV7xdkWSUYIKNP5-yjNH\" target=\"_blank\">Todas as aulas est\u00e3o dispon\u00edveis no YouTube.<\/a> A refer\u00eancia principal utilizada foi &#8220;<em>Principles of Mathematical Analysis<\/em>&#8220;, de Walter Rudin.<\/p>\n\n\n\n<div class=\"wp-block-file\"><a href=\"https:\/\/www.professores.uff.br\/brunosantiago\/wp-content\/uploads\/sites\/17\/2021\/08\/P1-Enunciados.pdf\" target=\"_blank\" rel=\"noreferrer noopener\">Primeira Avalia\u00e7\u00e3o<\/a><\/div>\n\n\n\n<div class=\"wp-block-file\"><a href=\"https:\/\/www.professores.uff.br\/brunosantiago\/wp-content\/uploads\/sites\/17\/2021\/08\/P2.pdf\" target=\"_blank\" rel=\"noreferrer noopener\">Segunda Avalia\u00e7\u00e3o<\/a><\/div>\n\n\n\n<div class=\"wp-block-file\"><a href=\"https:\/\/www.professores.uff.br\/brunosantiago\/wp-content\/uploads\/sites\/17\/2021\/08\/Lista01.pdf\" target=\"_blank\" rel=\"noreferrer noopener\">Lista de Exerc\u00edcios<\/a><\/div>\n\n\n\n<p> As \u00faltimas tr\u00eas aulas compuseram um minicurso de introdu\u00e7\u00e3o aos sistemas din\u00e2micos por meio de um problema espec\u00edfico em aberto na \u00e1rea, sobre suspens\u00f5es de rota\u00e7\u00f5es irracionais no c\u00edrculo. Para discutir esse problema, foi apresentada a desigualdade de Denjoy-Koksma C1, deduzida a partir do caso BV e de rudimentos da teoria de aproxima\u00e7\u00f5es diofantinas. Com Denjoy-Koksma, vimos a demonstra\u00e7\u00e3o do Teorema de Artigue (de 2013), que atesta a n\u00e3o-exist\u00eancia de suspen\u00e7\u00f5es de rota\u00e7\u00f5es do c\u00edrculo que sejam cinematicamente expansivas.  <\/p>\n\n\n\n<p class=\"has-text-color has-luminous-vivid-orange-color\">______________________________________________________________________________<\/p>\n\n\n\n<h2 class=\"has-text-color has-text-align-center wp-block-heading\" style=\"color:#0032a3\"><strong>Complementos de Matem\u00e1tica Aplicada &#8211; GAN00144 (2021.1)<\/strong><\/h2>\n\n\n\n<p style=\"color:#cf5e0e\" class=\"has-text-color has-text-align-center has-medium-font-size\"> Biomedicina &amp; Ci\u00eancias Ambientais <\/p>\n\n\n\n<p class=\"has-text-align-left\"> O objetivo geral do curso \u00e9 mostrar como as ferramentas te\u00f3ricas do calculo diferencial e integral servem de intrumental para a confec\u00e7\u00e3o de modelos matem\u00e1ticos (n\u00e3o-triviais) de problemas ligados a biologia. A \u00eanfase \u00e9 em modelagem matem\u00e1tica desde a primeira aula. Os conceitos fundamentais de taxa de varia\u00e7\u00e3o, derivadas e integrais s\u00e3o introduzidos e apliacados inicialmente trabalhando-se com fun\u00e7\u00f5es polin\u00f4miais. S\u00e3o os problemas biol\u00f3gicos \u00e9 que v\u00e3o &#8220;demandar&#8221; as fun\u00e7\u00f5es transcendentes (exp, log, trigonom\u00e9tricas&#8230;) bem como as regras mais sofisticadas de c\u00e1lculo de derivadas e de integrais.   O curso se baseia em duas refer\u00eancias escritas principais:  <\/p>\n\n\n\n<p> <a rel=\"noreferrer noopener\" href=\"https:\/\/www.esalq.usp.br\/departamentos\/leb\/aulas\/lce164\/MODMAT.pdf\" target=\"_blank\">Matem\u00e1tica para Ci\u00eancias Biol\u00f3gicas<\/a> <\/p>\n\n\n\n<p> O <a rel=\"noreferrer noopener\" href=\"http:\/\/www.math.ubc.ca\/~keshet\/OpenBook.pdf\" target=\"_blank\">livro aberto<\/a> da Professora <a rel=\"noreferrer noopener\" href=\"http:\/\/www.math.ubc.ca\/~keshet\/keshet.html\" target=\"_blank\">Leah Edelstein-Keshet<\/a> da Universidade de Britsh Columbia (Canad\u00e1) <\/p>\n\n\n\n<div class=\"wp-block-file\"><a href=\"https:\/\/www.professores.uff.br\/brunosantiago\/wp-content\/uploads\/sites\/17\/2021\/08\/Simulado-P1.pdf\">Primeira Avalia\u00e7\u00e3o Solu\u00e7\u00f5es<\/a><\/div>\n\n\n\n<p><a href=\"https:\/\/us02web.zoom.us\/rec\/share\/KvVurfz-lZBcoIDKmdhe5d2pbSzuXhHIDs0vXcJBui5zBX2p0SKYarl0maszRLAy.Xcyxts-AMiEM6fpb\">Primeira Avalia\u00e7\u00e3o Coment\u00e1rio<\/a> (para acessar o v\u00eddeo use a senha  GF0*8DO$)<\/p>\n\n\n\n<div class=\"wp-block-file\"><a href=\"https:\/\/www.professores.uff.br\/brunosantiago\/wp-content\/uploads\/sites\/17\/2021\/09\/P2.pdf\">Segunda Avalia\u00e7\u00e3o &#8211; Solu\u00e7\u00f5es<\/a><\/div>\n\n\n\n<p><a href=\"https:\/\/us02web.zoom.us\/rec\/share\/602QykArIUSeC9pmN_05KwdXT2Qb2AAj_6swqr0jWllhVkgvuDfaBrQHudcq6FZt.K2c1WZ-IeCG5oRja\">Segunda Avalia\u00e7\u00e3o &#8211; Coment\u00e1rio<\/a> (para acessar o v\u00eddeo use a senha  tE09&amp;PI+ )<\/p>\n\n\n\n<p> <a rel=\"noreferrer noopener\" href=\"http:\/\/www.professores.uff.br\/brunosantiago\/cma-2020-2-aulas\/\" target=\"_blank\">Aulas<\/a> <\/p>\n\n\n\n<p> <a rel=\"noreferrer noopener\" href=\"http:\/\/www.professores.uff.br\/brunosantiago\/cma-2020-2-listas-de-exercicios\/\" target=\"_blank\">Listas de Exerc\u00edcios<\/a> <\/p>\n\n\n\n<p> <a rel=\"noreferrer noopener\" href=\"http:\/\/www.professores.uff.br\/brunosantiago\/cma-2020-2-videos\/\" target=\"_blank\">V\u00eddeos<\/a> <\/p>\n\n\n\n<p> <a rel=\"noreferrer noopener\" href=\"http:\/\/meet.google.com\/omc-hyqz-oex\" target=\"_blank\">Link do Google Meet<\/a> <\/p>\n","protected":false},"excerpt":{"rendered":"<p>Complementos de Matem\u00e1tica Aplicada &#8211; GAN00144 &#8211; 2021.2 Sistemas de Informa\u00e7\u00e3o O objetivo geral do curso \u00e9 mostrar como as ferramentas te\u00f3ricas do calculo diferencial e integral servem de instrumental para a confec\u00e7\u00e3o de modelos matem\u00e1ticos (n\u00e3o-triviais) de problemas ligados as mais diversas \u00e1reas do conhecimento. A \u00eanfase \u00e9 em modelagem matem\u00e1tica desde a primeira [&hellip;]<\/p>\n","protected":false},"author":19,"featured_media":0,"parent":0,"menu_order":0,"comment_status":"closed","ping_status":"closed","template":"","meta":{"_exactmetrics_skip_tracking":false,"_exactmetrics_sitenote_active":false,"_exactmetrics_sitenote_note":"","_exactmetrics_sitenote_category":0,"footnotes":""},"categories":[],"tags":[],"class_list":["post-728","page","type-page","status-publish","hentry"],"_links":{"self":[{"href":"https:\/\/www.professores.uff.br\/brunosantiago\/wp-json\/wp\/v2\/pages\/728","targetHints":{"allow":["GET"]}}],"collection":[{"href":"https:\/\/www.professores.uff.br\/brunosantiago\/wp-json\/wp\/v2\/pages"}],"about":[{"href":"https:\/\/www.professores.uff.br\/brunosantiago\/wp-json\/wp\/v2\/types\/page"}],"author":[{"embeddable":true,"href":"https:\/\/www.professores.uff.br\/brunosantiago\/wp-json\/wp\/v2\/users\/19"}],"replies":[{"embeddable":true,"href":"https:\/\/www.professores.uff.br\/brunosantiago\/wp-json\/wp\/v2\/comments?post=728"}],"version-history":[{"count":12,"href":"https:\/\/www.professores.uff.br\/brunosantiago\/wp-json\/wp\/v2\/pages\/728\/revisions"}],"predecessor-version":[{"id":805,"href":"https:\/\/www.professores.uff.br\/brunosantiago\/wp-json\/wp\/v2\/pages\/728\/revisions\/805"}],"wp:attachment":[{"href":"https:\/\/www.professores.uff.br\/brunosantiago\/wp-json\/wp\/v2\/media?parent=728"}],"wp:term":[{"taxonomy":"category","embeddable":true,"href":"https:\/\/www.professores.uff.br\/brunosantiago\/wp-json\/wp\/v2\/categories?post=728"},{"taxonomy":"post_tag","embeddable":true,"href":"https:\/\/www.professores.uff.br\/brunosantiago\/wp-json\/wp\/v2\/tags?post=728"}],"curies":[{"name":"wp","href":"https:\/\/api.w.org\/{rel}","templated":true}]}}