{"id":773,"date":"2021-11-03T22:59:31","date_gmt":"2021-11-04T01:59:31","guid":{"rendered":"http:\/\/www.professores.uff.br\/brunosantiago\/?page_id=773"},"modified":"2022-01-17T16:56:21","modified_gmt":"2022-01-17T19:56:21","slug":"cma-2021-2-listas-de-exercicios","status":"publish","type":"page","link":"https:\/\/www.professores.uff.br\/brunosantiago\/cma-2021-2-listas-de-exercicios\/","title":{"rendered":"CMA 2021.2 &#8211; Listas de Exerc\u00edcios"},"content":{"rendered":"\n<div class=\"wp-block-file\"><a href=\"https:\/\/www.professores.uff.br\/brunosantiago\/wp-content\/uploads\/sites\/17\/2021\/11\/Lista01.pdf\">Lista01<\/a><\/div>\n\n\n\n<div class=\"wp-block-file\"><a href=\"https:\/\/www.professores.uff.br\/brunosantiago\/wp-content\/uploads\/sites\/17\/2021\/11\/Lista01-Solu\u00e7\u00f5es.pdf\">Lista01 (Jupyter Notebook)<\/a><\/div>\n\n\n\n<p><a rel=\"noreferrer noopener\" aria-label=\"Lista01 (Video) (abre numa nova aba)\" href=\"https:\/\/youtu.be\/5vtruNLMgLY\" target=\"_blank\">Lista01 (Video)<\/a><\/p>\n\n\n\n<div class=\"wp-block-file\"><a href=\"https:\/\/www.professores.uff.br\/brunosantiago\/wp-content\/uploads\/sites\/17\/2021\/11\/Lista02.pdf\">Lista02<\/a><\/div>\n\n\n\n<div class=\"wp-block-file\"><a href=\"https:\/\/www.professores.uff.br\/brunosantiago\/wp-content\/uploads\/sites\/17\/2021\/11\/Lista-de-Exerc\u00edcios-2.pdf\">Lista02 (Solu\u00e7\u00f5es)<\/a><\/div>\n\n\n\n<p><a rel=\"noreferrer noopener\" aria-label=\"Lista02 (V\u00eddeo) (abre numa nova aba)\" href=\"https:\/\/youtu.be\/4NvVyBauoak\" target=\"_blank\">Lista02 (V\u00eddeo)<\/a><\/p>\n\n\n\n<div class=\"wp-block-file\"><a href=\"https:\/\/www.professores.uff.br\/brunosantiago\/wp-content\/uploads\/sites\/17\/2021\/11\/Lista03.pdf\">Lista03<\/a><\/div>\n\n\n\n<p><a href=\"https:\/\/youtu.be\/RkRz0xtCuCA\">Lista03 (Solu\u00e7\u00e3o)<\/a><\/p>\n\n\n\n<div class=\"wp-block-file\"><a href=\"https:\/\/www.professores.uff.br\/brunosantiago\/wp-content\/uploads\/sites\/17\/2021\/11\/Lista04.pdf\">Lista04<\/a><\/div>\n\n\n\n<div class=\"wp-block-file\"><a href=\"https:\/\/www.professores.uff.br\/brunosantiago\/wp-content\/uploads\/sites\/17\/2021\/12\/Lista04.pdf\">Lista04 (Solu\u00e7\u00f5es)<\/a><\/div>\n\n\n\n<div class=\"wp-block-file\"><a href=\"https:\/\/www.professores.uff.br\/brunosantiago\/wp-content\/uploads\/sites\/17\/2022\/01\/Lista05.pdf\">Lista05<\/a><\/div>\n\n\n\n<div class=\"wp-block-file\"><a href=\"https:\/\/www.professores.uff.br\/brunosantiago\/wp-content\/uploads\/sites\/17\/2022\/01\/CMA-9.pdf\">Lista05 (Solu\u00e7\u00f5es)<\/a><\/div>\n\n\n\n<div class=\"wp-block-file\"><a href=\"https:\/\/www.professores.uff.br\/brunosantiago\/wp-content\/uploads\/sites\/17\/2022\/01\/Lista-06.pdf\">Lista-06<\/a><\/div>\n","protected":false},"excerpt":{"rendered":"<p>Lista01 (Video) Lista02 (V\u00eddeo) Lista03 (Solu\u00e7\u00e3o)<\/p>\n","protected":false},"author":19,"featured_media":0,"parent":0,"menu_order":0,"comment_status":"closed","ping_status":"closed","template":"","meta":{"_exactmetrics_skip_tracking":false,"_exactmetrics_sitenote_active":false,"_exactmetrics_sitenote_note":"","_exactmetrics_sitenote_category":0,"footnotes":""},"categories":[],"tags":[],"class_list":["post-773","page","type-page","status-publish","hentry"],"_links":{"self":[{"href":"https:\/\/www.professores.uff.br\/brunosantiago\/wp-json\/wp\/v2\/pages\/773","targetHints":{"allow":["GET"]}}],"collection":[{"href":"https:\/\/www.professores.uff.br\/brunosantiago\/wp-json\/wp\/v2\/pages"}],"about":[{"href":"https:\/\/www.professores.uff.br\/brunosantiago\/wp-json\/wp\/v2\/types\/page"}],"author":[{"embeddable":true,"href":"https:\/\/www.professores.uff.br\/brunosantiago\/wp-json\/wp\/v2\/users\/19"}],"replies":[{"embeddable":true,"href":"https:\/\/www.professores.uff.br\/brunosantiago\/wp-json\/wp\/v2\/comments?post=773"}],"version-history":[{"count":13,"href":"https:\/\/www.professores.uff.br\/brunosantiago\/wp-json\/wp\/v2\/pages\/773\/revisions"}],"predecessor-version":[{"id":799,"href":"https:\/\/www.professores.uff.br\/brunosantiago\/wp-json\/wp\/v2\/pages\/773\/revisions\/799"}],"wp:attachment":[{"href":"https:\/\/www.professores.uff.br\/brunosantiago\/wp-json\/wp\/v2\/media?parent=773"}],"wp:term":[{"taxonomy":"category","embeddable":true,"href":"https:\/\/www.professores.uff.br\/brunosantiago\/wp-json\/wp\/v2\/categories?post=773"},{"taxonomy":"post_tag","embeddable":true,"href":"https:\/\/www.professores.uff.br\/brunosantiago\/wp-json\/wp\/v2\/tags?post=773"}],"curies":[{"name":"wp","href":"https:\/\/api.w.org\/{rel}","templated":true}]}}