{"id":813,"date":"2022-03-27T19:57:10","date_gmt":"2022-03-27T22:57:10","guid":{"rendered":"http:\/\/www.professores.uff.br\/brunosantiago\/?page_id=813"},"modified":"2022-10-06T20:23:02","modified_gmt":"2022-10-06T23:23:02","slug":"ensino-2022","status":"publish","type":"page","link":"https:\/\/www.professores.uff.br\/brunosantiago\/ensino-2022\/","title":{"rendered":"Ensino 2022"},"content":{"rendered":"\n<p style=\"color:#0010a3\" class=\"has-text-color has-text-align-center has-large-font-size\"><strong>\u00c1lgebra Linear (2022.2)<\/strong><\/p>\n\n\n\n<p>O objetivo do curso \u00e9 explorar como os conceitos fundamentais de matrizes e vetores podem ser aplicados aos mais variados problemas, indo de finan\u00e7as \u00e0 biologia, passando por f\u00edsica e, claro, ci\u00eancia de dados. Vetores s\u00e3o vistos a um s\u00f3 tempo como listas ordenadas de n\u00fameros e pontos num espa\u00e7o n dimensional. Matrizes s\u00e3o vistas a um s\u00f3 tempo como tabelas de n\u00fameros e transforma\u00e7\u00f5es entre espa\u00e7os multidimensionais. As propriedades geom\u00e9tricas das matrizes ocupam um papel central na teoria e levam a aplica\u00e7\u00f5es n\u00e3o-triviais. <\/p>\n\n\n\n<p>A refer\u00eancia principal \u00e9 o <a rel=\"noreferrer noopener\" aria-label=\"livro do Professor Stephen Boyd (abre numa nova aba)\" href=\"https:\/\/web.stanford.edu\/~boyd\/vmls\/\" target=\"_blank\">livro do Professor Stephen Boyd<\/a> (Universidade de Stanford), e notas de aulas escritas por mim fortemente baseadas nesse livro.  <\/p>\n\n\n\n<div class=\"wp-block-file\"><a href=\"https:\/\/www.professores.uff.br\/brunosantiago\/wp-content\/uploads\/sites\/17\/2022\/09\/Lista-1.pdf\">Lista-1<\/a><\/div>\n\n\n\n<div class=\"wp-block-file\"><a href=\"https:\/\/www.professores.uff.br\/brunosantiago\/wp-content\/uploads\/sites\/17\/2022\/10\/Lista-1.pdf\">Lista-1 (Solu\u00e7\u00f5es)<\/a><\/div>\n\n\n\n<div class=\"wp-block-file\"><a href=\"https:\/\/www.professores.uff.br\/brunosantiago\/wp-content\/uploads\/sites\/17\/2022\/10\/P1.pdf\">Primeira Avalia\u00e7\u00e3o<\/a><\/div>\n\n\n\n<hr class=\"wp-block-separator\" \/>\n\n\n\n<p style=\"color:#0010a3\" class=\"has-text-color has-text-align-center has-large-font-size\"><strong>Complementos de Matem\u00e1tica Aplicada &#8211; GAN00144 (2022.1)<\/strong><\/p>\n\n\n\n<p class=\"has-text-color has-text-align-center has-luminous-vivid-orange-color\"><strong> Biomedicina &amp; Ci\u00eancias Ambientais <\/strong><\/p>\n\n\n<p><!--StartFragment--><\/p>\n\n\n<p class=\"has-text-align-left\"> O objetivo geral do curso \u00e9 mostrar como as ferramentas te\u00f3ricas do calculo diferencial e integral servem de instrumental para a confec\u00e7\u00e3o de modelos matem\u00e1ticos (n\u00e3o-triviais) de problemas ligados a biologia. A \u00eanfase \u00e9 em modelagem matem\u00e1tica desde a primeira aula. Os conceitos fundamentais de taxa de varia\u00e7\u00e3o, derivadas e integrais s\u00e3o introduzidos e aplicados inicialmente trabalhando-se com fun\u00e7\u00f5es polinomiais simples. Aos poucos os modelos poss\u00edveis v\u00e3o crescendo em complexidade e consequentemente o escopo de aplica\u00e7\u00f5es tamb\u00e9m cresce. No entanto, s\u00e3o os problemas biol\u00f3gicos \u00e9 que v\u00e3o &#8220;demandar&#8221; as fun\u00e7\u00f5es mais complicadas, como as transcendentes (exp, log, trigonom\u00e9tricas&#8230;) bem como as regras mais sofisticadas de c\u00e1lculo de derivadas e de integrais.   O curso se baseia em duas refer\u00eancias escritas principais:  <\/p>\n\n\n\n<p> <a rel=\"noreferrer noopener\" href=\"https:\/\/www.esalq.usp.br\/departamentos\/leb\/aulas\/lce164\/MODMAT.pdf\" target=\"_blank\">Matem\u00e1tica para Ci\u00eancias Biol\u00f3gicas<\/a> <\/p>\n\n\n\n<p> O <a rel=\"noreferrer noopener\" href=\"http:\/\/www.math.ubc.ca\/~keshet\/OpenBook.pdf\" target=\"_blank\">livro aberto<\/a> da Professora <a rel=\"noreferrer noopener\" href=\"http:\/\/www.math.ubc.ca\/~keshet\/keshet.html\" target=\"_blank\">Leah Edelstein-Keshet<\/a> da Universidade de Britsh Columbia (Canad\u00e1) <\/p>\n\n\n<p><!--EndFragment-->As aulas ser\u00e3o presenciais, e acontecer\u00e3o na sala IBM C06 do Instituto Biom\u00e9dico.<\/p>\n\n\n<div class=\"wp-block-file\"><a href=\"https:\/\/www.professores.uff.br\/brunosantiago\/wp-content\/uploads\/sites\/17\/2022\/05\/P1.pdf\">Primeira Avalia\u00e7\u00e3o<\/a><\/div>\n\n\n\n<p><a href=\"https:\/\/drive.google.com\/open?id=1OlBIShaeIY0VVHcbU-wYAAQjeNtzLZvC&amp;authuser=brunosantiago%40id.uff.br&amp;usp=drive_fs\">Video-aula sobre o M\u00b4\u00b4etodo de Newton<\/a><\/p>\n","protected":false},"excerpt":{"rendered":"<p>\u00c1lgebra Linear (2022.2) O objetivo do curso \u00e9 explorar como os conceitos fundamentais de matrizes e vetores podem ser aplicados aos mais variados problemas, indo de finan\u00e7as \u00e0 biologia, passando por f\u00edsica e, claro, ci\u00eancia de dados. Vetores s\u00e3o vistos a um s\u00f3 tempo como listas ordenadas de n\u00fameros e pontos num espa\u00e7o n dimensional. [&hellip;]<\/p>\n","protected":false},"author":19,"featured_media":0,"parent":0,"menu_order":0,"comment_status":"closed","ping_status":"closed","template":"","meta":{"_exactmetrics_skip_tracking":false,"_exactmetrics_sitenote_active":false,"_exactmetrics_sitenote_note":"","_exactmetrics_sitenote_category":0,"footnotes":""},"categories":[],"tags":[],"class_list":["post-813","page","type-page","status-publish","hentry"],"_links":{"self":[{"href":"https:\/\/www.professores.uff.br\/brunosantiago\/wp-json\/wp\/v2\/pages\/813","targetHints":{"allow":["GET"]}}],"collection":[{"href":"https:\/\/www.professores.uff.br\/brunosantiago\/wp-json\/wp\/v2\/pages"}],"about":[{"href":"https:\/\/www.professores.uff.br\/brunosantiago\/wp-json\/wp\/v2\/types\/page"}],"author":[{"embeddable":true,"href":"https:\/\/www.professores.uff.br\/brunosantiago\/wp-json\/wp\/v2\/users\/19"}],"replies":[{"embeddable":true,"href":"https:\/\/www.professores.uff.br\/brunosantiago\/wp-json\/wp\/v2\/comments?post=813"}],"version-history":[{"count":7,"href":"https:\/\/www.professores.uff.br\/brunosantiago\/wp-json\/wp\/v2\/pages\/813\/revisions"}],"predecessor-version":[{"id":837,"href":"https:\/\/www.professores.uff.br\/brunosantiago\/wp-json\/wp\/v2\/pages\/813\/revisions\/837"}],"wp:attachment":[{"href":"https:\/\/www.professores.uff.br\/brunosantiago\/wp-json\/wp\/v2\/media?parent=813"}],"wp:term":[{"taxonomy":"category","embeddable":true,"href":"https:\/\/www.professores.uff.br\/brunosantiago\/wp-json\/wp\/v2\/categories?post=813"},{"taxonomy":"post_tag","embeddable":true,"href":"https:\/\/www.professores.uff.br\/brunosantiago\/wp-json\/wp\/v2\/tags?post=813"}],"curies":[{"name":"wp","href":"https:\/\/api.w.org\/{rel}","templated":true}]}}