{"id":129,"date":"2017-09-28T14:19:00","date_gmt":"2017-09-28T17:19:00","guid":{"rendered":"http:\/\/www.professores.uff.br\/calsamiglia\/?page_id=129"},"modified":"2017-09-28T14:19:00","modified_gmt":"2017-09-28T17:19:00","slug":"equacoes-diferenciais","status":"publish","type":"page","link":"https:\/\/www.professores.uff.br\/calsamiglia\/equacoes-diferenciais\/","title":{"rendered":"Equa\u00e7\u00f5es Diferenciais"},"content":{"rendered":"<h4><strong>2016.2<\/strong><\/h4>\n<ul>\n<li>Turmas C1 e C2, ter. e qui., 11-13 hs., na sala IMH205 (Gragoat\u00e1)<\/li>\n<li>Turma D1, ter. e qui., 14-16 hs. Na sala H401 (Praia Vermelha)<\/li>\n<\/ul>\n<h4><strong>Programa<\/strong><\/h4>\n<ul>\n<li>Listas de exerc\u00edcios: <a href=\"http:\/\/www.professores.uff.br\/calsamiglia\/wp-content\/uploads\/sites\/73\/2017\/08\/Lista-1_Seq-e-Series-1.pdf\">1<\/a>, <a href=\"http:\/\/www.professores.uff.br\/calsamiglia\/wp-content\/uploads\/sites\/73\/2017\/08\/Lista-2_Convergencia-de-Series.pdf\">2<\/a>, <a href=\"http:\/\/www.professores.uff.br\/calsamiglia\/wp-content\/uploads\/sites\/73\/2017\/08\/Lista-3_Series-de-potencias.pdf\">3,<\/a> <a href=\"http:\/\/www.professores.uff.br\/calsamiglia\/wp-content\/uploads\/sites\/73\/2017\/08\/Lista-4_Resolvendo-EDOs-com-Series.pdf\">4<\/a>, <a href=\"http:\/\/www.professores.uff.br\/calsamiglia\/wp-content\/uploads\/sites\/73\/2017\/08\/Lista-5_Transformada-de-Laplace.pdf\">5<\/a> e <a href=\"http:\/\/www.professores.uff.br\/calsamiglia\/wp-content\/uploads\/sites\/73\/2017\/08\/Lista-6_Sistemas-de-EDOs-lineares.pdf\">6<\/a>.<\/li>\n<li><a href=\"http:\/\/www.professores.uff.br\/calsamiglia\/wp-content\/uploads\/sites\/73\/2017\/08\/notas.pdf\">Notas<\/a> do Prof. Toscano<\/li>\n<li>Para atendimento e d\u00favidas, entrar em contato pelo <a href=\"http:\/\/www.uff.br\/conexao\/\" target=\"_blank\" rel=\"noopener noreferrer\">Conex\u00e3o<\/a>.<\/li>\n<li>Provas antigas: <a href=\"http:\/\/www.professores.uff.br\/calsamiglia\/wp-content\/uploads\/sites\/73\/2017\/08\/VE1_2013.pdf\">VE1<\/a> e <a href=\"http:\/\/www.professores.uff.br\/calsamiglia\/wp-content\/uploads\/sites\/73\/2017\/08\/VE2_2013.pdf\">VE2<\/a> de 2013<\/li>\n<\/ul>\n","protected":false},"excerpt":{"rendered":"<p>2016.2 Turmas C1 e C2, ter. e qui., 11-13 hs., na sala IMH205 (Gragoat\u00e1) Turma D1, ter. e qui., 14-16 hs. Na sala H401 (Praia Vermelha) Programa Listas de exerc\u00edcios: 1, 2, 3, 4, 5 e 6. Notas do Prof. Toscano Para atendimento e d\u00favidas, entrar em contato pelo Conex\u00e3o. Provas antigas: VE1 e VE2 [&hellip;]<\/p>\n","protected":false},"author":22,"featured_media":0,"parent":0,"menu_order":0,"comment_status":"closed","ping_status":"closed","template":"","meta":{"_exactmetrics_skip_tracking":false,"_exactmetrics_sitenote_active":false,"_exactmetrics_sitenote_note":"","_exactmetrics_sitenote_category":0,"footnotes":""},"categories":[],"tags":[],"class_list":["post-129","page","type-page","status-publish","hentry"],"_links":{"self":[{"href":"https:\/\/www.professores.uff.br\/calsamiglia\/wp-json\/wp\/v2\/pages\/129","targetHints":{"allow":["GET"]}}],"collection":[{"href":"https:\/\/www.professores.uff.br\/calsamiglia\/wp-json\/wp\/v2\/pages"}],"about":[{"href":"https:\/\/www.professores.uff.br\/calsamiglia\/wp-json\/wp\/v2\/types\/page"}],"author":[{"embeddable":true,"href":"https:\/\/www.professores.uff.br\/calsamiglia\/wp-json\/wp\/v2\/users\/22"}],"replies":[{"embeddable":true,"href":"https:\/\/www.professores.uff.br\/calsamiglia\/wp-json\/wp\/v2\/comments?post=129"}],"version-history":[{"count":1,"href":"https:\/\/www.professores.uff.br\/calsamiglia\/wp-json\/wp\/v2\/pages\/129\/revisions"}],"predecessor-version":[{"id":130,"href":"https:\/\/www.professores.uff.br\/calsamiglia\/wp-json\/wp\/v2\/pages\/129\/revisions\/130"}],"wp:attachment":[{"href":"https:\/\/www.professores.uff.br\/calsamiglia\/wp-json\/wp\/v2\/media?parent=129"}],"wp:term":[{"taxonomy":"category","embeddable":true,"href":"https:\/\/www.professores.uff.br\/calsamiglia\/wp-json\/wp\/v2\/categories?post=129"},{"taxonomy":"post_tag","embeddable":true,"href":"https:\/\/www.professores.uff.br\/calsamiglia\/wp-json\/wp\/v2\/tags?post=129"}],"curies":[{"name":"wp","href":"https:\/\/api.w.org\/{rel}","templated":true}]}}