{"id":159,"date":"2020-02-05T23:55:53","date_gmt":"2020-02-06T02:55:53","guid":{"rendered":"http:\/\/www.professores.uff.br\/calsamiglia\/?page_id=159"},"modified":"2020-02-06T17:51:39","modified_gmt":"2020-02-06T20:51:39","slug":"orbit-closures","status":"publish","type":"page","link":"https:\/\/www.professores.uff.br\/calsamiglia\/orbit-closures\/","title":{"rendered":"ORBIT CLOSURES"},"content":{"rendered":"\n<figure class=\"wp-block-image size-large\"><img loading=\"lazy\" decoding=\"async\" width=\"618\" height=\"289\" src=\"http:\/\/www.professores.uff.br\/calsamiglia\/wp-content\/uploads\/sites\/73\/2020\/02\/Captura-de-pantalla-2020-02-05-a-las-23.26.22.png\" alt=\"\" class=\"wp-image-164\" srcset=\"https:\/\/www.professores.uff.br\/calsamiglia\/wp-content\/uploads\/sites\/73\/2020\/02\/Captura-de-pantalla-2020-02-05-a-las-23.26.22.png 618w, https:\/\/www.professores.uff.br\/calsamiglia\/wp-content\/uploads\/sites\/73\/2020\/02\/Captura-de-pantalla-2020-02-05-a-las-23.26.22-300x140.png 300w\" sizes=\"auto, (max-width: 618px) 100vw, 618px\" \/><\/figure>\n\n\n\n<h2 class=\"wp-block-heading\">Grupo de Trabalho<\/h2>\n\n\n\n<h2 class=\"wp-block-heading\">Ver\u00e3o 2020 DO <a href=\"http:\/\/www.pgmat.uff.br\/index.php\/pt\/\">PGMAT-UFF<\/a><\/h2>\n\n\n\n<p>INSTITUTO DE MATEM\u00c1TICA E ESTAT\u00cdSTICA<\/p>\n\n\n\n<p>BLOCO H, SALA 205, CAMPUS DO GRAGOAT\u00c0, UFF<\/p>\n\n\n\n<p>19, 20 e 21 de FEVEREIRO DE 2020<\/p>\n\n\n\n<h2 class=\"wp-block-heading\">PROGRAM<\/h2>\n\n\n\n<p class=\"has-medium-font-size\"><strong>\u00a0Wednesday , february 19th<\/strong>: <strong>The &#8220;classical&#8221; theorem of\u00a0Ratner<\/strong><\/p>\n\n\n\n<p class=\"has-medium-font-size\">10-12 Plinio Guillel, The case of SL(2,R): Hedlund and Dani-Smillie&#8217;s theorem<\/p>\n\n\n\n<p class=\"has-medium-font-size\">13:30-15:30 Felix Lequen, A modern proof of&nbsp;Ratner&#8217;s theorem following Einsiedler, Margulis, Mohammadi, Venkatesh <\/p>\n\n\n\n<p class=\"has-medium-font-size\">16-17 Alejandro Kocsard ,&nbsp; Some consequences (Oppenheim conjecture, etc)<\/p>\n\n\n\n<p><\/p>\n\n\n\n<p class=\"has-medium-font-size\"><strong>Thursday , february 20th<\/strong>: <strong>Benoist-Quint&#8217;s Theorem<\/strong><\/p>\n\n\n\n<p class=\"has-medium-font-size\">10-12 Florestan Martin-Baillon,  Basics on Markov processes (martingale&#8217;s theorem) and random matrix products (Lyapunov exponents)<\/p>\n\n\n\n<p class=\"has-medium-font-size\">13:30-15: 30 Gabriel Calsamiglia, Proof of BQ&#8217;s theorem in the SL(2,R)-case I: the stable foliation and the horocyclic flow<\/p>\n\n\n\n<p class=\"has-medium-font-size\">16-18&nbsp; Bertrand Deroin,  Proof of BQ&#8217;s theorem in the SL(2,R)-case II: the exponential drift argument<\/p>\n\n\n\n<p><\/p>\n\n\n\n<p class=\"has-medium-font-size\"><strong>Friday, february 21st<\/strong>:<strong> Affine manifolds in Teichm\u00fcller dynamics<\/strong><\/p>\n\n\n\n<p class=\"has-medium-font-size\">10-13 Florent Ygouf <\/p>\n\n\n\n<p><\/p>\n\n\n\n<h2 class=\"wp-block-heading\">For references check this <a href=\"https:\/\/www.dropbox.com\/sh\/bogwkp5n60bs0eh\/AACO34RDHgzSbn7PMdaAipdAa?dl=0\">folder.<\/a><\/h2>\n\n\n\n<p class=\"has-medium-font-size\">With the support of UFF and CNPq<\/p>\n\n\n\n<h2 class=\"wp-block-heading\">Organizers: <\/h2>\n\n\n\n<h3 class=\"wp-block-heading\">G. Calsamiglia and B. Deroin<\/h3>\n\n\n\n<p>gcalsamiglia (at) id.uff.br and bertrand.deroin (at) gmail.com<\/p>\n\n\n\n<h2 class=\"wp-block-heading\">Poster of the event <a href=\"http:\/\/www.professores.uff.br\/calsamiglia\/wp-content\/uploads\/sites\/73\/2020\/02\/Grupo-de-trabalho-PRograma-de-vera\u0301o-pgmat-uff-2.pdf\">here<\/a>. <\/h2>\n\n\n\n<p><\/p>\n","protected":false},"excerpt":{"rendered":"<p>Grupo de Trabalho Ver\u00e3o 2020 DO PGMAT-UFF INSTITUTO DE MATEM\u00c1TICA E ESTAT\u00cdSTICA BLOCO H, SALA 205, CAMPUS DO GRAGOAT\u00c0, UFF 19, 20 e 21 de FEVEREIRO DE 2020 PROGRAM \u00a0Wednesday , february 19th: The &#8220;classical&#8221; theorem of\u00a0Ratner 10-12 Plinio Guillel, The case of SL(2,R): Hedlund and Dani-Smillie&#8217;s theorem 13:30-15:30 Felix Lequen, A modern proof of&nbsp;Ratner&#8217;s [&hellip;]<\/p>\n","protected":false},"author":77,"featured_media":0,"parent":0,"menu_order":0,"comment_status":"closed","ping_status":"closed","template":"","meta":{"_exactmetrics_skip_tracking":false,"_exactmetrics_sitenote_active":false,"_exactmetrics_sitenote_note":"","_exactmetrics_sitenote_category":0,"footnotes":""},"categories":[],"tags":[],"class_list":["post-159","page","type-page","status-publish","hentry"],"_links":{"self":[{"href":"https:\/\/www.professores.uff.br\/calsamiglia\/wp-json\/wp\/v2\/pages\/159","targetHints":{"allow":["GET"]}}],"collection":[{"href":"https:\/\/www.professores.uff.br\/calsamiglia\/wp-json\/wp\/v2\/pages"}],"about":[{"href":"https:\/\/www.professores.uff.br\/calsamiglia\/wp-json\/wp\/v2\/types\/page"}],"author":[{"embeddable":true,"href":"https:\/\/www.professores.uff.br\/calsamiglia\/wp-json\/wp\/v2\/users\/77"}],"replies":[{"embeddable":true,"href":"https:\/\/www.professores.uff.br\/calsamiglia\/wp-json\/wp\/v2\/comments?post=159"}],"version-history":[{"count":17,"href":"https:\/\/www.professores.uff.br\/calsamiglia\/wp-json\/wp\/v2\/pages\/159\/revisions"}],"predecessor-version":[{"id":183,"href":"https:\/\/www.professores.uff.br\/calsamiglia\/wp-json\/wp\/v2\/pages\/159\/revisions\/183"}],"wp:attachment":[{"href":"https:\/\/www.professores.uff.br\/calsamiglia\/wp-json\/wp\/v2\/media?parent=159"}],"wp:term":[{"taxonomy":"category","embeddable":true,"href":"https:\/\/www.professores.uff.br\/calsamiglia\/wp-json\/wp\/v2\/categories?post=159"},{"taxonomy":"post_tag","embeddable":true,"href":"https:\/\/www.professores.uff.br\/calsamiglia\/wp-json\/wp\/v2\/tags?post=159"}],"curies":[{"name":"wp","href":"https:\/\/api.w.org\/{rel}","templated":true}]}}