{"id":26,"date":"2017-08-11T10:14:33","date_gmt":"2017-08-11T13:14:33","guid":{"rendered":"http:\/\/www.professores.uff.br\/calsamiglia\/?page_id=26"},"modified":"2017-08-11T10:36:48","modified_gmt":"2017-08-11T13:36:48","slug":"teachingensino","status":"publish","type":"page","link":"https:\/\/www.professores.uff.br\/calsamiglia\/teachingensino\/","title":{"rendered":"Teaching\/Ensino"},"content":{"rendered":"<h4><strong>2016.2<\/strong><\/h4>\n<ul>\n<li><a href=\"http:\/\/www.professores.uff.br\/calsamiglia\/2017\/08\/11\/calculo-iiia\/\"><strong>C\u00e1lculo IIIA<\/strong><\/a> (Turmas A1 e D1)<\/li>\n<li><a href=\"http:\/\/www.professores.uff.br\/calsamiglia\/2017\/08\/11\/equacoes-diferenciais\/\"><strong>Equa\u00e7\u00f5es diferenciais<\/strong><\/a> (Turmas C1,C2 e D1)<\/li>\n<\/ul>\n","protected":false},"excerpt":{"rendered":"<p>2016.2 C\u00e1lculo IIIA (Turmas A1 e D1) Equa\u00e7\u00f5es diferenciais (Turmas C1,C2 e D1)<\/p>\n","protected":false},"author":22,"featured_media":0,"parent":0,"menu_order":0,"comment_status":"closed","ping_status":"closed","template":"","meta":{"_exactmetrics_skip_tracking":false,"_exactmetrics_sitenote_active":false,"_exactmetrics_sitenote_note":"","_exactmetrics_sitenote_category":0,"footnotes":""},"categories":[],"tags":[],"class_list":["post-26","page","type-page","status-publish","hentry"],"_links":{"self":[{"href":"https:\/\/www.professores.uff.br\/calsamiglia\/wp-json\/wp\/v2\/pages\/26","targetHints":{"allow":["GET"]}}],"collection":[{"href":"https:\/\/www.professores.uff.br\/calsamiglia\/wp-json\/wp\/v2\/pages"}],"about":[{"href":"https:\/\/www.professores.uff.br\/calsamiglia\/wp-json\/wp\/v2\/types\/page"}],"author":[{"embeddable":true,"href":"https:\/\/www.professores.uff.br\/calsamiglia\/wp-json\/wp\/v2\/users\/22"}],"replies":[{"embeddable":true,"href":"https:\/\/www.professores.uff.br\/calsamiglia\/wp-json\/wp\/v2\/comments?post=26"}],"version-history":[{"count":3,"href":"https:\/\/www.professores.uff.br\/calsamiglia\/wp-json\/wp\/v2\/pages\/26\/revisions"}],"predecessor-version":[{"id":76,"href":"https:\/\/www.professores.uff.br\/calsamiglia\/wp-json\/wp\/v2\/pages\/26\/revisions\/76"}],"wp:attachment":[{"href":"https:\/\/www.professores.uff.br\/calsamiglia\/wp-json\/wp\/v2\/media?parent=26"}],"wp:term":[{"taxonomy":"category","embeddable":true,"href":"https:\/\/www.professores.uff.br\/calsamiglia\/wp-json\/wp\/v2\/categories?post=26"},{"taxonomy":"post_tag","embeddable":true,"href":"https:\/\/www.professores.uff.br\/calsamiglia\/wp-json\/wp\/v2\/tags?post=26"}],"curies":[{"name":"wp","href":"https:\/\/api.w.org\/{rel}","templated":true}]}}