{"id":223,"date":"2018-08-14T18:58:17","date_gmt":"2018-08-14T21:58:17","guid":{"rendered":"http:\/\/www.professores.uff.br\/cristhabel\/?page_id=223"},"modified":"2019-12-09T18:38:38","modified_gmt":"2019-12-09T21:38:38","slug":"geometria-analitica","status":"publish","type":"page","link":"https:\/\/www.professores.uff.br\/cristhabel\/geometria-analitica\/","title":{"rendered":"GEOMETRIA ANAL\u00cdTICA"},"content":{"rendered":"<p>\u00a0<\/p>\n<h4><strong><b>Refer\u00eancias Bibliogr\u00e1ficas<\/b><\/strong><\/h4>\n<p>BIBLIOGRAFIA B\u00c1SICA<\/p>\n<p>[1] Geometria Anal\u00edtica: um tratamento vetorial, 3 ed.<br \/>Autores: Camargo, I; Boulos, P.<br \/>Editora Pearson &#8211; Prentice Hall<\/p>\n<p>[2] Geometria Anal\u00edtica e \u00e1lgebra linear<br \/>Autor: Lima, E. L.<br \/>IMPA &#8211; Cole\u00e7\u00e3o Matem\u00e1tica Universit\u00e1ria<\/p>\n<p>[3] Geometria Anal\u00edtica<br \/>Autores: Delgado J., Frensel, K., Crissaff, L.<br \/>Cole\u00e7\u00e3o PROFMAT, SBM, 2013.<\/p>\n<p>BIBLIOGRAFIA COMPLEMENTAR<\/p>\n<p>[4] Notas de Geometria Anal\u00edtica da professora K\u00e1tia Frensel:\u00a0<a href=\"http:\/\/www.professores.uff.br\/katiafrensel\/\">http:\/\/www.professores.uff.br\/katiafrensel\/<\/a><\/p>\n<p>[5] Resumo de Qu\u00e1dricas:\u00a0<a href=\"https:\/\/www.professores.uff.br\/cristhabel\/?ddownload=269\" title=\"Qu\u00e1dricas\" rel=\"nofollow\" class=\"ddownload-link id-269 ext-pdf\">Qu\u00e1dricas<\/a><\/p>\n<hr \/>\n<p><a href=\"https:\/\/drive.google.com\/open?id=14YA8n40X_4Q2HKg9hMQ8y_XX6XqnZv4T\" target=\"_blank\" rel=\"noopener noreferrer\">Resumo de Qu\u00e1dricas<\/a><\/p>\n<hr \/>\n<p><span style=\"color: #003366\"><strong>Hor\u00e1rios de Monitoria:<\/strong><\/span><\/p>\n<p><span style=\"color: #003366\"><em>Monitor: Eduardo<\/em><\/span><\/p>\n<p><span style=\"color: #003366\"><em>Hor\u00e1rio: Segunda, Ter\u00e7a e Quarta\u00a0 de 16h a 18h<br \/>Sexta de 9h a 11h.<br \/><\/em><\/span><\/p>\n<p><em><span style=\"color: #003366\">Sala: Bloco H, 403<\/span><\/em><\/p>\n<hr \/>\n<h3><em><span style=\"color: #003366\"><strong>Provas \u00a0 \u00a0 \u00a0 \u00a0Notas<\/strong><\/span><\/em><\/h3>\n<hr \/>\n<p><strong>P1: 30\/09 \u00a0 \u00a0 \u00a0 \u00a0 \u00a0 \u00a0 \u00a0 <a href=\"https:\/\/drive.google.com\/open?id=1jFQgP3najoky20ypHAhSL2Tgk43Z8Ha1\" target=\"_blank\" rel=\"noopener noreferrer\">NOTA FINAL<\/a><br \/><\/strong><\/p>\n<p><strong>Ex: 27\/11\u00a0\u00a0\u00a0\u00a0\u00a0\u00a0\u00a0\u00a0\u00a0\u00a0\u00a0\u00a0\u00a0\u00a0\u00a0\u00a0 <br \/><\/strong><\/p>\n<p><strong>P2: 02\/12 \u00a0\u00a0\u00a0\u00a0\u00a0\u00a0\u00a0 <\/strong><strong><br \/><\/strong><\/p>\n<p><strong>VR: 04\/12<br \/><\/strong><\/p>\n<p><strong>VS: 09\/12<\/strong><\/p>\n<hr \/>\n<h3><strong><em><span style=\"color: #003366\">Lista de Exerc\u00edcios<\/span><\/em><\/strong><\/h3>\n<ul>\n<li><a href=\"https:\/\/drive.google.com\/open?id=1wsLcTUIctasfbiltXK5HZsSha3mR1XLH\" target=\"_blank\" rel=\"noopener noreferrer\">Lista 1: Coordenadas no plano e no espa\u00e7o<\/a><\/li>\n<li><a href=\"https:\/\/drive.google.com\/open?id=13cQLosW747slRgk7bMSlPP_TWIviMvyf\" target=\"_blank\" rel=\"noopener noreferrer\">Lista 2: Vetores<\/a><\/li>\n<li><a href=\"https:\/\/drive.google.com\/open?id=13mfWFfIjA7mEUgv8NaPXcKwPAayBxqym\" target=\"_blank\" rel=\"noopener noreferrer\">Lista 3: Continua\u00e7\u00e3o de Vetores<\/a><\/li>\n<li><a href=\"https:\/\/drive.google.com\/open?id=1Wm5SqPaQa6V00suM0_QKGnlVm_l3e-RI\" target=\"_blank\" rel=\"noopener noreferrer\">Lista 4: Retas no Plano<\/a><\/li>\n<li><a href=\"https:\/\/drive.google.com\/open?id=1vn6V903G6g91Md0OhGpjTORPwUmSMNCg\" target=\"_blank\" rel=\"noopener noreferrer\">Lista 5: C\u00f4nicas<\/a><\/li>\n<li><a href=\"https:\/\/drive.google.com\/open?id=16lupSA3RGggbgWJzeLTHBVwXs9mtBByh\" target=\"_blank\" rel=\"noopener noreferrer\">Lista 6: Regi\u00f5es<\/a><\/li>\n<li><a href=\"https:\/\/drive.google.com\/open?id=1uRcE1lX_i9BjPySXR-ssL6hxjSKLoZHH\">Lista 7: Retas e Planos no Espa\u00e7o<\/a> Na quest\u00e3o 1 \u00e9 s\u00f3 para encontrar equa\u00e7\u00e3o param\u00e9trica, n\u00e3o cartesiana.<\/li>\n<li><a href=\"https:\/\/drive.google.com\/open?id=15OSDA2B19OFsVOtQwP6ksOfbS3Xl3sBC\" target=\"_blank\" rel=\"noopener noreferrer\">Lista 8: Qu\u00e1dricas<\/a><\/li>\n<\/ul>\n\n\n<p><\/p>\n","protected":false},"excerpt":{"rendered":"<p>\u00a0 Refer\u00eancias Bibliogr\u00e1ficas BIBLIOGRAFIA B\u00c1SICA [1] Geometria Anal\u00edtica: um tratamento vetorial, 3 ed.Autores: Camargo, I; Boulos, P.Editora Pearson &#8211; Prentice Hall [2] Geometria Anal\u00edtica e \u00e1lgebra linearAutor: Lima, E. L.IMPA &#8211; Cole\u00e7\u00e3o Matem\u00e1tica Universit\u00e1ria [3] Geometria Anal\u00edticaAutores: Delgado J., Frensel, K., Crissaff, L.Cole\u00e7\u00e3o PROFMAT, SBM, 2013. BIBLIOGRAFIA COMPLEMENTAR [4] Notas de Geometria Anal\u00edtica da professora [&hellip;]<\/p>\n","protected":false},"author":185,"featured_media":0,"parent":0,"menu_order":0,"comment_status":"closed","ping_status":"closed","template":"","meta":{"_exactmetrics_skip_tracking":false,"_exactmetrics_sitenote_active":false,"_exactmetrics_sitenote_note":"","_exactmetrics_sitenote_category":0,"footnotes":""},"categories":[9],"tags":[],"class_list":["post-223","page","type-page","status-publish","hentry","category-ensino"],"_links":{"self":[{"href":"https:\/\/www.professores.uff.br\/cristhabel\/wp-json\/wp\/v2\/pages\/223","targetHints":{"allow":["GET"]}}],"collection":[{"href":"https:\/\/www.professores.uff.br\/cristhabel\/wp-json\/wp\/v2\/pages"}],"about":[{"href":"https:\/\/www.professores.uff.br\/cristhabel\/wp-json\/wp\/v2\/types\/page"}],"author":[{"embeddable":true,"href":"https:\/\/www.professores.uff.br\/cristhabel\/wp-json\/wp\/v2\/users\/185"}],"replies":[{"embeddable":true,"href":"https:\/\/www.professores.uff.br\/cristhabel\/wp-json\/wp\/v2\/comments?post=223"}],"version-history":[{"count":46,"href":"https:\/\/www.professores.uff.br\/cristhabel\/wp-json\/wp\/v2\/pages\/223\/revisions"}],"predecessor-version":[{"id":463,"href":"https:\/\/www.professores.uff.br\/cristhabel\/wp-json\/wp\/v2\/pages\/223\/revisions\/463"}],"wp:attachment":[{"href":"https:\/\/www.professores.uff.br\/cristhabel\/wp-json\/wp\/v2\/media?parent=223"}],"wp:term":[{"taxonomy":"category","embeddable":true,"href":"https:\/\/www.professores.uff.br\/cristhabel\/wp-json\/wp\/v2\/categories?post=223"},{"taxonomy":"post_tag","embeddable":true,"href":"https:\/\/www.professores.uff.br\/cristhabel\/wp-json\/wp\/v2\/tags?post=223"}],"curies":[{"name":"wp","href":"https:\/\/api.w.org\/{rel}","templated":true}]}}