{"id":286,"date":"2019-03-20T15:56:13","date_gmt":"2019-03-20T18:56:13","guid":{"rendered":"http:\/\/www.professores.uff.br\/cristhabel\/?page_id=286"},"modified":"2019-12-09T18:39:42","modified_gmt":"2019-12-09T21:39:42","slug":"geometria-analitica-e-calculo-vetorial-i","status":"publish","type":"page","link":"https:\/\/www.professores.uff.br\/cristhabel\/geometria-analitica-e-calculo-vetorial-i\/","title":{"rendered":"GEOMETRIA ANAL\u00cdTICA E C\u00c1LCULO VETORIAL I"},"content":{"rendered":"<h4><strong><b>Refer\u00eancias Bibliogr\u00e1ficas<\/b><\/strong><\/h4>\n<p>[1] Geometria Anal\u00edtica<br \/>Autores: Reis, G. L. &amp; Silva, V. V.<\/p>\n<p>[2] \u00c1lgebra Vetorial e Geometria Anal\u00edtica<br \/>Autor: Venturi, J. J. <a href=\"http:\/\/www.geometriaanalitica.com.br\/\">http:\/\/www.geometriaanalitica.com.br\/<\/a><\/p>\n<p>[3] C\u00f4nicas e Qu\u00e1dricas<br \/>Autor: Venturi, J. J. <a href=\"http:\/\/www.geometriaanalitica.com.br\/\">http:\/\/www.geometriaanalitica.com.br\/<\/a><\/p>\n<p>[4] Geometria Anal\u00edtica e \u00e1lgebra linear<br \/>Autor: Lima, E. L.<br \/>IMPA &#8211; Cole\u00e7\u00e3o Matem\u00e1tica Universit\u00e1ria<\/p>\n<p>[5] Geometria Anal\u00edtica<br \/>Autores: Delgado J., Frensel, K., Crissaff, L.<br \/>Cole\u00e7\u00e3o PROFMAT, SBM, 2013.<\/p>\n<p>[6] Notas de Geometria Anal\u00edtica da professora K\u00e1tia Frensel:\u00a0<a href=\"http:\/\/www.professores.uff.br\/katiafrensel\/\">http:\/\/www.professores.uff.br\/katiafrensel\/<\/a><\/p>\n<p>[7] Geometria Anal\u00edtica<br \/>Autor: Charles H. Lehmann.<\/p>\n<hr \/>\n<p>Site da mat\u00e9ria: <a href=\"http:\/\/ggmuff.mat.br\/\">http:\/\/ggmuff.mat.br\/<\/a><\/p>\n<hr \/>\n<p><a href=\"https:\/\/drive.google.com\/open?id=14YA8n40X_4Q2HKg9hMQ8y_XX6XqnZv4T\" target=\"_blank\" rel=\"noopener noreferrer\">Resumo de Qu\u00e1dricas<\/a><\/p>\n<hr \/>\n<p><strong><span style=\"color: #003366\">Hor\u00e1rios de Tutoria:<\/span><\/strong><\/p>\n<p><em><span style=\"color: #003366\">Tutor: Erick Cargnel<\/span><\/em><\/p>\n<p><em><span style=\"color: #003366\">Hor\u00e1rio: Segunda e Quintas de 13h a 16h<\/span><\/em><\/p>\n<p><em><span style=\"color: #003366\">Sala: Bloco H, 502 <br \/><\/span><\/em><\/p>\n<p><em><span style=\"color: #003366\">\u00a0<a href=\"https:\/\/docs.google.com\/spreadsheets\/d\/12shlK9I-zhNt3Y4Bwz_xy9r1s3mv7Y-mxG07WXFg5ks\/edit?usp=sharing\" target=\"_blank\" rel=\"noopener noreferrer\">Lista de presen\u00e7a da tutoria<\/a><\/span><\/em><\/p>\n<p>\u00a0<\/p>\n<hr \/>\n<p><span style=\"color: #003366\"><strong>Hor\u00e1rios de Monitoria:<\/strong><\/span><\/p>\n<p><span style=\"color: #003366\"><em>Monitor: Eduardo<\/em><\/span><\/p>\n<p><span style=\"color: #003366\"><em>Hor\u00e1rio: Segunda, Ter\u00e7a e Quarta\u00a0 de 16h a 18h<br \/>\u00a0\u00a0\u00a0\u00a0\u00a0\u00a0\u00a0\u00a0\u00a0\u00a0\u00a0\u00a0\u00a0\u00a0\u00a0\u00a0 Sexta de 9h a 11h.<br \/><\/em><\/span><\/p>\n<p><em><span style=\"color: #003366\">Sala: Bloco H, 403<\/span><br \/><\/em><\/p>\n<hr \/>\n<h3><span style=\"color: #003366\"><strong><em>Datas das provas \u00a0 \u00a0Notas \u00a0<\/em><\/strong><\/span><\/h3>\n<hr \/>\n<ul>\n<li><span style=\"color: #003366\"><strong>P1:\u00a0 30\/09 \u00a0 \u00a0 \u00a0 \u00a0 \u00a0 \u00a0 \u00a0 \u00a0 \u00a0 \u00a0 \u00a0 <a href=\"https:\/\/drive.google.com\/open?id=1I5q8UbCJTrwWsOE2uyimToyne-ThNLXh\" target=\"_blank\" rel=\"noopener noreferrer\">NOTA FINAL<\/a> <\/strong><\/span><\/li>\n<li><span style=\"color: #003366\"><strong>P2:\u00a0 02\/12\u00a0 \u00a0 \u00a0 \u00a0 \u00a0 \u00a0 \u00a0 \u00a0 \u00a0 \u00a0 \u00a0 \u00a0<\/strong><\/span><\/li>\n<li><span style=\"color: #003366\"><strong>VR: 04\/12 \u00a0\u00a0\u00a0\u00a0\u00a0\u00a0\u00a0\u00a0\u00a0\u00a0\u00a0\u00a0\u00a0 <br \/><\/strong><\/span><\/li>\n<li><span style=\"color: #003366\"><strong>VS:\u00a0 09\/12 \u00a0\u00a0\u00a0\u00a0\u00a0\u00a0\u00a0\u00a0\u00a0\u00a0\u00a0\u00a0 <br \/><\/strong><\/span><\/li>\n<\/ul>\n<hr \/>\n<h3><strong><span style=\"color: #003366\"><em>Lista de Exerc\u00edcios<\/em><\/span><\/strong><\/h3>\n<hr \/>\n<ul>\n<li style=\"list-style-type: none\">\n<ul>\n<li><a href=\"https:\/\/drive.google.com\/open?id=1wsLcTUIctasfbiltXK5HZsSha3mR1XLH\" target=\"_blank\" rel=\"noopener noreferrer\">Lista 1: Coordenadas<\/a><\/li>\n<li><a href=\"https:\/\/drive.google.com\/open?id=13cQLosW747slRgk7bMSlPP_TWIviMvyf\" target=\"_blank\" rel=\"noopener noreferrer\">Lista 2: Vetores<\/a><\/li>\n<li><a href=\"https:\/\/drive.google.com\/open?id=1YOUxZCla73O5Yu_XcvgVQ5u5JLX5JiMl\" target=\"_blank\" rel=\"noopener noreferrer\">Lista 3: Continua\u00e7\u00e3o de Vetores<\/a><\/li>\n<li><a href=\"https:\/\/drive.google.com\/open?id=1Wm5SqPaQa6V00suM0_QKGnlVm_l3e-RI\" target=\"_blank\" rel=\"noopener noreferrer\">Lista 4: Retas no Plano<\/a><\/li>\n<li><a href=\"https:\/\/drive.google.com\/open?id=1vn6V903G6g91Md0OhGpjTORPwUmSMNCg\" target=\"_blank\" rel=\"noopener noreferrer\">Lista 5: C\u00f4nicas<\/a><\/li>\n<li><a href=\"https:\/\/drive.google.com\/open?id=16lupSA3RGggbgWJzeLTHBVwXs9mtBByh\" target=\"_blank\" rel=\"noopener noreferrer\">Lista 6: Regi\u00f5es<\/a><\/li>\n<li><a href=\"https:\/\/drive.google.com\/open?id=1uRcE1lX_i9BjPySXR-ssL6hxjSKLoZHH\" target=\"_blank\" rel=\"noopener noreferrer\">Lista 7: Retas e Planos no Espa\u00e7o<\/a>\u00a0Na quest\u00e3o 1 \u00e9 s\u00f3 para encontrar equa\u00e7\u00e3o param\u00e9trica, n\u00e3o cartesiana.<\/li>\n<li><a href=\"https:\/\/drive.google.com\/open?id=15OSDA2B19OFsVOtQwP6ksOfbS3Xl3sBC\" target=\"_blank\" rel=\"noopener noreferrer\">Lista 8: Qu\u00e1dricas<\/a><\/li>\n<\/ul>\n<\/li>\n<\/ul>\n\n\n\n\n<p><\/p>\n","protected":false},"excerpt":{"rendered":"<p>Refer\u00eancias Bibliogr\u00e1ficas [1] Geometria Anal\u00edticaAutores: Reis, G. L. &amp; Silva, V. V. [2] \u00c1lgebra Vetorial e Geometria Anal\u00edticaAutor: Venturi, J. J. http:\/\/www.geometriaanalitica.com.br\/ [3] C\u00f4nicas e Qu\u00e1dricasAutor: Venturi, J. J. http:\/\/www.geometriaanalitica.com.br\/ [4] Geometria Anal\u00edtica e \u00e1lgebra linearAutor: Lima, E. L.IMPA &#8211; Cole\u00e7\u00e3o Matem\u00e1tica Universit\u00e1ria [5] Geometria Anal\u00edticaAutores: Delgado J., Frensel, K., Crissaff, L.Cole\u00e7\u00e3o PROFMAT, SBM, 2013. [&hellip;]<\/p>\n","protected":false},"author":185,"featured_media":0,"parent":0,"menu_order":0,"comment_status":"closed","ping_status":"closed","template":"","meta":{"_exactmetrics_skip_tracking":false,"_exactmetrics_sitenote_active":false,"_exactmetrics_sitenote_note":"","_exactmetrics_sitenote_category":0,"footnotes":""},"categories":[9],"tags":[],"class_list":["post-286","page","type-page","status-publish","hentry","category-ensino"],"_links":{"self":[{"href":"https:\/\/www.professores.uff.br\/cristhabel\/wp-json\/wp\/v2\/pages\/286","targetHints":{"allow":["GET"]}}],"collection":[{"href":"https:\/\/www.professores.uff.br\/cristhabel\/wp-json\/wp\/v2\/pages"}],"about":[{"href":"https:\/\/www.professores.uff.br\/cristhabel\/wp-json\/wp\/v2\/types\/page"}],"author":[{"embeddable":true,"href":"https:\/\/www.professores.uff.br\/cristhabel\/wp-json\/wp\/v2\/users\/185"}],"replies":[{"embeddable":true,"href":"https:\/\/www.professores.uff.br\/cristhabel\/wp-json\/wp\/v2\/comments?post=286"}],"version-history":[{"count":75,"href":"https:\/\/www.professores.uff.br\/cristhabel\/wp-json\/wp\/v2\/pages\/286\/revisions"}],"predecessor-version":[{"id":472,"href":"https:\/\/www.professores.uff.br\/cristhabel\/wp-json\/wp\/v2\/pages\/286\/revisions\/472"}],"wp:attachment":[{"href":"https:\/\/www.professores.uff.br\/cristhabel\/wp-json\/wp\/v2\/media?parent=286"}],"wp:term":[{"taxonomy":"category","embeddable":true,"href":"https:\/\/www.professores.uff.br\/cristhabel\/wp-json\/wp\/v2\/categories?post=286"},{"taxonomy":"post_tag","embeddable":true,"href":"https:\/\/www.professores.uff.br\/cristhabel\/wp-json\/wp\/v2\/tags?post=286"}],"curies":[{"name":"wp","href":"https:\/\/api.w.org\/{rel}","templated":true}]}}