{"id":219,"date":"2017-07-21T15:51:59","date_gmt":"2017-07-21T18:51:59","guid":{"rendered":"http:\/\/www.professores.uff.br\/cristiane\/?page_id=219"},"modified":"2017-08-18T10:20:22","modified_gmt":"2017-08-18T13:20:22","slug":"terraview","status":"publish","type":"page","link":"https:\/\/www.professores.uff.br\/cristiane\/terraview\/","title":{"rendered":"Terraview"},"content":{"rendered":"<p style=\"text-align: center;\"><span style=\"font-size: xx-large;\">TerraView<\/span><\/p>\n<p style=\"text-align: center;\"><span style=\"font-size: large;\"><strong>Apresenta\u00e7\u00e3o<\/strong><\/span><\/p>\n<p align=\"justify\"><b>TerraView<\/b>\u00a0 \u00e9\u00a0um aplicativo desenvolvido pelo INPE. Constru\u00eddo sobre a biblioteca de geoprocessamento <a href=\"http:\/\/www.terralib.org\/\" target=\"nova\"><b>TerraLib<\/b><\/a>\u00a0, apresenta como principais objetivos:<\/p>\n<ul>\n<li>\n<p align=\"justify\">Apresentar \u00e0 comunidade um f\u00e1cil visualizador de dados geogr\u00e1ficos com recursos de consulta a an\u00e1lise destes dados<\/p>\n<\/li>\n<li>Exemplificar a utiliza\u00e7\u00e3o da biblioteca\u00a0<a href=\"http:\/\/www.terralib.org\/\" target=\"nova\"><b>TerraLib<\/b><\/a><\/li>\n<\/ul>\n<p align=\"justify\">O <b>TerraView<\/b>\u00a0 manipula dados vetoriais (pontos, linhas e pol\u00edgonos) e matriciais (grades e imagens), ambos armazenados em SGBD relacionais ou geo-relacionais de mercado, incluindo ACCESS, PostgreSQL, MySQL e Oracle.<\/p>\n<p style=\"text-align: center;\" align=\"justify\"><b>Como instalar o TerraView<\/b><\/p>\n<p style=\"text-align: left;\" align=\"justify\"><a href=\"http:\/\/www.dpi.inpe.br\/terraview\/index.php\">Clique aqui<\/a> para baixar TerraView<\/p>\n<p style=\"text-align: left;\" align=\"justify\">Na vers\u00e3o em CD do Estudo Dirigido em SIG, o instalador do TerraView e toda a documenta\u00e7\u00e3o correlata encontram-se na pasta do mesmo nome.<\/p>\n<hr \/>\n<p style=\"text-align: center;\" align=\"justify\"><span style=\"font-size: large;\"><a name=\"Tela de Visualiza\u00e7\u00e3o\"><\/a>Tela de Visualiza\u00e7\u00e3o<\/span><\/p>\n<p style=\"text-align: left;\" align=\"justify\"><img decoding=\"async\" src=\"http:\/\/www.professores.uff.br\/cristiane\/wp-content\/uploads\/sites\/18\/2017\/07\/image008-1.jpg\" \/><\/p>\n<hr \/>\n<p style=\"text-align: center;\" align=\"justify\"><span style=\"font-size: large;\">Modelo da dados<\/span><\/p>\n<ul>\n<li style=\"text-align: left;\">Banco<br \/>\nBanco \u00e9 um gerenciador de banco de dados (SGDB) escolhido pelo usu\u00e1rio. Neste banco ser\u00e3o armazenados tanto os dados descritivos (tabelas de atributos) quanto os dados geogr\u00e1ficos (pontos, linhas, pol\u00edgonos, grades ou imagem). O TerraView pode conectar-se a v\u00e1rios bancos simultaneamente, mas somente um pode estar ativo de cada vez. Um banco pode conter v\u00e1rios planos de informa\u00e7\u00f5es.<\/li>\n<\/ul>\n<p>&nbsp;<\/p>\n<ul>\n<li>Plano de Informa\u00e7\u00e3o (PI)<br \/>\nPlano de Informa\u00e7\u00e3o \u00e9 a camada de dados com informa\u00e7\u00f5es geogr\u00e1ficas (geometria e atributos). Um plano pode ser importado ou criado para o banco ativo. Cada plano de informa\u00e7\u00e3o armazena os par\u00e2metros de proje\u00e7\u00e3o cartogr\u00e1fica no qual foi criado. Para consultar um PI \u00e9 necess\u00e1rio utilizar uma vista do banco onde encontra-se tal PI e associar um tema a este. Um PI pode ser utilizado por diferentes vistas (em diferentes proje\u00e7\u00f5es) associados a diferentes temas.<\/li>\n<\/ul>\n<p>&nbsp;<\/p>\n<ul>\n<li>Vistas<br \/>\nVistas s\u00e3o mapas interativos que nos permitem mostrar, consultar e analisar os dados geogr\u00e1ficos. Uma vista cont\u00e9m um conjunto de temas e cada tema \u00e9 apresentado na tela de visualiza\u00e7\u00e3o em fun\u00e7\u00e3o dos par\u00e2metros cartogr\u00e1ficos definidos para a vista.<\/li>\n<\/ul>\n<p>&nbsp;<\/p>\n<ul>\n<li>Temas<br \/>\nTemas s\u00e3o definidos para exibir o conte\u00fado de um PI que est\u00e1 no banco ativo. Um tema mostra um PI na proje\u00e7\u00e3o cartogr\u00e1fica da vista a qual est\u00e1 associado. Um mesmo PI pode ser apresentado por diferentes temas na mesma vista.<\/li>\n<\/ul>\n<p>&nbsp;<\/p>\n<p>Texto extra\u00eddo da p\u00e1gina <a href=\"http:\/\/www.dpi.inpe.br\/terraview\/php\/docs.php?body=DataModel\">TerraView<\/a><\/p>\n<p>&nbsp;<\/p>\n<p style=\"text-align: left;\" align=\"justify\">\n","protected":false},"excerpt":{"rendered":"<p>TerraView Apresenta\u00e7\u00e3o TerraView\u00a0 \u00e9\u00a0um aplicativo desenvolvido pelo INPE. Constru\u00eddo sobre a biblioteca de geoprocessamento TerraLib\u00a0, apresenta como principais objetivos: Apresentar \u00e0 comunidade um f\u00e1cil visualizador de dados geogr\u00e1ficos com recursos de consulta a an\u00e1lise destes dados Exemplificar a utiliza\u00e7\u00e3o da biblioteca\u00a0TerraLib O TerraView\u00a0 manipula dados vetoriais (pontos, linhas e pol\u00edgonos) e matriciais (grades e imagens), [&hellip;]<\/p>\n","protected":false},"author":20,"featured_media":0,"parent":0,"menu_order":0,"comment_status":"closed","ping_status":"closed","template":"","meta":{"_exactmetrics_skip_tracking":false,"_exactmetrics_sitenote_active":false,"_exactmetrics_sitenote_note":"","_exactmetrics_sitenote_category":0,"footnotes":""},"categories":[],"tags":[],"class_list":["post-219","page","type-page","status-publish","hentry"],"_links":{"self":[{"href":"https:\/\/www.professores.uff.br\/cristiane\/wp-json\/wp\/v2\/pages\/219","targetHints":{"allow":["GET"]}}],"collection":[{"href":"https:\/\/www.professores.uff.br\/cristiane\/wp-json\/wp\/v2\/pages"}],"about":[{"href":"https:\/\/www.professores.uff.br\/cristiane\/wp-json\/wp\/v2\/types\/page"}],"author":[{"embeddable":true,"href":"https:\/\/www.professores.uff.br\/cristiane\/wp-json\/wp\/v2\/users\/20"}],"replies":[{"embeddable":true,"href":"https:\/\/www.professores.uff.br\/cristiane\/wp-json\/wp\/v2\/comments?post=219"}],"version-history":[{"count":4,"href":"https:\/\/www.professores.uff.br\/cristiane\/wp-json\/wp\/v2\/pages\/219\/revisions"}],"predecessor-version":[{"id":452,"href":"https:\/\/www.professores.uff.br\/cristiane\/wp-json\/wp\/v2\/pages\/219\/revisions\/452"}],"wp:attachment":[{"href":"https:\/\/www.professores.uff.br\/cristiane\/wp-json\/wp\/v2\/media?parent=219"}],"wp:term":[{"taxonomy":"category","embeddable":true,"href":"https:\/\/www.professores.uff.br\/cristiane\/wp-json\/wp\/v2\/categories?post=219"},{"taxonomy":"post_tag","embeddable":true,"href":"https:\/\/www.professores.uff.br\/cristiane\/wp-json\/wp\/v2\/tags?post=219"}],"curies":[{"name":"wp","href":"https:\/\/api.w.org\/{rel}","templated":true}]}}