{"id":467,"date":"2017-08-18T10:49:10","date_gmt":"2017-08-18T13:49:10","guid":{"rendered":"http:\/\/www.professores.uff.br\/cristiane\/?page_id=467"},"modified":"2017-08-18T10:49:17","modified_gmt":"2017-08-18T13:49:17","slug":"exercicio2-projecoes-cartograficas","status":"publish","type":"page","link":"https:\/\/www.professores.uff.br\/cristiane\/exercicio2-projecoes-cartograficas\/","title":{"rendered":"Exerc\u00edcio 2: Proje\u00e7\u00f5es Cartogr\u00e1ficas"},"content":{"rendered":"<p><strong>Atividade 2: Verificar a propriedade da proje\u00e7\u00e3o de Platee Carree<\/strong><br \/>\n2.1 Calcular a dist\u00e2ncia entre as cidades do Rio de Janeiro e Cidade do Cabo utilizando a proje\u00e7\u00e3o de Plate Carree, Mercator e Peters.<br \/>\n<a href=\"http:\/\/www.professores.uff.br\/cristiane\/manual\/\">Abrir banco de dados<\/a> <a href=\"http:\/\/www.professores.uff.br\/cristiane\/wp-content\/uploads\/sites\/18\/2017\/08\/Projecoes.zip\">projecoes.mdb<\/a> no programa TerraView.<br \/>\n<a href=\"http:\/\/www.professores.uff.br\/cristiane\/manual\/\">Ativar o tema <\/a>cidades da vista Plate Carree.<br \/>\n<a href=\"http:\/\/www.professores.uff.br\/cristiane\/manual\/\">Desenhar o tema<\/a> cidades da vista Plate Carree.<br \/>\n<a href=\"http:\/\/www.professores.uff.br\/cristiane\/manual\/\">Selecionar <\/a>a cidade do Rio de Janeiro com a express\u00e3o NAME = \u2018Rio de Janeiro\u201d.<br \/>\n<a href=\"http:\/\/www.professores.uff.br\/cristiane\/manual\/\">Selecionar<\/a> a cidade de Cidade do Cabo NAME = \u2018Cape Town\u2019.<br \/>\n<a href=\"http:\/\/www.professores.uff.br\/cristiane\/manual\/\">Medir <\/a>dist\u00e2ncia entre as duas cidades selecionadas.<\/p>\n<p>Repetir os passos acima para as proje\u00e7\u00f5es de Mercator e Peters.<br \/>\nResponder<br \/>\nA dist\u00e2ncia entre as cidades na proje\u00e7\u00e3o de Plate Carree, Mercator e Peters \u00e9 de aproximadamente:<br \/>\n( A ) 3,5 mil km, 8,6 mil km e 2,5 mil km, respectivamente<br \/>\n( B ) 8,6 mil km 2,5 mil km e 5,3 mil km, respectivamente.<br \/>\n( C ) 7,0 mil km, 7,0 mil km e 5,1 mil km, respectivamente.<br \/>\n2.2 Medir a dist\u00e2ncia entre as cidades do Rio de Janeiro e Lisboa utilizando a proje\u00e7\u00e3o de Plate Carree, Mercator e Peters.<br \/>\n<a href=\"http:\/\/www.professores.uff.br\/cristiane\/manual\/\">Ativar o tema <\/a>cidades da vista Plate Carree.<br \/>\n<a href=\"http:\/\/www.professores.uff.br\/cristiane\/manual\/\">Desenhar o tema<\/a> cidades da vista Plate Carree.<br \/>\n<a href=\"http:\/\/www.professores.uff.br\/cristiane\/manual\/\">Selecionar<\/a> a cidade do Rio de Janeiro com a express\u00e3o NAME = \u2018Rio de Janeiro\u2019.<br \/>\n<a href=\"http:\/\/www.professores.uff.br\/cristiane\/manual\/\">Selecionar<\/a> a cidade de Lisboa NAME = \u2018Lisboa\u2019.<br \/>\n<a href=\"http:\/\/www.professores.uff.br\/cristiane\/manual\/\">Medir <\/a>dist\u00e2ncia entre as duas cidades selecionadas.<\/p>\n<p>Repetir os passos acima para as proje\u00e7\u00f5es de Mercator e Peters.<br \/>\nResponder<br \/>\nA dist\u00e2ncia entre as cidades na proje\u00e7\u00e3o de Plate Carree, Mercator e Peters \u00e9 de aproximadamente:<br \/>\n( A ) 9,5 mil km, 7,8 mil km e 8,2 mil km, respectivamente.<br \/>\n( B ) 7,8 mi km 8,2 mil km e 9,5 mil km, respectivamente.<br \/>\n( C ) 8,2 mil km, 9,5 mil km e 7,8 mil km, respectivamente.<br \/>\n2.3 Medir a dist\u00e2ncia entre as cidades do Bel\u00e9m e Cingapura utilizando a proje\u00e7\u00e3o de Plate Carree, Mercator e Peters.<br \/>\n<a href=\"http:\/\/www.professores.uff.br\/cristiane\/manual\/\">Ativar o tema<\/a> cidades da vista Plate Carree.<br \/>\n<a href=\"http:\/\/www.professores.uff.br\/cristiane\/manual\/\">Desenhar o tema<\/a> cidades da vista Plate Carree.<br \/>\n<a href=\"http:\/\/www.professores.uff.br\/cristiane\/manual\/\">Selecionar<\/a> a cidade de Bel\u00e9m com a express\u00e3o NAME = \u2018Bel\u00e9m\u2019.<br \/>\n<a href=\"http:\/\/www.professores.uff.br\/cristiane\/manual\/\">Selecionar<\/a> a cidade de Cingapura NAME = \u2018Singapore\u2019.<br \/>\n<a href=\"http:\/\/www.professores.uff.br\/cristiane\/manual\/\">Medir<\/a> dist\u00e2ncia entre as duas cidades selecionadas.<\/p>\n<p>Repetir os passos acima para as proje\u00e7\u00f5es de Mercator e Peters.<br \/>\nResponder<br \/>\nA dist\u00e2ncia entre as cidades na proje\u00e7\u00e3o de Plate Carree, Mercator e Peters \u00e9 de aproximadamente:<br \/>\n( A ) 16,9 mil km, 16,9 mil km e 11,9 mil km, respectivamente.<br \/>\n( B ) 17,8 mil km 18,2 mil km e 19,5 mil km, respectivamente.<br \/>\n( C ) 18,2 mil km, 19,5 mil km e 17,8 mil km, respectivamente.<\/p>\n<p>Conclus\u00e3o atividade 2<br \/>\nSabendo que a dist\u00e2ncia real entre as cidades: do Rio de Janeiro e Lisboa \u00e9 de 7,7 mil km, do Rio de Janeiro e a Cidade do Cabo \u00e9 de 6,0 mil km e Bel\u00e9m e Cingapura \u00e9 de 16,9 mil km, assinale alternativa(s) incorreta(s):<br \/>\n( A ) Nenhuma das tr\u00eas proje\u00e7\u00f5es \u00e9 eq\u00fcidistante, pois as dist\u00e2ncias medidas n\u00e3o s\u00e3o iguais aos valores reais.<br \/>\n( B ) Na proje\u00e7\u00e3o eq\u00fcidistante, a dist\u00e2ncia n\u00e3o distorce ao longo dos meridianos, por isto a Plate Carree pode ser eq\u00fcidistante, j\u00e1 que a dist\u00e2ncia real e a dist\u00e2ncia medida entre Rio de Janeiro e Lisboa nesta proje\u00e7\u00e3o s\u00e3o pr\u00f3ximas.<br \/>\n( C ) Considerando que a Plate Carree \u00e9 uma proje\u00e7\u00e3o eq\u00fcidistante, a diferen\u00e7a entre a dist\u00e2ncia medida e a dist\u00e2ncia real entre as cidades do Rio de Janeiro e a Cidade do Cabo \u00e9 devido ao fato de estarem situadas em longitudes diferentes.<br \/>\n( D ) Apesar das cidades de Bel\u00e9m e Cingapura estarem localizadas em longitudes muito distantes entre si, a dist\u00e2ncia real e a medida entre estas cidades na proje\u00e7\u00e3o Plate Carree s\u00e3o pr\u00f3ximas, j\u00e1 que esta proje\u00e7\u00e3o \u00e9 eq\u00fcidistante e, assim, conserva a dist\u00e2ncia no paralelo padr\u00e3o, no caso a Linha do Equador.<br \/>\n( E ) Apesar da proje\u00e7\u00e3o de Mercator n\u00e3o ser eq\u00fcidistante, a semelhan\u00e7a entre a dist\u00e2ncia real e a dist\u00e2ncia medida entre as cidades de Bel\u00e9m e Cingapura nesta proje\u00e7\u00e3o \u00e9 devido ao fato da proje\u00e7\u00e3o Mercator conservar a escala ao longo da Linha do Equador ou das latitudes secantes.<\/p>\n","protected":false},"excerpt":{"rendered":"<p>Atividade 2: Verificar a propriedade da proje\u00e7\u00e3o de Platee Carree 2.1 Calcular a dist\u00e2ncia entre as cidades do Rio de Janeiro e Cidade do Cabo utilizando a proje\u00e7\u00e3o de Plate Carree, Mercator e Peters. Abrir banco de dados projecoes.mdb no programa TerraView. Ativar o tema cidades da vista Plate Carree. Desenhar o tema cidades da [&hellip;]<\/p>\n","protected":false},"author":22,"featured_media":0,"parent":0,"menu_order":0,"comment_status":"closed","ping_status":"closed","template":"","meta":{"_exactmetrics_skip_tracking":false,"_exactmetrics_sitenote_active":false,"_exactmetrics_sitenote_note":"","_exactmetrics_sitenote_category":0,"footnotes":""},"categories":[],"tags":[],"class_list":["post-467","page","type-page","status-publish","hentry"],"_links":{"self":[{"href":"https:\/\/www.professores.uff.br\/cristiane\/wp-json\/wp\/v2\/pages\/467","targetHints":{"allow":["GET"]}}],"collection":[{"href":"https:\/\/www.professores.uff.br\/cristiane\/wp-json\/wp\/v2\/pages"}],"about":[{"href":"https:\/\/www.professores.uff.br\/cristiane\/wp-json\/wp\/v2\/types\/page"}],"author":[{"embeddable":true,"href":"https:\/\/www.professores.uff.br\/cristiane\/wp-json\/wp\/v2\/users\/22"}],"replies":[{"embeddable":true,"href":"https:\/\/www.professores.uff.br\/cristiane\/wp-json\/wp\/v2\/comments?post=467"}],"version-history":[{"count":2,"href":"https:\/\/www.professores.uff.br\/cristiane\/wp-json\/wp\/v2\/pages\/467\/revisions"}],"predecessor-version":[{"id":469,"href":"https:\/\/www.professores.uff.br\/cristiane\/wp-json\/wp\/v2\/pages\/467\/revisions\/469"}],"wp:attachment":[{"href":"https:\/\/www.professores.uff.br\/cristiane\/wp-json\/wp\/v2\/media?parent=467"}],"wp:term":[{"taxonomy":"category","embeddable":true,"href":"https:\/\/www.professores.uff.br\/cristiane\/wp-json\/wp\/v2\/categories?post=467"},{"taxonomy":"post_tag","embeddable":true,"href":"https:\/\/www.professores.uff.br\/cristiane\/wp-json\/wp\/v2\/tags?post=467"}],"curies":[{"name":"wp","href":"https:\/\/api.w.org\/{rel}","templated":true}]}}