{"id":471,"date":"2017-08-18T10:52:11","date_gmt":"2017-08-18T13:52:11","guid":{"rendered":"http:\/\/www.professores.uff.br\/cristiane\/?page_id=471"},"modified":"2017-08-18T10:52:11","modified_gmt":"2017-08-18T13:52:11","slug":"exercicio-escala","status":"publish","type":"page","link":"https:\/\/www.professores.uff.br\/cristiane\/exercicio-escala\/","title":{"rendered":"Exerc\u00edcio: Escala"},"content":{"rendered":"<p><strong>Atividade 1: Comparar diferentes escalas de visualiza\u00e7\u00e3o dos temas.<\/strong><br \/>\n1.1 Alterar a visualiza\u00e7\u00e3o dos temas e medir a extens\u00e3o<br \/>\n<a href=\"http:\/\/www.professores.uff.br\/cristiane\/manual\/\">Abrir banco de dados<\/a> <a href=\"http:\/\/www.professores.uff.br\/cristiane\/wp-content\/uploads\/sites\/18\/2017\/08\/Escala.zip\">Escala.mdb<\/a> no programa TerraView.<br \/>\n<a href=\"http:\/\/www.professores.uff.br\/cristiane\/manual\/\">Ativar o tema <\/a>Brasil e desenh\u00e1-lo com a ferramenta .<br \/>\nNa barra de Ferramentas, anotar a escala.<br \/>\n<a href=\"http:\/\/www.professores.uff.br\/cristiane\/manual\/\">Medir<\/a> a dist\u00e2ncia entre os pontos extremos do Brasil na dire\u00e7\u00e3o leste-oeste. Na barra de Status, anotar a dist\u00e2ncia.<br \/>\nResponder:<br \/>\nQual escala de visualiza\u00e7\u00e3o do Brasil?<br \/>\n( ) pr\u00f3xima a 1:34.000.000<br \/>\n( ) pr\u00f3xima a 1:2.100.000<br \/>\n( ) pr\u00f3xima a 1:32.000<\/p>\n<p>Qual a dist\u00e2ncia entre os pontos extremos leste-oeste do Brasil?<br \/>\n( ) pr\u00f3xima a 72 km<br \/>\n( ) pr\u00f3xima a 500 km<br \/>\n( ) pr\u00f3xima a 43 mil km<\/p>\n<p><a href=\"http:\/\/www.professores.uff.br\/cristiane\/manual\/\">Ativar o tema<\/a> estado do Rio de Janeiro e desenh\u00e1-lo com a ferramenta .<br \/>\nNa barra de Ferramentas, anotar a escala.<br \/>\n<a href=\"http:\/\/www.professores.uff.br\/cristiane\/manual\/\">Medir<\/a> a dist\u00e2ncia entre os pontos extremos do estado do Rio de Janeiro na dire\u00e7\u00e3o leste-oeste. Na barra de Status, anotar a dist\u00e2ncia.<br \/>\nResponder:<br \/>\nQual escala de visualiza\u00e7\u00e3o do Brasil?<br \/>\n( ) pr\u00f3xima a 1:34.000.000<br \/>\n( ) pr\u00f3xima a 1:2.300.000<br \/>\n( ) pr\u00f3xima a 1:32.000<\/p>\n<p>Qual a dist\u00e2ncia entre os pontos extremos leste-oeste do Brasil?<br \/>\n( ) pr\u00f3xima a 72 km<br \/>\n( ) pr\u00f3xima a 500 km<br \/>\n( ) pr\u00f3xima a 43 mil km<\/p>\n<p><a href=\"http:\/\/www.professores.uff.br\/cristiane\/manual\/\">Ativar o tema<\/a> munic\u00edpios do Rio de Janeiro e desenh\u00e1-lo com a ferramenta .<br \/>\nNa barra de Ferramentas, anotar a escala.<br \/>\n<a href=\"http:\/\/www.professores.uff.br\/cristiane\/manual\/\">Medir<\/a> a dist\u00e2ncia entre os pontos extremos do munic\u00edpio do Rio de Janeiro na dire\u00e7\u00e3o leste-oeste. Na barra de Status, anotar a dist\u00e2ncia.<br \/>\nResponder:<br \/>\nQual escala de visualiza\u00e7\u00e3o do Brasil?<br \/>\n( ) pr\u00f3xima a 1:34.000.000<br \/>\n( ) pr\u00f3xima a 1:2.300.000<br \/>\n( ) pr\u00f3xima a 1:32.000<\/p>\n<p>Qual a dist\u00e2ncia entre os pontos extremos leste-oeste do Brasil?<br \/>\n( ) pr\u00f3xima a 72 km<br \/>\n( ) pr\u00f3xima a 500 km<br \/>\n( ) pr\u00f3xima a 43 mil km<\/p>\n<p>Marque as alternativas corretas:<br \/>\n( ) Com o aumento da escala, a extens\u00e3o da \u00e1rea visualizada diminui.<br \/>\n( ) Com o aumento da escala, a extens\u00e3o da \u00e1rea visualizada aumentou.<br \/>\n( ) Com o diminui\u00e7\u00e3o da escala, o n\u00edvel de detalhamento aumentou.<br \/>\n( ) Com o diminui\u00e7\u00e3o da escala, o n\u00edvel de detalhamento diminuiu.<\/p>\n","protected":false},"excerpt":{"rendered":"<p>Atividade 1: Comparar diferentes escalas de visualiza\u00e7\u00e3o dos temas. 1.1 Alterar a visualiza\u00e7\u00e3o dos temas e medir a extens\u00e3o Abrir banco de dados Escala.mdb no programa TerraView. Ativar o tema Brasil e desenh\u00e1-lo com a ferramenta . Na barra de Ferramentas, anotar a escala. Medir a dist\u00e2ncia entre os pontos extremos do Brasil na dire\u00e7\u00e3o [&hellip;]<\/p>\n","protected":false},"author":22,"featured_media":0,"parent":0,"menu_order":0,"comment_status":"closed","ping_status":"closed","template":"","meta":{"_exactmetrics_skip_tracking":false,"_exactmetrics_sitenote_active":false,"_exactmetrics_sitenote_note":"","_exactmetrics_sitenote_category":0,"footnotes":""},"categories":[],"tags":[],"class_list":["post-471","page","type-page","status-publish","hentry"],"_links":{"self":[{"href":"https:\/\/www.professores.uff.br\/cristiane\/wp-json\/wp\/v2\/pages\/471","targetHints":{"allow":["GET"]}}],"collection":[{"href":"https:\/\/www.professores.uff.br\/cristiane\/wp-json\/wp\/v2\/pages"}],"about":[{"href":"https:\/\/www.professores.uff.br\/cristiane\/wp-json\/wp\/v2\/types\/page"}],"author":[{"embeddable":true,"href":"https:\/\/www.professores.uff.br\/cristiane\/wp-json\/wp\/v2\/users\/22"}],"replies":[{"embeddable":true,"href":"https:\/\/www.professores.uff.br\/cristiane\/wp-json\/wp\/v2\/comments?post=471"}],"version-history":[{"count":1,"href":"https:\/\/www.professores.uff.br\/cristiane\/wp-json\/wp\/v2\/pages\/471\/revisions"}],"predecessor-version":[{"id":473,"href":"https:\/\/www.professores.uff.br\/cristiane\/wp-json\/wp\/v2\/pages\/471\/revisions\/473"}],"wp:attachment":[{"href":"https:\/\/www.professores.uff.br\/cristiane\/wp-json\/wp\/v2\/media?parent=471"}],"wp:term":[{"taxonomy":"category","embeddable":true,"href":"https:\/\/www.professores.uff.br\/cristiane\/wp-json\/wp\/v2\/categories?post=471"},{"taxonomy":"post_tag","embeddable":true,"href":"https:\/\/www.professores.uff.br\/cristiane\/wp-json\/wp\/v2\/tags?post=471"}],"curies":[{"name":"wp","href":"https:\/\/api.w.org\/{rel}","templated":true}]}}