{"id":477,"date":"2017-08-18T10:57:23","date_gmt":"2017-08-18T13:57:23","guid":{"rendered":"http:\/\/www.professores.uff.br\/cristiane\/?page_id=477"},"modified":"2017-08-18T10:57:23","modified_gmt":"2017-08-18T13:57:23","slug":"exercicio-sistemas-de-coordenadas","status":"publish","type":"page","link":"https:\/\/www.professores.uff.br\/cristiane\/exercicio-sistemas-de-coordenadas\/","title":{"rendered":"Exerc\u00edcio: Sistemas de Coordenadas"},"content":{"rendered":"<p><strong>Atividade 1: Utilizar diferentes sistemas de coordenadas para localizar.<\/strong><br \/>\n1.1 Localizar as cidades situadas pr\u00f3ximas \u00e0s coordenadas indicadas:<br \/>\n<a href=\"http:\/\/www.professores.uff.br\/cristiane\/manual\/\">Abrir banco de dados <\/a><a href=\"http:\/\/www.professores.uff.br\/cristiane\/wp-content\/uploads\/sites\/18\/2017\/08\/Coordenadas.zip\">Coordenadas.mdb<\/a> no programa TerraView.<br \/>\n<a href=\"http:\/\/www.professores.uff.br\/cristiane\/manual\/\">Ativar o tema <\/a>cidades_m da vista Mercator.<br \/>\n<a href=\"http:\/\/www.professores.uff.br\/cristiane\/manual\/\">Desenhar<\/a> o tema cidades_m da vista Mercator.<br \/>\nClicar sobre a ferramenta<img decoding=\"async\" src=\"http:\/\/www.meusiteantigo.uff.br\/cristiane\/Estudodirigido\/Exercicio%20Coordenadas1_arquivos\/image002.jpg\" \/> na barra de status para identificar a cidade situada pr\u00f3xima \u00e0s coordenadas fornecidas. Ao passar o cursor sobre a tela de visualiza\u00e7\u00e3o, na barra de status as coordenadas s\u00e3o exibidas.<\/p>\n<p>Responder<br \/>\nAs cidades localizadas pr\u00f3ximas \u00e0s seguintes coordenadas geogr\u00e1ficas s\u00e3o, respectivamente: (-16\u00ba04\u201957\u2019\u2019S e -47\u00ba27\u201945\u2019\u2019O; -34\u00ba54\u201943\u2019\u2019S e -56\u00ba16\u201917\u2019\u2019O; -00\u00ba7\u201950\u2019\u2019S e -77\u00ba58\u201932\u2019\u2019O)<br \/>\n( A ) Bras\u00edlia, Montevid\u00e9u, Quito.<br \/>\n( B ) Comodoro Rivadavia, Recife, Panam\u00e1.<\/p>\n<p>1.2 Localizar as cidades situadas pr\u00f3ximas \u00e0s coordenadas planas:<br \/>\n<a href=\"http:\/\/www.professores.uff.br\/cristiane\/manual\/\">Ativar o tema<\/a> cidades_m da vista Mercator.<br \/>\n<a href=\"http:\/\/www.professores.uff.br\/cristiane\/manual\/\">Desenhar o tema <\/a>cidades_m da vista Mercator.<br \/>\nClicar sobre a ferramenta<img decoding=\"async\" src=\"http:\/\/www.meusiteantigo.uff.br\/cristiane\/Estudodirigido\/Exercicio%20Coordenadas1_arquivos\/image002.jpg\" \/>na barra de status para identificar a cidade situada pr\u00f3xima \u00e0s coordenadas fornecidas. Ao passar o cursor sobre a tela de visualiza\u00e7\u00e3o, na barra de status as coordenadas s\u00e3o exibidas.<\/p>\n<p>Responder<br \/>\nAs cidades localizadas pr\u00f3ximas \u00e0s seguintes coordenadas geogr\u00e1ficas s\u00e3o, respectivamente: (-7439174, -5826404; 392076, 6289870; 16793375, -4053291)<br \/>\n( A ) Kandaar, Natal, Luanda.<br \/>\n( B ) Comodoro Rivadavia, Paris, Sidney<\/p>\n<p>Conclus\u00e3o da atividade 1<br \/>\nAssinale a(s) alternativa(s) incorreta(s):<br \/>\n( A ) A longitude com valor negativo est\u00e1 situada em um meridiano a oeste de Greenwich.<br \/>\n( B ) A latitude com valor negativo est\u00e1 situada em um paralelo ao sul da Linha do Equador.<br \/>\n( C ) O valor absoluto de x do sistema de coordenadas planas utilizado no exerc\u00edcio corresponde a dist\u00e2ncia entre o Linha do Equador e a cidade indicada.<br \/>\n( D ) O valor absoluto de y do sistema de coordenadas planas utilizado no exerc\u00edcio corresponde a dist\u00e2ncia entre a Linha do Equador e a cidade indicada.<\/p>\n","protected":false},"excerpt":{"rendered":"<p>Atividade 1: Utilizar diferentes sistemas de coordenadas para localizar. 1.1 Localizar as cidades situadas pr\u00f3ximas \u00e0s coordenadas indicadas: Abrir banco de dados Coordenadas.mdb no programa TerraView. Ativar o tema cidades_m da vista Mercator. Desenhar o tema cidades_m da vista Mercator. Clicar sobre a ferramenta na barra de status para identificar a cidade situada pr\u00f3xima \u00e0s [&hellip;]<\/p>\n","protected":false},"author":22,"featured_media":0,"parent":0,"menu_order":0,"comment_status":"closed","ping_status":"closed","template":"","meta":{"_exactmetrics_skip_tracking":false,"_exactmetrics_sitenote_active":false,"_exactmetrics_sitenote_note":"","_exactmetrics_sitenote_category":0,"footnotes":""},"categories":[],"tags":[],"class_list":["post-477","page","type-page","status-publish","hentry"],"_links":{"self":[{"href":"https:\/\/www.professores.uff.br\/cristiane\/wp-json\/wp\/v2\/pages\/477","targetHints":{"allow":["GET"]}}],"collection":[{"href":"https:\/\/www.professores.uff.br\/cristiane\/wp-json\/wp\/v2\/pages"}],"about":[{"href":"https:\/\/www.professores.uff.br\/cristiane\/wp-json\/wp\/v2\/types\/page"}],"author":[{"embeddable":true,"href":"https:\/\/www.professores.uff.br\/cristiane\/wp-json\/wp\/v2\/users\/22"}],"replies":[{"embeddable":true,"href":"https:\/\/www.professores.uff.br\/cristiane\/wp-json\/wp\/v2\/comments?post=477"}],"version-history":[{"count":1,"href":"https:\/\/www.professores.uff.br\/cristiane\/wp-json\/wp\/v2\/pages\/477\/revisions"}],"predecessor-version":[{"id":479,"href":"https:\/\/www.professores.uff.br\/cristiane\/wp-json\/wp\/v2\/pages\/477\/revisions\/479"}],"wp:attachment":[{"href":"https:\/\/www.professores.uff.br\/cristiane\/wp-json\/wp\/v2\/media?parent=477"}],"wp:term":[{"taxonomy":"category","embeddable":true,"href":"https:\/\/www.professores.uff.br\/cristiane\/wp-json\/wp\/v2\/categories?post=477"},{"taxonomy":"post_tag","embeddable":true,"href":"https:\/\/www.professores.uff.br\/cristiane\/wp-json\/wp\/v2\/tags?post=477"}],"curies":[{"name":"wp","href":"https:\/\/api.w.org\/{rel}","templated":true}]}}