{"id":487,"date":"2017-08-18T11:24:13","date_gmt":"2017-08-18T14:24:13","guid":{"rendered":"http:\/\/www.professores.uff.br\/cristiane\/?page_id=487"},"modified":"2017-08-18T11:24:13","modified_gmt":"2017-08-18T14:24:13","slug":"exercicio-2-sistema-utm","status":"publish","type":"page","link":"https:\/\/www.professores.uff.br\/cristiane\/exercicio-2-sistema-utm\/","title":{"rendered":"Exerc\u00edcio 2: Sistema UTM"},"content":{"rendered":"<p><strong>Atividade 2: Verificar a jun\u00e7\u00e3o de entre dois fusos cont\u00ednuos.<\/strong><br \/>\n2.1 Identificar os fusos UTM dada a longitude de uma carta:<br \/>\n<a href=\"http:\/\/www.professores.uff.br\/cristiane\/manual\/\">Abrir banco de dados<\/a> <a href=\"http:\/\/www.professores.uff.br\/cristiane\/wp-content\/uploads\/sites\/18\/2017\/08\/UTM2.zip\">UTM2.mdb<\/a> no programa TerraView.<br \/>\n<a href=\"http:\/\/www.professores.uff.br\/cristiane\/manual\/\">Ativar e desenhar <\/a>tema a folha Maca\u00e9.<br \/>\nCom a ferramenta<img decoding=\"async\" src=\"http:\/\/www.meusiteantigo.uff.br\/cristiane\/Estudodirigido\/images\/Exerci4.gif\" \/> , toque nos limites oeste e leste da folha Maca\u00e9 e verifique, na barra de status, as coordenadas geogr\u00e1ficas dos limites.<br \/>\nResponder:<br \/>\nQuais s\u00e3o os limites oeste e leste, respectivamente?<br \/>\n( ) 42\u00ba00&#8242; e 41\u00ba30&#8242;<br \/>\n( ) 22\u00ba30&#8242; e 22\u00ba00&#8242;<br \/>\n( ) 42\u00ba00&#8242; e 42\u00ba30&#8242;<\/p>\n<p><a href=\"http:\/\/www.professores.uff.br\/cristiane\/manual\/\">Ativar e desenhar<\/a> tema fusos UTM.<br \/>\nIdentificar o fuso UTM no qual a folha Maca\u00e9 est\u00e1 situada, utilizando o comando <a href=\"http:\/\/www.professores.uff.br\/cristiane\/manual\/\">Consulta por Atributos <\/a>com a express\u00e3o: LIMITE_O &gt; 41.5 AND LIMITE_L &lt; 41.5, ou seja, o fuso deve possuir o limite oeste maior do que 41\u00ba 30&#8242; O e limite leste menor do 41\u00ba30&#8217;O. Responder: Qual o fuso UTM onde est\u00e1 localizada a folha UTM?<\/p>\n<p>( ) 22<\/p>\n<p>( ) 23<\/p>\n<p>( ) 24<\/p>\n<p><a href=\"http:\/\/www.professores.uff.br\/cristiane\/manual\/\">Ativar e desenhar<\/a> tema a folha Cordeiro. Com a ferramenta<img decoding=\"async\" src=\"http:\/\/www.meusiteantigo.uff.br\/cristiane\/Estudodirigido\/images\/Exerci4.gif\" \/> , toque nos limites leste e oeste da folha Maca\u00e9 e verifique, na barra de status, as coordenadas geogr\u00e1ficas dos limites. Quais s\u00e3o os limites leste e oeste da folha Cordeiro, respectivamente?<\/p>\n<p>( ) 22\u00ba30&#8221; e 22\u00ba00&#8221;<\/p>\n<p>( ) 42\u00ba00&#8221; e 42\u00ba30&#8221;<\/p>\n<p>( ) 41\u00ba30&#8221; e 42\u00ba00&#8221;<\/p>\n<p><a href=\"http:\/\/www.professores.uff.br\/cristiane\/manual\/\">Ativar e desenhar tema<\/a> fusos UTM. Identificar o fuso UTM no qual a folha Maca\u00e9 est\u00e1 situada, utilizando o comando<a href=\"http:\/\/www.professores.uff.br\/cristiane\/manual\/\"> Consulta por Atributos<\/a> com a express\u00e3o: LIMITE_O &gt; 42.5 AND LIMITE_L &lt; 42.5, ou seja, o fuso deve possuir o limite oeste maior do que 42\u00ba30&#8217;O e limite leste menor do 42\u00ba30&#8242;.<br \/>\nResponder:<br \/>\nQual o fuso UTM onde est\u00e1 localizada a folha Cordeiro?<br \/>\n( ) 22<br \/>\n( ) 23<br \/>\n( ) 24<\/p>\n<p>2.2 Identificar as coordenadas UTM dos limites oeste e leste:<br \/>\nAnote os valores das coordenadas UTM referentes aos limites oeste e leste do tema folha Cordeiro da vista Cordeiro, tocando nos limites do tema com a ferramenta<img decoding=\"async\" src=\"http:\/\/www.meusiteantigo.uff.br\/cristiane\/Estudodirigido\/images\/Exerci4.gif\" \/>\u00a0e verificando os valores na barra de status.<br \/>\nAs coordenadas UTM dos limites oeste e leste do tema folha Cordeiro s\u00e3o respectivamente pr\u00f3ximas a?<br \/>\n( ) 192 km e 240 km<br \/>\n( ) 760 km e 808 km<br \/>\n( ) 142 km e 190 km<\/p>\n<p>Repita a opera\u00e7\u00e3o acima para o tema folha Maca\u00e9 da vista com mesmo nome.<br \/>\nAs coordenadas UTM dos limites oeste e leste do tema folha Maca\u00e9 s\u00e3o respectivamente pr\u00f3ximas a?<br \/>\n( ) 192 km e 240 km<br \/>\n( ) 760 km e 808 km<br \/>\n( ) 142 km e 190 km<\/p>\n<p>Marque a op\u00e7\u00e3o correta:<br \/>\n( ) Considerando que a folha Maca\u00e9 e Cordeiro s\u00e3o vizinhas, mas pertencem a fusos distintos, podemos concluir, analisando os valores das coordenadas, que a primeira est\u00e1 localizada no in\u00edcio do fuso 24 enquanto a segunda est\u00e1 localizada no final do fuso 23.<br \/>\n( ) Considerando que a folha Maca\u00e9 e Cordeiro s\u00e3o vizinhas, mas pertencem a fusos distintos, podemos concluir, analisando os valores das coordenadas, que a primeira est\u00e1 localizada no final do fuso 24 enquanto a segunda est\u00e1 localizada no in\u00edcio do fuso 23.<br \/>\n2.3 Visualizar conjuntamente as folhas Maca\u00e9 e Cordeiro situadas em fusos vizinhos:<br \/>\n<a href=\"http:\/\/www.professores.uff.br\/cristiane\/manual\/\">Ativar a vista Jun\u00e7\u00e3o<\/a>.<br \/>\n<a href=\"http:\/\/www.professores.uff.br\/cristiane\/manual\/\">Adicionar tema<\/a> folha Maca\u00e9 e folha Cordeiro.<br \/>\n<a href=\"http:\/\/www.professores.uff.br\/cristiane\/manual\/\">Ativar e desenhar<\/a> tema da vista Jun\u00e7\u00e3o.<br \/>\nResponder:<br \/>\nFoi poss\u00edvel visualizar as duas folhas situadas em fusos vizinhos em \u00e1rea cont\u00edgua?<br \/>\n( ) N\u00e3o<br \/>\n( ) Sim<\/p>\n<p>Para que isto tenha sido poss\u00edvel, alguma transforma\u00e7\u00e3o foi efetuada. <a href=\"http:\/\/www.professores.uff.br\/cristiane\/cartografia\/\">Clique aqui<\/a> rever este assunto. Vamos continuar a atividade para tentar descobrir.<br \/>\nAnote os valores das coordenadas UTM referentes aos limites oeste e leste do tema Cordeiro da vista Jun\u00e7\u00e3o, tocando nos limites do tema com a ferramenta<img decoding=\"async\" src=\"http:\/\/www.meusiteantigo.uff.br\/cristiane\/Estudodirigido\/images\/Exerci4.gif\" \/>e verificando os valores na barra de status.<br \/>\nResponder:<br \/>\nAs coordenadas UTM dos limites oeste e leste do tema Cordeiro s\u00e3o respectivamente pr\u00f3ximas a?<br \/>\n( ) 192 km e 240 km<br \/>\n( ) 760 km e 808 km<br \/>\n( ) 142 km e 190 km<\/p>\n<p>Repita a opera\u00e7\u00e3o acima para o tema Maca\u00e9 da vista Jun\u00e7\u00e3o.<br \/>\nAs coordenadas UTM dos limites oeste e leste do tema Maca\u00e9 s\u00e3o respectivamente pr\u00f3ximas a?<br \/>\n( ) 192 km e 240 km<br \/>\n( ) 760 km e 808 km<br \/>\n( ) 142 km e 190 km<\/p>\n<p>Analisando os valores da coordenadas, conclu\u00edmos que:<br \/>\n( ) As coordenadas da folha Maca\u00e9 s\u00e3o as mesmas na vista Jun\u00e7\u00e3o e Maca\u00e9, enquanto as coordenadas da folha Cordeiro das duas vistas s\u00e3o distintas.<br \/>\n( ) As coordenadas da folha Maca\u00e9 s\u00e3o distintas na vista Jun\u00e7\u00e3o e Maca\u00e9, enquanto as coordenadas da folha Cordeiro das duas vistas s\u00e3o as mesmas.<\/p>\n<p>Desta forma, a transforma\u00e7\u00e3o efetuada pelo TerraView para que fosse poss\u00edvel a jun\u00e7\u00e3o da folhas Maca\u00e9 e Cordeiro \u00e9 explicada pelas seguintes afirmativas:<br \/>\n( ) A vista Jun\u00e7\u00e3o est\u00e1 projetada no fuso 23.<br \/>\n( ) A vista Jun\u00e7\u00e3o est\u00e1 projetada no fuso 24.<br \/>\n( ) A vista Jun\u00e7\u00e3o est\u00e1 projetada em um fuso pr\u00f3prio criado pelo sistema.<br \/>\n( ) A folha Maca\u00e9 foi re-projetada para o fuso 23.<br \/>\n( ) A folha Cordeiro foi re-projetada para o fuso 24, confirmada pela transforma\u00e7\u00e3o das coordenadas e pela inclina\u00e7\u00e3o da malha.<\/p>\n","protected":false},"excerpt":{"rendered":"<p>Atividade 2: Verificar a jun\u00e7\u00e3o de entre dois fusos cont\u00ednuos. 2.1 Identificar os fusos UTM dada a longitude de uma carta: Abrir banco de dados UTM2.mdb no programa TerraView. Ativar e desenhar tema a folha Maca\u00e9. Com a ferramenta , toque nos limites oeste e leste da folha Maca\u00e9 e verifique, na barra de status, [&hellip;]<\/p>\n","protected":false},"author":22,"featured_media":0,"parent":0,"menu_order":0,"comment_status":"closed","ping_status":"closed","template":"","meta":{"_exactmetrics_skip_tracking":false,"_exactmetrics_sitenote_active":false,"_exactmetrics_sitenote_note":"","_exactmetrics_sitenote_category":0,"footnotes":""},"categories":[],"tags":[],"class_list":["post-487","page","type-page","status-publish","hentry"],"_links":{"self":[{"href":"https:\/\/www.professores.uff.br\/cristiane\/wp-json\/wp\/v2\/pages\/487","targetHints":{"allow":["GET"]}}],"collection":[{"href":"https:\/\/www.professores.uff.br\/cristiane\/wp-json\/wp\/v2\/pages"}],"about":[{"href":"https:\/\/www.professores.uff.br\/cristiane\/wp-json\/wp\/v2\/types\/page"}],"author":[{"embeddable":true,"href":"https:\/\/www.professores.uff.br\/cristiane\/wp-json\/wp\/v2\/users\/22"}],"replies":[{"embeddable":true,"href":"https:\/\/www.professores.uff.br\/cristiane\/wp-json\/wp\/v2\/comments?post=487"}],"version-history":[{"count":1,"href":"https:\/\/www.professores.uff.br\/cristiane\/wp-json\/wp\/v2\/pages\/487\/revisions"}],"predecessor-version":[{"id":490,"href":"https:\/\/www.professores.uff.br\/cristiane\/wp-json\/wp\/v2\/pages\/487\/revisions\/490"}],"wp:attachment":[{"href":"https:\/\/www.professores.uff.br\/cristiane\/wp-json\/wp\/v2\/media?parent=487"}],"wp:term":[{"taxonomy":"category","embeddable":true,"href":"https:\/\/www.professores.uff.br\/cristiane\/wp-json\/wp\/v2\/categories?post=487"},{"taxonomy":"post_tag","embeddable":true,"href":"https:\/\/www.professores.uff.br\/cristiane\/wp-json\/wp\/v2\/tags?post=487"}],"curies":[{"name":"wp","href":"https:\/\/api.w.org\/{rel}","templated":true}]}}