{"id":514,"date":"2017-08-18T12:23:23","date_gmt":"2017-08-18T15:23:23","guid":{"rendered":"http:\/\/www.professores.uff.br\/cristiane\/?page_id=514"},"modified":"2017-08-21T09:20:58","modified_gmt":"2017-08-21T12:20:58","slug":"geocodificacao-por-enderecos","status":"publish","type":"page","link":"https:\/\/www.professores.uff.br\/cristiane\/geocodificacao-por-enderecos\/","title":{"rendered":"Geocodifica\u00e7\u00e3o por endere\u00e7os"},"content":{"rendered":"<h5><strong>Objetivo<\/strong><\/h5>\n<ul>\n<li>Localizar as escolas nos logradouros com base no seu endere\u00e7o.<\/li>\n<\/ul>\n<h4><strong>\u00c1rea de estudo<\/strong><\/h4>\n<ul>\n<li>Bairro de Sarandi, Porto Alegre, RS.<\/li>\n<\/ul>\n<h5><strong>Base de dados<\/strong><\/h5>\n<ul>\n<li>Logradouros \u2013 eixos-sarandi.shp<\/li>\n<li>Endere\u00e7o das escolas \u2013 escola.dbf<\/li>\n<\/ul>\n<h5><strong>Modelo de An\u00e1lise<\/strong><\/h5>\n<h4><strong><img loading=\"lazy\" decoding=\"async\" class=\"alignnone size-full wp-image-524\" src=\"http:\/\/www.professores.uff.br\/cristiane\/wp-content\/uploads\/sites\/18\/2017\/08\/image002.gif\" alt=\"\" width=\"600\" height=\"128\" \/><\/strong><\/h4>\n<h5><strong>Passo a passo<\/strong><\/h5>\n<p><strong>1- Criar um banco de dados<\/strong><br \/>\n<a href=\"http:\/\/www.professores.uff.br\/cristiane\/manual\/\">Criar banco de dados<\/a> GEOCODE.mdb.<br \/>\n<a href=\"http:\/\/www.professores.uff.br\/cristiane\/manual\/\">Importar<\/a> o arquivo EIXOSARANDI.shp com as seguintes configura\u00e7\u00f5es:<\/p>\n<ul>\n<li>Na janela Proje\u00e7\u00e3o, entre com os valores Latlong e SAD69.<\/li>\n<li>Como liga\u00e7\u00e3o entre tabelas, escolha Autom\u00e1tica.<\/li>\n<li>Quando perguntar se deseja visualizar os dados, responda Sim.<\/li>\n<\/ul>\n<p><a href=\"http:\/\/www.professores.uff.br\/cristiane\/manual\/\">Importar tabela<\/a> escolas.dbf. Na caixa Tabela de Destino configurar:<\/p>\n<ul>\n<li>Tipo: Dados de Geocodifica\u00e7\u00e3o<\/li>\n<li>Chave Prim\u00e1ria: Criar.<\/li>\n<\/ul>\n<p><strong>2- Visualizar o tema<\/strong><br \/>\n<a href=\"http:\/\/www.professores.uff.br\/cristiane\/manual\/\">Criar<\/a> uma vista e denomin\u00e1-la como Geocodifica\u00e7\u00e3o.<br \/>\n<a href=\"http:\/\/www.professores.uff.br\/cristiane\/manual\/\">Adicionar um tema<\/a> eixosarandi e denomin\u00e1-lo como o mesmo nome.<br \/>\n<a href=\"http:\/\/www.professores.uff.br\/cristiane\/manual\/\">Desenhar tema<\/a> eixosarandi.<\/p>\n<p><strong>3- Configurar o tema de refer\u00eancia<\/strong><br \/>\nNo comando <a href=\"http:\/\/www.professores.uff.br\/cristiane\/manual\/\">Geocodifica\u00e7\u00e3o de Endere\u00e7os<\/a>, configurar o tema eixosarandi como base para geocodifica\u00e7\u00e3o. Na janela Configurar plano de refer\u00eancia&#8230;, preencher os seguintes campos:<\/p>\n<ul>\n<li>Selecionar o nome completo&#8230;: NOME.<\/li>\n<li>Endere\u00e7o \u00edmpar inicial: SMF_I_I<\/li>\n<li>Endere\u00e7o ar inicial: SMF_P_I<\/li>\n<li>Endere\u00e7o \u00edmpar final: SMF_I_F<\/li>\n<li>Endere\u00e7o par final: SMF_P_F<\/li>\n<\/ul>\n<p><strong> 4- Configurar a tabela de endere\u00e7os<\/strong><br \/>\nAinda no mesmo comando, seguindo pela telas ao clicar o bot\u00e3o Pr\u00f3ximo, ser\u00e1 alcan\u00e7ada a tela onde dever\u00e1 ser configurada a tabela de endere\u00e7os. Proceda da seguinte forma:<\/p>\n<ul>\n<li>No campo Tabela a ser geocodificada, selecione ESCOLAS.<\/li>\n<li>No campo Selecione o campo com o nome do logradouro, selecione o atributo ENDERECO.<\/li>\n<li>No campo Selecione o campo com o n\u00famero do endere\u00e7o, selecione o atributo NUMERO.<\/li>\n<\/ul>\n<p><strong> 5- Geocodifica\u00e7\u00e3o de endere\u00e7os<\/strong><br \/>\nAinda no mesmo comando, seguindo pelas telas ao clicar o bot\u00e3o Pr\u00f3ximo, outras informa\u00e7\u00f5es opcionais ser\u00e3o solicitadas, preencha apenas o nome que dever\u00e1 ser dado ao novo plano de informa\u00e7\u00e3o que ser\u00e1 gerado contendo pontos para os endere\u00e7os encontrados. Denomine-o como ESCOLAS.<br \/>\nNa tela seguinte, forne\u00e7a o nome do relat\u00f3rio a ser gerado e a pasta onde deseja salvar os arquivos criados.<br \/>\nAo finalizar a opera\u00e7\u00e3o, um novo plano de informa\u00e7\u00e3o ser\u00e1 criado e exibido na \u00e1rvore do banco de dados.<\/p>\n<p><strong>6- Visualizar o novo tema<\/strong><br \/>\n<a href=\"http:\/\/www.professores.uff.br\/cristiane\/manual\/\">Adicionar um tema<\/a> escolas na vista Geocodifica\u00e7\u00e3o.<br \/>\n<a href=\"http:\/\/www.professores.uff.br\/cristiane\/manual\/\">Desenhar tema<\/a> escolas.<\/p>\n<p>Responder: Quantas escolas foram localizadas?<br \/>\n( A ) 1<br \/>\n( B ) 3<br \/>\n( C ) 2<br \/>\nLeia o relat\u00f3rio gerado e responda: Quantas escolas n\u00e3o foram localizadas?<br \/>\n( A ) 1<br \/>\n( B ) 3<br \/>\n( C ) 2<\/p>\n<p><strong>7- Localizar um endere\u00e7o<\/strong><br \/>\nCom um plano configurado como refer\u00eancia para geocodifica\u00e7\u00e3o, uma outra opera\u00e7\u00e3o que pode ser executada \u00e9 a <a href=\"http:\/\/www.professores.uff.br\/cristiane\/manual\/\">localiza\u00e7\u00e3o de endere\u00e7os<\/a>. Preencha esta caixa, com um endere\u00e7o obtido na tabela de atributos do tema eixosarandi. Tente, por exemplo, Av Bernardino Silveira de Amorim n\u00ba 1205.<\/p>\n","protected":false},"excerpt":{"rendered":"<p>Objetivo Localizar as escolas nos logradouros com base no seu endere\u00e7o. \u00c1rea de estudo Bairro de Sarandi, Porto Alegre, RS. Base de dados Logradouros \u2013 eixos-sarandi.shp Endere\u00e7o das escolas \u2013 escola.dbf Modelo de An\u00e1lise Passo a passo 1- Criar um banco de dados Criar banco de dados GEOCODE.mdb. Importar o arquivo EIXOSARANDI.shp com as seguintes [&hellip;]<\/p>\n","protected":false},"author":22,"featured_media":0,"parent":0,"menu_order":0,"comment_status":"closed","ping_status":"closed","template":"","meta":{"_exactmetrics_skip_tracking":false,"_exactmetrics_sitenote_active":false,"_exactmetrics_sitenote_note":"","_exactmetrics_sitenote_category":0,"footnotes":""},"categories":[],"tags":[],"class_list":["post-514","page","type-page","status-publish","hentry"],"_links":{"self":[{"href":"https:\/\/www.professores.uff.br\/cristiane\/wp-json\/wp\/v2\/pages\/514","targetHints":{"allow":["GET"]}}],"collection":[{"href":"https:\/\/www.professores.uff.br\/cristiane\/wp-json\/wp\/v2\/pages"}],"about":[{"href":"https:\/\/www.professores.uff.br\/cristiane\/wp-json\/wp\/v2\/types\/page"}],"author":[{"embeddable":true,"href":"https:\/\/www.professores.uff.br\/cristiane\/wp-json\/wp\/v2\/users\/22"}],"replies":[{"embeddable":true,"href":"https:\/\/www.professores.uff.br\/cristiane\/wp-json\/wp\/v2\/comments?post=514"}],"version-history":[{"count":5,"href":"https:\/\/www.professores.uff.br\/cristiane\/wp-json\/wp\/v2\/pages\/514\/revisions"}],"predecessor-version":[{"id":527,"href":"https:\/\/www.professores.uff.br\/cristiane\/wp-json\/wp\/v2\/pages\/514\/revisions\/527"}],"wp:attachment":[{"href":"https:\/\/www.professores.uff.br\/cristiane\/wp-json\/wp\/v2\/media?parent=514"}],"wp:term":[{"taxonomy":"category","embeddable":true,"href":"https:\/\/www.professores.uff.br\/cristiane\/wp-json\/wp\/v2\/categories?post=514"},{"taxonomy":"post_tag","embeddable":true,"href":"https:\/\/www.professores.uff.br\/cristiane\/wp-json\/wp\/v2\/tags?post=514"}],"curies":[{"name":"wp","href":"https:\/\/api.w.org\/{rel}","templated":true}]}}