{"id":539,"date":"2017-08-21T09:51:25","date_gmt":"2017-08-21T12:51:25","guid":{"rendered":"http:\/\/www.professores.uff.br\/cristiane\/?page_id=539"},"modified":"2017-08-21T09:51:25","modified_gmt":"2017-08-21T12:51:25","slug":"consulta-sobre-ocorrencia-de-terremotos","status":"publish","type":"page","link":"https:\/\/www.professores.uff.br\/cristiane\/consulta-sobre-ocorrencia-de-terremotos\/","title":{"rendered":"Consulta sobre Ocorr\u00eancia de Terremotos"},"content":{"rendered":"<h5><strong>Objetivo<\/strong><\/h5>\n<ul>\n<li>Identificar locais atingidos por terremotos e a sua magnitude.<\/li>\n<\/ul>\n<h5><strong>\u00c1rea de estudo<\/strong><\/h5>\n<ul>\n<li>Mundo.<\/li>\n<\/ul>\n<h5><strong>Base de dados<\/strong><\/h5>\n<ul>\n<li>Limite pol\u00edtico-administrativo dos pa\u00edses \u2013 <a href=\"http:\/\/www.professores.uff.br\/cristiane\/wp-content\/uploads\/sites\/18\/2017\/08\/paises-1.zip\">paises.shp<\/a><\/li>\n<li>Tabela com a localiza\u00e7\u00e3o de terremotos \u2013 <a href=\"#\">terremotos.dbf<\/a><\/li>\n<\/ul>\n<h5><strong> Modelo de An\u00e1lise<\/strong><\/h5>\n<p><img loading=\"lazy\" decoding=\"async\" class=\"alignnone size-full wp-image-541\" src=\"http:\/\/www.professores.uff.br\/cristiane\/wp-content\/uploads\/sites\/18\/2017\/08\/image001-5.gif\" alt=\"\" width=\"530\" height=\"205\" \/><\/p>\n<h5><strong>Passo a passo<\/strong><\/h5>\n<p><strong>1- Criar um banco de dados<\/strong><br \/>\n<a href=\"http:\/\/www.professores.uff.br\/cristiane\/manual\/\">Criar banco de dados<\/a> terremotos.mdb.<br \/>\n<a href=\"http:\/\/www.professores.uff.br\/cristiane\/manual\/\">Importar<\/a> o arquivo paises.shp com as seguintes configura\u00e7\u00f5es:<\/p>\n<ul>\n<li>Na janela Proje\u00e7\u00e3o, selecione a proje\u00e7\u00e3o LatLong e datum WGS.<\/li>\n<li>Como liga\u00e7\u00e3o entre tabelas, escolha Selecionar colunas. Como Coluna de Liga\u00e7\u00e3o, selecione o campo FIPS_CODE.<\/li>\n<li>Quando perguntar se deseja visualizar os dados, responda N\u00e3o.<br \/>\n<a href=\"http:\/\/www.professores.uff.br\/cristiane\/manual\/\">Importar tabela<\/a> de pontos terremotos.dbf. No campo Coord. X, selecione a coluna LONG, que corresponde \u00e0 longitude e, no campo Coord. Y, selecione a coluna LAT, que corresponde \u00e0 Latitude. Na janela Proje\u00e7\u00e3o, selecione a proje\u00e7\u00e3o LatLong e datum WGS.<\/li>\n<\/ul>\n<p><strong>2- Visualizar os temas<\/strong><\/p>\n<ul>\n<li><a href=\"http:\/\/www.professores.uff.br\/cristiane\/manual\/\">Criar uma vista<\/a> e denomin\u00e1-la como Terremotos98.<\/li>\n<li><a href=\"http:\/\/www.professores.uff.br\/cristiane\/manual\/\">Adicionar um tema<\/a> terremotos e denomin\u00e1-lo com o mesmo nome.<\/li>\n<li><a href=\"http:\/\/www.professores.uff.br\/cristiane\/manual\/\">Desenhar tema<\/a> terremotos.<\/li>\n<li><a href=\"http:\/\/www.professores.uff.br\/cristiane\/manual\/\">Adicionar tema<\/a> pa\u00edses e denomin\u00e1-lo como o mesmo nome.<\/li>\n<li><a href=\"http:\/\/www.professores.uff.br\/cristiane\/manual\/\">Desenhar tema<\/a>\u00a0pa\u00edses.<\/li>\n<\/ul>\n<p><strong>3- Sele\u00e7\u00e3o de elementos<\/strong><br \/>\n3.1 Quantos terremotos ocorreram faixa continental?<br \/>\n<a href=\"http:\/\/www.professores.uff.br\/cristiane\/manual\/\">Ativar o tema<\/a> pa\u00edses.<br \/>\n<a href=\"http:\/\/www.professores.uff.br\/cristiane\/manual\/\">Selecionar<\/a> todos os pa\u00edses (Tema condi\u00e7\u00e3o).<br \/>\nAcionando bot\u00e3o direito sobre o tema pa\u00edses, ative o comando<a href=\"http:\/\/www.professores.uff.br\/cristiane\/manual\/\"> consulta espacial.<\/a> Nesta janela, o tema corrente deve ser pa\u00edses, a op\u00e7\u00e3o Tema vis\u00edvel deve ser marcada e o tema terremotos deve ser selecionado (Tema sele\u00e7\u00e3o). Para selecionar os terremotos ocorridos na faixa continental, selecione o bot\u00e3o e clique em Nova Consulta. Veja o n\u00famero de elementos consultados na barra de status, passando o mouse sobre a tabela e anote.<br \/>\nResponder:<br \/>\nQuantos terremotos ocorreram na faixa continental?<br \/>\n( A ) 5552<br \/>\n( B ) 14611<br \/>\n( C ) 9059<\/p>\n<p>3.2 Quantos terremotos ocorreram no Brasil?<br \/>\n<a href=\"http:\/\/www.professores.uff.br\/cristiane\/manual\/\">Ativar o tema<\/a> pa\u00edses.<br \/>\n<a href=\"http:\/\/www.professores.uff.br\/cristiane\/manual\/\">Desmarcar os elementos<\/a> selecionados no tema pa\u00edses.<br \/>\n<a href=\"http:\/\/www.professores.uff.br\/cristiane\/manual\/\">Selecionar por apontamento <\/a>ou <a href=\"http:\/\/www.professores.uff.br\/cristiane\/manual\/\">por registro<\/a> Brasil (Tema condi\u00e7\u00e3o).<br \/>\n<a href=\"http:\/\/www.professores.uff.br\/cristiane\/manual\/\">Acionando<\/a> bot\u00e3o direito sobre o tema pa\u00edses, ative o comando consulta espacial. Nesta janela, o tema corrente deve ser pa\u00edses, a op\u00e7\u00e3o Tema vis\u00edvel deve ser marcada e o tema terremotos deve ser selecionado (Tema sele\u00e7\u00e3o). Para selecionar os terremotos ocorridos na faixa continental, selecione o bot\u00e3o e clique em Nova Consulta. Veja o n\u00famero de elementos consultados na barra de status, passando o mouse sobre a tabela e anote.<br \/>\nResponder:<br \/>\n( A ) Nenhum<br \/>\n( B ) 3<br \/>\n( C ) 7<\/p>\n<p>3.3 Quantos terremotos ocorreram no mundo com magnitude acima de 5?<br \/>\n<a href=\"http:\/\/www.professores.uff.br\/cristiane\/manual\/\">Ativar o tema<\/a> terremotos.<br \/>\n<a href=\"http:\/\/www.professores.uff.br\/cristiane\/manual\/\">Desmarcar os elementos<\/a> selecionados no tema terremotos.<br \/>\n<a href=\"http:\/\/www.professores.uff.br\/cristiane\/manual\/\">Consulta por atributo<\/a>s os terremotos com magnitude acima de 5 utilizando a express\u00e3o: MAG &gt; 5.<br \/>\nResponder:<br \/>\n( A ) 777<br \/>\n( B ) 622<br \/>\n( C ) Nenhum<\/p>\n<p>3.4 Quantos terremotos ocorreram no Chile com magnitude acima de 5?<br \/>\n<a href=\"http:\/\/www.professores.uff.br\/cristiane\/manual\/\">Ativar o tema<\/a> pa\u00edses.<br \/>\n<a href=\"http:\/\/www.professores.uff.br\/cristiane\/manual\/\">Desmarcar os elementos<\/a> selecionados no tema pa\u00edses.<br \/>\n<a href=\"http:\/\/www.professores.uff.br\/cristiane\/manual\/\">Sele\u00e7\u00e3o por apontamento<\/a> ou por registro Chile (Tema condi\u00e7\u00e3o).<br \/>\n<a href=\"http:\/\/www.professores.uff.br\/cristiane\/manual\/\">Acionando<\/a> bot\u00e3o direito sobre o tema pa\u00edses, ative o comando consulta espacial. Nesta janela, o tema corrente deve ser pa\u00edses, a op\u00e7\u00e3o Tema vis\u00edvel deve ser marcada e o tema terremotos deve ser selecionado (Tema sele\u00e7\u00e3o). Para selecionar os terremotos ocorridos na faixa continental, selecione o bot\u00e3o e clique em Filtrar. Veja o n\u00famero de elementos consultados na barra de status, passando o mouse sobre a tabela e anote.<br \/>\nResponder:<br \/>\n( A ) 70<br \/>\n( B ) 9<br \/>\n( C ) Nenhum<\/p>\n","protected":false},"excerpt":{"rendered":"<p>Objetivo Identificar locais atingidos por terremotos e a sua magnitude. \u00c1rea de estudo Mundo. Base de dados Limite pol\u00edtico-administrativo dos pa\u00edses \u2013 paises.shp Tabela com a localiza\u00e7\u00e3o de terremotos \u2013 terremotos.dbf Modelo de An\u00e1lise Passo a passo 1- Criar um banco de dados Criar banco de dados terremotos.mdb. Importar o arquivo paises.shp com as seguintes [&hellip;]<\/p>\n","protected":false},"author":22,"featured_media":0,"parent":0,"menu_order":0,"comment_status":"closed","ping_status":"closed","template":"","meta":{"_exactmetrics_skip_tracking":false,"_exactmetrics_sitenote_active":false,"_exactmetrics_sitenote_note":"","_exactmetrics_sitenote_category":0,"footnotes":""},"categories":[],"tags":[],"class_list":["post-539","page","type-page","status-publish","hentry"],"_links":{"self":[{"href":"https:\/\/www.professores.uff.br\/cristiane\/wp-json\/wp\/v2\/pages\/539","targetHints":{"allow":["GET"]}}],"collection":[{"href":"https:\/\/www.professores.uff.br\/cristiane\/wp-json\/wp\/v2\/pages"}],"about":[{"href":"https:\/\/www.professores.uff.br\/cristiane\/wp-json\/wp\/v2\/types\/page"}],"author":[{"embeddable":true,"href":"https:\/\/www.professores.uff.br\/cristiane\/wp-json\/wp\/v2\/users\/22"}],"replies":[{"embeddable":true,"href":"https:\/\/www.professores.uff.br\/cristiane\/wp-json\/wp\/v2\/comments?post=539"}],"version-history":[{"count":1,"href":"https:\/\/www.professores.uff.br\/cristiane\/wp-json\/wp\/v2\/pages\/539\/revisions"}],"predecessor-version":[{"id":542,"href":"https:\/\/www.professores.uff.br\/cristiane\/wp-json\/wp\/v2\/pages\/539\/revisions\/542"}],"wp:attachment":[{"href":"https:\/\/www.professores.uff.br\/cristiane\/wp-json\/wp\/v2\/media?parent=539"}],"wp:term":[{"taxonomy":"category","embeddable":true,"href":"https:\/\/www.professores.uff.br\/cristiane\/wp-json\/wp\/v2\/categories?post=539"},{"taxonomy":"post_tag","embeddable":true,"href":"https:\/\/www.professores.uff.br\/cristiane\/wp-json\/wp\/v2\/tags?post=539"}],"curies":[{"name":"wp","href":"https:\/\/api.w.org\/{rel}","templated":true}]}}