{"id":544,"date":"2017-08-21T10:00:45","date_gmt":"2017-08-21T13:00:45","guid":{"rendered":"http:\/\/www.professores.uff.br\/cristiane\/?page_id=544"},"modified":"2017-08-21T10:00:45","modified_gmt":"2017-08-21T13:00:45","slug":"contagem-das-ocorrencias-de-terremotos","status":"publish","type":"page","link":"https:\/\/www.professores.uff.br\/cristiane\/contagem-das-ocorrencias-de-terremotos\/","title":{"rendered":"Contagem das ocorr\u00eancias de terremotos"},"content":{"rendered":"<h5><strong>Objetivo<\/strong><\/h5>\n<ul>\n<li>Calcular o n\u00famero de ocorr\u00eancias de terremoto por pa\u00edses.<\/li>\n<\/ul>\n<h5><strong> \u00c1rea de estudo<\/strong><\/h5>\n<ul>\n<li>Mundo.<\/li>\n<\/ul>\n<h5><strong>Base de dados<\/strong><\/h5>\n<ul>\n<li>Limite pol\u00edtico-administrativo dos pa\u00edses \u2013<a href=\"http:\/\/www.professores.uff.br\/cristiane\/wp-content\/uploads\/sites\/18\/2017\/08\/paises-2.zip\"> paises.shp<\/a><\/li>\n<li>Tabela com a localiza\u00e7\u00e3o de terremotos \u2013 <a href=\"#\">terremotos.dbf\u00a0<\/a><\/li>\n<\/ul>\n<h5><strong>Modelo de An\u00e1lise<\/strong><\/h5>\n<p><img loading=\"lazy\" decoding=\"async\" class=\"alignnone size-full wp-image-546\" src=\"http:\/\/www.professores.uff.br\/cristiane\/wp-content\/uploads\/sites\/18\/2017\/08\/image001-6.gif\" alt=\"\" width=\"758\" height=\"126\" \/><\/p>\n<h5><strong>Passo a passo<\/strong><\/h5>\n<p><strong>1- Criar um banco de dados<\/strong><br \/>\n(Se banco de dados j\u00e1 estiver criado, passar para etapa 3).<br \/>\n<a href=\"http:\/\/www.professores.uff.br\/cristiane\/manual\/\">Criar banco de dados<\/a> terremotos.mdb.<br \/>\n<a href=\"http:\/\/www.professores.uff.br\/cristiane\/manual\/\">Importar<\/a> o arquivo paises.shp com as seguintes configura\u00e7\u00f5es:<\/p>\n<ul>\n<li>Na janela Proje\u00e7\u00e3o, selecione a proje\u00e7\u00e3o LatLong e datum WGS.<\/li>\n<li>Como liga\u00e7\u00e3o entre tabelas, escolha Selecionar colunas. Como Coluna de Liga\u00e7\u00e3o, selecione o campo FIPS_CODE.<\/li>\n<li>Quando perguntar se deseja visualizar os dados, responda N\u00e3o.<br \/>\n<a href=\"http:\/\/www.professores.uff.br\/cristiane\/manual\/\">Importar tabela<\/a> de pontos terremotos.dbf. No campo Coord. X, selecione a coluna LONG, que corresponde \u00e0 longitude e, no campo Coord. Y, selecione a coluna LAT, que corresponde \u00e0 Latitude. Na janela Proje\u00e7\u00e3o, selecione a proje\u00e7\u00e3o LatLong e datum WGS.<\/li>\n<\/ul>\n<p><strong>2- Visualizar os temas<\/strong><\/p>\n<ul>\n<li><a href=\"http:\/\/www.professores.uff.br\/cristiane\/manual\/\">Criar uma vista<\/a> e denomin\u00e1-la como Terremotos.<\/li>\n<li><a href=\"http:\/\/www.professores.uff.br\/cristiane\/manual\/\">Adicionar um tema<\/a> terremotos e denomin\u00e1-lo com o mesmo nome.<\/li>\n<li><a href=\"http:\/\/www.professores.uff.br\/cristiane\/manual\/\">Desenhar tema<\/a> terremotos.<\/li>\n<li><a href=\"http:\/\/www.professores.uff.br\/cristiane\/manual\/\">Adicionar tema<\/a> pa\u00edses e denomin\u00e1-lo como o mesmo nome.<\/li>\n<li><a href=\"http:\/\/www.professores.uff.br\/cristiane\/manual\/\">Desenhar tema <\/a>pa\u00edses.<\/li>\n<\/ul>\n<p><strong>3- Associa\u00e7\u00e3o espacial<\/strong><br \/>\n<a href=\"http:\/\/www.professores.uff.br\/cristiane\/manual\/\">Atribuir dado por localiza\u00e7\u00e3o | Coletar<\/a>, ou seja, estabelecer uma associa\u00e7\u00e3o espacial entre pa\u00edses e terremotos. Escolher o tema pa\u00edses, na lista Selecionar Tema para Atribuir Dados para e, o tema terremotos, na lista Selecionar Tema para Atribuir Dados de. Na caixa Atributos de Sa\u00edda selecione as seguintes op\u00e7\u00f5es: terremotos.MAG: MEAN, terremotos.MAG: MAXVALUE, terremotos.MAG: COUNT. Estes atributos ser\u00e3o vinculados ao tema pa\u00edses correspondendo, respectivamente, \u00e0 m\u00e9dia da magnitude, \u00e0 m\u00e1xima magnitude e \u00e0 contagem, dos terremotos ocorridos nos pa\u00edses.<\/p>\n<p><strong>4- Sele\u00e7\u00e3o de elemento<\/strong><br \/>\n4.1 Qual o pa\u00eds com maior n\u00famero de ocorr\u00eancias de terremotos em 1998? Quantos ocorreram?<br \/>\n<a href=\"http:\/\/www.professores.uff.br\/cristiane\/manual\/\">Ativar o tema<\/a> pa\u00edses.<br \/>\n<a href=\"http:\/\/www.professores.uff.br\/cristiane\/manual\/\">Classificar em ordem ascendente<\/a> a coluna terremotos_MAG_Count do tema pa\u00edses. Anotar o pa\u00eds e a contagem de terremotos do pa\u00eds classificado na primeira posi\u00e7\u00e3o.<br \/>\nResponder:<br \/>\n( A ) EUA, 1022<br \/>\n( B ) Chile, 622<br \/>\n( C ) Argentina, 327<\/p>\n<p>4.2 Em quantos pa\u00edses n\u00e3o ocorreram terremotos em 1998?<br \/>\n<a href=\"http:\/\/www.professores.uff.br\/cristiane\/manual\/\">Ativar o tema<\/a> pa\u00edses.<br \/>\n<a href=\"http:\/\/www.professores.uff.br\/cristiane\/manual\/\">Desmarcar os elementos selecionados<\/a> do tema pa\u00edses.<br \/>\n<a href=\"http:\/\/www.professores.uff.br\/cristiane\/manual\/\">Consulta por atributos<\/a> os pa\u00edses onde n\u00e3o ocorreram terremotos utilizando a express\u00e3o: terremotos_MAG_Count = 0. Na barra de status, anotar o n\u00famero de pa\u00edses consultados.<br \/>\nResponder:<br \/>\n( A ) 76<br \/>\n( B ) 147<br \/>\n( C ) 71<\/p>\n<p>4.3 Em qual pa\u00eds ocorreu o terremoto de maior magnitude? Qual foi a magnitude?<br \/>\n<a href=\"http:\/\/www.professores.uff.br\/cristiane\/manual\/\">Ativar o tema<\/a> pa\u00edses.<br \/>\n<a href=\"http:\/\/www.professores.uff.br\/cristiane\/manual\/\">Classificar em ordem descendente<\/a> a coluna terremotos_MAG_Maxvalue do tema pa\u00edses. Anotar o pa\u00eds e a magnitude do pa\u00eds classificado na primeira posi\u00e7\u00e3o.<br \/>\nResponder:<br \/>\n( A ) Afeganist\u00e3o, 6.6<br \/>\n( B ) Chile, 7.1<br \/>\n( C ) Guatemala, 6.6<\/p>\n<p>4.4 Qual \u00e9 a m\u00e1xima magnitude dos terremotos ocorridos no Brasil?<br \/>\n<a href=\"http:\/\/www.professores.uff.br\/cristiane\/manual\/\">Ativar o tema<\/a> pa\u00edses.<br \/>\n<a href=\"http:\/\/www.professores.uff.br\/cristiane\/manual\/\">Desmarcar os elementos selecionados<\/a> do tema pa\u00edses.<br \/>\n<a href=\"http:\/\/www.professores.uff.br\/cristiane\/manual\/\">Selecionar por apontamento<\/a> ou <a href=\"http:\/\/www.professores.uff.br\/cristiane\/manual\/\">por registro<\/a> Brasil. Na coluna terremotos_MAG_Maxvalue verificar o valor da magnitude.<br \/>\nResponder:<br \/>\n( A ) 4.6<br \/>\n( B ) 2.5<br \/>\n( C ) 5.2<\/p>\n","protected":false},"excerpt":{"rendered":"<p>Objetivo Calcular o n\u00famero de ocorr\u00eancias de terremoto por pa\u00edses. \u00c1rea de estudo Mundo. Base de dados Limite pol\u00edtico-administrativo dos pa\u00edses \u2013 paises.shp Tabela com a localiza\u00e7\u00e3o de terremotos \u2013 terremotos.dbf\u00a0 Modelo de An\u00e1lise Passo a passo 1- Criar um banco de dados (Se banco de dados j\u00e1 estiver criado, passar para etapa 3). Criar [&hellip;]<\/p>\n","protected":false},"author":22,"featured_media":0,"parent":0,"menu_order":0,"comment_status":"closed","ping_status":"closed","template":"","meta":{"_exactmetrics_skip_tracking":false,"_exactmetrics_sitenote_active":false,"_exactmetrics_sitenote_note":"","_exactmetrics_sitenote_category":0,"footnotes":""},"categories":[],"tags":[],"class_list":["post-544","page","type-page","status-publish","hentry"],"_links":{"self":[{"href":"https:\/\/www.professores.uff.br\/cristiane\/wp-json\/wp\/v2\/pages\/544","targetHints":{"allow":["GET"]}}],"collection":[{"href":"https:\/\/www.professores.uff.br\/cristiane\/wp-json\/wp\/v2\/pages"}],"about":[{"href":"https:\/\/www.professores.uff.br\/cristiane\/wp-json\/wp\/v2\/types\/page"}],"author":[{"embeddable":true,"href":"https:\/\/www.professores.uff.br\/cristiane\/wp-json\/wp\/v2\/users\/22"}],"replies":[{"embeddable":true,"href":"https:\/\/www.professores.uff.br\/cristiane\/wp-json\/wp\/v2\/comments?post=544"}],"version-history":[{"count":1,"href":"https:\/\/www.professores.uff.br\/cristiane\/wp-json\/wp\/v2\/pages\/544\/revisions"}],"predecessor-version":[{"id":547,"href":"https:\/\/www.professores.uff.br\/cristiane\/wp-json\/wp\/v2\/pages\/544\/revisions\/547"}],"wp:attachment":[{"href":"https:\/\/www.professores.uff.br\/cristiane\/wp-json\/wp\/v2\/media?parent=544"}],"wp:term":[{"taxonomy":"category","embeddable":true,"href":"https:\/\/www.professores.uff.br\/cristiane\/wp-json\/wp\/v2\/categories?post=544"},{"taxonomy":"post_tag","embeddable":true,"href":"https:\/\/www.professores.uff.br\/cristiane\/wp-json\/wp\/v2\/tags?post=544"}],"curies":[{"name":"wp","href":"https:\/\/api.w.org\/{rel}","templated":true}]}}