{"id":549,"date":"2017-08-21T10:11:08","date_gmt":"2017-08-21T13:11:08","guid":{"rendered":"http:\/\/www.professores.uff.br\/cristiane\/?page_id=549"},"modified":"2017-08-21T10:11:08","modified_gmt":"2017-08-21T13:11:08","slug":"localizacao-de-empreendimentos-economicos","status":"publish","type":"page","link":"https:\/\/www.professores.uff.br\/cristiane\/localizacao-de-empreendimentos-economicos\/","title":{"rendered":"Localiza\u00e7\u00e3o de Empreendimentos Econ\u00f4micos"},"content":{"rendered":"<h5><strong>Objetivo<\/strong><br \/>\nSelecionar os munic\u00edpios para implanta\u00e7\u00e3o de empreendimentos econ\u00f4micos de acordo com as seguintes condi\u00e7\u00f5es:<\/h5>\n<ul>\n<li>estar situado fora da regi\u00e3o metropolitana;<\/li>\n<li>ter popula\u00e7\u00e3o acima de 100 mil habitantes;<\/li>\n<li>ser atravessado por rodovias pavimentadas de pista dupla; e<\/li>\n<li>possuir aeroportos.<\/li>\n<\/ul>\n<h5><strong> \u00c1rea de estudo<\/strong><\/h5>\n<ul>\n<li>Munic\u00edpios do estado do Rio de Janeiro.<\/li>\n<\/ul>\n<h5><strong> Base de dados<\/strong><\/h5>\n<ul>\n<li>Limite pol\u00edtico-administrativo dos munic\u00edpios \u2013<a href=\"http:\/\/www.professores.uff.br\/cristiane\/wp-content\/uploads\/sites\/18\/2017\/08\/rj_municipios.zip\"> rj_municipios.shp<\/a><\/li>\n<li>Rodovias \u2013 <a href=\"http:\/\/www.professores.uff.br\/cristiane\/wp-content\/uploads\/sites\/18\/2017\/08\/rj_rodovias.zip\">rj_rodovias.shp<\/a><\/li>\n<li>Aeroportos \u2013 <a href=\"http:\/\/www.professores.uff.br\/cristiane\/wp-content\/uploads\/sites\/18\/2017\/08\/rj_aeroporto.zip\">rj_aeroportos.shp<\/a><\/li>\n<li>Tabela com indicadores s\u00f3cio-econ\u00f4micos \u2013 <a href=\"#\">rj_indicadores.dbf<\/a><\/li>\n<\/ul>\n<h5><strong>Modelo de An\u00e1lise<\/strong><\/h5>\n<p><img loading=\"lazy\" decoding=\"async\" class=\"alignnone size-full wp-image-553\" src=\"http:\/\/www.professores.uff.br\/cristiane\/wp-content\/uploads\/sites\/18\/2017\/08\/image001-4.gif\" alt=\"\" width=\"939\" height=\"191\" \/><\/p>\n<h5><strong>Passo a passo<\/strong><\/h5>\n<p><strong>1- Criar um banco de dados<\/strong><br \/>\n<a href=\"http:\/\/www.professores.uff.br\/cristiane\/manual\/\">Criar banco de dados<\/a> localiza\u00e7\u00e3o.mdb.<br \/>\n<a href=\"http:\/\/www.professores.uff.br\/cristiane\/manual\/\">Importar<\/a> o arquivo rj_municipios.shp com as seguintes configura\u00e7\u00f5es:<br \/>\na. Na janela Proje\u00e7\u00e3o, selecione a proje\u00e7\u00e3o UTM e datum SAD69<br \/>\nb. Como liga\u00e7\u00e3o entre tabelas, escolha Selecionar colunas. Como Coluna de Liga\u00e7\u00e3o, selecione o campo CODMUN.<br \/>\nc. Quando perguntar se deseja visualizar os dados, responda N\u00e3o.<br \/>\nRepita a opera\u00e7\u00e3o para os temas rj_aeroporto.shp e rj_rodovias.shp. Como Coluna de Liga\u00e7\u00e3o, selecione a op\u00e7\u00e3o Autom\u00e1tico.<br \/>\n<a href=\"http:\/\/www.professores.uff.br\/cristiane\/manual\/\">Importar tabela<\/a> rj_indicadores.dbf. Na caixa Tabela de Destino configurar:<br \/>\na. Tipo: Est\u00e1tico.<br \/>\nb. Chave Prim\u00e1ria: CODIGO.<br \/>\nc. Plano: rj_municipios.<br \/>\nd. Nome: rj_indicadores.<\/p>\n<p><strong>2- Visualizar o tema<\/strong><\/p>\n<ul>\n<li><a href=\"http:\/\/www.professores.uff.br\/cristiane\/manual\/\">Criar uma vista<\/a> e denomin\u00e1-la como Localiza\u00e7\u00e3o.<\/li>\n<li><a href=\"http:\/\/www.professores.uff.br\/cristiane\/manual\/\">Adicionar tema<\/a> rj_municipios e denomin\u00e1-lo como munic\u00edpios.<br \/>\nRepita a opera\u00e7\u00e3o anterior para o arquivo rj_aeroportos, denominando como aeroportos.<\/li>\n<li><a href=\"http:\/\/www.professores.uff.br\/cristiane\/manual\/\">Adicionar tema<\/a> rj_rodovias. Para adicionar apenas as rodovias pavimentadas com pista dupla, na janela Adicionar Tema, desmarque a op\u00e7\u00e3o Selecionar Todos os Objetos, e utilize a express\u00e3o: MAPA01 = &#8216;Pavimentada (Pista Dupla)&#8217; na caixa de texto que aparece ap\u00f3s desmarcar esta op\u00e7\u00e3o. Denominar o tema como rodovias pavimentadas.<\/li>\n<li><a href=\"http:\/\/www.professores.uff.br\/cristiane\/manual\/\">Selecionar a tabela<\/a> rj_indicadores para ser vinculada ao tema munic\u00edpios.<\/li>\n<li><a href=\"http:\/\/www.professores.uff.br\/cristiane\/manual\/\">Desenhar os temas<\/a>.<\/li>\n<\/ul>\n<p><strong>3- Selecionar elementos<\/strong><br \/>\n3.1 Selecionar os munic\u00edpios situados fora da RMRJ, <a href=\"http:\/\/www.professores.uff.br\/cristiane\/manual\/\">consultando por atributos<\/a> e utilizando a express\u00e3o: I_REG_GOV &lt;&gt; &#8216;Regi\u00e3o Metropolitana&#8217;. Anote o n\u00famero de munic\u00edpios selecionados que aparece na barra de status.<br \/>\nResponder: Quantos munic\u00edpios foram selecionados?<br \/>\n( ) 73<br \/>\n( ) 92<br \/>\n( ) 10<\/p>\n<p>3.2 Selecionar os munic\u00edpios com popula\u00e7\u00e3o superior a 100 mil habitantes,\u00a0<a href=\"http:\/\/www.professores.uff.br\/cristiane\/manual\/\">consultando por atributos<\/a> e utilizando a express\u00e3o: TOT_2000 &gt;100000. Clique no bot\u00e3o Filtrar. Anote o n\u00famero de munic\u00edpios selecionados que aparece na barra de status.<br \/>\nResponder: Quantos munic\u00edpios foram selecionados?<br \/>\n( ) 73<br \/>\n( ) 4<br \/>\n( ) 10<\/p>\n<p>3.3 Selecionar os munic\u00edpios atravessados por rodovias pavimentadas com pista dupla. Para isto, primeiramente, selecionar todas as rodovias pavimentadas com este tema ativado e clicando com a ferramenta<img decoding=\"async\" src=\"http:\/\/www.meusiteantigo.uff.br\/cristiane\/Estudodirigido\/images\/Caso%20L2.gif\" \/> . Ap\u00f3s esta opera\u00e7\u00e3o, clicar com bot\u00e3o direito sobre o tema rodovias pavimentadas e ativar o comando <a href=\"http:\/\/www.professores.uff.br\/cristiane\/manual\/\">consulta espacial<\/a>. Nesta janela, marcar a op\u00e7\u00e3o Tema vis\u00edvel e selecionar o tema munic\u00edpios (Tema sele\u00e7\u00e3o). Para selecionar os munic\u00edpios atravessados por rodovias pavimentadas, selecionar o bot\u00e3o<img decoding=\"async\" src=\"http:\/\/www.meusiteantigo.uff.br\/cristiane\/Estudodirigido\/images\/Caso%20L1.gif\" \/> e clicar em Filtrar. Veja o n\u00famero de elementos consultados na barra de status, passando o mouse sobre a tabela e anote.<br \/>\nResponder: Quantos munic\u00edpios foram selecionados?<br \/>\n( ) 2<br \/>\n( ) 4<br \/>\n( ) 10<\/p>\n<p>3.4 Selecionar os munic\u00edpios com presen\u00e7a de aeroportos. Para isto, primeiramente, selecionar todos os aeroportos com este tema ativado e clicando com a ferramenta<img decoding=\"async\" src=\"http:\/\/www.meusiteantigo.uff.br\/cristiane\/Estudodirigido\/images\/Caso%20L2.gif\" \/> . Ap\u00f3s esta opera\u00e7\u00e3o, clicar com bot\u00e3o direito sobre o tema aeroportos e ativar o comando <a href=\"http:\/\/www.professores.uff.br\/cristiane\/manual\/\">consulta espacial<\/a>. Nesta janela, marcar a op\u00e7\u00e3o Tema vis\u00edvel e selecionar o tema munic\u00edpios (Tema sele\u00e7\u00e3o). Para selecionar os munic\u00edpios com aeroportos, selecionar o bot\u00e3o<img decoding=\"async\" src=\"http:\/\/www.meusiteantigo.uff.br\/cristiane\/Estudodirigido\/images\/Caso%20L1.gif\" \/> e clicar em Filtrar. Veja o n\u00famero de elementos consultados na barra de status, passando o mouse sobre a tabela e anote.<br \/>\nResponder: Quantos munic\u00edpios foram selecionados?<br \/>\n( ) 2<br \/>\n( ) 4<br \/>\n( ) 10<\/p>\n","protected":false},"excerpt":{"rendered":"<p>Objetivo Selecionar os munic\u00edpios para implanta\u00e7\u00e3o de empreendimentos econ\u00f4micos de acordo com as seguintes condi\u00e7\u00f5es: estar situado fora da regi\u00e3o metropolitana; ter popula\u00e7\u00e3o acima de 100 mil habitantes; ser atravessado por rodovias pavimentadas de pista dupla; e possuir aeroportos. \u00c1rea de estudo Munic\u00edpios do estado do Rio de Janeiro. Base de dados Limite pol\u00edtico-administrativo dos [&hellip;]<\/p>\n","protected":false},"author":22,"featured_media":0,"parent":0,"menu_order":0,"comment_status":"closed","ping_status":"closed","template":"","meta":{"_exactmetrics_skip_tracking":false,"_exactmetrics_sitenote_active":false,"_exactmetrics_sitenote_note":"","_exactmetrics_sitenote_category":0,"footnotes":""},"categories":[],"tags":[],"class_list":["post-549","page","type-page","status-publish","hentry"],"_links":{"self":[{"href":"https:\/\/www.professores.uff.br\/cristiane\/wp-json\/wp\/v2\/pages\/549","targetHints":{"allow":["GET"]}}],"collection":[{"href":"https:\/\/www.professores.uff.br\/cristiane\/wp-json\/wp\/v2\/pages"}],"about":[{"href":"https:\/\/www.professores.uff.br\/cristiane\/wp-json\/wp\/v2\/types\/page"}],"author":[{"embeddable":true,"href":"https:\/\/www.professores.uff.br\/cristiane\/wp-json\/wp\/v2\/users\/22"}],"replies":[{"embeddable":true,"href":"https:\/\/www.professores.uff.br\/cristiane\/wp-json\/wp\/v2\/comments?post=549"}],"version-history":[{"count":1,"href":"https:\/\/www.professores.uff.br\/cristiane\/wp-json\/wp\/v2\/pages\/549\/revisions"}],"predecessor-version":[{"id":554,"href":"https:\/\/www.professores.uff.br\/cristiane\/wp-json\/wp\/v2\/pages\/549\/revisions\/554"}],"wp:attachment":[{"href":"https:\/\/www.professores.uff.br\/cristiane\/wp-json\/wp\/v2\/media?parent=549"}],"wp:term":[{"taxonomy":"category","embeddable":true,"href":"https:\/\/www.professores.uff.br\/cristiane\/wp-json\/wp\/v2\/categories?post=549"},{"taxonomy":"post_tag","embeddable":true,"href":"https:\/\/www.professores.uff.br\/cristiane\/wp-json\/wp\/v2\/tags?post=549"}],"curies":[{"name":"wp","href":"https:\/\/api.w.org\/{rel}","templated":true}]}}