{"id":66,"date":"2017-07-19T14:01:10","date_gmt":"2017-07-19T17:01:10","guid":{"rendered":"http:\/\/www.professores.uff.br\/cristiane\/?page_id=66"},"modified":"2017-08-21T10:14:42","modified_gmt":"2017-08-21T13:14:42","slug":"producao-academica","status":"publish","type":"page","link":"https:\/\/www.professores.uff.br\/cristiane\/producao-academica\/","title":{"rendered":"Produ\u00e7\u00e3o acad\u00eamica"},"content":{"rendered":"<h4><strong>Tese de doutorado<\/strong><\/h4>\n<ul>\n<li><a href=\"http:\/\/www.professores.uff.br\/cristiane\/wp-content\/uploads\/sites\/18\/2017\/07\/Tese-CNF.pdf\">\u00a0SUBS\u00cdDIOS \u00c0 GEST\u00c3O SUSTENT\u00c1VEL DOS RECURSOS H\u00cdDRICOS NO \u00c2MBITO MUNICIPAL: O CASO DE ANGRA DOS REIS,RJ.<\/a><\/li>\n<\/ul>\n<h4><strong>Disserta\u00e7\u00e3o de Mestrado<\/strong><\/h4>\n<ul>\n<li><a href=\"http:\/\/www.professores.uff.br\/cristiane\/wp-content\/uploads\/sites\/18\/2017\/07\/DissertacaoCNF.pdf\"> O USO DE SISTEMAS DE GEOGR\u00c1FICOS DE INFORMA\u00c7\u00c3O (SGI) NA ELABORA\u00c7\u00c3O DE PLANOS DIRETORES DE UNIDADES DE CONSERVA\u00c7\u00c3O &#8211; UMA APLICA\u00c7\u00c3O NO PARQUE NACIONAL DA TIJUCA, RJ.<\/a><\/li>\n<\/ul>\n<h4><strong>Artigos publicados<\/strong><\/h4>\n<ul>\n<li>\u00a0<a href=\"http:\/\/www.professores.uff.br\/cristiane\/wp-content\/uploads\/sites\/18\/2017\/07\/Artigo-cadma-final.pdf\">AVALIA\u00c7\u00c3O DA SUSTENTABILIDADE H\u00cdDRICA DE MUNIC\u00cdPIOS ABASTECIDOS POR PEQUENAS BACIAS HIDROGR\u00c1FICAS: O CASO DE ANGRA DOS REIS,RJ.<\/a><\/li>\n<li><a href=\"http:\/\/www.professores.uff.br\/cristiane\/wp-content\/uploads\/sites\/18\/2017\/07\/3365.pdf\">An\u00e1lise dos fatores que influenciam a distribui\u00e7\u00e3o espacial da precipita\u00e7\u00e3o no litoral sul fluminense, RJ.<\/a><\/li>\n<li><a href=\"http:\/\/www.professores.uff.br\/cristiane\/wp-content\/uploads\/sites\/18\/2017\/07\/Art-rev-geo-final-revisada-completa.pdf\">Disponibilidade h\u00eddrica &#8211; da vis\u00e3o global \u00e0s pequenas bacias hidrogr\u00e1ficas: o caso de Angra dos Reis, no Estado do Rio de Janeiro.<\/a><\/li>\n<li><a href=\"http:\/\/www.professores.uff.br\/cristiane\/wp-content\/uploads\/sites\/18\/2017\/07\/030370.pdf\">IDENTIFICA\u00c7\u00c3O DA VEGETA\u00c7\u00c3O XER\u00d3FILA NA REGI\u00c3O DE CABO FRIO-RJ, COM AUX\u00cdLIO DE GEOPROCESSAMENTO.<\/a><\/li>\n<li><a href=\"http:\/\/www.professores.uff.br\/cristiane\/wp-content\/uploads\/sites\/18\/2017\/07\/SEGEO_1996a.pdf\">UTILIZA\u00c7\u00c3O DE SISTEMAS GEOGR\u00c1FICOS DE INFORMA\u00c7\u00d5ES (SGI) NA ELABORA\u00c7\u00c3O DE ZONEAMENTO DE UNIDADES DE CONSERVA\u00c7\u00c3O: UMA APLICA\u00c7\u00c3O NO PARQUE NACIONAL DA TIJUCA &#8211; RJ.<\/a><\/li>\n<li><a href=\"http:\/\/www.professores.uff.br\/cristiane\/wp-content\/uploads\/sites\/18\/2017\/07\/SEGEO_1996b.pdf\">MAPEAMENTO DAS \u00c1REAS DE RISCOS DE DESLIZAMENTOS E DESMORONAMENTOS DO PARQUE NACIONAL DA TIJUCA (RJ) E ENTORNO ATRAV\u00c9S DE SISTEMAS GEOGR\u00c1FICOS DE INFORMA\u00c7\u00c3O. <\/a><\/li>\n<li><a href=\"http:\/\/www.professores.uff.br\/cristiane\/wp-content\/uploads\/sites\/18\/2017\/07\/Simposio-de-Cartografia-1994a.pdf\">O USO DE SCANNERS NA DIGITALIZA\u00c7\u00c3O DE MAPAS DESTINADOS A SISTEMAS DE INFORMA\u00c7\u00d5ES GEOGR\u00c1FICAS.<\/a><\/li>\n<li><a href=\"http:\/\/www.professores.uff.br\/cristiane\/wp-content\/uploads\/sites\/18\/2017\/07\/Simpgf1993a.pdf\">AN\u00c1LISE DE \u00c1REAS DE RISCOS A INUNDA\u00c7\u00d5ES NA BAIXADA DA GUANABARA &#8211; O CASO DA BACIA DO RIO INHOMIRIM &#8211; RJ.<\/a><\/li>\n<\/ul>\n<p>&nbsp;<\/p>\n","protected":false},"excerpt":{"rendered":"<p>Tese de doutorado \u00a0SUBS\u00cdDIOS \u00c0 GEST\u00c3O SUSTENT\u00c1VEL DOS RECURSOS H\u00cdDRICOS NO \u00c2MBITO MUNICIPAL: O CASO DE ANGRA DOS REIS,RJ. Disserta\u00e7\u00e3o de Mestrado O USO DE SISTEMAS DE GEOGR\u00c1FICOS DE INFORMA\u00c7\u00c3O (SGI) NA ELABORA\u00c7\u00c3O DE PLANOS DIRETORES DE UNIDADES DE CONSERVA\u00c7\u00c3O &#8211; UMA APLICA\u00c7\u00c3O NO PARQUE NACIONAL DA TIJUCA, RJ. Artigos publicados \u00a0AVALIA\u00c7\u00c3O DA SUSTENTABILIDADE H\u00cdDRICA [&hellip;]<\/p>\n","protected":false},"author":20,"featured_media":0,"parent":0,"menu_order":0,"comment_status":"closed","ping_status":"closed","template":"","meta":{"_exactmetrics_skip_tracking":false,"_exactmetrics_sitenote_active":false,"_exactmetrics_sitenote_note":"","_exactmetrics_sitenote_category":0,"footnotes":""},"categories":[],"tags":[],"class_list":["post-66","page","type-page","status-publish","hentry"],"_links":{"self":[{"href":"https:\/\/www.professores.uff.br\/cristiane\/wp-json\/wp\/v2\/pages\/66","targetHints":{"allow":["GET"]}}],"collection":[{"href":"https:\/\/www.professores.uff.br\/cristiane\/wp-json\/wp\/v2\/pages"}],"about":[{"href":"https:\/\/www.professores.uff.br\/cristiane\/wp-json\/wp\/v2\/types\/page"}],"author":[{"embeddable":true,"href":"https:\/\/www.professores.uff.br\/cristiane\/wp-json\/wp\/v2\/users\/20"}],"replies":[{"embeddable":true,"href":"https:\/\/www.professores.uff.br\/cristiane\/wp-json\/wp\/v2\/comments?post=66"}],"version-history":[{"count":5,"href":"https:\/\/www.professores.uff.br\/cristiane\/wp-json\/wp\/v2\/pages\/66\/revisions"}],"predecessor-version":[{"id":557,"href":"https:\/\/www.professores.uff.br\/cristiane\/wp-json\/wp\/v2\/pages\/66\/revisions\/557"}],"wp:attachment":[{"href":"https:\/\/www.professores.uff.br\/cristiane\/wp-json\/wp\/v2\/media?parent=66"}],"wp:term":[{"taxonomy":"category","embeddable":true,"href":"https:\/\/www.professores.uff.br\/cristiane\/wp-json\/wp\/v2\/categories?post=66"},{"taxonomy":"post_tag","embeddable":true,"href":"https:\/\/www.professores.uff.br\/cristiane\/wp-json\/wp\/v2\/tags?post=66"}],"curies":[{"name":"wp","href":"https:\/\/api.w.org\/{rel}","templated":true}]}}