{"id":68,"date":"2017-07-19T14:01:30","date_gmt":"2017-07-19T17:01:30","guid":{"rendered":"http:\/\/www.professores.uff.br\/cristiane\/?page_id=68"},"modified":"2017-08-18T10:08:48","modified_gmt":"2017-08-18T13:08:48","slug":"estudo-dirigido","status":"publish","type":"page","link":"https:\/\/www.professores.uff.br\/cristiane\/estudo-dirigido\/","title":{"rendered":"Estudo Dirigido"},"content":{"rendered":"<p><img loading=\"lazy\" decoding=\"async\" class=\"alignnone size-full wp-image-228\" src=\"http:\/\/www.professores.uff.br\/cristiane\/wp-content\/uploads\/sites\/18\/2017\/07\/earth9.gif\" alt=\"\" width=\"80\" height=\"80\" \/>\u00a0\u00a0\u00a0\u00a0\u00a0\u00a0\u00a0\u00a0 <img loading=\"lazy\" decoding=\"async\" src=\"http:\/\/www.meusiteantigo.uff.br\/cristiane\/Estudodirigido\/images\/logopuroazul.gif\" width=\"47\" height=\"25\" border=\"0\" \/><b> <span style=\"color: #00468e;\">Universidade Federal Fluminense<\/span><\/b><\/p>\n<p><span style=\"font-size: xx-large;\"><span style=\"color: #00468e;\">Estudo Dirigido em SIG<\/span><\/span><\/p>\n<p>&nbsp;<\/p>\n<hr \/>\n<h3 style=\"text-align: center;\"><span style=\"font-size: xx-large;\">Apresenta\u00e7\u00e3o<\/span><\/h3>\n<h5>Os Sistemas de Informa\u00e7\u00e3o Geogr\u00e1fica (SIG) s\u00e3o programas que executam opera\u00e7\u00f5es em um banco de dados georreferenciados, ou seja, manipulam mapas com tabelas vinculadas que cont\u00eam os atributos das entidades do mundo real representadas nestes mapas. Os SIG podem ser utilizados em quaisquer aplica\u00e7\u00f5es que envolvam a an\u00e1lise espacial, entre estas destacamos:<\/h5>\n<ul>\n<li style=\"text-align: left;\">Elabora\u00e7\u00e3o de planos de manejo<\/li>\n<li style=\"text-align: left;\">Modelagem de processos<\/li>\n<li style=\"text-align: left;\">Gerenciamento de servi\u00e7os de utilidade p\u00fablica<\/li>\n<li style=\"text-align: left;\">Gest\u00e3o e ordenamento territorial<\/li>\n<li style=\"text-align: left;\">Cadastro urbano e rural<\/li>\n<li style=\"text-align: left;\">Elabora\u00e7\u00e3o de mapas de riscos e de potenciais<\/li>\n<li style=\"text-align: left;\">Monitoramento ambiental<\/li>\n<\/ul>\n<h5>O Estudo Dirigido em SIG visa auxiliar na forma\u00e7\u00e3o de graduandos e p\u00f3s-graduandos na aplica\u00e7\u00e3o destes sistemas em estudos ambientais, apresentando como metas:<\/h5>\n<ul>\n<li>A capacita\u00e7\u00e3o na manipula\u00e7\u00e3o de um banco de dados, geogr\u00e1ficos atrav\u00e9s do uso de opera\u00e7\u00f5es fundamentais de um SIG;<\/li>\n<li>A aquisi\u00e7\u00e3o de conhecimento sobre a aplicabilidade dos SIG;<\/li>\n<li>A aptid\u00e3o na utiliza\u00e7\u00e3o de SIG em projetos acad\u00eamicos ; e<\/li>\n<li>A incorpora\u00e7\u00e3o deste recurso na rotina profissional<\/li>\n<\/ul>\n<p>&nbsp;<\/p>\n<hr \/>\n<h3 style=\"text-align: center;\"><span style=\"font-size: large;\">Estrutura do Estudo Dirigido<\/span><\/h3>\n<h5 style=\"text-align: left;\">\u00a0O Estudo Dirigido \u00e9 composto por uma parte Conceitual e outra Pr\u00e1tica.\u00a0 A primeira parte visa fornecer os conceitos fundamentais \u00e0 opera\u00e7\u00e3o de SIG e est\u00e1 dividida em dois t\u00f3picos: princ\u00edpios fundamentais de SIG e Geoprocessamento e conceitos de Cartografia aplicados aos SIG.<\/h5>\n<h5 style=\"text-align: left;\">A parte Pr\u00e1tica \u00e9 composta por Exerc\u00edcios de Cartografia, onde s\u00e3o exercitados os conceitos expostos na parte Conceitual, e por Estudos de Caso, onde s\u00e3o praticadas as opera\u00e7\u00f5es de SIG aplicadas a estudos ambientais. Tanto os Exerc\u00edcios quanto os Estudos de Caso s\u00e3o desenvolvidos diretamente no SIG TerraView,\u00a0 desenvolvido pelo INPE e <a href=\"http:\/\/www.dpi.inpe.br\/terraview\/index.php\">disponibilizado <\/a>sem custos pela Internet.<\/h5>\n<hr \/>\n<h3 style=\"text-align: center;\"><span style=\"font-size: large;\">Equipe<\/span><\/h3>\n<ul>\n<li style=\"text-align: left;\">Cristiane Nunes Francisco &#8211; Professora do Departamento de An\u00e1lise Geoambiental &#8211; Instituto de Geoci\u00eancias\/ UFF<\/li>\n<li style=\"text-align: left;\">Ladjane Marques Guimar\u00e3es &#8211; Professora do Departamento de An\u00e1lise Geoambiental &#8211; Instituto de Geoci\u00eancias\/ UFF<\/li>\n<li style=\"text-align: left;\">Luiz Paulo da Silva &#8211; Professor e graduando em bacharelado em Geografia\/ UFF<\/li>\n<li style=\"text-align: left;\">Lidiana de Paiva Lima Vieira &#8211; Professora e graduanda em bacharelado em Geografia\/ UFF<\/li>\n<\/ul>\n<hr \/>\n<h3 style=\"text-align: center;\"><span style=\"font-size: large;\">Agradecimentos<\/span><\/h3>\n<h5 align=\"justify\">\u00c0 Pr\u00f3-reitoria de Assuntos Acad\u00eamicos da UFF pelo apoio financeiro para o desenvolvimento deste projeto.<\/h5>\n<h5 align=\"justify\">Ao Departamento de An\u00e1lise Geoambiental, Instituto de Geoci\u00eancias\/UFF, local onde foi desenvolvido este projeto.<\/h5>\n<h5 align=\"justify\">Ao Prof. Gilberto Pessanha pela revis\u00e3o final da parte conceitual.<\/h5>\n<hr \/>\n<h3 style=\"text-align: center;\" align=\"justify\"><span style=\"font-size: large;\">Contatos<\/span><\/h3>\n<p style=\"text-align: center;\"><a href=\"crisnf@vm.uff.br\">crisnf@vm.uff.br<\/a><\/p>\n<hr \/>\n<h3 style=\"text-align: center;\"><span style=\"font-size: large;\">Dedicat\u00f3ria<\/span><\/h3>\n<h5 style=\"text-align: center;\"><em>\u00a0 \u00a0 \u00a0 \u00a0A \u201ccoisinha\u201d mais linda do mundo, Jos\u00e9 Gabriel.<\/em><\/h5>\n<p>&nbsp;<\/p>\n","protected":false},"excerpt":{"rendered":"<p>\u00a0\u00a0\u00a0\u00a0\u00a0\u00a0\u00a0\u00a0 Universidade Federal Fluminense Estudo Dirigido em SIG &nbsp; Apresenta\u00e7\u00e3o Os Sistemas de Informa\u00e7\u00e3o Geogr\u00e1fica (SIG) s\u00e3o programas que executam opera\u00e7\u00f5es em um banco de dados georreferenciados, ou seja, manipulam mapas com tabelas vinculadas que cont\u00eam os atributos das entidades do mundo real representadas nestes mapas. Os SIG podem ser utilizados em quaisquer aplica\u00e7\u00f5es que [&hellip;]<\/p>\n","protected":false},"author":20,"featured_media":0,"parent":0,"menu_order":0,"comment_status":"closed","ping_status":"closed","template":"","meta":{"_exactmetrics_skip_tracking":false,"_exactmetrics_sitenote_active":false,"_exactmetrics_sitenote_note":"","_exactmetrics_sitenote_category":0,"footnotes":""},"categories":[],"tags":[],"class_list":["post-68","page","type-page","status-publish","hentry"],"_links":{"self":[{"href":"https:\/\/www.professores.uff.br\/cristiane\/wp-json\/wp\/v2\/pages\/68","targetHints":{"allow":["GET"]}}],"collection":[{"href":"https:\/\/www.professores.uff.br\/cristiane\/wp-json\/wp\/v2\/pages"}],"about":[{"href":"https:\/\/www.professores.uff.br\/cristiane\/wp-json\/wp\/v2\/types\/page"}],"author":[{"embeddable":true,"href":"https:\/\/www.professores.uff.br\/cristiane\/wp-json\/wp\/v2\/users\/20"}],"replies":[{"embeddable":true,"href":"https:\/\/www.professores.uff.br\/cristiane\/wp-json\/wp\/v2\/comments?post=68"}],"version-history":[{"count":14,"href":"https:\/\/www.professores.uff.br\/cristiane\/wp-json\/wp\/v2\/pages\/68\/revisions"}],"predecessor-version":[{"id":442,"href":"https:\/\/www.professores.uff.br\/cristiane\/wp-json\/wp\/v2\/pages\/68\/revisions\/442"}],"wp:attachment":[{"href":"https:\/\/www.professores.uff.br\/cristiane\/wp-json\/wp\/v2\/media?parent=68"}],"wp:term":[{"taxonomy":"category","embeddable":true,"href":"https:\/\/www.professores.uff.br\/cristiane\/wp-json\/wp\/v2\/categories?post=68"},{"taxonomy":"post_tag","embeddable":true,"href":"https:\/\/www.professores.uff.br\/cristiane\/wp-json\/wp\/v2\/tags?post=68"}],"curies":[{"name":"wp","href":"https:\/\/api.w.org\/{rel}","templated":true}]}}