{"id":21,"date":"2017-07-26T10:47:17","date_gmt":"2017-07-26T13:47:17","guid":{"rendered":"http:\/\/www.professores.uff.br\/dalessandro\/?page_id=21"},"modified":"2017-09-22T11:08:08","modified_gmt":"2017-09-22T14:08:08","slug":"grupos-de-pesquisa","status":"publish","type":"page","link":"https:\/\/www.professores.uff.br\/dalessandro\/grupos-de-pesquisa\/","title":{"rendered":"Pesquisa"},"content":{"rendered":"<p><img loading=\"lazy\" decoding=\"async\" class=\"alignnone wp-image-180\" style=\"float: left\" src=\"http:\/\/www.professores.uff.br\/dalessandro\/wp-content\/uploads\/sites\/28\/2017\/07\/pesquisa.jpg\" alt=\"\" width=\"113\" height=\"96\" srcset=\"https:\/\/www.professores.uff.br\/dalessandro\/wp-content\/uploads\/sites\/28\/2017\/07\/pesquisa.jpg 365w, https:\/\/www.professores.uff.br\/dalessandro\/wp-content\/uploads\/sites\/28\/2017\/07\/pesquisa-300x256.jpg 300w\" sizes=\"auto, (max-width: 113px) 100vw, 113px\" \/><\/p>\n<h3><\/h3>\n<h3><\/h3>\n<h3><\/h3>\n<p><\/p>\n<ul>\n<li><a href=\"http:\/\/plsql1.cnpq.br\/buscaoperacional\/detalhegrupo.jsp?grupo=0005103X9IPZBK\"><strong>LabIDes &#8211; Laborat\u00f3rio de Inova\u00e7\u00e3o no Desenvolvimento de Sistemas<\/strong><\/a><\/li>\n<\/ul>\n<ul>\n<li><a href=\"http:\/\/plsql1.cnpq.br\/buscaoperacional\/detalhegrupo.jsp?grupo=00051036Z9GQ2B\"><strong>Matem\u00e1tica discreta e combinat\u00f3ria: teoria e ensino<\/strong><\/a><\/li>\n<\/ul>\n<ul>\n<li><strong><a href=\"http:\/\/plsql1.cnpq.br\/buscaoperacional\/detalhegrupo.jsp?grupo=0601103BHG5WY0\">Arquitetura de Servi\u00e7os para Apoio a Decis\u00e3o (ASAD)<\/a><\/strong><\/li>\n<\/ul>\n<ul>\n<li><strong><a href=\"http:\/\/lattes.cnpq.br\/web\/dgp\">N\u00facleo de Pesquisa em Sistemas de Informa\u00e7\u00e3o (NSI)<\/a><\/strong><\/li>\n<\/ul>\n<ul>\n<li><a href=\"http:\/\/plsql1.cnpq.br\/buscaoperacional\/detalhegrupo.jsp?grupo=0601308U2BNX4E\"><strong>DES &#8211; Discrete Event Simulation<\/strong><\/a><\/li>\n<\/ul>\n","protected":false},"excerpt":{"rendered":"<p>LabIDes &#8211; Laborat\u00f3rio de Inova\u00e7\u00e3o no Desenvolvimento de Sistemas Matem\u00e1tica discreta e combinat\u00f3ria: teoria e ensino Arquitetura de Servi\u00e7os para Apoio a Decis\u00e3o (ASAD) N\u00facleo de Pesquisa em Sistemas de Informa\u00e7\u00e3o (NSI) DES &#8211; Discrete Event Simulation<\/p>\n","protected":false},"author":30,"featured_media":0,"parent":0,"menu_order":0,"comment_status":"closed","ping_status":"closed","template":"","meta":{"_exactmetrics_skip_tracking":false,"_exactmetrics_sitenote_active":false,"_exactmetrics_sitenote_note":"","_exactmetrics_sitenote_category":0,"footnotes":""},"categories":[],"tags":[],"class_list":["post-21","page","type-page","status-publish","hentry"],"_links":{"self":[{"href":"https:\/\/www.professores.uff.br\/dalessandro\/wp-json\/wp\/v2\/pages\/21","targetHints":{"allow":["GET"]}}],"collection":[{"href":"https:\/\/www.professores.uff.br\/dalessandro\/wp-json\/wp\/v2\/pages"}],"about":[{"href":"https:\/\/www.professores.uff.br\/dalessandro\/wp-json\/wp\/v2\/types\/page"}],"author":[{"embeddable":true,"href":"https:\/\/www.professores.uff.br\/dalessandro\/wp-json\/wp\/v2\/users\/30"}],"replies":[{"embeddable":true,"href":"https:\/\/www.professores.uff.br\/dalessandro\/wp-json\/wp\/v2\/comments?post=21"}],"version-history":[{"count":16,"href":"https:\/\/www.professores.uff.br\/dalessandro\/wp-json\/wp\/v2\/pages\/21\/revisions"}],"predecessor-version":[{"id":397,"href":"https:\/\/www.professores.uff.br\/dalessandro\/wp-json\/wp\/v2\/pages\/21\/revisions\/397"}],"wp:attachment":[{"href":"https:\/\/www.professores.uff.br\/dalessandro\/wp-json\/wp\/v2\/media?parent=21"}],"wp:term":[{"taxonomy":"category","embeddable":true,"href":"https:\/\/www.professores.uff.br\/dalessandro\/wp-json\/wp\/v2\/categories?post=21"},{"taxonomy":"post_tag","embeddable":true,"href":"https:\/\/www.professores.uff.br\/dalessandro\/wp-json\/wp\/v2\/tags?post=21"}],"curies":[{"name":"wp","href":"https:\/\/api.w.org\/{rel}","templated":true}]}}