{"id":23,"date":"2017-07-26T10:47:31","date_gmt":"2017-07-26T13:47:31","guid":{"rendered":"http:\/\/www.professores.uff.br\/dalessandro\/?page_id=23"},"modified":"2017-08-21T14:38:37","modified_gmt":"2017-08-21T17:38:37","slug":"disciplinas","status":"publish","type":"page","link":"https:\/\/www.professores.uff.br\/dalessandro\/disciplinas\/","title":{"rendered":"Disciplinas"},"content":{"rendered":"<h4><strong>Gradua\u00e7\u00e3o<\/strong><\/h4>\n<ol>\n<li>Algoritmos em grafos (<a href=\"http:\/\/www.professores.uff.br\/dalessandro\/wp-content\/uploads\/sites\/28\/2017\/07\/1programagrafo.pdf\">programa<\/a>)<br \/>\nP1: <a href=\"http:\/\/www.professores.uff.br\/dalessandro\/wp-content\/uploads\/sites\/28\/2017\/07\/grafoP12013-2.pdf\">2013-2<\/a><br \/>\nMaterial complementar: <a href=\"https:\/\/people.eecs.berkeley.edu\/~vazirani\/algorithms\/all.pdf\" target=\"_blank\" rel=\"noopener noreferrer\">Livro &#8220;Algorithms&#8221; (DASGUPTA; PAPADIMITRIOU; VAZIRANI, 2006).<\/a><\/li>\n<li>Banco de Dados<br \/>\nP1: <a href=\"http:\/\/www.professores.uff.br\/dalessandro\/wp-content\/uploads\/sites\/28\/2017\/07\/bdP12012-2.pdf\">2012-2<\/a><br \/>\nP2: <a href=\"http:\/\/www.professores.uff.br\/dalessandro\/wp-content\/uploads\/sites\/28\/2017\/07\/bdP22012-2.pdf\">2012-2<\/a><br \/>\nMaterial complementar: <a href=\"http:\/\/www.cafw.ufsm.br\/~elisa\/bd.htm\" target=\"_blank\" rel=\"noopener noreferrer\">Site da Profa. Elisa Maria Pivetta (UFSM).<\/a><\/li>\n<li>Estrutura de Dados<br \/>\nP1: <a href=\"http:\/\/www.professores.uff.br\/dalessandro\/wp-content\/uploads\/sites\/28\/2017\/07\/edP12013-1.pdf\">2013-1<\/a><br \/>\nP2: <a href=\"http:\/\/www.professores.uff.br\/dalessandro\/wp-content\/uploads\/sites\/28\/2017\/07\/edP22013-1.pdf\">2013-1<\/a><br \/>\nP3: <a href=\"http:\/\/www.professores.uff.br\/dalessandro\/wp-content\/uploads\/sites\/28\/2017\/07\/edP32013-1.pdf\">2013-1<\/a><br \/>\nMaterial complementar:<a href=\"http:\/\/www.professores.uff.br\/dalessandro\/wp-content\/uploads\/sites\/28\/2017\/07\/materialtp2.zip\"> apostila do prof. Jos\u00e9 Lucas Rangel (PUC-Rio).<\/a><\/li>\n<li>Linguagens Formais e Teoria da Computa\u00e7\u00e3o (programa)<br \/>\nP1: <a href=\"http:\/\/www.professores.uff.br\/dalessandro\/wp-content\/uploads\/sites\/28\/2017\/07\/lfP120131.pdf\">2013-1<\/a><br \/>\nP2: <a href=\"http:\/\/www.professores.uff.br\/dalessandro\/wp-content\/uploads\/sites\/28\/2017\/07\/lfP220131.pdf\">2013-1<\/a><br \/>\nMaterial complementar: <a href=\"http:\/\/www-di.inf.puc-rio.br\/~rangel\/lf.html\" target=\"_blank\" rel=\"noopener noreferrer\">apostila do prof. Jos\u00e9 Lucas Rangel (PUC-Rio).<\/a><\/li>\n<li>Programa\u00e7\u00e3o com Arquivos<br \/>\n&#8211; C\u00f3digo em C++ sobre esteganografia.<br \/>\nMaterial complementar:<br \/>\n<a href=\"http:\/\/www.professores.uff.br\/dalessandro\/wp-content\/uploads\/sites\/28\/2017\/07\/3-Arquivos-Manipula\u00e7\u00e3o-de-arquivos-em-C.pdf\">&#8211; Material do prof. Jairo Francisco de Souza (UFJF).<\/a><br \/>\n<a href=\"http:\/\/www.professores.uff.br\/dalessandro\/wp-content\/uploads\/sites\/28\/2017\/07\/edarquivos.pdf\">&#8211; Material do prof. Jos\u00e9 Lucas Rangel (PUC-Rio).<\/a><\/li>\n<\/ol>\n<h5><strong>Mestrado UFF &#8211; MESC<\/strong><\/h5>\n<ul>\n<li>Algoritmos e Heur\u00edsticas (<a href=\"http:\/\/www.professores.uff.br\/dalessandro\/wp-content\/uploads\/sites\/28\/2017\/07\/programaAH.pdf\">programa<\/a>)<\/li>\n<\/ul>\n<h5><strong>Mestrado UCAM &#8211; MPOIC e PEP<\/strong><\/h5>\n<ul>\n<li>Programa\u00e7\u00e3o Matem\u00e1tica (<a href=\"https:\/\/mpoic.ucam-campos.br\/images\/arquivos\/disciplinas\/programacao-matematica.pdf\" target=\"_blank\" rel=\"noopener noreferrer\">programa<\/a>)<br \/>\n<strong>Slides<\/strong>:<br \/>\n&#8211; <a href=\"http:\/\/www.professores.uff.br\/dalessandro\/wp-content\/uploads\/sites\/28\/2017\/07\/introducao.ppt\">Introdu\u00e7\u00e3o<\/a><br \/>\n&#8211; <a href=\"http:\/\/www.professores.uff.br\/dalessandro\/wp-content\/uploads\/sites\/28\/2017\/07\/modelagem.ppt\">Modelagem<\/a><br \/>\n&#8211; <a href=\"http:\/\/www.professores.uff.br\/dalessandro\/wp-content\/uploads\/sites\/28\/2017\/07\/grafico.ppt\">M\u00e9todo Gr\u00e1fico<\/a><br \/>\n&#8211; <a href=\"http:\/\/www.professores.uff.br\/dalessandro\/wp-content\/uploads\/sites\/28\/2017\/07\/simplex.ppt\">M\u00e9todo Simplex<\/a><br \/>\n<strong>Listas:<\/strong><br \/>\n&#8211; <a href=\"http:\/\/www.professores.uff.br\/dalessandro\/wp-content\/uploads\/sites\/28\/2017\/07\/lista.pdf\">Exerc\u00edcios sobre modelagem<\/a><\/li>\n<\/ul>\n<h5><strong>Especializa\u00e7\u00e3o<\/strong><\/h5>\n<ul>\n<li>Aux\u00edlio Multicrit\u00e9rio \u00e0 Decis\u00e3o (programa)<br \/>\n<strong>Slides:<\/strong><br \/>\n&#8211; <a href=\"http:\/\/www.professores.uff.br\/dalessandro\/wp-content\/uploads\/sites\/28\/2017\/07\/Introducao.pptx\">Introdu\u00e7\u00e3o<\/a><br \/>\n&#8211; <a href=\"http:\/\/www.professores.uff.br\/dalessandro\/wp-content\/uploads\/sites\/28\/2017\/07\/Conceitos.pptx\">Conceitos b\u00e1sicos<\/a><br \/>\n&#8211;<a href=\"http:\/\/www.professores.uff.br\/dalessandro\/wp-content\/uploads\/sites\/28\/2017\/07\/MetodosBasicos.pptx\"> M\u00e9todos de BORDA, WSM e WPM<\/a> &#8211; adaptado do material do Prof. Edwin B. M. Meza.<br \/>\n&#8211; <a href=\"http:\/\/www.professores.uff.br\/dalessandro\/wp-content\/uploads\/sites\/28\/2017\/07\/AHP.pptx\">Escola americana; M\u00e9todo AHP<\/a> &#8211; adaptado do material do Prof. Edwin B. M. Meza.<br \/>\n&#8211; <a href=\"http:\/\/www.professores.uff.br\/dalessandro\/wp-content\/uploads\/sites\/28\/2017\/07\/Electre.pptx\">Escola francesa; M\u00e9todo ELECTRE<\/a> &#8211; adaptado do material do Prof. Edwin B. M. Meza.<br \/>\n<strong>Planilhas:<\/strong><br \/>\n&#8211; <a href=\"http:\/\/www.professores.uff.br\/dalessandro\/wp-content\/uploads\/sites\/28\/2017\/07\/MetodosBasicos.xlsx\">M\u00e9todos BORDA, WSM e WPM<\/a><br \/>\n&#8211;<a href=\"http:\/\/www.professores.uff.br\/dalessandro\/wp-content\/uploads\/sites\/28\/2017\/07\/MetodoAHP.xlsx\"> M\u00e9todo AHP<\/a><br \/>\n&#8211; <a href=\"http:\/\/www.professores.uff.br\/dalessandro\/wp-content\/uploads\/sites\/28\/2017\/07\/MetodoELECTRE.xlsx\">M\u00e9todo ELECTRE<\/a><br \/>\n<strong>Artigos:<\/strong><br \/>\n&#8211; <a href=\"http:\/\/www.professores.uff.br\/dalessandro\/wp-content\/uploads\/sites\/28\/2017\/07\/Artigo1.pdf\">Artigo 1<\/a><br \/>\n&#8211; <a href=\"http:\/\/www.professores.uff.br\/dalessandro\/wp-content\/uploads\/sites\/28\/2017\/07\/Artigo2.pdf\">Artigo 2<\/a><br \/>\n&#8211; <a href=\"http:\/\/www.professores.uff.br\/dalessandro\/wp-content\/uploads\/sites\/28\/2017\/07\/Artigo3.pdf\">Artigo 3<\/a><br \/>\n&#8211; <a href=\"http:\/\/www.professores.uff.br\/dalessandro\/wp-content\/uploads\/sites\/28\/2017\/07\/Artigo4.pdf\">Artigo 4<\/a><br \/>\n&#8211; <a href=\"http:\/\/www.professores.uff.br\/dalessandro\/wp-content\/uploads\/sites\/28\/2017\/07\/Artigo5.pdf\">Artigo 5<\/a><br \/>\n&#8211; <a href=\"http:\/\/www.professores.uff.br\/dalessandro\/wp-content\/uploads\/sites\/28\/2017\/07\/Artigo6.pdf\">Artigo 6<\/a><br \/>\n&#8211; <a href=\"http:\/\/www.professores.uff.br\/dalessandro\/wp-content\/uploads\/sites\/28\/2017\/07\/Artigo7.pdf\">Artigo 7<\/a><br \/>\n&#8211; <a href=\"http:\/\/www.professores.uff.br\/dalessandro\/wp-content\/uploads\/sites\/28\/2017\/07\/Artigo8.pdf\">Artigo 8<\/a><br \/>\n&#8211; <a href=\"http:\/\/www.professores.uff.br\/dalessandro\/wp-content\/uploads\/sites\/28\/2017\/07\/Artigo9.pdf\">Artigo 9<\/a><br \/>\n&#8211; <a href=\"http:\/\/www.professores.uff.br\/dalessandro\/wp-content\/uploads\/sites\/28\/2017\/07\/Artigo10.pdf\">Artigo 10<\/a><\/li>\n<\/ul>\n<p><strong>Material extra:<\/strong><br \/>\n&#8211; Decri\u00e7\u00e3o de modelos de carro para exerc\u00edcio: (rar)<\/p>\n","protected":false},"excerpt":{"rendered":"<p>Gradua\u00e7\u00e3o Algoritmos em grafos (programa) P1: 2013-2 Material complementar: Livro &#8220;Algorithms&#8221; (DASGUPTA; PAPADIMITRIOU; VAZIRANI, 2006). Banco de Dados P1: 2012-2 P2: 2012-2 Material complementar: Site da Profa. Elisa Maria Pivetta (UFSM). Estrutura de Dados P1: 2013-1 P2: 2013-1 P3: 2013-1 Material complementar: apostila do prof. Jos\u00e9 Lucas Rangel (PUC-Rio). Linguagens Formais e Teoria da Computa\u00e7\u00e3o [&hellip;]<\/p>\n","protected":false},"author":30,"featured_media":0,"parent":0,"menu_order":0,"comment_status":"closed","ping_status":"closed","template":"","meta":{"_exactmetrics_skip_tracking":false,"_exactmetrics_sitenote_active":false,"_exactmetrics_sitenote_note":"","_exactmetrics_sitenote_category":0,"footnotes":""},"categories":[],"tags":[],"class_list":["post-23","page","type-page","status-publish","hentry"],"_links":{"self":[{"href":"https:\/\/www.professores.uff.br\/dalessandro\/wp-json\/wp\/v2\/pages\/23","targetHints":{"allow":["GET"]}}],"collection":[{"href":"https:\/\/www.professores.uff.br\/dalessandro\/wp-json\/wp\/v2\/pages"}],"about":[{"href":"https:\/\/www.professores.uff.br\/dalessandro\/wp-json\/wp\/v2\/types\/page"}],"author":[{"embeddable":true,"href":"https:\/\/www.professores.uff.br\/dalessandro\/wp-json\/wp\/v2\/users\/30"}],"replies":[{"embeddable":true,"href":"https:\/\/www.professores.uff.br\/dalessandro\/wp-json\/wp\/v2\/comments?post=23"}],"version-history":[{"count":16,"href":"https:\/\/www.professores.uff.br\/dalessandro\/wp-json\/wp\/v2\/pages\/23\/revisions"}],"predecessor-version":[{"id":323,"href":"https:\/\/www.professores.uff.br\/dalessandro\/wp-json\/wp\/v2\/pages\/23\/revisions\/323"}],"wp:attachment":[{"href":"https:\/\/www.professores.uff.br\/dalessandro\/wp-json\/wp\/v2\/media?parent=23"}],"wp:term":[{"taxonomy":"category","embeddable":true,"href":"https:\/\/www.professores.uff.br\/dalessandro\/wp-json\/wp\/v2\/categories?post=23"},{"taxonomy":"post_tag","embeddable":true,"href":"https:\/\/www.professores.uff.br\/dalessandro\/wp-json\/wp\/v2\/tags?post=23"}],"curies":[{"name":"wp","href":"https:\/\/api.w.org\/{rel}","templated":true}]}}