{"id":37,"date":"2022-01-17T14:26:11","date_gmt":"2022-01-17T17:26:11","guid":{"rendered":"http:\/\/www.professores.uff.br\/diogo\/?page_id=37"},"modified":"2023-02-04T15:51:02","modified_gmt":"2023-02-04T18:51:02","slug":"teaching","status":"publish","type":"page","link":"https:\/\/www.professores.uff.br\/diogo\/teaching\/","title":{"rendered":"Teaching"},"content":{"rendered":"\n<ul class=\"wp-block-list\"><li><strong>Current courses<\/strong><ul><li><strong><em>TEP &#8211; Departamento de Engenharia de Produ\u00e7\u00e3o, Universidade Federal Fluminense <\/em><\/strong><ul><li>Pesquisa Operacional II <\/li><li>Modelagem e Gest\u00e3o de Processos <\/li><\/ul><\/li><li><em><strong>TPP &#8211; Programa de P\u00f3s-gradua\u00e7\u00e3o em Engenharia de Produ\u00e7\u00e3o, Universidade Federal Fluminense <\/strong><\/em><ul><li>T\u00f3picos Especiais 2: Aprendizado de M\u00e1quina e Decis\u00f5es Dirigidas por Dados<\/li><\/ul><\/li><\/ul><\/li><\/ul>\n\n\n\n<p><\/p>\n","protected":false},"excerpt":{"rendered":"<p>Current courses TEP &#8211; Departamento de Engenharia de Produ\u00e7\u00e3o, Universidade Federal Fluminense Pesquisa Operacional II Modelagem e Gest\u00e3o de Processos TPP &#8211; Programa de P\u00f3s-gradua\u00e7\u00e3o em Engenharia de Produ\u00e7\u00e3o, Universidade Federal Fluminense T\u00f3picos Especiais 2: Aprendizado de M\u00e1quina e Decis\u00f5es Dirigidas por Dados<\/p>\n","protected":false},"author":264,"featured_media":0,"parent":0,"menu_order":0,"comment_status":"closed","ping_status":"closed","template":"","meta":{"_et_pb_use_builder":"off","_et_pb_old_content":"","_et_gb_content_width":"","_exactmetrics_skip_tracking":false,"_exactmetrics_sitenote_active":false,"_exactmetrics_sitenote_note":"","_exactmetrics_sitenote_category":0,"footnotes":""},"categories":[],"tags":[],"class_list":["post-37","page","type-page","status-publish","hentry"],"_links":{"self":[{"href":"https:\/\/www.professores.uff.br\/diogo\/wp-json\/wp\/v2\/pages\/37","targetHints":{"allow":["GET"]}}],"collection":[{"href":"https:\/\/www.professores.uff.br\/diogo\/wp-json\/wp\/v2\/pages"}],"about":[{"href":"https:\/\/www.professores.uff.br\/diogo\/wp-json\/wp\/v2\/types\/page"}],"author":[{"embeddable":true,"href":"https:\/\/www.professores.uff.br\/diogo\/wp-json\/wp\/v2\/users\/264"}],"replies":[{"embeddable":true,"href":"https:\/\/www.professores.uff.br\/diogo\/wp-json\/wp\/v2\/comments?post=37"}],"version-history":[{"count":9,"href":"https:\/\/www.professores.uff.br\/diogo\/wp-json\/wp\/v2\/pages\/37\/revisions"}],"predecessor-version":[{"id":78,"href":"https:\/\/www.professores.uff.br\/diogo\/wp-json\/wp\/v2\/pages\/37\/revisions\/78"}],"wp:attachment":[{"href":"https:\/\/www.professores.uff.br\/diogo\/wp-json\/wp\/v2\/media?parent=37"}],"wp:term":[{"taxonomy":"category","embeddable":true,"href":"https:\/\/www.professores.uff.br\/diogo\/wp-json\/wp\/v2\/categories?post=37"},{"taxonomy":"post_tag","embeddable":true,"href":"https:\/\/www.professores.uff.br\/diogo\/wp-json\/wp\/v2\/tags?post=37"}],"curies":[{"name":"wp","href":"https:\/\/api.w.org\/{rel}","templated":true}]}}