{"id":20,"date":"2017-09-11T10:04:53","date_gmt":"2017-09-11T13:04:53","guid":{"rendered":"http:\/\/www.professores.uff.br\/diomarcesarlobao\/?page_id=20"},"modified":"2017-09-14T13:53:58","modified_gmt":"2017-09-14T16:53:58","slug":"material","status":"publish","type":"page","link":"https:\/\/www.professores.uff.br\/diomarcesarlobao\/material\/","title":{"rendered":"Material"},"content":{"rendered":"<h4><strong>Available material for download and links<\/strong><\/h4>\n<p><img loading=\"lazy\" decoding=\"async\" class=\"alignnone wp-image-22\" src=\"http:\/\/www.professores.uff.br\/diomarcesarlobao\/wp-content\/uploads\/sites\/85\/2017\/09\/shuttle22.gif\" alt=\"\" width=\"385\" height=\"277\" \/><\/p>\n<p><img loading=\"lazy\" decoding=\"async\" class=\"alignnone wp-image-21\" src=\"http:\/\/www.professores.uff.br\/diomarcesarlobao\/wp-content\/uploads\/sites\/85\/2017\/09\/AirfoilGeom.gif\" alt=\"\" width=\"606\" height=\"163\" \/><\/p>\n<h4><strong>Links where download of Free Fortran 95 Compilers are available<\/strong><\/h4>\n<ul>\n<li><a href=\"http:\/\/www.silverfrost.com\/32\/ftn95\/ftn95_personal_edition.asp\" target=\"_blank\" rel=\"noopener noreferrer\">Salford\/Silverfrost-FTN95<\/a> -also downloadable from <a href=\"http:\/\/www.download.com\/Silverfrost-FTN95\/3000-2069_4-10698194.html?tag=pub\" target=\"_blank\" rel=\"noopener noreferrer\">cnet<\/a><\/li>\n<li><a href=\"http:\/\/gcc.gnu.org\/wiki\/GFortran\" target=\"_blank\" rel=\"noopener noreferrer\">GNU Fortran 95<\/a><\/li>\n<li><a href=\"http:\/\/www.g95.org\/\" target=\"_blank\" rel=\"noopener noreferrer\">G95<\/a><\/li>\n<li><a href=\"http:\/\/www.thefreecountry.com\/compilers\/fortran.shtml\" target=\"_blank\" rel=\"noopener noreferrer\">Fortran Compilers<\/a><\/li>\n<\/ul>\n<h4><strong> FORTRAN90\/95<\/strong><\/h4>\n<ul>\n<li><a href=\"http:\/\/www.professores.uff.br\/diomarcesarlobao\/wp-content\/uploads\/sites\/85\/2017\/09\/f90_book.zip\">Chapman FORTRAN90 codes&#8230;<\/a><\/li>\n<li><a href=\"http:\/\/www.professores.uff.br\/diomarcesarlobao\/wp-content\/uploads\/sites\/85\/2017\/09\/fortran_apostila_CENAPAD.pdf\">CENAPAD Fortran90 material<\/a><\/li>\n<li><a href=\"http:\/\/www.professores.uff.br\/diomarcesarlobao\/wp-content\/uploads\/sites\/85\/2017\/09\/3FORTRAN_UNICAMP0.pdf\">Unicamp Fortran material<\/a><\/li>\n<li><a href=\"http:\/\/www.professores.uff.br\/diomarcesarlobao\/wp-content\/uploads\/sites\/85\/2017\/09\/4Fortran90_UserGuide.pdf\">SUN Fortran90<\/a><\/li>\n<li><a href=\"http:\/\/www.professores.uff.br\/diomarcesarlobao\/wp-content\/uploads\/sites\/85\/2017\/09\/5Fortran90_Introduction_ITS.pdf\">Fortran90 Introduction&#8230;<\/a><\/li>\n<li><a href=\"http:\/\/www.professores.uff.br\/diomarcesarlobao\/wp-content\/uploads\/sites\/85\/2017\/09\/6Fortran_90_For_Scientists_And_Engineers.pdf\">Fortran 90 for Scientists&#8230;<\/a><\/li>\n<li><a href=\"http:\/\/www.professores.uff.br\/diomarcesarlobao\/wp-content\/uploads\/sites\/85\/2017\/09\/7McGraw-Hill_Fortran_90_Handbook.pdf\">Fortran90 Handbook<\/a><\/li>\n<li><a href=\"http:\/\/www.professores.uff.br\/diomarcesarlobao\/wp-content\/uploads\/sites\/85\/2017\/09\/8intro-f90-notes.pdf\">Fortran90 Cardiff HPC<\/a><\/li>\n<li><a href=\"http:\/\/www.professores.uff.br\/diomarcesarlobao\/index-and-description-of-example-fortran-programs\/\">John Mahaffy, Penn State University Programs Examples Fortran<\/a><\/li>\n<li><a href=\"http:\/\/www.professores.uff.br\/diomarcesarlobao\/readwriteplot_dio-matlab-script\/\">ReadWritePlot_Dio Matlab script<\/a><\/li>\n<li><a href=\"http:\/\/www.professores.uff.br\/diomarcesarlobao\/readcoldata-matlab-script\/\">readColData Matlab script<\/a><\/li>\n<li><a href=\"http:\/\/www.professores.uff.br\/diomarcesarlobao\/wp-content\/uploads\/sites\/85\/2017\/09\/1F9095_week2.pdf\">Homework #1<\/a><\/li>\n<li><a href=\"http:\/\/www.professores.uff.br\/diomarcesarlobao\/wp-content\/uploads\/sites\/85\/2017\/09\/2F9095_week3.pdf\">Homework #2<\/a><\/li>\n<li><a href=\"http:\/\/www.professores.uff.br\/diomarcesarlobao\/wp-content\/uploads\/sites\/85\/2017\/09\/3F9095_week4.pdf\">Homework #3<\/a><\/li>\n<li><a href=\"http:\/\/www.professores.uff.br\/diomarcesarlobao\/wp-content\/uploads\/sites\/85\/2017\/09\/31Exemplo_ExerFORTRAN9095.doc\">Exercise<\/a><\/li>\n<li><a href=\"http:\/\/www.professores.uff.br\/diomarcesarlobao\/wp-content\/uploads\/sites\/85\/2017\/09\/4Revisao_01.pdf\">Homework #4<\/a><\/li>\n<li><a href=\"http:\/\/www.professores.uff.br\/diomarcesarlobao\/wp-content\/uploads\/sites\/85\/2017\/09\/5InterFORTRAN9095.pdf\">Homework #5<\/a><\/li>\n<\/ul>\n<hr \/>\n<h4><strong>HEAT TRANSFER (Transmiss\u00e3o de Calor)<\/strong><\/h4>\n<ul>\n<li><a href=\"http:\/\/www.professores.uff.br\/diomarcesarlobao\/wp-content\/uploads\/sites\/85\/2017\/09\/condbook.pdf\"> Notes by Daniel W. Mackowski<\/a><\/li>\n<li><a href=\"http:\/\/www.professores.uff.br\/diomarcesarlobao\/wp-content\/uploads\/sites\/85\/2017\/09\/Heat_TRANSFER_Book.zip\">Book by John H. Lienhard IV\/V<\/a><\/li>\n<\/ul>\n<hr \/>\n<h4><strong> Calculus II (C\u00e1lculo II)<\/strong><\/h4>\n<ul>\n<li><a href=\"http:\/\/www.professores.uff.br\/diomarcesarlobao\/wp-content\/uploads\/sites\/85\/2017\/09\/Topicos_Algebra_Linear.pdf\"> T\u00f3picos Algebra Linear by P.A. Martin &amp; M. L. Singer<\/a><\/li>\n<li><a href=\"http:\/\/www.professores.uff.br\/diomarcesarlobao\/wp-content\/uploads\/sites\/85\/2017\/09\/Multi_calculus_BOOK.pdf\">Multi Calculus by Jerry Shurman<\/a><\/li>\n<li><a href=\"http:\/\/www.professores.uff.br\/diomarcesarlobao\/wp-content\/uploads\/sites\/85\/2017\/09\/Calculo_II_2_GOOD.pdf\">C\u00e1lculo II by Claudio Martins Mendes<\/a><\/li>\n<li><a href=\"http:\/\/www.professores.uff.br\/diomarcesarlobao\/wp-content\/uploads\/sites\/85\/2017\/09\/Calculo_II_GOOD.pdf\">C\u00e1lculo II by A.N. Carvalho, W.V.L. Nunes &amp; S.L. Zani<\/a><\/li>\n<li><a href=\"http:\/\/www.professores.uff.br\/diomarcesarlobao\/wp-content\/uploads\/sites\/85\/2017\/09\/eqdiferenciais_Book.pdf\">Equa\u00e7\u00f5es Diferenciais (EDO) by Jaime E. Villate<\/a><\/li>\n<li><a href=\"http:\/\/www.professores.uff.br\/diomarcesarlobao\/implicit-function-matlab-script-by-dio\/\">Implicit Function matlab script by Dio<\/a><\/li>\n<\/ul>\n<hr \/>\n<h4><strong> Numerical Methods (M\u00e9todos Num\u00e9ricos)<\/strong><\/h4>\n<ul>\n<li><a href=\"http:\/\/www.professores.uff.br\/diomarcesarlobao\/numerical-methods-metodos-numericos\/\">click on<\/a><\/li>\n<\/ul>\n<hr \/>\n<h4><strong>MCCT<\/strong><\/h4>\n<ul>\n<li><a href=\"http:\/\/www.professores.uff.br\/diomarcesarlobao\/mcct\/\">click on<\/a><\/li>\n<\/ul>\n<hr \/>\n<h4><strong>Some Educational papers by me!!!<\/strong><\/h4>\n<ul>\n<li><a href=\"http:\/\/www.professores.uff.br\/diomarcesarlobao\/wp-content\/uploads\/sites\/85\/2017\/09\/1SAB2-CERCA.pdf\">Observa\u00e7\u00e3o de Estrelas Bin\u00e1rias (In Portuguese)<\/a><\/li>\n<li><a href=\"http:\/\/www.professores.uff.br\/diomarcesarlobao\/wp-content\/uploads\/sites\/85\/2017\/09\/2BI-CERCA.pdf\">Orbital Ephemerides For Visual Binary Stars<\/a><\/li>\n<li><a href=\"http:\/\/www.professores.uff.br\/diomarcesarlobao\/wp-content\/uploads\/sites\/85\/2017\/09\/3SABP94-CERCA.pdf\">Determination of Orbital Elements for Visual Binary Star<\/a><\/li>\n<li><a href=\"http:\/\/www.professores.uff.br\/diomarcesarlobao\/wp-content\/uploads\/sites\/85\/2017\/09\/4Dio_Frangetto_BINARIAS.pdf\">Estrellas Duplas, Sistemas Multiples e Sistemas Planet\u00e1rio; A Binaria p ERIDANI<\/a><\/li>\n<li><a href=\"http:\/\/www.professores.uff.br\/diomarcesarlobao\/wp-content\/uploads\/sites\/85\/2017\/09\/5SABP95-CERCA.pdf\">The Polytrope Star: A Didactic Numerical Model<\/a><\/li>\n<li><a href=\"http:\/\/www.professores.uff.br\/diomarcesarlobao\/wp-content\/uploads\/sites\/85\/2017\/09\/6SABT96-CERCA.pdf\">The Homogeneous Star Model -Part II<\/a><\/li>\n<li><a href=\"http:\/\/www.professores.uff.br\/diomarcesarlobao\/wp-content\/uploads\/sites\/85\/2017\/09\/7SAB97-CERCA.pdf\">How to Use Mathematica &#8230; Celestial Mechanics<\/a><\/li>\n<\/ul>\n<hr \/>\n<h4><strong>Astronomy and CFD Links<\/strong><\/h4>\n<ul>\n<li><a href=\"http:\/\/www.iee.tu-berlin.de\/personen\/lange\/astro-www.html\" target=\"_blank\" rel=\"noopener noreferrer\">AstroWeb Database<\/a><\/li>\n<li><a href=\"http:\/\/cdsweb.u-strasbg.fr\/astroweb\/software.html\" target=\"_blank\" rel=\"noopener noreferrer\">Software Servers<\/a><\/li>\n<li><a href=\"http:\/\/www.worldsearch.com\/dp.lisa\/en\/Science\/Astronomy\/Software\/Computational_Astrophysics\" target=\"_blank\" rel=\"noopener noreferrer\">Newave Research<\/a><\/li>\n<li><a href=\"http:\/\/libnet.ucsd.edu\/se\/list.html?type=20\" target=\"_blank\" rel=\"noopener noreferrer\">Science<\/a><\/li>\n<li><a href=\"http:\/\/bima.astro.umd.edu\/nemo\/\" target=\"_blank\" rel=\"noopener noreferrer\">NEMO<\/a><\/li>\n<li><a href=\"http:\/\/astro.u-strasbg.fr\/~koppen\/JKLaunch.html\" target=\"_blank\" rel=\"noopener noreferrer\">Joachim Koppen webpage<\/a><\/li>\n<li><a href=\"http:\/\/thcentral.com\/CFDInfo\/cfddocuments.htm\" target=\"_blank\" rel=\"noopener noreferrer\">Thermal-Hydraulics<\/a><\/li>\n<li><a href=\"http:\/\/www.utias.utoronto.ca\/test\/res\/fd.html\" target=\"_blank\" rel=\"noopener noreferrer\">UTIAS<\/a><\/li>\n<li><a href=\"http:\/\/icemcfd.com\/cfd\/CFD_homepages.html\" target=\"_blank\" rel=\"noopener noreferrer\">CFD WWW<\/a><\/li>\n<li><a href=\"http:\/\/www.cacr.caltech.edu\/Publications\/annreps\/annrep95\/articles.html\" target=\"_blank\" rel=\"noopener noreferrer\">CACR<\/a><\/li>\n<li><a href=\"http:\/\/www.camk.edu.pl\/~tomek\/AMRA\/amr.html\" target=\"_blank\" rel=\"noopener noreferrer\">AMRA<\/a><\/li>\n<li><a href=\"http:\/\/www.cfdreview.com\/\" target=\"_blank\" rel=\"noopener noreferrer\">CFD Review<\/a><\/li>\n<li><a href=\"https:\/\/slider-secure.vendercom.com\/Science\/Astronomy\/Software\/Computational_Astrophysics.htm\" target=\"_blank\" rel=\"noopener noreferrer\">Slider<\/a><\/li>\n<li><a href=\"http:\/\/www.tuat.ac.jp\/~jscfd\/committee\/aims.html\" target=\"_blank\" rel=\"noopener noreferrer\">CFD Journal<\/a><\/li>\n<li><a href=\"http:\/\/archive.ncsa.uiuc.edu\/General\/Exemplar\/ARPA\/3q95\/Apps.html\" target=\"_blank\" rel=\"noopener noreferrer\">Applications<\/a><\/li>\n<li><a href=\"http:\/\/www.mastep.sjsu.edu\/resources\/physics.htm\">Physics Web<\/a><\/li>\n<li><a href=\"http:\/\/cdsweb.u-strasbg.fr\/astroweb\/software.html\" target=\"_blank\" rel=\"noopener noreferrer\">Strasbg Astroweb<\/a><\/li>\n<\/ul>\n<h4><strong>Academic Week UFF Links<\/strong><\/h4>\n<ul>\n<li><a href=\"http:\/\/www.professores.uff.br\/diomarcesarlobao\/wp-content\/uploads\/sites\/85\/2017\/09\/Matlab_Dio_Flavio2009total.pdf\">Academic Week#1 2009<\/a><\/li>\n<li><a href=\"http:\/\/www.professores.uff.br\/diomarcesarlobao\/wp-content\/uploads\/sites\/85\/2017\/09\/Tranferencia_Massa_2009.pdf\">Academic Week#2 2009<\/a><\/li>\n<li><a href=\"http:\/\/www.professores.uff.br\/diomarcesarlobao\/wp-content\/uploads\/sites\/85\/2017\/09\/matlab_Dio_Fei_2008.pdf\">Academic Week#1 2008<\/a><\/li>\n<li><a href=\"http:\/\/www.professores.uff.br\/diomarcesarlobao\/wp-content\/uploads\/sites\/85\/2017\/09\/ConsLawXNonConsLaw2008.pdf\">Academic Week#2 2008<\/a><\/li>\n<li><a href=\"http:\/\/www.professores.uff.br\/diomarcesarlobao\/wp-content\/uploads\/sites\/85\/2017\/09\/Introd_matlab_Dio_e_Flavio.pdf\">Academic Week 2007<\/a><\/li>\n<li><a href=\"http:\/\/www.professores.uff.br\/diomarcesarlobao\/wp-content\/uploads\/sites\/85\/2017\/09\/Microsoft-PowerPoint-UFF_MultiGrid.pdf\">Academic Week 2006<\/a><\/li>\n<\/ul>\n","protected":false},"excerpt":{"rendered":"<p>Available material for download and links Links where download of Free Fortran 95 Compilers are available Salford\/Silverfrost-FTN95 -also downloadable from cnet GNU Fortran 95 G95 Fortran Compilers FORTRAN90\/95 Chapman FORTRAN90 codes&#8230; CENAPAD Fortran90 material Unicamp Fortran material SUN Fortran90 Fortran90 Introduction&#8230; Fortran 90 for Scientists&#8230; Fortran90 Handbook Fortran90 Cardiff HPC John Mahaffy, Penn State University [&hellip;]<\/p>\n","protected":false},"author":22,"featured_media":0,"parent":0,"menu_order":0,"comment_status":"closed","ping_status":"closed","template":"","meta":{"_exactmetrics_skip_tracking":false,"_exactmetrics_sitenote_active":false,"_exactmetrics_sitenote_note":"","_exactmetrics_sitenote_category":0,"footnotes":""},"categories":[],"tags":[],"class_list":["post-20","page","type-page","status-publish","hentry"],"_links":{"self":[{"href":"https:\/\/www.professores.uff.br\/diomarcesarlobao\/wp-json\/wp\/v2\/pages\/20","targetHints":{"allow":["GET"]}}],"collection":[{"href":"https:\/\/www.professores.uff.br\/diomarcesarlobao\/wp-json\/wp\/v2\/pages"}],"about":[{"href":"https:\/\/www.professores.uff.br\/diomarcesarlobao\/wp-json\/wp\/v2\/types\/page"}],"author":[{"embeddable":true,"href":"https:\/\/www.professores.uff.br\/diomarcesarlobao\/wp-json\/wp\/v2\/users\/22"}],"replies":[{"embeddable":true,"href":"https:\/\/www.professores.uff.br\/diomarcesarlobao\/wp-json\/wp\/v2\/comments?post=20"}],"version-history":[{"count":9,"href":"https:\/\/www.professores.uff.br\/diomarcesarlobao\/wp-json\/wp\/v2\/pages\/20\/revisions"}],"predecessor-version":[{"id":606,"href":"https:\/\/www.professores.uff.br\/diomarcesarlobao\/wp-json\/wp\/v2\/pages\/20\/revisions\/606"}],"wp:attachment":[{"href":"https:\/\/www.professores.uff.br\/diomarcesarlobao\/wp-json\/wp\/v2\/media?parent=20"}],"wp:term":[{"taxonomy":"category","embeddable":true,"href":"https:\/\/www.professores.uff.br\/diomarcesarlobao\/wp-json\/wp\/v2\/categories?post=20"},{"taxonomy":"post_tag","embeddable":true,"href":"https:\/\/www.professores.uff.br\/diomarcesarlobao\/wp-json\/wp\/v2\/tags?post=20"}],"curies":[{"name":"wp","href":"https:\/\/api.w.org\/{rel}","templated":true}]}}