{"id":158,"date":"2025-05-30T19:06:58","date_gmt":"2025-05-30T22:06:58","guid":{"rendered":"http:\/\/www.professores.uff.br\/eheleno\/?page_id=158"},"modified":"2025-05-30T19:19:59","modified_gmt":"2025-05-30T22:19:59","slug":"pesquisa","status":"publish","type":"page","link":"https:\/\/www.professores.uff.br\/eheleno\/pesquisa\/","title":{"rendered":"Pesquisa"},"content":{"rendered":"<p>[et_pb_section fb_built=&#8221;1&#8243; next_background_color=&#8221;#f7f7f7&#8243; admin_label=&#8221;Hero Section&#8221; _builder_version=&#8221;4.16&#8243; use_background_color_gradient=&#8221;on&#8221; background_color_gradient_direction=&#8221;114deg&#8221; background_color_gradient_stops=&#8221;#2124ef 0%|#000000 100%&#8221; background_color_gradient_start=&#8221;#2124ef&#8221; background_color_gradient_end=&#8221;#000000&#8243; background_image=&#8221;http:\/\/www.professores.uff.br\/eheleno\/wp-content\/uploads\/sites\/222\/2021\/07\/Imagem3.jpg&#8221; parallax=&#8221;on&#8221; custom_padding=&#8221;0%||16%|||&#8221; bottom_divider_style=&#8221;slant&#8221; bottom_divider_height=&#8221;60px&#8221; background_last_edited=&#8221;on|tablet&#8221; global_colors_info=&#8221;{}&#8221; background_color_gradient_direction__hover=&#8221;180deg&#8221; background_color_gradient_direction__hover_enabled=&#8221;180deg&#8221; background_color_gradient_start_position__hover=&#8221;0%&#8221; background_color_gradient_start_position__hover_enabled=&#8221;0%&#8221; background_color_gradient_end_position__hover=&#8221;100%&#8221; background_color_gradient_end_position__hover_enabled=&#8221;100%&#8221; background_color_gradient_stops__hover=&#8221;#2124ef 0%|#000000 100%&#8221;][et_pb_row _builder_version=&#8221;4.16&#8243; global_colors_info=&#8221;{}&#8221;][et_pb_column type=&#8221;4_4&#8243; _builder_version=&#8221;4.16&#8243; custom_padding=&#8221;|||&#8221; global_colors_info=&#8221;{}&#8221; custom_padding__hover=&#8221;|||&#8221;][et_pb_text admin_label=&#8221;Hero Section Title&#8221; _builder_version=&#8221;4.16&#8243; text_font=&#8221;|||on|||||&#8221; header_font=&#8221;Montserrat|600|||||||&#8221; header_font_size=&#8221;48px&#8221; header_letter_spacing=&#8221;3px&#8221; header_line_height=&#8221;1.3em&#8221; header_2_font=&#8221;Montserrat|700|||||||&#8221; header_2_text_color=&#8221;rgba(255,255,255,0.6)&#8221; header_2_font_size=&#8221;90px&#8221; header_2_letter_spacing=&#8221;3px&#8221; header_2_line_height=&#8221;1.1em&#8221; text_orientation=&#8221;center&#8221; background_layout=&#8221;dark&#8221; module_alignment=&#8221;center&#8221; custom_margin=&#8221;||60px|&#8221; animation_style=&#8221;slide&#8221; animation_direction=&#8221;bottom&#8221; animation_intensity_slide=&#8221;5%&#8221; header_font_size_tablet=&#8221;&#8221; header_font_size_phone=&#8221;28px&#8221; header_font_size_last_edited=&#8221;on|phone&#8221; header_2_font_size_tablet=&#8221;&#8221; header_2_font_size_phone=&#8221;50px&#8221; header_2_font_size_last_edited=&#8221;on|phone&#8221; global_colors_info=&#8221;{}&#8221;]<\/p>\n<h2 style=\"text-align: right\"><span style=\"font-size: xx-large;color: #0c71c3\">PEsquisa<\/span><\/h2>\n<p>[\/et_pb_text][\/et_pb_column][\/et_pb_row][et_pb_row column_structure=&#8221;1_2,1_2&#8243; _builder_version=&#8221;4.16&#8243; _module_preset=&#8221;default&#8221; background_color=&#8221;#474747&#8243; width=&#8221;56.2%&#8221; min_height=&#8221;902px&#8221; custom_margin=&#8221;11px|auto||auto||&#8221; global_colors_info=&#8221;{}&#8221;][et_pb_column type=&#8221;1_2&#8243; _builder_version=&#8221;4.16&#8243; _module_preset=&#8221;default&#8221; global_colors_info=&#8221;{}&#8221;][et_pb_text _builder_version=&#8221;4.16&#8243; _module_preset=&#8221;default&#8221; text_font=&#8221;||||||||&#8221; text_text_color=&#8221;#ffffff&#8221; text_font_size=&#8221;8px&#8221; width=&#8221;92.5%&#8221; max_width=&#8221;88%&#8221; custom_padding=&#8221;1px||0px|||&#8221; global_colors_info=&#8221;{}&#8221;]<\/p>\n<p style=\"padding-left: 60px;text-align: justify\">\n<p style=\"padding-left: 60px;text-align: justify\">\n<p style=\"padding-left: 60px;text-align: justify\"><span style=\"font-size: large\"><b>Pesquisas em andamento<\/b><\/span><span style=\"font-size: large\"><\/span><\/p>\n<p style=\"padding-left: 30px;text-align: justify\"><span style=\"font-size: large\"><strong><em><span style=\"text-decoration: underline\">Grupo de Pesquisa Democracia, For\u00e7as Armadas, Estado e Sociedade (DG-CNPQ)<\/span><\/em><\/strong>.<br \/><strong>Projeto de pesquisa:<\/strong> For\u00e7as Armadas, Estado e Sociedade &#8211;\u00a0 Entre o Ativismo Pol\u00edtico e a Profissionaliza\u00e7\u00e3o<br \/>Apoio: FAPERJ\u00a0 <\/span><\/p>\n<p style=\"padding-left: 30px;text-align: justify\"><span style=\"font-size: large\"><strong>Atividades associadas<\/strong><br \/>Coordena\u00e7\u00e3o do GT For\u00e7as Armadas, Estado e Sociedade na ANPOCS<\/span><\/p>\n<p style=\"text-align: left\"><span style=\"font-size: large\">\u00a0 \u00a0 \u00a0 Investigador associado \u00e0 rede de pesquisa Direitas, Hist\u00f3ria e Mem\u00f3ria (UFJF)<\/span><\/p>\n<p style=\"text-align: left\"><span style=\"font-size: large\">\u00a0 \u00a0 \u00a0 Integrante do grupo de pesquisa sobre a Esquerda Militar (UNESP)<\/span><\/p>\n<p style=\"text-align: left\"><span style=\"font-size: large\">\u00a0 \u00a0 \u00a0 \u00a0Integrante da Resdal &#8211; Red de Seguridad y\u00a0 \u00a0 \u00a0 \u00a0 \u00a0 Defensa de Am\u00e9rica Latina\u00a0<\/span><br \/><span style=\"font-size: large\"><\/span><span style=\"font-size: large\"><\/span><span style=\"font-size: large\"><\/span><\/p>\n<p style=\"padding-left: 30px;text-align: justify\"><span style=\"font-size: large\"><\/span><\/p>\n<p style=\"padding-left: 30px;text-align: justify\"><span style=\"font-size: large\"><\/span><\/p>\n<p style=\"padding-left: 30px;text-align: justify\"><span style=\"font-size: large\"><\/span><\/p>\n<p style=\"padding-left: 30px;text-align: justify\"><span style=\"font-size: large\"><\/span><\/p>\n<p style=\"padding-left: 30px;text-align: justify\"><span style=\"font-size: large\"><strong>Proposta de Projeto de Extens\u00e3o <\/strong>:\u00a0<\/span><\/p>\n<p style=\"padding-left: 30px;text-align: justify\"><span style=\"font-size: large\">For\u00e7as Armadas, Estado e Sociedade no Brasil e a Teoria Pol\u00edtica dos Estudos Estrat\u00e9gicos<\/span><span style=\"font-size: large\">.<\/span><\/p>\n<p style=\"padding-left: 30px;text-align: justify\"><span style=\"font-size: large\"><br \/><strong>Projetos apoiados<\/strong><br \/><strong><em><span style=\"text-decoration: underline\">O entorno brasileiro nos Estudos Estrat\u00e9gicos e nas Rela\u00e7\u00f5es Internacionais<\/span><\/em><\/strong><\/span><\/p>\n<p style=\"padding-left: 30px;text-align: justify\"><span style=\"font-size: large\"><strong>Proposta de Projeto de Extens\u00e3o <\/strong>:\u00a0<\/span><\/p>\n<p style=\"padding-left: 30px;text-align: justify\"><span style=\"font-size: large\">A \u00c1frica nas Rela\u00e7\u00f5es Internacionais e nos Estudos Estrat\u00e9gicos<\/span><span style=\"font-size: large\">.<\/span><\/p>\n<p style=\"padding-left: 30px;text-align: justify\"><span style=\"font-size: large\">\u00a0<\/span><\/p>\n<p style=\"padding-left: 30px;text-align: justify\"><span style=\"font-size: large\"><\/span><\/p>\n<p>&nbsp;<\/p>\n<p>[\/et_pb_text][\/et_pb_column][et_pb_column type=&#8221;1_2&#8243; _builder_version=&#8221;4.16&#8243; _module_preset=&#8221;default&#8221; global_colors_info=&#8221;{}&#8221;][et_pb_image src=&#8221;http:\/\/www.professores.uff.br\/eheleno\/wp-content\/uploads\/sites\/222\/2025\/05\/brasao-inest.png&#8221; title_text=&#8221;brasao inest&#8221; _builder_version=&#8221;4.21.0&#8243; _module_preset=&#8221;default&#8221; global_colors_info=&#8221;{}&#8221;][\/et_pb_image][\/et_pb_column][\/et_pb_row][\/et_pb_section][et_pb_section fb_built=&#8221;1&#8243; admin_label=&#8221;About Section&#8221; _builder_version=&#8221;4.16&#8243; background_color=&#8221;#f7f7f7&#8243; custom_margin=&#8221;-180px|||||&#8221; custom_padding=&#8221;90px||90px|&#8221; global_colors_info=&#8221;{}&#8221;][et_pb_row column_structure=&#8221;1_3,1_3,1_3&#8243; admin_label=&#8221;Service Area&#8221; _builder_version=&#8221;4.16&#8243; global_colors_info=&#8221;{}&#8221;][et_pb_column type=&#8221;1_3&#8243; _builder_version=&#8221;4.16&#8243; custom_padding=&#8221;|||&#8221; global_colors_info=&#8221;{}&#8221; custom_padding__hover=&#8221;|||&#8221;][et_pb_blurb title=&#8221;Entrevistas&#8221; use_icon=&#8221;on&#8221; font_icon=&#8221;&#x6b;||divi||400&#8243; icon_color=&#8221;#0c71c3&#8243; icon_placement=&#8221;left&#8221; _builder_version=&#8221;4.16&#8243; header_font=&#8221;Montserrat|600|||||||&#8221; header_font_size=&#8221;20px&#8221; body_font=&#8221;||||||||&#8221; body_font_size=&#8221;16px&#8221; body_line_height=&#8221;1.8em&#8221; custom_padding=&#8221;||0px|||&#8221; animation_style=&#8221;fold&#8221; animation_direction=&#8221;bottom&#8221; animation_intensity_fold=&#8221;20%&#8221; animation_starting_opacity=&#8221;100%&#8221; global_colors_info=&#8221;{}&#8221;]<\/p>\n<p><a href=\"https:\/\/www.professores.uff.br\/eheleno\/entrevistas\/\">Veja aqui as entrevistas concedidas \u00e0 grande m\u00eddia<\/a><\/p>\n<p>[\/et_pb_blurb][et_pb_blurb title=&#8221;Atividades de Gest\u00e3o&#8221; use_icon=&#8221;on&#8221; font_icon=&#8221;&#x6b;||divi||400&#8243; icon_color=&#8221;#0c71c3&#8243; icon_placement=&#8221;left&#8221; _builder_version=&#8221;4.16&#8243; header_font=&#8221;Montserrat|600|||||||&#8221; header_font_size=&#8221;20px&#8221; body_font=&#8221;||||||||&#8221; body_font_size=&#8221;16px&#8221; body_line_height=&#8221;1.8em&#8221; custom_padding=&#8221;3px||0px|||&#8221; animation_style=&#8221;fold&#8221; animation_direction=&#8221;bottom&#8221; animation_intensity_fold=&#8221;20%&#8221; animation_starting_opacity=&#8221;100%&#8221; global_colors_info=&#8221;{}&#8221;]<\/p>\n<p>Integrante do Conselho Universit\u00e1rio da Universidade Federal Fluminense (2016-2019).<\/p>\n<p>Integrante do Conselho de Curadores\u00a0 da Universidade Federal Fluminense (2020-2024).<\/p>\n<p>Integrante do Projeto de Desenvolvimento Institucional &#8211;\u00a0 PDI da Universidade Federal Fluminense (2022-2023).<\/p>\n<p>[\/et_pb_blurb][et_pb_blurb title=&#8221;Atua\u00e7\u00e3o na sociedade civil&#8221; use_icon=&#8221;on&#8221; font_icon=&#8221;&#x6b;||divi||400&#8243; icon_color=&#8221;#0c71c3&#8243; icon_placement=&#8221;left&#8221; _builder_version=&#8221;4.16&#8243; header_font=&#8221;Montserrat|600|||||||&#8221; header_font_size=&#8221;20px&#8221; body_font=&#8221;||||||||&#8221; body_font_size=&#8221;16px&#8221; body_line_height=&#8221;1.8em&#8221; custom_padding=&#8221;5px||0px|||&#8221; animation_style=&#8221;fold&#8221; animation_direction=&#8221;bottom&#8221; animation_intensity_fold=&#8221;20%&#8221; animation_starting_opacity=&#8221;100%&#8221; global_colors_info=&#8221;{}&#8221;]<\/p>\n<p>Secret\u00e1rio Executivo da Associa\u00e7\u00e3o Brasileira de Estudos de Defesa (2020-2022)<\/p>\n<p>Membro da Associa\u00e7\u00e3o Brasileira de Ci\u00eancia Pol\u00edtica (ABCP)<\/p>\n<p>Membro da Associa\u00e7\u00e3o Brasileira de Imprensa (ABI).<\/p>\n<p>[\/et_pb_blurb][\/et_pb_column][et_pb_column type=&#8221;1_3&#8243; _builder_version=&#8221;4.16&#8243; custom_padding=&#8221;|||&#8221; global_colors_info=&#8221;{}&#8221; custom_padding__hover=&#8221;|||&#8221;][et_pb_blurb title=&#8221;Publica\u00e7\u00f5es&#8221; use_icon=&#8221;on&#8221; font_icon=&#8221;&#xe0e9;||divi||400&#8243; icon_color=&#8221;#7cda24&#8243; icon_placement=&#8221;left&#8221; _builder_version=&#8221;4.16&#8243; header_font=&#8221;Montserrat|600|||||||&#8221; header_font_size=&#8221;20px&#8221; body_font=&#8221;||||||||&#8221; body_font_size=&#8221;16px&#8221; body_line_height=&#8221;1.8em&#8221; custom_padding=&#8221;||0px|||&#8221; animation_style=&#8221;fold&#8221; animation_direction=&#8221;bottom&#8221; animation_intensity_fold=&#8221;20%&#8221; animation_starting_opacity=&#8221;100%&#8221; global_colors_info=&#8221;{}&#8221;]<\/p>\n<p><a href=\"https:\/\/www.professores.uff.br\/eheleno\/publicacoes\/\">Livros, cap\u00edtulos de livros e trabalhos completos em anais de congresso<\/a><\/p>\n<p>[\/et_pb_blurb][et_pb_blurb title=&#8221;Apoio \u00e0 doc\u00eancia&#8221; use_icon=&#8221;on&#8221; font_icon=&#8221;&#xe0e9;||divi||400&#8243; icon_color=&#8221;#7cda24&#8243; icon_placement=&#8221;left&#8221; _builder_version=&#8221;4.16&#8243; header_font=&#8221;Montserrat|600|||||||&#8221; header_font_size=&#8221;20px&#8221; body_font=&#8221;||||||||&#8221; body_font_size=&#8221;16px&#8221; body_line_height=&#8221;1.8em&#8221; custom_padding=&#8221;0px||0px|||&#8221; animation_style=&#8221;fold&#8221; animation_direction=&#8221;bottom&#8221; animation_intensity_fold=&#8221;20%&#8221; animation_starting_opacity=&#8221;100%&#8221; global_colors_info=&#8221;{}&#8221;]<\/p>\n<p>Coordenador de Monitoria do Curso de Rela\u00e7\u00f5es Internacionais do INEST UFF (2015-2021)<br \/>Coordenador de Tutoria (2015-2019)<\/p>\n<p>[\/et_pb_blurb][et_pb_blurb title=&#8221;Atividades de Inclus\u00e3o&#8221; use_icon=&#8221;on&#8221; font_icon=&#8221;&#xe0e9;||divi||400&#8243; icon_color=&#8221;#7cda24&#8243; icon_placement=&#8221;left&#8221; _builder_version=&#8221;4.16&#8243; header_font=&#8221;Montserrat|600|||||||&#8221; header_font_size=&#8221;20px&#8221; body_font=&#8221;||||||||&#8221; body_font_size=&#8221;16px&#8221; body_line_height=&#8221;1.8em&#8221; custom_padding=&#8221;8px||0px|||&#8221; animation_style=&#8221;fold&#8221; animation_direction=&#8221;bottom&#8221; animation_intensity_fold=&#8221;20%&#8221; animation_starting_opacity=&#8221;100%&#8221; global_colors_info=&#8221;{}&#8221;]<\/p>\n<p><a href=\"https:\/\/www.professores.uff.br\/eheleno\/publicacoes\/\"><\/a>Coordenador do Grupo de Pesquisa e Desenvolvimento Acad\u00eamico sobre Pol\u00edtica Sul-Americana (2016-2019).<\/p>\n<p>Coordenador do projeto Passaporte para Inclus\u00e3o<\/p>\n<p>[\/et_pb_blurb][\/et_pb_column][et_pb_column type=&#8221;1_3&#8243; _builder_version=&#8221;4.16&#8243; custom_padding=&#8221;|||&#8221; global_colors_info=&#8221;{}&#8221; custom_padding__hover=&#8221;|||&#8221;][et_pb_blurb title=&#8221;Pesquisa&#8221; use_icon=&#8221;on&#8221; font_icon=&#8221;&#x67;||divi||400&#8243; icon_color=&#8221;#e09900&#8243; icon_placement=&#8221;left&#8221; _builder_version=&#8221;4.16&#8243; header_font=&#8221;Montserrat|600|||||||&#8221; header_font_size=&#8221;20px&#8221; body_font=&#8221;||||||||&#8221; body_font_size=&#8221;16px&#8221; body_line_height=&#8221;1.8em&#8221; custom_padding=&#8221;7px|||||&#8221; animation_style=&#8221;fold&#8221; animation_direction=&#8221;bottom&#8221; animation_intensity_fold=&#8221;20%&#8221; animation_starting_opacity=&#8221;100%&#8221; global_colors_info=&#8221;{}&#8221;]<\/p>\n<p>\u00a0Elabora e orienta pesquisas nos seguintes temas: for\u00e7as armadas e sociedade, hist\u00f3ria do jornalismo, ditadura militar, pol\u00edticas p\u00fablicas de defesa, rela\u00e7\u00f5es internacionais e integra\u00e7\u00e3o sul-americana<\/p>\n<p>Coordenador do GT For\u00e7as Armadas, Estado e Sociedade na ANPOCS.<\/p>\n<p>L\u00edder do grupo de pesquisa Democracia, For\u00e7as Armadas, Estado e Sociedade no CNPQ.<\/p>\n<p>Investigador associado do grupo de Pesquisa Direitas, Hist\u00f3ria e Mem\u00f3ria.<\/p>\n<p>Integrante do grupo de pesquisa sobre a Esquerda Militar (UNESP).<\/p>\n<p>&nbsp;<\/p>\n<p>[\/et_pb_blurb][\/et_pb_column][\/et_pb_row][\/et_pb_section][et_pb_section fb_built=&#8221;1&#8243; admin_label=&#8221;Feature 02&#8243; _builder_version=&#8221;4.16&#8243; background_color=&#8221;#f7f7f7&#8243; custom_padding=&#8221;130px||130px|&#8221; global_colors_info=&#8221;{}&#8221;][\/et_pb_section]<\/p>\n","protected":false},"excerpt":{"rendered":"<p>PEsquisa Pesquisas em andamento Grupo de Pesquisa Democracia, For\u00e7as Armadas, Estado e Sociedade (DG-CNPQ).Projeto de pesquisa: For\u00e7as Armadas, Estado e Sociedade &#8211;\u00a0 Entre o Ativismo Pol\u00edtico e a Profissionaliza\u00e7\u00e3oApoio: FAPERJ\u00a0 Atividades associadasCoordena\u00e7\u00e3o do GT For\u00e7as Armadas, Estado e Sociedade na ANPOCS \u00a0 \u00a0 \u00a0 Investigador associado \u00e0 rede de pesquisa Direitas, Hist\u00f3ria e Mem\u00f3ria (UFJF) [&hellip;]<\/p>\n","protected":false},"author":253,"featured_media":0,"parent":0,"menu_order":0,"comment_status":"closed","ping_status":"closed","template":"","meta":{"_et_pb_use_builder":"on","_et_pb_old_content":"","_et_gb_content_width":"","_exactmetrics_skip_tracking":false,"_exactmetrics_sitenote_active":false,"_exactmetrics_sitenote_note":"","_exactmetrics_sitenote_category":0,"footnotes":""},"categories":[],"tags":[],"class_list":["post-158","page","type-page","status-publish","hentry"],"_links":{"self":[{"href":"https:\/\/www.professores.uff.br\/eheleno\/wp-json\/wp\/v2\/pages\/158","targetHints":{"allow":["GET"]}}],"collection":[{"href":"https:\/\/www.professores.uff.br\/eheleno\/wp-json\/wp\/v2\/pages"}],"about":[{"href":"https:\/\/www.professores.uff.br\/eheleno\/wp-json\/wp\/v2\/types\/page"}],"author":[{"embeddable":true,"href":"https:\/\/www.professores.uff.br\/eheleno\/wp-json\/wp\/v2\/users\/253"}],"replies":[{"embeddable":true,"href":"https:\/\/www.professores.uff.br\/eheleno\/wp-json\/wp\/v2\/comments?post=158"}],"version-history":[{"count":8,"href":"https:\/\/www.professores.uff.br\/eheleno\/wp-json\/wp\/v2\/pages\/158\/revisions"}],"predecessor-version":[{"id":175,"href":"https:\/\/www.professores.uff.br\/eheleno\/wp-json\/wp\/v2\/pages\/158\/revisions\/175"}],"wp:attachment":[{"href":"https:\/\/www.professores.uff.br\/eheleno\/wp-json\/wp\/v2\/media?parent=158"}],"wp:term":[{"taxonomy":"category","embeddable":true,"href":"https:\/\/www.professores.uff.br\/eheleno\/wp-json\/wp\/v2\/categories?post=158"},{"taxonomy":"post_tag","embeddable":true,"href":"https:\/\/www.professores.uff.br\/eheleno\/wp-json\/wp\/v2\/tags?post=158"}],"curies":[{"name":"wp","href":"https:\/\/api.w.org\/{rel}","templated":true}]}}