{"id":2,"date":"2021-06-30T17:55:43","date_gmt":"2021-06-30T20:55:43","guid":{"rendered":"http:\/\/www.professores.uff.br\/eheleno\/?page_id=2"},"modified":"2025-05-30T19:13:55","modified_gmt":"2025-05-30T22:13:55","slug":"home","status":"publish","type":"page","link":"https:\/\/www.professores.uff.br\/eheleno\/","title":{"rendered":"Home"},"content":{"rendered":"<p>[et_pb_section fb_built=&#8221;1&#8243; next_background_color=&#8221;#f7f7f7&#8243; admin_label=&#8221;Hero Section&#8221; _builder_version=&#8221;4.16&#8243; use_background_color_gradient=&#8221;on&#8221; background_color_gradient_direction=&#8221;114deg&#8221; background_color_gradient_stops=&#8221;#2124ef 0%|#000000 100%&#8221; background_color_gradient_start=&#8221;#2124ef&#8221; background_color_gradient_end=&#8221;#000000&#8243; background_image=&#8221;http:\/\/www.professores.uff.br\/eheleno\/wp-content\/uploads\/sites\/222\/2021\/07\/Imagem3.jpg&#8221; parallax=&#8221;on&#8221; custom_padding=&#8221;0%||16%|||&#8221; bottom_divider_style=&#8221;slant&#8221; bottom_divider_height=&#8221;60px&#8221; background_last_edited=&#8221;on|tablet&#8221; global_colors_info=&#8221;{}&#8221; background_color_gradient_direction__hover=&#8221;180deg&#8221; background_color_gradient_direction__hover_enabled=&#8221;180deg&#8221; background_color_gradient_start_position__hover=&#8221;0%&#8221; background_color_gradient_start_position__hover_enabled=&#8221;0%&#8221; background_color_gradient_end_position__hover=&#8221;100%&#8221; background_color_gradient_end_position__hover_enabled=&#8221;100%&#8221; background_color_gradient_stops__hover=&#8221;#2124ef 0%|#000000 100%&#8221;][et_pb_row _builder_version=&#8221;4.16&#8243; global_colors_info=&#8221;{}&#8221;][et_pb_column type=&#8221;4_4&#8243; _builder_version=&#8221;4.16&#8243; custom_padding=&#8221;|||&#8221; global_colors_info=&#8221;{}&#8221; custom_padding__hover=&#8221;|||&#8221;][et_pb_text admin_label=&#8221;Hero Section Title&#8221; _builder_version=&#8221;4.16&#8243; text_font=&#8221;|||on|||||&#8221; header_font=&#8221;Montserrat|600|||||||&#8221; header_font_size=&#8221;48px&#8221; header_letter_spacing=&#8221;3px&#8221; header_line_height=&#8221;1.3em&#8221; header_2_font=&#8221;Montserrat|700|||||||&#8221; header_2_text_color=&#8221;rgba(255,255,255,0.6)&#8221; header_2_font_size=&#8221;90px&#8221; header_2_letter_spacing=&#8221;3px&#8221; header_2_line_height=&#8221;1.1em&#8221; text_orientation=&#8221;center&#8221; background_layout=&#8221;dark&#8221; module_alignment=&#8221;center&#8221; custom_margin=&#8221;||60px|&#8221; animation_style=&#8221;slide&#8221; animation_direction=&#8221;bottom&#8221; animation_intensity_slide=&#8221;5%&#8221; header_font_size_tablet=&#8221;&#8221; header_font_size_phone=&#8221;28px&#8221; header_font_size_last_edited=&#8221;on|phone&#8221; header_2_font_size_tablet=&#8221;&#8221; header_2_font_size_phone=&#8221;50px&#8221; header_2_font_size_last_edited=&#8221;on|phone&#8221; global_colors_info=&#8221;{}&#8221;]<\/p>\n<h2 style=\"text-align: right\"><span style=\"font-size: xx-large;color: #0c71c3\">Prof. Eduardo Heleno<\/span><\/h2>\n<p>[\/et_pb_text][\/et_pb_column][\/et_pb_row][et_pb_row column_structure=&#8221;1_2,1_2&#8243; _builder_version=&#8221;4.16&#8243; _module_preset=&#8221;default&#8221; background_color=&#8221;#474747&#8243; width=&#8221;56.2%&#8221; custom_margin=&#8221;11px|auto||auto||&#8221; global_colors_info=&#8221;{}&#8221;][et_pb_column type=&#8221;1_2&#8243; _builder_version=&#8221;4.16&#8243; _module_preset=&#8221;default&#8221; global_colors_info=&#8221;{}&#8221;][et_pb_text _builder_version=&#8221;4.16&#8243; _module_preset=&#8221;default&#8221; text_font=&#8221;||||||||&#8221; text_text_color=&#8221;#ffffff&#8221; text_font_size=&#8221;8px&#8221; width=&#8221;92.5%&#8221; max_width=&#8221;88%&#8221; custom_padding=&#8221;5px||0px|||&#8221; global_colors_info=&#8221;{}&#8221;]<\/p>\n<p style=\"padding-left: 60px;text-align: justify\"><span style=\"font-size: large\"><b>CURRICULUM VITAE<\/b><\/span><\/p>\n<p style=\"padding-left: 30px;text-align: justify\"><span style=\"font-size: large\">Eduardo Heleno \u00e9 jornalista e cientista pol\u00edtico.<\/span><\/p>\n<p style=\"padding-left: 30px;text-align: justify\"><span style=\"font-size: large\">\u00c9 professor Adjunto do Departamento de Estudos Estrat\u00e9gicos e Rela\u00e7\u00f5es Internacionais do Instituto de Estudos Estrat\u00e9gicos da Universidade Federal Fluminense.<\/span><\/p>\n<p style=\"padding-left: 30px;text-align: justify\"><span style=\"font-size: large\">Atualmente \u00e9 Coordenador do Curso de P\u00f3s Gradua\u00e7\u00e3o Lato Sensu (MBA &#8211; Especializa\u00e7\u00e3o) em Estudos Estrat\u00e9gicos e Rela\u00e7\u00f5es Internacionais (2018-Atual).<\/span><\/p>\n<p style=\"padding-left: 30px;text-align: justify\"><span style=\"font-size: large\">Vice-Coordenador da Gradua\u00e7\u00e3o em Rela\u00e7\u00f5es Internacionais (2019-Atual).<\/span><\/p>\n<p style=\"padding-left: 30px;text-align: justify\"><span style=\"font-size: large\">Professor do Programa de P\u00f3s Gradua\u00e7\u00e3o Strictu Sensu (Doutorado e Mestrado) em Estudos Estrat\u00e9gicos da UFF (PPGEST).<\/span><\/p>\n<p>[\/et_pb_text][\/et_pb_column][et_pb_column type=&#8221;1_2&#8243; _builder_version=&#8221;4.16&#8243; _module_preset=&#8221;default&#8221; global_colors_info=&#8221;{}&#8221;][et_pb_image src=&#8221;http:\/\/www.professores.uff.br\/eheleno\/wp-content\/uploads\/sites\/222\/2021\/07\/30072733_1741816432546599_868561509387539378_o.jpg&#8221; title_text=&#8221;30072733_1741816432546599_868561509387539378_o&#8221; _builder_version=&#8221;4.16&#8243; _module_preset=&#8221;default&#8221; width=&#8221;100%&#8221; max_width=&#8221;100%&#8221; min_height=&#8221;159px&#8221; custom_padding=&#8221;|0px||0px||&#8221; global_colors_info=&#8221;{}&#8221;][\/et_pb_image][\/et_pb_column][\/et_pb_row][\/et_pb_section][et_pb_section fb_built=&#8221;1&#8243; admin_label=&#8221;About Section&#8221; _builder_version=&#8221;4.16&#8243; background_color=&#8221;#f7f7f7&#8243; custom_margin=&#8221;-180px|||||&#8221; custom_padding=&#8221;90px||90px|&#8221; global_colors_info=&#8221;{}&#8221;][et_pb_row column_structure=&#8221;1_3,1_3,1_3&#8243; admin_label=&#8221;Service Area&#8221; _builder_version=&#8221;4.16&#8243; global_colors_info=&#8221;{}&#8221;][et_pb_column type=&#8221;1_3&#8243; _builder_version=&#8221;4.16&#8243; custom_padding=&#8221;|||&#8221; global_colors_info=&#8221;{}&#8221; custom_padding__hover=&#8221;|||&#8221;][et_pb_blurb title=&#8221;Entrevistas&#8221; use_icon=&#8221;on&#8221; font_icon=&#8221;&#x6b;||divi||400&#8243; icon_color=&#8221;#0c71c3&#8243; icon_placement=&#8221;left&#8221; _builder_version=&#8221;4.16&#8243; header_font=&#8221;Montserrat|600|||||||&#8221; header_font_size=&#8221;20px&#8221; body_font=&#8221;||||||||&#8221; body_font_size=&#8221;16px&#8221; body_line_height=&#8221;1.8em&#8221; custom_padding=&#8221;||0px|||&#8221; animation_style=&#8221;fold&#8221; animation_direction=&#8221;bottom&#8221; animation_intensity_fold=&#8221;20%&#8221; animation_starting_opacity=&#8221;100%&#8221; global_colors_info=&#8221;{}&#8221;]<\/p>\n<p><a href=\"https:\/\/www.professores.uff.br\/eheleno\/entrevistas\/\">Veja aqui as entrevistas concedidas \u00e0 grande m\u00eddia<\/a><\/p>\n<p>[\/et_pb_blurb][et_pb_blurb title=&#8221;Atividades de Gest\u00e3o&#8221; use_icon=&#8221;on&#8221; font_icon=&#8221;&#x6b;||divi||400&#8243; icon_color=&#8221;#0c71c3&#8243; icon_placement=&#8221;left&#8221; _builder_version=&#8221;4.16&#8243; header_font=&#8221;Montserrat|600|||||||&#8221; header_font_size=&#8221;20px&#8221; body_font=&#8221;||||||||&#8221; body_font_size=&#8221;16px&#8221; body_line_height=&#8221;1.8em&#8221; custom_padding=&#8221;3px||0px|||&#8221; animation_style=&#8221;fold&#8221; animation_direction=&#8221;bottom&#8221; animation_intensity_fold=&#8221;20%&#8221; animation_starting_opacity=&#8221;100%&#8221; global_colors_info=&#8221;{}&#8221;]<\/p>\n<p>Integrante do Conselho Universit\u00e1rio da Universidade Federal Fluminense (2016-2019).<\/p>\n<p>Integrante do Conselho de Curadores\u00a0 da Universidade Federal Fluminense (2020-2024).<\/p>\n<p>Integrante do Projeto de Desenvolvimento Institucional &#8211;\u00a0 PDI da Universidade Federal Fluminense (2022-2023).<\/p>\n<p>[\/et_pb_blurb][et_pb_blurb title=&#8221;Atua\u00e7\u00e3o na sociedade civil&#8221; use_icon=&#8221;on&#8221; font_icon=&#8221;&#x6b;||divi||400&#8243; icon_color=&#8221;#0c71c3&#8243; icon_placement=&#8221;left&#8221; _builder_version=&#8221;4.16&#8243; header_font=&#8221;Montserrat|600|||||||&#8221; header_font_size=&#8221;20px&#8221; body_font=&#8221;||||||||&#8221; body_font_size=&#8221;16px&#8221; body_line_height=&#8221;1.8em&#8221; custom_padding=&#8221;5px||0px|||&#8221; animation_style=&#8221;fold&#8221; animation_direction=&#8221;bottom&#8221; animation_intensity_fold=&#8221;20%&#8221; animation_starting_opacity=&#8221;100%&#8221; global_colors_info=&#8221;{}&#8221;]<\/p>\n<p>Secret\u00e1rio Executivo da Associa\u00e7\u00e3o Brasileira de Estudos de Defesa (2020-2022)<\/p>\n<p>Membro da Associa\u00e7\u00e3o Brasileira de Ci\u00eancia Pol\u00edtica (ABCP)<\/p>\n<p>Membro da Associa\u00e7\u00e3o Brasileira de Imprensa (ABI).<\/p>\n<p>[\/et_pb_blurb][\/et_pb_column][et_pb_column type=&#8221;1_3&#8243; _builder_version=&#8221;4.16&#8243; custom_padding=&#8221;|||&#8221; global_colors_info=&#8221;{}&#8221; custom_padding__hover=&#8221;|||&#8221;][et_pb_blurb title=&#8221;Publica\u00e7\u00f5es&#8221; use_icon=&#8221;on&#8221; font_icon=&#8221;&#xe0e9;||divi||400&#8243; icon_color=&#8221;#7cda24&#8243; icon_placement=&#8221;left&#8221; _builder_version=&#8221;4.16&#8243; header_font=&#8221;Montserrat|600|||||||&#8221; header_font_size=&#8221;20px&#8221; body_font=&#8221;||||||||&#8221; body_font_size=&#8221;16px&#8221; body_line_height=&#8221;1.8em&#8221; custom_padding=&#8221;||0px|||&#8221; animation_style=&#8221;fold&#8221; animation_direction=&#8221;bottom&#8221; animation_intensity_fold=&#8221;20%&#8221; animation_starting_opacity=&#8221;100%&#8221; global_colors_info=&#8221;{}&#8221;]<\/p>\n<p><a href=\"https:\/\/www.professores.uff.br\/eheleno\/publicacoes\/\">Livros, cap\u00edtulos de livros e trabalhos completos em anais de congresso<\/a><\/p>\n<p>[\/et_pb_blurb][et_pb_blurb title=&#8221;Apoio \u00e0 doc\u00eancia&#8221; use_icon=&#8221;on&#8221; font_icon=&#8221;&#xe0e9;||divi||400&#8243; icon_color=&#8221;#7cda24&#8243; icon_placement=&#8221;left&#8221; _builder_version=&#8221;4.16&#8243; header_font=&#8221;Montserrat|600|||||||&#8221; header_font_size=&#8221;20px&#8221; body_font=&#8221;||||||||&#8221; body_font_size=&#8221;16px&#8221; body_line_height=&#8221;1.8em&#8221; custom_padding=&#8221;0px||0px|||&#8221; animation_style=&#8221;fold&#8221; animation_direction=&#8221;bottom&#8221; animation_intensity_fold=&#8221;20%&#8221; animation_starting_opacity=&#8221;100%&#8221; global_colors_info=&#8221;{}&#8221;]<\/p>\n<p>Coordenador de Monitoria do Curso de Rela\u00e7\u00f5es Internacionais do INEST UFF (2015-2021)<br \/>Coordenador de Tutoria (2015-2019)<\/p>\n<p>[\/et_pb_blurb][et_pb_blurb title=&#8221;Atividades de Inclus\u00e3o&#8221; use_icon=&#8221;on&#8221; font_icon=&#8221;&#xe0e9;||divi||400&#8243; icon_color=&#8221;#7cda24&#8243; icon_placement=&#8221;left&#8221; _builder_version=&#8221;4.16&#8243; header_font=&#8221;Montserrat|600|||||||&#8221; header_font_size=&#8221;20px&#8221; body_font=&#8221;||||||||&#8221; body_font_size=&#8221;16px&#8221; body_line_height=&#8221;1.8em&#8221; custom_padding=&#8221;8px||0px|||&#8221; animation_style=&#8221;fold&#8221; animation_direction=&#8221;bottom&#8221; animation_intensity_fold=&#8221;20%&#8221; animation_starting_opacity=&#8221;100%&#8221; global_colors_info=&#8221;{}&#8221;]<\/p>\n<p><a href=\"https:\/\/www.professores.uff.br\/eheleno\/publicacoes\/\"><\/a>Coordenador do Grupo de Pesquisa e Desenvolvimento Acad\u00eamico sobre Pol\u00edtica Sul-Americana (2016-2019).<\/p>\n<p>Coordenador do projeto Passaporte para Inclus\u00e3o<\/p>\n<p>[\/et_pb_blurb][\/et_pb_column][et_pb_column type=&#8221;1_3&#8243; _builder_version=&#8221;4.16&#8243; custom_padding=&#8221;|||&#8221; global_colors_info=&#8221;{}&#8221; custom_padding__hover=&#8221;|||&#8221;][et_pb_blurb title=&#8221;Pesquisa&#8221; use_icon=&#8221;on&#8221; font_icon=&#8221;&#x67;||divi||400&#8243; icon_color=&#8221;#e09900&#8243; icon_placement=&#8221;left&#8221; _builder_version=&#8221;4.16&#8243; header_font=&#8221;Montserrat|600|||||||&#8221; header_font_size=&#8221;20px&#8221; body_font=&#8221;||||||||&#8221; body_font_size=&#8221;16px&#8221; body_line_height=&#8221;1.8em&#8221; custom_padding=&#8221;7px|||||&#8221; animation_style=&#8221;fold&#8221; animation_direction=&#8221;bottom&#8221; animation_intensity_fold=&#8221;20%&#8221; animation_starting_opacity=&#8221;100%&#8221; global_colors_info=&#8221;{}&#8221;]<\/p>\n<p>\u00a0<a href=\"pesquisa\">Elabora e orienta pesquisas nos seguintes temas: for\u00e7as armadas e sociedade, hist\u00f3ria do jornalismo, ditadura militar, pol\u00edticas p\u00fablicas de defesa, rela\u00e7\u00f5es internacionais e integra\u00e7\u00e3o sul-americana<\/a><\/p>\n<p><a href=\"pesquisa\">Coordenador do GT For\u00e7as Armadas, Estado e Sociedade na ANPOCS.<\/a><\/p>\n<p><a href=\"pesquisa\">L\u00edder do grupo de pesquisa Democracia, For\u00e7as Armadas, Estado e Sociedade no CNPQ.<\/a><\/p>\n<p><a href=\"pesquisa\">Investigador associado do grupo de Pesquisa Direitas, Hist\u00f3ria e Mem\u00f3ria.<\/a><\/p>\n<p><a href=\"pesquisa\">Integrante do grupo de pesquisa sobre a Esquerda Militar (UNESP).<\/a><\/p>\n<p>&nbsp;<\/p>\n<p>[\/et_pb_blurb][\/et_pb_column][\/et_pb_row][\/et_pb_section][et_pb_section fb_built=&#8221;1&#8243; admin_label=&#8221;Feature 02&#8243; _builder_version=&#8221;4.16&#8243; background_color=&#8221;#f7f7f7&#8243; custom_padding=&#8221;130px||130px|&#8221; global_colors_info=&#8221;{}&#8221;][\/et_pb_section]<\/p>\n","protected":false},"excerpt":{"rendered":"<p>Prof. Eduardo HelenoCURRICULUM VITAE Eduardo Heleno \u00e9 jornalista e cientista pol\u00edtico. \u00c9 professor Adjunto do Departamento de Estudos Estrat\u00e9gicos e Rela\u00e7\u00f5es Internacionais do Instituto de Estudos Estrat\u00e9gicos da Universidade Federal Fluminense. Atualmente \u00e9 Coordenador do Curso de P\u00f3s Gradua\u00e7\u00e3o Lato Sensu (MBA &#8211; Especializa\u00e7\u00e3o) em Estudos Estrat\u00e9gicos e Rela\u00e7\u00f5es Internacionais (2018-Atual). Vice-Coordenador da Gradua\u00e7\u00e3o em [&hellip;]<\/p>\n","protected":false},"author":253,"featured_media":0,"parent":0,"menu_order":0,"comment_status":"closed","ping_status":"closed","template":"","meta":{"_et_pb_use_builder":"on","_et_pb_old_content":"<!-- wp:paragraph -->\n<p>Esta \u00e9 uma p\u00e1gina de exemplo. \u00c9 diferente de um post no blog porque ela permanecer\u00e1 em um lugar e aparecer\u00e1 na navega\u00e7\u00e3o do seu site na maioria dos temas. Muitas pessoas come\u00e7am com uma p\u00e1gina que as apresenta a poss\u00edveis visitantes do site. Ela pode dizer algo assim:<\/p>\n<!-- \/wp:paragraph -->\n\n<!-- wp:quote -->\n<blockquote class=\"wp-block-quote\"><p>Ol\u00e1! Eu sou um mensageiro de bicicleta durante o dia, ator aspirante \u00e0 noite, e este \u00e9 o meu site. Eu moro em S\u00e3o Paulo, tenho um grande cachorro chamado Rex e gosto de tomar caipirinha (e banhos de chuva).<\/p><\/blockquote>\n<!-- \/wp:quote -->\n\n<!-- wp:paragraph -->\n<p>...ou alguma coisa assim:<\/p>\n<!-- \/wp:paragraph -->\n\n<!-- wp:quote -->\n<blockquote class=\"wp-block-quote\"><p>A Companhia de Miniaturas XYZ foi fundada em 1971, e desde ent\u00e3o tem fornecido miniaturas de qualidade ao p\u00fablico. Localizada na cidade de Itu, a XYZ emprega mais de 2.000 pessoas e faz coisas grandiosas para a comunidade da cidade.<\/p><\/blockquote>\n<!-- \/wp:quote -->\n\n<!-- wp:paragraph -->\n<p>Como um novo usu\u00e1rio do WordPress, voc\u00ea deveria ir ao <a href=\"https:\/\/www.professores.uff.br\/eheleno\/wp-admin\/\">painel<\/a> para excluir essa p\u00e1gina e criar novas p\u00e1ginas para o seu conte\u00fado. Divirta-se!<\/p>\n<!-- \/wp:paragraph -->","_et_gb_content_width":"","_exactmetrics_skip_tracking":false,"_exactmetrics_sitenote_active":false,"_exactmetrics_sitenote_note":"","_exactmetrics_sitenote_category":0,"footnotes":""},"categories":[],"tags":[],"class_list":["post-2","page","type-page","status-publish","hentry"],"_links":{"self":[{"href":"https:\/\/www.professores.uff.br\/eheleno\/wp-json\/wp\/v2\/pages\/2","targetHints":{"allow":["GET"]}}],"collection":[{"href":"https:\/\/www.professores.uff.br\/eheleno\/wp-json\/wp\/v2\/pages"}],"about":[{"href":"https:\/\/www.professores.uff.br\/eheleno\/wp-json\/wp\/v2\/types\/page"}],"author":[{"embeddable":true,"href":"https:\/\/www.professores.uff.br\/eheleno\/wp-json\/wp\/v2\/users\/253"}],"replies":[{"embeddable":true,"href":"https:\/\/www.professores.uff.br\/eheleno\/wp-json\/wp\/v2\/comments?post=2"}],"version-history":[{"count":17,"href":"https:\/\/www.professores.uff.br\/eheleno\/wp-json\/wp\/v2\/pages\/2\/revisions"}],"predecessor-version":[{"id":170,"href":"https:\/\/www.professores.uff.br\/eheleno\/wp-json\/wp\/v2\/pages\/2\/revisions\/170"}],"wp:attachment":[{"href":"https:\/\/www.professores.uff.br\/eheleno\/wp-json\/wp\/v2\/media?parent=2"}],"wp:term":[{"taxonomy":"category","embeddable":true,"href":"https:\/\/www.professores.uff.br\/eheleno\/wp-json\/wp\/v2\/categories?post=2"},{"taxonomy":"post_tag","embeddable":true,"href":"https:\/\/www.professores.uff.br\/eheleno\/wp-json\/wp\/v2\/tags?post=2"}],"curies":[{"name":"wp","href":"https:\/\/api.w.org\/{rel}","templated":true}]}}