{"id":43,"date":"2021-07-02T12:59:10","date_gmt":"2021-07-02T15:59:10","guid":{"rendered":"http:\/\/www.professores.uff.br\/eheleno\/?page_id=43"},"modified":"2025-11-23T19:54:26","modified_gmt":"2025-11-23T22:54:26","slug":"publicacoes","status":"publish","type":"page","link":"https:\/\/www.professores.uff.br\/eheleno\/publicacoes\/","title":{"rendered":"Publica\u00e7\u00f5es"},"content":{"rendered":"<p>[et_pb_section fb_built=&#8221;1&#8243; _builder_version=&#8221;4.16&#8243; _module_preset=&#8221;default&#8221; custom_padding=&#8221;||54px|||&#8221; global_colors_info=&#8221;{}&#8221;][et_pb_row _builder_version=&#8221;4.16&#8243; _module_preset=&#8221;default&#8221; global_colors_info=&#8221;{}&#8221;][et_pb_column type=&#8221;4_4&#8243; _builder_version=&#8221;4.16&#8243; _module_preset=&#8221;default&#8221; global_colors_info=&#8221;{}&#8221;][et_pb_cta title=&#8221;Artigos e Cap\u00edtulos de Livro&#8221; button_text=&#8221;Cliques&#8221; _builder_version=&#8221;4.16&#8243; _module_preset=&#8221;default&#8221; global_colors_info=&#8221;{}&#8221;][\/et_pb_cta][\/et_pb_column][\/et_pb_row][\/et_pb_section][et_pb_section fb_built=&#8221;1&#8243; _builder_version=&#8221;4.16&#8243; _module_preset=&#8221;default&#8221; global_colors_info=&#8221;{}&#8221;][et_pb_row _builder_version=&#8221;4.16&#8243; _module_preset=&#8221;default&#8221; global_colors_info=&#8221;{}&#8221;][et_pb_column type=&#8221;4_4&#8243; _builder_version=&#8221;4.16&#8243; _module_preset=&#8221;default&#8221; global_colors_info=&#8221;{}&#8221;][et_pb_toggle title=&#8221;Cap\u00edtulo de livros&#8221; _builder_version=&#8221;4.16&#8243; _module_preset=&#8221;default&#8221; min_height=&#8221;23px&#8221; custom_padding=&#8221;||46px|||&#8221; global_colors_info=&#8221;{}&#8221;]<\/p>\n<p>Your content goes here. Edit or remove this text inline or in the module Content settings. You can also style every aspect of this content in the module Design settings and even apply custom CSS to this text in the module Advanced settings.<\/p>\n<p>[\/et_pb_toggle][\/et_pb_column][\/et_pb_row][et_pb_row column_structure=&#8221;1_4,1_4,1_4,1_4&#8243; _builder_version=&#8221;4.21.0&#8243; _module_preset=&#8221;default&#8221; global_colors_info=&#8221;{}&#8221;][et_pb_column type=&#8221;1_4&#8243; _builder_version=&#8221;4.21.0&#8243; _module_preset=&#8221;default&#8221; global_colors_info=&#8221;{}&#8221;][et_pb_image src=&#8221;http:\/\/www.professores.uff.br\/eheleno\/wp-content\/uploads\/sites\/222\/2025\/11\/9788594777478.jpg&#8221; title_text=&#8221;9788594777478&#8243; _builder_version=&#8221;4.21.0&#8243; _module_preset=&#8221;default&#8221; hover_enabled=&#8221;0&#8243; global_colors_info=&#8221;{}&#8221; sticky_enabled=&#8221;0&#8243;][\/et_pb_image][et_pb_image src=&#8221;http:\/\/www.professores.uff.br\/eheleno\/wp-content\/uploads\/sites\/222\/2025\/03\/mini_magick20180818-18912-1fg9yjq.png&#8221; title_text=&#8221;largepreview&#8221; _builder_version=&#8221;4.21.0&#8243; _module_preset=&#8221;default&#8221; hover_enabled=&#8221;0&#8243; global_colors_info=&#8221;{}&#8221; sticky_enabled=&#8221;0&#8243;][\/et_pb_image][\/et_pb_column][et_pb_column type=&#8221;1_4&#8243; _builder_version=&#8221;4.21.0&#8243; _module_preset=&#8221;default&#8221; global_colors_info=&#8221;{}&#8221;][et_pb_image src=&#8221;http:\/\/www.professores.uff.br\/eheleno\/wp-content\/uploads\/sites\/222\/2025\/03\/os_militares_e_a_crise_brasileira_organizado_por_joao_roberto_martins_filho_1807_1_ad2134ebf0fcc8be70369d6d18195a2c.jpg&#8221; title_text=&#8221;os_militares_e_a_crise_brasileira_organizado_por_joao_roberto_martins_filho_1807_1_ad2134ebf0fcc8be70369d6d18195a2c&#8221; _builder_version=&#8221;4.21.0&#8243; _module_preset=&#8221;default&#8221; global_colors_info=&#8221;{}&#8221;][\/et_pb_image][et_pb_image src=&#8221;http:\/\/www.professores.uff.br\/eheleno\/wp-content\/uploads\/sites\/222\/2025\/11\/61uiAtr0duL.jpg&#8221; title_text=&#8221;Version 1.0.0&#8243; _builder_version=&#8221;4.21.0&#8243; _module_preset=&#8221;default&#8221; hover_enabled=&#8221;0&#8243; global_colors_info=&#8221;{}&#8221; sticky_enabled=&#8221;0&#8243;][\/et_pb_image][\/et_pb_column][et_pb_column type=&#8221;1_4&#8243; _builder_version=&#8221;4.21.0&#8243; _module_preset=&#8221;default&#8221; global_colors_info=&#8221;{}&#8221;][et_pb_image src=&#8221;http:\/\/www.professores.uff.br\/eheleno\/wp-content\/uploads\/sites\/222\/2025\/03\/1299757-2303071659-a-republica-sitiada.jpg&#8221; title_text=&#8221;1299757-2303071659-a-republica-sitiada&#8221; _builder_version=&#8221;4.21.0&#8243; _module_preset=&#8221;default&#8221; global_colors_info=&#8221;{}&#8221;][\/et_pb_image][\/et_pb_column][et_pb_column type=&#8221;1_4&#8243; _builder_version=&#8221;4.21.0&#8243; _module_preset=&#8221;default&#8221; global_colors_info=&#8221;{}&#8221;][et_pb_image src=&#8221;http:\/\/www.professores.uff.br\/eheleno\/wp-content\/uploads\/sites\/222\/2025\/03\/largepreview.png&#8221; title_text=&#8221;largepreview&#8221; _builder_version=&#8221;4.21.0&#8243; _module_preset=&#8221;default&#8221; hover_enabled=&#8221;0&#8243; global_colors_info=&#8221;{}&#8221; sticky_enabled=&#8221;0&#8243;][\/et_pb_image][\/et_pb_column][\/et_pb_row][et_pb_row column_structure=&#8221;3_4,1_4&#8243; _builder_version=&#8221;4.21.0&#8243; _module_preset=&#8221;default&#8221; hover_enabled=&#8221;0&#8243; global_colors_info=&#8221;{}&#8221; sticky_enabled=&#8221;0&#8243;][et_pb_column type=&#8221;3_4&#8243; _builder_version=&#8221;4.16&#8243; _module_preset=&#8221;default&#8221; global_colors_info=&#8221;{}&#8221;][et_pb_text _builder_version=&#8221;4.16&#8243; _module_preset=&#8221;default&#8221; custom_padding=&#8221;||3px|||&#8221; global_colors_info=&#8221;{}&#8221;][\/et_pb_text][et_pb_text _builder_version=&#8221;4.16&#8243; _module_preset=&#8221;default&#8221; custom_padding=&#8221;||3px|||&#8221; global_colors_info=&#8221;{}&#8221;]<\/p>\n<p><span class=\"transform\"><span style=\"color: #707070\"><b><a class=\"tooltip\" href=\"http:\/\/lattes.cnpq.br\/6300904580266667\" target=\"_blank\" rel=\"noopener\" style=\"color: #707070\">SANTOS, E. H. J<\/a><\/b>.<\/span> A Rea\u00e7\u00e3o Dos Militares Brasileiros \u00c0s Pol\u00edticas De Mem\u00f3ria. In: De La Torre, Ignacio Berdugo G\u00f3mez; Trinidad, Carlos Ben\u00edtez; Delli-Zoti, Guillermo Mira. (Org.). Justi\u00e7a, Mem\u00f3ria e Democracia: O Legado do Relat\u00f3rio da Comiss\u00e3o Nacional da Verdade no Brasil Dez Anos Depois. 1ed.S\u00e3o Paulo: Tirant Brasil, 2025, v. 1, p. 96-119<\/span>-.<\/p>\n<p>[\/et_pb_text][\/et_pb_column][et_pb_column type=&#8221;1_4&#8243; _builder_version=&#8221;4.16&#8243; _module_preset=&#8221;default&#8221; global_colors_info=&#8221;{}&#8221;][\/et_pb_column][\/et_pb_row][et_pb_row column_structure=&#8221;3_4,1_4&#8243; _builder_version=&#8221;4.16&#8243; _module_preset=&#8221;default&#8221; global_colors_info=&#8221;{}&#8221;][et_pb_column type=&#8221;3_4&#8243; _builder_version=&#8221;4.16&#8243; _module_preset=&#8221;default&#8221; global_colors_info=&#8221;{}&#8221;][et_pb_text _builder_version=&#8221;4.16&#8243; _module_preset=&#8221;default&#8221; custom_padding=&#8221;||3px|||&#8221; global_colors_info=&#8221;{}&#8221;]<\/p>\n<div class=\"artigo-completo\">\n<div class=\"layout-cell layout-cell-11\">\n<div class=\"layout-cell-pad-5\"><\/div>\n<\/div>\n<\/div>\n<div class=\"artigo-completo\">\n<div class=\"layout-cell layout-cell-11\">\n<div class=\"layout-cell-pad-5\"><\/div>\n<div class=\"layout-cell-pad-5\"><\/div>\n<div class=\"layout-cell-pad-5\"><\/div>\n<div class=\"layout-cell-pad-5\"><\/div>\n<div class=\"layout-cell-pad-5\"><\/div>\n<div class=\"layout-cell-pad-5\">SILVA, F. C. T. ; SCHUSTER, K. ; PENNA, L. ; <b>SANTOS, E. H. J.<\/b> ; RAMOS, D. ; SALES, J. ; DEMORI, L. ; MARTINS, R. M. ; ARAUJO, R. ; FOLENA, J. R. ; RAMOS, V. ; PITILLO, J. C. . Os militares e o pensamento de extrema direita no Brasil. In: Francisco Carlos Teixeira da Silva; Karl Schuster. (Org.). A Rep\u00fablica Sitiada: Militares e Bolsonarismo no Brasil. 1ed.Pernambuco: EdUFPE, 2023, v. 1, p. 93-112.<\/div>\n<div class=\"layout-cell-pad-5\"><\/div>\n<div class=\"layout-cell-pad-5\"><\/div>\n<div class=\"layout-cell-pad-5\"><\/div>\n<\/div>\n<\/div>\n<p>[\/et_pb_text][et_pb_text _builder_version=&#8221;4.16&#8243; _module_preset=&#8221;default&#8221; custom_padding=&#8221;||3px|||&#8221; global_colors_info=&#8221;{}&#8221;]<\/p>\n<p>SANTOS, E. H. J. <strong>Controle civil? A ascens\u00e3o de Bolsonaro e a encruzilhada do Brasil &#8211; militares, for\u00e7as armadas e pol\u00edtica.<\/strong> In: Martins Filho, J.R.. (Org.). Os militares e a Crise Brasileira. 1ed.Campinas: Alameda, 2021, v. 1, p. 159-.<\/p>\n<p>[\/et_pb_text][\/et_pb_column][et_pb_column type=&#8221;1_4&#8243; _builder_version=&#8221;4.16&#8243; _module_preset=&#8221;default&#8221; global_colors_info=&#8221;{}&#8221;][\/et_pb_column][\/et_pb_row][et_pb_row column_structure=&#8221;3_4,1_4&#8243; _builder_version=&#8221;4.16&#8243; _module_preset=&#8221;default&#8221; global_colors_info=&#8221;{}&#8221;][et_pb_column type=&#8221;3_4&#8243; _builder_version=&#8221;4.16&#8243; _module_preset=&#8221;default&#8221; global_colors_info=&#8221;{}&#8221;][et_pb_text _builder_version=&#8221;4.16&#8243; _module_preset=&#8221;default&#8221; global_colors_info=&#8221;{}&#8221;]<\/p>\n<p>SANTOS, E. H. J. <strong>For\u00e7as Armadas, Militares da Reserva, Anticomunismo e a Comiss\u00e3o Nacional da Verdade ? Mem\u00f3rias em Disputa<\/strong>. In: AGUILAR, S\u00e9rgio Luiz Cruz Aguilar; ALONSO, Isabela Zorat. (Org.). Os Desafios da Pol\u00edtica Externa e Seguran\u00e7a no s\u00e9culo XXI. 1ed.Mar\u00edlia: Ed. UNESP, 2018, v. 1, p. 127-148.<\/p>\n<p>[\/et_pb_text][et_pb_text _builder_version=&#8221;4.16&#8243; _module_preset=&#8221;default&#8221; custom_padding=&#8221;||7px|||&#8221; global_colors_info=&#8221;{}&#8221;]<\/p>\n<p>SANTOS, E. H. J. <strong>O passado e o futuro das rela\u00e7\u00f5es civis e militares no cone sul: desafios diante da busca da verdade<\/strong>. In: Ingrid Sarti ; Daniela Perrotta; M\u00f4nica Leite Lessa; Glauber Cardoso Carvalho. (Org.). Por uma integra\u00e7\u00e3o ampliada da Am\u00e9rica do Sul no s\u00e9culo XXI. 1ed.Rio de Janeiro: Pense, 2013, v. 1, p. 467-480.<\/p>\n<p>[\/et_pb_text][et_pb_text _builder_version=&#8221;4.16&#8243; _module_preset=&#8221;default&#8221; custom_padding=&#8221;||0px|||&#8221; global_colors_info=&#8221;{}&#8221;]<\/p>\n<p>SANTOS, E. H. J. <strong>A TRINCHEIRA DA BATALHA DA MEM\u00d3RIA ? A VERS\u00c3O DOS GRUPOS DE CIVIS E MILITARES DA RESERVA<\/strong>. In: Eduardo Munhoz Svartman; Jos\u00e9 Miguel Arias Neto;Tania Regina Pires de Godoy; V\u00e1gner Camilo Alves (orgs.). (Org.). DEFESA, SEGURAN\u00c7A INTERNACIONAL E FOR\u00c7AS ARMADAS &#8212; III ENCONTRO DA ABED. Campinas: Mercado de Letras, 2009, v. , p. -.<\/p>\n<p>[\/et_pb_text][et_pb_text _builder_version=&#8221;4.16&#8243; _module_preset=&#8221;default&#8221; global_colors_info=&#8221;{}&#8221;][\/et_pb_text][et_pb_toggle title=&#8221;Organiza\u00e7\u00e3o de livros&#8221; _builder_version=&#8221;4.16&#8243; _module_preset=&#8221;default&#8221; background_color=&#8221;#d6d6d6&#8243; global_colors_info=&#8221;{}&#8221;][\/et_pb_toggle][et_pb_text _builder_version=&#8221;4.16&#8243; _module_preset=&#8221;default&#8221; custom_padding=&#8221;||17px|||&#8221; global_colors_info=&#8221;{}&#8221;]<\/p>\n<div class=\"layout-cell layout-cell-1 text-align-right\">\n<div class=\"layout-cell-pad-5 text-align-right\"><b><\/b><\/div>\n<\/div>\n<div class=\"layout-cell layout-cell-11\">\n<div class=\"layout-cell-pad-5\">SVARTMAN, E. M. (Org.) ; PINTO, D. J. A. (Org.) ; <b>SANTOS, E. H. J.<\/b> (Org.) ; TEIXEIRA JR, A. (Org.) ; BRAVO, A. L. P. (Org.) ; VITELLI, M. G. (Org.) . Anais Eletronicos do XII ENABED. 1. ed. Niter\u00f3i: , 2022<\/div>\n<\/div>\n<p>[\/et_pb_text][et_pb_text _builder_version=&#8221;4.16&#8243; _module_preset=&#8221;default&#8221; global_colors_info=&#8221;{}&#8221;]<\/p>\n<p>\u00a0ROCHA, M., ALVES, V.C.,\u00a0SANTOS, E.H.J. Estudos Estrat\u00e9gicos e Defesa. Luzes, Rio de Janeiro, 2020.<\/p>\n<p>[\/et_pb_text][et_pb_toggle title=&#8221;Artigos em peri\u00f3dicos&#8221; _builder_version=&#8221;4.16&#8243; _module_preset=&#8221;default&#8221; background_color=&#8221;#d6d6d6&#8243; min_height=&#8221;69px&#8221; custom_padding=&#8221;0px|||||&#8221; global_colors_info=&#8221;{}&#8221;][\/et_pb_toggle][et_pb_text _builder_version=&#8221;4.16&#8243; _module_preset=&#8221;default&#8221; custom_padding=&#8221;||10px|||&#8221; global_colors_info=&#8221;{}&#8221;]<\/p>\n<div class=\"artigo-completo\">\n<div class=\"layout-cell layout-cell-11\">\n<div class=\"layout-cell-pad-5\">\n<p>JESUS SANTOS, EDUARDO HELENO DE; KUBIK DA COSTA PINTO, ERIKA ; RODRIGUES RIBEIRO DA CUNHA, PAULO . <strong>Controle civil sob amea\u00e7a? Militarismo, politiza\u00e7\u00e3o e radicaliza\u00e7\u00e3o dos militares no Brasil de Bolsonaro<\/strong>. REVISTA BRASILEIRA DE ESTUDOS DE DEFESA, v. 11, p. 107-133, 2024.<\/p>\n<p>RODRIGUES, THIAGO RODRIGUES ; DE JESUS SANTOS, EDUARDO HELENO ; KALIL, MARIANA . <strong>Apresenta\u00e7\u00e3o<\/strong>. REVISTA BRASILEIRA DE ESTUDOS DE DEFESA, v. 11, p. 15-21, 2024.<\/p>\n<p><b><br \/><a class=\"tooltip\" href=\"http:\/\/lattes.cnpq.br\/6300904580266667\" target=\"_blank\" rel=\"noopener noreferrer\">SANTOS, E. H. J.<\/a><\/b> <strong>Ativismo e extrema-direita no meio militar: tens\u00f5es e discursos que antecedem ao bolsonarismo (1984-1998)<\/strong>. Brasiliana: Journal for Bazilian Studies, v. 10, p. 272-294, 2022.<\/p>\n<p>\u00a0<b><a class=\"tooltip\" title=\"Clique para visualizar o curr\u00edculo\" href=\"http:\/\/lattes.cnpq.br\/6300904580266667\" target=\"_blank\" rel=\"noopener noreferrer\">SANTOS, E. H. J.<\/a><\/b>; KUBIK, E. ; ALVES, V. C. .<strong> Redemocratiza\u00e7\u00e3o, controle civil e rea\u00e7\u00e3o<\/strong>. TENS\u00d5ES MUNDIAIS \/ WORLD TENSIONS, v. 18, p. 57-80, 2022.<\/p>\n<\/div>\n<\/div>\n<\/div>\n<div class=\"artigo-completo\">\n<div class=\"layout-cell layout-cell-11\">\n<div class=\"layout-cell-pad-5\">\n<p>&nbsp;<\/p>\n<div class=\"citado\"><\/div>\n<\/div>\n<\/div>\n<\/div>\n<div class=\"artigo-completo\">\n<div class=\"layout-cell layout-cell-11\">\n<div class=\"layout-cell-pad-5\">PEREIRA, Y. B. ; <b>SANTOS, E.H.<\/b> . <strong>AS CONTRIBUI\u00c7\u00d5ES BRASILEIRAS CONTRA A PIRATARIA NO GOLFO DA GUIN\u00c9. REVISTA BRASILEIRA DE ESTUDOS ESTRAT\u00c9GICO<\/strong>S<sup><\/sup>, v. 14, p. 27, 2022<\/div>\n<\/div>\n<\/div>\n<p>[\/et_pb_text][et_pb_text _builder_version=&#8221;4.16&#8243; _module_preset=&#8221;default&#8221; custom_padding=&#8221;||10px|||&#8221; global_colors_info=&#8221;{}&#8221;]<\/p>\n<p><strong>Outro olhar sobre as for\u00e7as armadas: os grupos de press\u00e3o pol\u00edtica formados por militares da reserva.<\/strong> Em Debate, v. 10, p. 39-45, 2018<\/p>\n<p>[\/et_pb_text][et_pb_text _builder_version=&#8221;4.16&#8243; _module_preset=&#8221;default&#8221; global_colors_info=&#8221;{}&#8221;]<\/p>\n<p>\u00a0<strong>Crise de representa\u00e7\u00e3o pol\u00edtica no Brasil e os protestos de junho de 2013<\/strong>. Liinc em Revista, v. 10, p. 86-95, 2014.<\/p>\n<p>[\/et_pb_text][et_pb_text _builder_version=&#8221;4.16&#8243; _module_preset=&#8221;default&#8221; global_colors_info=&#8221;{}&#8221;]<\/p>\n<p>SANTOS, E. H. J.; ALVES, V. C. .<strong> Os grupos de press\u00e3o formados por militares da reserva e o pensamento anticomunista<\/strong>. Media\u00e7\u00f5es &#8211; Revista de Ci\u00eancias Sociais, v. 19, p. 135-150, 2014.<\/p>\n<p>[\/et_pb_text][et_pb_text _builder_version=&#8221;4.16&#8243; _module_preset=&#8221;default&#8221; global_colors_info=&#8221;{}&#8221;]<\/p>\n<p>SANTOS, E. H. J<strong>.. Altern\u00e2ncia Pol\u00edtica e coaliz\u00e3o no presidencialismo paraguaio.<\/strong> Observador on-line, v. 5, p. 1-24, 2010.<\/p>\n<p>&nbsp;<\/p>\n<p>[\/et_pb_text][et_pb_text _builder_version=&#8221;4.16&#8243; _module_preset=&#8221;default&#8221; global_colors_info=&#8221;{}&#8221;]<\/p>\n<p>SANTOS, E. H. J.. <strong>Entrada da Venezuela no Mercosul: Governo do Paraguai tenta mais uma vez aprovar a inclus\u00e3o de Caracas<\/strong>. Boletim OPSA, v. 6, p. 8-8, 2010.<\/p>\n<p>[\/et_pb_text][\/et_pb_column][et_pb_column type=&#8221;1_4&#8243; _builder_version=&#8221;4.16&#8243; _module_preset=&#8221;default&#8221; global_colors_info=&#8221;{}&#8221;][\/et_pb_column][\/et_pb_row][et_pb_row _builder_version=&#8221;4.16&#8243; _module_preset=&#8221;default&#8221; global_colors_info=&#8221;{}&#8221;][et_pb_column type=&#8221;4_4&#8243; _builder_version=&#8221;4.16&#8243; _module_preset=&#8221;default&#8221; global_colors_info=&#8221;{}&#8221;][et_pb_toggle title=&#8221;Artigos em Anais de Congresso&#8221; _builder_version=&#8221;4.16&#8243; _module_preset=&#8221;default&#8221; global_colors_info=&#8221;{}&#8221;]<\/p>\n<p>Your content goes here. Edit or remove this text inline or in the module Content settings. You can also style every aspect of this content in the module Design settings and even apply custom CSS to this text in the module Advanced settings.<\/p>\n<p>[\/et_pb_toggle][\/et_pb_column][\/et_pb_row][et_pb_row _builder_version=&#8221;4.16&#8243; _module_preset=&#8221;default&#8221; global_colors_info=&#8221;{}&#8221;][et_pb_column type=&#8221;4_4&#8243; _builder_version=&#8221;4.16&#8243; _module_preset=&#8221;default&#8221; global_colors_info=&#8221;{}&#8221;][et_pb_text _builder_version=&#8221;4.16&#8243; _module_preset=&#8221;default&#8221; global_colors_info=&#8221;{}&#8221;]<\/p>\n<p>SANTOS, E. H. J.. <strong>Entre a democracia e a ditadura: os grupos de press\u00e3o formados por militares da reserva no Brasil e no Uruguai<\/strong>. In: 9\u00ba Congresso da ALACIP, 2017, Montevid\u00e9u. ANAIS DO 9\u00ba CONGRESSO LATINOAMERICANO DE CI\u00caNCIA POL\u00cdTICA, 2017. v. 1.<\/p>\n<p>&nbsp;<\/p>\n<p>SANTOS, E. H. J.; FIGUEIREDO, E. L. ; ALVES, V. C. . <strong>As rela\u00e7\u00f5es entre partidos pol\u00edticos e For\u00e7as Armadas no Brasil, no Paraguai e no Uruguai na d\u00e9cada de 1990<\/strong>.. In: 39\u00ba Encontro da Associa\u00e7\u00e3o Nacional de P\u00f3s-Gradua\u00e7\u00e3o e Pesquisa em Ci\u00eancias Sociais (Anpocs), 2015, Caxambu. Anais do 39\u00ba Encontro Anual da Anpocs, de 26 a 30 de outubro de 2015, em Caxambu &#8211; MG., 2015. v. 1. p. 1-20.<\/p>\n<p>&nbsp;<\/p>\n<p>SANTOS, E. H. J.; ALVES, V. C. . <strong>Grupos de press\u00e3o pol\u00edtica formados por militares da reserva na Argentina e no Brasil: um estudo comparado<\/strong>. In: 38\u00ba Encontro Anual da ANPOCS, 2014, Caxambu. Anais do Evento, 2014.<\/p>\n<p>&nbsp;<\/p>\n<p>SANTOS, E. H. J.. <strong>Das trincheiras \u00e0 guerra de atrito: a batalha pela mem\u00f3ria entre os militantes da esquerda e o militares da reserva de extrema-direita deixou, enfim, de ser silenciosa?.<\/strong> In: 36\u00aa Encontro Nacional da ANPOCS, 2012, Caxamb\u00fa. Anais do Evento, 2012.<\/p>\n<p>&nbsp;<\/p>\n<p>SANTOS, E. H. J.. <strong>A &#8216;amea\u00e7a&#8217; comunista vista pelos militares da: entre a mem\u00f3ria do regime militar de 1964 e a campanha presidencial de 2010. <\/strong>In: 34 Encontro da ANPOCS, 2010, Caxambu. Anais do 34 Encontro Anual da ANPOCS. Caxambu: ANPOCS, 2010. p. 133-133.<\/p>\n<p>&nbsp;<\/p>\n<p>LUIZ, E. M. B. ; SANTOS, E. H. J. . . <strong>Pol\u00edtica Energ\u00e9tica do Goveno Geisel, a Diplomacia Carter, os Direitos Humanos e a OAB..<\/strong> In: II Congresso Internacional do Nucleo de Estudos da Am\u00e9rica Latina &#8211; Nucleas, 2010, Rio de Janeiro. Trabalhos Completos, 2010. v. 1.<\/p>\n<p>&nbsp;<\/p>\n<p>SANTOS, E. H. J.. <strong>A TRINCHEIRA DA BATALHA DA MEM\u00d3RIA A VERS\u00c3O DOS GRUPOS DE CIVIS E MILITARES DA RESERVA. <\/strong>In: III Encontro da Associa\u00e7\u00e3o Brasileira de Defesa &#8211; ABED, 2009, Londrina. Anais do III ENABED. S\u00e3o Paulo: MERCADO DE LETRAS, 2009.<\/p>\n<p>&nbsp;<\/p>\n<p>SANTOS, E. H. J.. <strong>Mem\u00f3ria dos militares sobre as ditaduras do cone sul: uma perspectiva comparada acerca das iniciativas contra o esquecimento.<\/strong> In: 33\u00ba Encontro Anual da ANPOCS, 2009, Caxambu. 33\u00ba Encontro Anual da ANPOCS, 2009.<\/p>\n<p>&nbsp;<\/p>\n<p>SANTOS, E. H. J.; FIGUEIREDO, E. L. ; ALVES, V. C. . <strong>O velho e o novo no discurso das For\u00e7as Armadas. In<\/strong>: 32\u00ba Encontro da ANPOCS, 2008, CAXAMBU. Programas e Resumos e 32\u00ba Encontro Anual da ANPOCS, 2008.<\/p>\n<p>&nbsp;<\/p>\n<p>SANTOS, E. H. J.. <strong>Bol\u00edvia e g\u00e1s: a mistura explosiva ? Uma an\u00e1lise do discurso jornal\u00edstico.<\/strong> In: VI\u00b0 Encontro do F\u00f3rum Universit\u00e1rio Mercosul, 2007, Aracaju. Os Novos Rumos do Mercosul, GT-20, M\u00eddia e sociedade. Aracaju, 2007. p. 01-15.<\/p>\n<p>[\/et_pb_text][\/et_pb_column][\/et_pb_row][\/et_pb_section][et_pb_section fb_built=&#8221;1&#8243; _builder_version=&#8221;4.16&#8243; _module_preset=&#8221;default&#8221; global_colors_info=&#8221;{}&#8221;][et_pb_row _builder_version=&#8221;4.16&#8243; _module_preset=&#8221;default&#8221; custom_padding=&#8221;33px|||||&#8221; global_colors_info=&#8221;{}&#8221;][et_pb_column type=&#8221;4_4&#8243; _builder_version=&#8221;4.16&#8243; _module_preset=&#8221;default&#8221; global_colors_info=&#8221;{}&#8221;][\/et_pb_column][\/et_pb_row][\/et_pb_section][et_pb_section fb_built=&#8221;1&#8243; _builder_version=&#8221;4.16&#8243; _module_preset=&#8221;default&#8221; global_colors_info=&#8221;{}&#8221;][\/et_pb_section]<\/p>\n","protected":false},"excerpt":{"rendered":"<p>Your content goes here. Edit or remove this text inline or in the module Content settings. You can also style every aspect of this content in the module Design settings and even apply custom CSS to this text in the module Advanced settings.SANTOS, E. H. J. A Rea\u00e7\u00e3o Dos Militares Brasileiros \u00c0s Pol\u00edticas De Mem\u00f3ria. [&hellip;]<\/p>\n","protected":false},"author":253,"featured_media":0,"parent":0,"menu_order":0,"comment_status":"closed","ping_status":"closed","template":"","meta":{"_et_pb_use_builder":"on","_et_pb_old_content":"","_et_gb_content_width":"","_exactmetrics_skip_tracking":false,"_exactmetrics_sitenote_active":false,"_exactmetrics_sitenote_note":"","_exactmetrics_sitenote_category":0,"footnotes":""},"categories":[],"tags":[],"class_list":["post-43","page","type-page","status-publish","hentry"],"_links":{"self":[{"href":"https:\/\/www.professores.uff.br\/eheleno\/wp-json\/wp\/v2\/pages\/43","targetHints":{"allow":["GET"]}}],"collection":[{"href":"https:\/\/www.professores.uff.br\/eheleno\/wp-json\/wp\/v2\/pages"}],"about":[{"href":"https:\/\/www.professores.uff.br\/eheleno\/wp-json\/wp\/v2\/types\/page"}],"author":[{"embeddable":true,"href":"https:\/\/www.professores.uff.br\/eheleno\/wp-json\/wp\/v2\/users\/253"}],"replies":[{"embeddable":true,"href":"https:\/\/www.professores.uff.br\/eheleno\/wp-json\/wp\/v2\/comments?post=43"}],"version-history":[{"count":12,"href":"https:\/\/www.professores.uff.br\/eheleno\/wp-json\/wp\/v2\/pages\/43\/revisions"}],"predecessor-version":[{"id":180,"href":"https:\/\/www.professores.uff.br\/eheleno\/wp-json\/wp\/v2\/pages\/43\/revisions\/180"}],"wp:attachment":[{"href":"https:\/\/www.professores.uff.br\/eheleno\/wp-json\/wp\/v2\/media?parent=43"}],"wp:term":[{"taxonomy":"category","embeddable":true,"href":"https:\/\/www.professores.uff.br\/eheleno\/wp-json\/wp\/v2\/categories?post=43"},{"taxonomy":"post_tag","embeddable":true,"href":"https:\/\/www.professores.uff.br\/eheleno\/wp-json\/wp\/v2\/tags?post=43"}],"curies":[{"name":"wp","href":"https:\/\/api.w.org\/{rel}","templated":true}]}}