{"id":119,"date":"2017-07-19T19:34:09","date_gmt":"2017-07-19T22:34:09","guid":{"rendered":"http:\/\/www.professores.uff.br\/fernandogama\/?page_id=119"},"modified":"2017-07-19T19:40:17","modified_gmt":"2017-07-19T22:40:17","slug":"graduacao","status":"publish","type":"page","link":"https:\/\/www.professores.uff.br\/fernandogama\/graduacao\/","title":{"rendered":"Gradua\u00e7\u00e3o"},"content":{"rendered":"<p>&nbsp;<\/p>\n<p><img loading=\"lazy\" decoding=\"async\" class=\"alignleft size-full wp-image-127\" src=\"http:\/\/www.professores.uff.br\/fernandogama\/wp-content\/uploads\/sites\/15\/2017\/07\/books.png\" alt=\"\" width=\"128\" height=\"128\" \/><\/p>\n<p>&nbsp;<\/p>\n<ul>\n<li><a href=\"http:\/\/www.professores.uff.br\/fernandogama\/materias-obrigatorias\/\">Mat\u00e9rias obrigat\u00f3rias<\/a><\/li>\n<li><a href=\"http:\/\/www.professores.uff.br\/fernandogama\/materias-eletivas\/\">Mat\u00e9rias eletivas<\/a><\/li>\n<li><a href=\"http:\/\/www.professores.uff.br\/fernandogama\/topicos-especiais\/\">T\u00f3picos Especiais<\/a><\/li>\n<\/ul>\n<p>&nbsp;<\/p>\n","protected":false},"excerpt":{"rendered":"<p>&nbsp; &nbsp; Mat\u00e9rias obrigat\u00f3rias Mat\u00e9rias eletivas T\u00f3picos Especiais &nbsp;<\/p>\n","protected":false},"author":1,"featured_media":0,"parent":0,"menu_order":0,"comment_status":"closed","ping_status":"closed","template":"","meta":{"_exactmetrics_skip_tracking":false,"_exactmetrics_sitenote_active":false,"_exactmetrics_sitenote_note":"","_exactmetrics_sitenote_category":0,"footnotes":""},"categories":[3],"tags":[25,27,26,28],"class_list":["post-119","page","type-page","status-publish","hentry","category-paginas_menu_principal","tag-graduacao","tag-materias-eletivas","tag-materias-obrigatorias","tag-topicos-especiais"],"_links":{"self":[{"href":"https:\/\/www.professores.uff.br\/fernandogama\/wp-json\/wp\/v2\/pages\/119","targetHints":{"allow":["GET"]}}],"collection":[{"href":"https:\/\/www.professores.uff.br\/fernandogama\/wp-json\/wp\/v2\/pages"}],"about":[{"href":"https:\/\/www.professores.uff.br\/fernandogama\/wp-json\/wp\/v2\/types\/page"}],"author":[{"embeddable":true,"href":"https:\/\/www.professores.uff.br\/fernandogama\/wp-json\/wp\/v2\/users\/1"}],"replies":[{"embeddable":true,"href":"https:\/\/www.professores.uff.br\/fernandogama\/wp-json\/wp\/v2\/comments?post=119"}],"version-history":[{"count":4,"href":"https:\/\/www.professores.uff.br\/fernandogama\/wp-json\/wp\/v2\/pages\/119\/revisions"}],"predecessor-version":[{"id":154,"href":"https:\/\/www.professores.uff.br\/fernandogama\/wp-json\/wp\/v2\/pages\/119\/revisions\/154"}],"wp:attachment":[{"href":"https:\/\/www.professores.uff.br\/fernandogama\/wp-json\/wp\/v2\/media?parent=119"}],"wp:term":[{"taxonomy":"category","embeddable":true,"href":"https:\/\/www.professores.uff.br\/fernandogama\/wp-json\/wp\/v2\/categories?post=119"},{"taxonomy":"post_tag","embeddable":true,"href":"https:\/\/www.professores.uff.br\/fernandogama\/wp-json\/wp\/v2\/tags?post=119"}],"curies":[{"name":"wp","href":"https:\/\/api.w.org\/{rel}","templated":true}]}}