{"id":141,"date":"2017-07-19T19:31:44","date_gmt":"2017-07-19T22:31:44","guid":{"rendered":"http:\/\/www.professores.uff.br\/fernandogama\/?page_id=141"},"modified":"2017-07-19T19:37:05","modified_gmt":"2017-07-19T22:37:05","slug":"topicos-especiais","status":"publish","type":"page","link":"https:\/\/www.professores.uff.br\/fernandogama\/graduacao\/topicos-especiais\/","title":{"rendered":"T\u00f3picos Especiais"},"content":{"rendered":"<p><img loading=\"lazy\" decoding=\"async\" class=\"size-full wp-image-142 alignleft\" src=\"http:\/\/www.professores.uff.br\/fernandogama\/wp-content\/uploads\/sites\/15\/2017\/07\/topicosespeciais.png\" alt=\"\" width=\"128\" height=\"128\" \/><\/p>\n<p>&nbsp;<\/p>\n<ul>\n<li><a href=\"http:\/\/www.professores.uff.br\/fernandogama\/wp-content\/uploads\/sites\/15\/2017\/07\/Media\u00e7\u00e3oCivil.pdf\" target=\"_blank\" rel=\"noopener noreferrer\">Media\u00e7\u00e3o Civil<\/a><\/li>\n<li><a href=\"http:\/\/www.professores.uff.br\/fernandogama\/wp-content\/uploads\/sites\/15\/2017\/07\/ProcessoCivilIdeologia.pdf\" target=\"_blank\" rel=\"noopener noreferrer\">Processo Civil e Ideologia<\/a><\/li>\n<li><a href=\"http:\/\/www.professores.uff.br\/fernandogama\/wp-content\/uploads\/sites\/15\/2017\/07\/SumulasPrecendentesJudicais.pdf\">S\u00famulas Precendentes Judicais<\/a><\/li>\n<li><a href=\"http:\/\/www.professores.uff.br\/fernandogama\/wp-content\/uploads\/sites\/15\/2017\/07\/DecisoesJusticaConstitucional.pdf\">Decis\u00f5es na Justi\u00e7a Constitucional<\/a><\/li>\n<\/ul>\n","protected":false},"excerpt":{"rendered":"<p>&nbsp; Media\u00e7\u00e3o Civil Processo Civil e Ideologia S\u00famulas Precendentes Judicais Decis\u00f5es na Justi\u00e7a Constitucional<\/p>\n","protected":false},"author":1,"featured_media":142,"parent":119,"menu_order":0,"comment_status":"closed","ping_status":"closed","template":"","meta":{"_exactmetrics_skip_tracking":false,"_exactmetrics_sitenote_active":false,"_exactmetrics_sitenote_note":"","_exactmetrics_sitenote_category":0,"footnotes":""},"categories":[3],"tags":[24,23],"class_list":["post-141","page","type-page","status-publish","has-post-thumbnail","hentry","category-paginas_menu_principal","tag-especiais","tag-topicos"],"_links":{"self":[{"href":"https:\/\/www.professores.uff.br\/fernandogama\/wp-json\/wp\/v2\/pages\/141","targetHints":{"allow":["GET"]}}],"collection":[{"href":"https:\/\/www.professores.uff.br\/fernandogama\/wp-json\/wp\/v2\/pages"}],"about":[{"href":"https:\/\/www.professores.uff.br\/fernandogama\/wp-json\/wp\/v2\/types\/page"}],"author":[{"embeddable":true,"href":"https:\/\/www.professores.uff.br\/fernandogama\/wp-json\/wp\/v2\/users\/1"}],"replies":[{"embeddable":true,"href":"https:\/\/www.professores.uff.br\/fernandogama\/wp-json\/wp\/v2\/comments?post=141"}],"version-history":[{"count":4,"href":"https:\/\/www.professores.uff.br\/fernandogama\/wp-json\/wp\/v2\/pages\/141\/revisions"}],"predecessor-version":[{"id":151,"href":"https:\/\/www.professores.uff.br\/fernandogama\/wp-json\/wp\/v2\/pages\/141\/revisions\/151"}],"up":[{"embeddable":true,"href":"https:\/\/www.professores.uff.br\/fernandogama\/wp-json\/wp\/v2\/pages\/119"}],"wp:featuredmedia":[{"embeddable":true,"href":"https:\/\/www.professores.uff.br\/fernandogama\/wp-json\/wp\/v2\/media\/142"}],"wp:attachment":[{"href":"https:\/\/www.professores.uff.br\/fernandogama\/wp-json\/wp\/v2\/media?parent=141"}],"wp:term":[{"taxonomy":"category","embeddable":true,"href":"https:\/\/www.professores.uff.br\/fernandogama\/wp-json\/wp\/v2\/categories?post=141"},{"taxonomy":"post_tag","embeddable":true,"href":"https:\/\/www.professores.uff.br\/fernandogama\/wp-json\/wp\/v2\/tags?post=141"}],"curies":[{"name":"wp","href":"https:\/\/api.w.org\/{rel}","templated":true}]}}