{"id":68,"date":"2017-07-19T13:53:53","date_gmt":"2017-07-19T16:53:53","guid":{"rendered":"http:\/\/www.professores.uff.br\/fernandogama\/?page_id=68"},"modified":"2017-07-19T13:57:57","modified_gmt":"2017-07-19T16:57:57","slug":"legislacao","status":"publish","type":"page","link":"https:\/\/www.professores.uff.br\/fernandogama\/legislacao\/","title":{"rendered":"Legisla\u00e7\u00e3o"},"content":{"rendered":"<p>&nbsp;<\/p>\n<p>&nbsp;<\/p>\n<p style=\"text-align: center;\"><img loading=\"lazy\" decoding=\"async\" class=\"aligncenter size-full wp-image-69\" src=\"http:\/\/www.professores.uff.br\/fernandogama\/wp-content\/uploads\/sites\/15\/2017\/07\/atualizacao.jpg\" alt=\"\" width=\"131\" height=\"108\" \/><\/p>\n<p style=\"text-align: center;\"><a href=\"http:\/\/www.presidencia.gov.br\/legislacao\/\" target=\"_blank\" rel=\"noopener noreferrer\">Legisla\u00e7\u00e3o (Portal da Presid\u00eancia da Rep\u00fablica)<\/a><\/p>\n","protected":false},"excerpt":{"rendered":"<p>&nbsp; &nbsp; Legisla\u00e7\u00e3o (Portal da Presid\u00eancia da Rep\u00fablica)<\/p>\n","protected":false},"author":1,"featured_media":0,"parent":0,"menu_order":0,"comment_status":"closed","ping_status":"closed","template":"","meta":{"_exactmetrics_skip_tracking":false,"_exactmetrics_sitenote_active":false,"_exactmetrics_sitenote_note":"","_exactmetrics_sitenote_category":0,"footnotes":""},"categories":[3],"tags":[],"class_list":["post-68","page","type-page","status-publish","hentry","category-paginas_menu_principal"],"_links":{"self":[{"href":"https:\/\/www.professores.uff.br\/fernandogama\/wp-json\/wp\/v2\/pages\/68","targetHints":{"allow":["GET"]}}],"collection":[{"href":"https:\/\/www.professores.uff.br\/fernandogama\/wp-json\/wp\/v2\/pages"}],"about":[{"href":"https:\/\/www.professores.uff.br\/fernandogama\/wp-json\/wp\/v2\/types\/page"}],"author":[{"embeddable":true,"href":"https:\/\/www.professores.uff.br\/fernandogama\/wp-json\/wp\/v2\/users\/1"}],"replies":[{"embeddable":true,"href":"https:\/\/www.professores.uff.br\/fernandogama\/wp-json\/wp\/v2\/comments?post=68"}],"version-history":[{"count":3,"href":"https:\/\/www.professores.uff.br\/fernandogama\/wp-json\/wp\/v2\/pages\/68\/revisions"}],"predecessor-version":[{"id":72,"href":"https:\/\/www.professores.uff.br\/fernandogama\/wp-json\/wp\/v2\/pages\/68\/revisions\/72"}],"wp:attachment":[{"href":"https:\/\/www.professores.uff.br\/fernandogama\/wp-json\/wp\/v2\/media?parent=68"}],"wp:term":[{"taxonomy":"category","embeddable":true,"href":"https:\/\/www.professores.uff.br\/fernandogama\/wp-json\/wp\/v2\/categories?post=68"},{"taxonomy":"post_tag","embeddable":true,"href":"https:\/\/www.professores.uff.br\/fernandogama\/wp-json\/wp\/v2\/tags?post=68"}],"curies":[{"name":"wp","href":"https:\/\/api.w.org\/{rel}","templated":true}]}}