{"id":15,"date":"2017-08-24T13:29:35","date_gmt":"2017-08-24T16:29:35","guid":{"rendered":"http:\/\/www.professores.uff.br\/freddyh\/?page_id=15"},"modified":"2017-08-24T15:12:59","modified_gmt":"2017-08-24T18:12:59","slug":"periodos-passados","status":"publish","type":"page","link":"https:\/\/www.professores.uff.br\/freddyh\/periodos-passados\/","title":{"rendered":"Per\u00edodos Passados"},"content":{"rendered":"<ul>\n<li><a href=\"http:\/\/www.professores.uff.br\/freddyh\/2017\/08\/24\/calculo-ii-a\/\">C\u00e1lculo &#8211; IIA<\/a><\/li>\n<li><a href=\"http:\/\/www.professores.uff.br\/freddyh\/2017\/08\/24\/48\/\">An\u00e1lise Funciona<\/a><\/li>\n<li><a href=\"http:\/\/www.professores.uff.br\/freddyh\/2017\/08\/24\/calculo-iii-a-turmas-b1-e-b2-do-2016-i\/\">C\u00e1lculo &#8211; IIIA<\/a><\/li>\n<li><a href=\"http:\/\/www.professores.uff.br\/freddyh\/2017\/08\/24\/introducao-as-equacoes-diferenciais-parciais\/\">Introdu\u00e7\u00e3o \u00e0s EDP<\/a><\/li>\n<li><a href=\"http:\/\/www.professores.uff.br\/freddyh\/2017\/08\/24\/metodos-matematicos-i\/\">M\u00e9todos Matem\u00e1ticos &#8211; I<\/a><\/li>\n<li><a href=\"http:\/\/www.professores.uff.br\/freddyh\/2017\/08\/24\/metodos-matematicos-ii\/\">M\u00e9todos Matem\u00e1ticos &#8211; II<\/a><\/li>\n<li><a href=\"http:\/\/www.professores.uff.br\/freddyh\/2017\/08\/24\/teoria-de-semigrupos\/\">Teoria de Semigrupos<\/a><\/li>\n<\/ul>\n<p>&nbsp;<\/p>\n","protected":false},"excerpt":{"rendered":"<p>C\u00e1lculo &#8211; IIA An\u00e1lise Funciona C\u00e1lculo &#8211; IIIA Introdu\u00e7\u00e3o \u00e0s EDP M\u00e9todos Matem\u00e1ticos &#8211; I M\u00e9todos Matem\u00e1ticos &#8211; II Teoria de Semigrupos &nbsp;<\/p>\n","protected":false},"author":22,"featured_media":0,"parent":0,"menu_order":0,"comment_status":"closed","ping_status":"closed","template":"","meta":{"_exactmetrics_skip_tracking":false,"_exactmetrics_sitenote_active":false,"_exactmetrics_sitenote_note":"","_exactmetrics_sitenote_category":0,"footnotes":""},"categories":[],"tags":[],"class_list":["post-15","page","type-page","status-publish","hentry"],"_links":{"self":[{"href":"https:\/\/www.professores.uff.br\/freddyh\/wp-json\/wp\/v2\/pages\/15","targetHints":{"allow":["GET"]}}],"collection":[{"href":"https:\/\/www.professores.uff.br\/freddyh\/wp-json\/wp\/v2\/pages"}],"about":[{"href":"https:\/\/www.professores.uff.br\/freddyh\/wp-json\/wp\/v2\/types\/page"}],"author":[{"embeddable":true,"href":"https:\/\/www.professores.uff.br\/freddyh\/wp-json\/wp\/v2\/users\/22"}],"replies":[{"embeddable":true,"href":"https:\/\/www.professores.uff.br\/freddyh\/wp-json\/wp\/v2\/comments?post=15"}],"version-history":[{"count":9,"href":"https:\/\/www.professores.uff.br\/freddyh\/wp-json\/wp\/v2\/pages\/15\/revisions"}],"predecessor-version":[{"id":104,"href":"https:\/\/www.professores.uff.br\/freddyh\/wp-json\/wp\/v2\/pages\/15\/revisions\/104"}],"wp:attachment":[{"href":"https:\/\/www.professores.uff.br\/freddyh\/wp-json\/wp\/v2\/media?parent=15"}],"wp:term":[{"taxonomy":"category","embeddable":true,"href":"https:\/\/www.professores.uff.br\/freddyh\/wp-json\/wp\/v2\/categories?post=15"},{"taxonomy":"post_tag","embeddable":true,"href":"https:\/\/www.professores.uff.br\/freddyh\/wp-json\/wp\/v2\/tags?post=15"}],"curies":[{"name":"wp","href":"https:\/\/api.w.org\/{rel}","templated":true}]}}