{"id":24,"date":"2017-09-11T14:50:13","date_gmt":"2017-09-11T17:50:13","guid":{"rendered":"http:\/\/www.professores.uff.br\/hfleckar\/?page_id=24"},"modified":"2017-09-11T14:50:13","modified_gmt":"2017-09-11T17:50:13","slug":"educacao-financeira","status":"publish","type":"page","link":"https:\/\/www.professores.uff.br\/hfleckar\/educacao-financeira\/","title":{"rendered":"Educa\u00e7\u00e3o Financeira"},"content":{"rendered":"<h3><strong>Ponto de vista<\/strong><\/h3>\n<p>Nos dias de hoje h\u00e1 grande facilidade de se utilizar opera\u00e7\u00f5es do Mercado Financeiro sem sair de casa. Usando um computador ou um &#8220;smartphone&#8221;, podemos fazer praticamente todas as opera\u00e7\u00f5es banc\u00e1rias usuais, tais como recebimentos, pagamentos, transfer\u00eancias, compra de produtos financeiros do banco tais como plano de capitaliza\u00e7\u00e3o, previd\u00eancia, t\u00edtulos de renda fixa e de renda vari\u00e1vel, fundos de investimento entre outros. Embora esteja crescendo o n\u00famero de brasileiros que se importam com sua vida financeira e que est\u00e3o buscando mais informa\u00e7\u00e3o a respeito, a grande maioria ainda n\u00e3o atentou para essa importante faceta da nossa vida. O planejamento financeiro, o h\u00e1bito de economizar ou ao menos de n\u00e3o gastar desnecessariamente o dinheiro conseguido com o esfor\u00e7o do trabalho, \u00e9 um primeiro passo para ter acesso aos bens materiais importantes para a sua vida e a seguran\u00e7a e tranquilidade financeira para o seu futuro. Proponho que se casem dois esfor\u00e7os para realizar essa conquista: Economizar e investir.<br \/>\nNesta apresenta\u00e7\u00e3o, vamos mostrar diversos problemas pr\u00e1ticos os quais s\u00e3o analisados utilizando m\u00e9todos da Matem\u00e1tica Financeira, n\u00e3o apenas em problemas te\u00f3ricos mas, para proporcionar resultados pr\u00e1ticos pois ser\u00e3o tratadas situa\u00e7\u00f5es problema que envolvem o seu dinheiro. Daremos uma vis\u00e3o geral sobre como os principais t\u00edtulos de renda fixa s\u00e3o constitu\u00eddos e s\u00e3o obtidos, sua rentabilidade e como verificar sua seguran\u00e7a. Mostraremos passo a passo como voc\u00ea usar uma alternativa muito simples, mais rent\u00e1vel e segura do que os produtos banc\u00e1rios que est\u00e3o na m\u00eddia e que est\u00e3o sempre escondendo a arapuca real que eles s\u00e3o. Trata-se de abrir conta em um Banco Digital que n\u00e3o cobra tarifas, abrir conta numa corretora que opere os t\u00edtulos do Tesouro Direto de forma integrada, sem cobran\u00e7a de taxas. Mostraremos como acompanhar de perto todos os passos dos seus investimentos no Tesouro Direto e a seguran\u00e7a que voc\u00ea tem operando diretamente com o Tesouro Nacional do Brasil.<\/p>\n<h3><strong>Porqu\u00ea economizar? Para que investir?<\/strong><\/h3>\n<p>Vamos tomar como exemplo, o futebol profissional. O jogador \u00e9 geralmente, melhor remunerado do que o juiz e seus auxiliares ou aquele pessoal contratado para pegar a bola fora do campo (gandulas!). \u00c9 claro que tanto os jogadores quanto os gandulas s\u00e3o importante para que o jogo aconte\u00e7a de forma satisfat\u00f3ria. Apesar de os jogadores ganharem bem mais dinheiro que esses auxiliares, eles precisam ter uma boa organiza\u00e7\u00e3o financeira na vida, caso contr\u00e1rio poder\u00e3o passar necessidades no futuro como j\u00e1 ocorreu com alguns. Nada impede de, apesar de ganhar muito menos, os auxiliares que tiverem um bom controle e organiza\u00e7\u00e3o financeira, conseguirem ter uma vida bastante satisfat\u00f3ria, em termos financeiros. Em resumo, mesmo se voc\u00ea \u00e9 rico, voc\u00ea precisa aprender a investir e cuidar do seu dinheiro e principalmente, se voc\u00ea n\u00e3o \u00e9 rico, al\u00e9m de aprender a investir e cuidar do seu dinheiro, em primeiro lugar voc\u00ea tem que aprender a economizar e trabalhar para aumentar seus ganhos. Quanto mais cedo voc\u00ea tiver essa iniciativa, melhor ser\u00e1 seu futuro financeiro.<\/p>\n<p>Com rela\u00e7\u00e3o a dinheiro, existem aqueles que emprestam e aqueles que tomam emprestado. \u00c9 claro que n\u00e3o existe um sem o outro mas, voc\u00ea pode muito bem decidir quem desses voc\u00ea quer ser. Se eu te perguntasse quem desses \u00e9 favorecido e quem \u00e9 desfavorecido &#8230; Sua resposta seria &#8230; Eu nem quero saber qual \u00e9! Kkk.<\/p>\n<p>Quem empresta, deixa de usar certa quantia que disp\u00f5e no momento, a qual poderia ser usada para comprar um carro mais novo, um aparelho de televis\u00e3o ou um celular mais moderno. Ao inv\u00e9s disso, prefere receber numa data futura combinada, o dinheiro que emprestou mais os juros combinados, esperando assim ter maior poder de compra no futuro. Em resumo, existem aqueles que planejam e poupam para adquirir um bem no futuro \u00e0 vista ou de uma maneira a sobrar o m\u00e1ximo (favorecidos) e h\u00e1 aqueles que, apesar de n\u00e3o terem dinheiro, n\u00e3o podem esperar! Tem que ser agora! Mesmo que para adquirir tal bem, ele pague duas ou tr\u00eas vezes mais caro do que poderia (desfavorecidos), se ele aguardasse um pouco, se organizasse e poupasse para realizar a compra em um futuro pr\u00f3ximo. N\u00e3o estou aqui comparando a aquisi\u00e7\u00e3o de um bem de valor muito alto com um bem muito mais barato e adi\u00e1vel como um celular mais moderno por exemplo. No caso da compra de uma casa para moradia por exemplo, geralmente se toma emprestado uma quantia bem grande mas o financiamento goza de condi\u00e7\u00f5es bem mais razo\u00e1veis e vale a muito mais \u00e0 pena por trazer conforto e seguran\u00e7a para voc\u00ea e sua fam\u00edlia. N\u00e3o \u00e9 o caso da compra um celular moderno \u00e0 custa, \u00e0s vezes de entrar no cheque especial.Por isso, eu acho que quem economia, planeja e se organiza, realiza suas necessidades muito mais facilmente sem pagar juros e ainda tem sobra de dinheiro para eventuais emerg\u00eancias.<\/p>\n<p>Prefiro, neste momento, n\u00e3o comentar sobre as raz\u00f5es que levam as pessoas a serem favorecidas ou desfavorecidas porque, talvez, existam in\u00fameras raz\u00f5es para isso. Talvez seja um problema de falta de educa\u00e7\u00e3o financeira no Brasil. Vou apenas procurar ajudar a quem j\u00e1 economiza ou quer come\u00e7ar a economizar. Na minha opini\u00e3o, economizar e deixar o dinheiro embaixo do colch\u00e3o ou na poupan\u00e7a do Banco \u00e9 um disperd\u00edcio. Vamos aprender a investir o dinheiro economizado para que ele cres\u00e7a recompensando da melhor forma poss\u00edvel o seu esfor\u00e7o. Podemos come\u00e7ar no Tesouro Direto, investindo um valor mensal a partir de R$ 30,00 (trinta reais) para longo prazo(*) e a partir de R$ 80,00 para curto prazo com liquidez di\u00e1ria ou sem car\u00eancia, em que voc\u00ea pode resgatar seu dinheiro na hora que quiser. Tamb\u00e9m daremos uma vis\u00e3o sobre os diversos t\u00edtulos de cr\u00e9dito que existem no Mercado de T\u00edtulos e Valores Mobili\u00e1rios Brasileiro, mostrando um primeiro passo para voc\u00ea se tornar um investidor consciente: Algu\u00e9m que n\u00e3o dependa de aceitar as arapucas que o gerente do seu banco lhe imp\u00f5e, j\u00e1 que na verdade eles colocam seu dinheiro para render mais para eles do que para voc\u00ea.<\/p>\n<p>(*) Voc\u00ea recebe todo o dinheiro previsto no vencimento do t\u00edtulo por\u00e9m, corre risco de perder parte do investimento caso o resgate antes do vencimento. Quando um t\u00edtulo \u00e9 liquidado na data de vencimento ou que cumpriu a sua car\u00eancia, se tem a garantia de recompra do t\u00edtulo pelo agente financeiro que o emitiu. Ao resgat\u00e1-lo antes do vencimento, eventualmente, a corretora poder\u00e1 ter que negoci\u00e1lo mo Mercado Secund\u00e1rio e a\u00ed o pre\u00e7o obedecer\u00e1 a lei da oferta e da demanda.<\/p>\n<ul>\n<li><strong><a href=\"http:\/\/www.professores.uff.br\/hfleckar\/wp-content\/uploads\/sites\/130\/2017\/09\/nocoes.pdf\">NO\u00c7\u00d5ES PRELIMINARES SOBRE INVESTIMENTOS<\/a><\/strong><\/li>\n<li><strong><a href=\"http:\/\/www.professores.uff.br\/hfleckar\/wp-content\/uploads\/sites\/130\/2017\/09\/passo-a-passo.pdf\">PASSO A PASSO PARA VOC\u00ca INVESTIR NO TESOUTO DIRETO<\/a><\/strong><\/li>\n<\/ul>\n<p>Passo 1: Voc\u00ea vai escolher um Banco ou de prefer\u00eancia uma Corretora de T\u00edtulos e Valores Mobili\u00e1rios que opera de forma integrada com o Tesouro Direto.<\/p>\n<ul>\n<li><strong><a href=\"http:\/\/www.professores.uff.br\/hfleckar\/wp-content\/uploads\/sites\/130\/2017\/09\/SlidesTesouroDireto-InfGerais.pdf\">O QUE \u00c9 O TESOURO DIRETO<\/a><\/strong><\/li>\n<li><strong><a href=\"http:\/\/www.professores.uff.br\/hfleckar\/wp-content\/uploads\/sites\/130\/2017\/09\/SlidesTesouroDireto-Habilitadas.pdf\">INSTITUI\u00c7\u00d5ES HABILITADAS<\/a><\/strong><\/li>\n<\/ul>\n<p>\u201cAqui eu estou te mostrando no site do Tesouro Direto as Institui\u00e7\u00f5es Financeiras que s\u00e3o credenciadas a operar com tesouro direto.\u201d<\/p>\n<p>OBS. 1: Para poder dar prosseguimento a essa nossa investida \u00e9 preciso nesse momento ver como abrir uma conta numa corretora.<\/p>\n<ul>\n<li><strong><a href=\"http:\/\/www.professores.uff.br\/hfleckar\/wp-content\/uploads\/sites\/130\/2017\/09\/SlidesAbrirConta-Clear.pdf\">COMO ABRIR CONTA NUMA CORRETORA: POR EXEMPLO:<\/a><\/strong><\/li>\n<li><strong><a href=\"http:\/\/www.professores.uff.br\/hfleckar\/wp-content\/uploads\/sites\/130\/2017\/09\/SlidesAbrirConta-Easynvest.pdf\">CLEAR OU EASYNVEST OU RICO OU XP ETC<\/a><\/strong><\/li>\n<\/ul>\n<p>Vou dar em slide, indica\u00e7\u00f5es de como abrir a conta na Clear ou Easynvest por exemplo, que s\u00e3o corretoras integradas com o Tesouro Direto e n\u00e3o cobram taxa de Administra\u00e7\u00e3o. Para ser aberta voc\u00ea pode usar diretamente a internet e s\u00f3 precisa ter seu RG, CPF e um comprovante de resid\u00eancia tipo conta de luz.<\/p>\n<p>OBS. 2: Se n\u00e3o tem conta banc\u00e1ria vamos mostrar como abrir uma conta em um Banco Digital: Banco Intermedium por exemplo.<\/p>\n<ul>\n<li><strong><a href=\"http:\/\/www.professores.uff.br\/hfleckar\/wp-content\/uploads\/sites\/130\/2017\/09\/1SlidesAbrirConta-ITM.pdf\">CONTA NO BANCO INTERMEDIUM POR EXEMPLO<\/a><\/strong><\/li>\n<\/ul>\n<p>SLIDE da minha conta \u2013 Dep\u00f3sito por cheque<\/p>\n<p>Passo 2: Mandar dinheiro para voc\u00ea na corretora, pode ser R$ 30,00. Voc\u00ea vai mandar do seu banco para corretora o valor que voc\u00ea quer investir no t\u00edtulo do Tesouro Direto.<\/p>\n<p>SLIDE transferindo do Banco para a Corretora<\/p>\n<p>SLIDE transferindo da Corretora para o Banco (Retirada)<\/p>\n<p>Passo 3: J\u00e1 com dinheiro na sua conta voc\u00ea abre o Home Broker (HB) da corretora e nesse Home Broker voc\u00ea vai selecionar Renda Fixa \u2192 Tesouro Direto e aplicar. Para comprar: seleciona o t\u00edtulo, escolhe o valor que quer aplicar no t\u00edtulo e dar ok. Vai ver que o dinheiro vai sair da sua conta e vai para o Tesouro Nacional (voc\u00ea vai receber comunicado por email sobre o andamento do seu investimento) que vai providenciar o registro seu t\u00edtulo. O mais apropriado para iniciantes \u00e9 aplicar no Tesouro Selic (LFT) que tem rendimento di\u00e1rio(**) .<\/p>\n<p>(**) O IOF (Imposto sobre Opera\u00e7\u00f5es Financeiras) tem uma tabela regressiva que incide sobre resgates efetuados nos primeiros 30 dias do investimento. Em alguns casos, retirado o IOF, o que sobra n\u00e3o d\u00e1 para cobrir despesas! Atne\u00e7\u00e3o: A Poupan\u00e7a n\u00e3o tem IOF, mas n\u00e3o se anime com isso porque a Poupan\u00e7a s\u00f3 d\u00e1 rendimento ap\u00f3s seu dinheiro estar aplicado pelo menos 30 dias.<\/p>\n<p>Conclus\u00e3o: \u00c9 sempre bom come\u00e7ar a resgatar parte do que j\u00e1 estiver investido h\u00e1 mais de 30 dias.<\/p>\n<ul>\n<li><strong><a href=\"http:\/\/www.professores.uff.br\/hfleckar\/wp-content\/uploads\/sites\/130\/2017\/09\/CSlidesTesouroDireto-Investindo.pdf\">COMPRANDO E VENDENDO T\u00cdTULOS DO TESOURO DIRETO NUMA CORRETORA<\/a><\/strong><\/li>\n<\/ul>\n<p>Veremos atrav\u00e9s de um exemplo, uma f\u00f3rmula (S\u00e9rie de pagamentos) que mostra que pequenos aportes mensais s\u00e3o compensados com um montante bem razo\u00e1vel no futuro:<\/p>\n<p>Uma pessoa precisa acumular R$ 37.500,00 nos pr\u00f3ximos 5 anos e acredita que, aplicando mensalmente R$ 500,00 a partir da data de hoje, em um Investimento que paga em m\u00e9dia, 0,8% ao m\u00eas, ele vai conseguir acumular o valor desejado.<\/p>\n<p>Pergunta-se: Essa pessoa vai conseguir o valor de que precisa?<\/p>\n<p>FV=PMT{[(1+i)^n \u2013 1]\/i}x(1+i)<\/p>\n<p>Dados:<\/p>\n<p>PMT=500; i=0,8% a.m. (equivalente a 10,03% a.a.) ; n=5 anos = 60 meses; FV=?<\/p>\n<p>Resposta: FV= R$ 38.618,43<\/p>\n<p>Para simular o rendimento dos t\u00edtulos do Tesouro Direto, usamos o simulador do site do Tesouto Direto.<\/p>\n<ul>\n<li><strong><a href=\"http:\/\/www.professores.uff.br\/hfleckar\/wp-content\/uploads\/sites\/130\/2017\/09\/RentTD.pdf\">SIMULA\u00c7\u00c3O RENDIMENTO DOS T\u00cdTULOS<\/a><\/strong><\/li>\n<\/ul>\n","protected":false},"excerpt":{"rendered":"<p>Ponto de vista Nos dias de hoje h\u00e1 grande facilidade de se utilizar opera\u00e7\u00f5es do Mercado Financeiro sem sair de casa. Usando um computador ou um &#8220;smartphone&#8221;, podemos fazer praticamente todas as opera\u00e7\u00f5es banc\u00e1rias usuais, tais como recebimentos, pagamentos, transfer\u00eancias, compra de produtos financeiros do banco tais como plano de capitaliza\u00e7\u00e3o, previd\u00eancia, t\u00edtulos de renda [&hellip;]<\/p>\n","protected":false},"author":22,"featured_media":0,"parent":0,"menu_order":0,"comment_status":"closed","ping_status":"closed","template":"","meta":{"_exactmetrics_skip_tracking":false,"_exactmetrics_sitenote_active":false,"_exactmetrics_sitenote_note":"","_exactmetrics_sitenote_category":0,"footnotes":""},"categories":[],"tags":[],"class_list":["post-24","page","type-page","status-publish","hentry"],"_links":{"self":[{"href":"https:\/\/www.professores.uff.br\/hfleckar\/wp-json\/wp\/v2\/pages\/24","targetHints":{"allow":["GET"]}}],"collection":[{"href":"https:\/\/www.professores.uff.br\/hfleckar\/wp-json\/wp\/v2\/pages"}],"about":[{"href":"https:\/\/www.professores.uff.br\/hfleckar\/wp-json\/wp\/v2\/types\/page"}],"author":[{"embeddable":true,"href":"https:\/\/www.professores.uff.br\/hfleckar\/wp-json\/wp\/v2\/users\/22"}],"replies":[{"embeddable":true,"href":"https:\/\/www.professores.uff.br\/hfleckar\/wp-json\/wp\/v2\/comments?post=24"}],"version-history":[{"count":1,"href":"https:\/\/www.professores.uff.br\/hfleckar\/wp-json\/wp\/v2\/pages\/24\/revisions"}],"predecessor-version":[{"id":34,"href":"https:\/\/www.professores.uff.br\/hfleckar\/wp-json\/wp\/v2\/pages\/24\/revisions\/34"}],"wp:attachment":[{"href":"https:\/\/www.professores.uff.br\/hfleckar\/wp-json\/wp\/v2\/media?parent=24"}],"wp:term":[{"taxonomy":"category","embeddable":true,"href":"https:\/\/www.professores.uff.br\/hfleckar\/wp-json\/wp\/v2\/categories?post=24"},{"taxonomy":"post_tag","embeddable":true,"href":"https:\/\/www.professores.uff.br\/hfleckar\/wp-json\/wp\/v2\/tags?post=24"}],"curies":[{"name":"wp","href":"https:\/\/api.w.org\/{rel}","templated":true}]}}