{"id":23,"date":"2017-09-28T09:49:42","date_gmt":"2017-09-28T12:49:42","guid":{"rendered":"http:\/\/www.professores.uff.br\/javier\/?page_id=23"},"modified":"2017-09-28T09:54:21","modified_gmt":"2017-09-28T12:54:21","slug":"periodos-anteriores","status":"publish","type":"page","link":"https:\/\/www.professores.uff.br\/javier\/periodos-anteriores\/","title":{"rendered":"Periodos anteriores"},"content":{"rendered":"<ul>\n<li><a href=\"http:\/\/www.professores.uff.br\/javier\/2017\/09\/28\/matematica-basica\/\">Matem\u00e1tica B\u00e1sica<\/a><\/li>\n<li><a href=\"http:\/\/www.professores.uff.br\/javier\/2017\/09\/28\/calculo-aplicado-i\/\">C\u00e1lculo Aplicado I<\/a><\/li>\n<li><a href=\"http:\/\/www.professores.uff.br\/javier\/2017\/09\/28\/calculo-i-a\/\">C\u00e1lculo I-A<\/a><\/li>\n<li><a href=\"http:\/\/www.professores.uff.br\/javier\/2017\/09\/28\/calculo-ii-a\/\">C\u00e1lculo II-A<\/a><\/li>\n<li><a href=\"http:\/\/www.professores.uff.br\/javier\/2017\/09\/28\/calculo-ii-b\/\">C\u00e1lculo II-B<\/a><\/li>\n<li><a href=\"http:\/\/www.professores.uff.br\/javier\/2017\/09\/28\/calculo-iii-a\/\">C\u00e1lculo III-A<\/a><\/li>\n<li><a href=\"http:\/\/www.professores.uff.br\/javier\/2017\/09\/28\/equacoes-diferenciais\/\">Equa\u00e7\u00f5es diferenciais<\/a><\/li>\n<li><a href=\"http:\/\/www.professores.uff.br\/javier\/2017\/09\/28\/analise-i\/\">An\u00e1lise I<\/a><\/li>\n<\/ul>\n","protected":false},"excerpt":{"rendered":"<p>Matem\u00e1tica B\u00e1sica C\u00e1lculo Aplicado I C\u00e1lculo I-A C\u00e1lculo II-A C\u00e1lculo II-B C\u00e1lculo III-A Equa\u00e7\u00f5es diferenciais An\u00e1lise I<\/p>\n","protected":false},"author":22,"featured_media":0,"parent":0,"menu_order":0,"comment_status":"closed","ping_status":"closed","template":"","meta":{"_exactmetrics_skip_tracking":false,"_exactmetrics_sitenote_active":false,"_exactmetrics_sitenote_note":"","_exactmetrics_sitenote_category":0,"footnotes":""},"categories":[],"tags":[],"class_list":["post-23","page","type-page","status-publish","hentry"],"_links":{"self":[{"href":"https:\/\/www.professores.uff.br\/javier\/wp-json\/wp\/v2\/pages\/23","targetHints":{"allow":["GET"]}}],"collection":[{"href":"https:\/\/www.professores.uff.br\/javier\/wp-json\/wp\/v2\/pages"}],"about":[{"href":"https:\/\/www.professores.uff.br\/javier\/wp-json\/wp\/v2\/types\/page"}],"author":[{"embeddable":true,"href":"https:\/\/www.professores.uff.br\/javier\/wp-json\/wp\/v2\/users\/22"}],"replies":[{"embeddable":true,"href":"https:\/\/www.professores.uff.br\/javier\/wp-json\/wp\/v2\/comments?post=23"}],"version-history":[{"count":2,"href":"https:\/\/www.professores.uff.br\/javier\/wp-json\/wp\/v2\/pages\/23\/revisions"}],"predecessor-version":[{"id":39,"href":"https:\/\/www.professores.uff.br\/javier\/wp-json\/wp\/v2\/pages\/23\/revisions\/39"}],"wp:attachment":[{"href":"https:\/\/www.professores.uff.br\/javier\/wp-json\/wp\/v2\/media?parent=23"}],"wp:term":[{"taxonomy":"category","embeddable":true,"href":"https:\/\/www.professores.uff.br\/javier\/wp-json\/wp\/v2\/categories?post=23"},{"taxonomy":"post_tag","embeddable":true,"href":"https:\/\/www.professores.uff.br\/javier\/wp-json\/wp\/v2\/tags?post=23"}],"curies":[{"name":"wp","href":"https:\/\/api.w.org\/{rel}","templated":true}]}}