{"id":169,"date":"2025-05-08T17:18:30","date_gmt":"2025-05-08T20:18:30","guid":{"rendered":"http:\/\/www.professores.uff.br\/javierribon\/?page_id=169"},"modified":"2025-05-08T18:11:16","modified_gmt":"2025-05-08T21:11:16","slug":"curso-de-algebra-linear-graduacao-2020-remoto","status":"publish","type":"page","link":"https:\/\/www.professores.uff.br\/javierribon\/curso-de-algebra-linear-graduacao-2020-remoto\/","title":{"rendered":"Curso de \u00c1lgebra Linear, gradua\u00e7\u00e3o, 2020-1, remoto"},"content":{"rendered":"\n<p><a href=\"http:\/\/www.professores.uff.br\/javierribon\/wp-content\/uploads\/sites\/118\/2025\/05\/2-2017-gan00140.pdf\">Ementa do curso<\/a><\/p>\n\n\n\n<p><a href=\"https:\/\/www.youtube.com\/playlist?list=PLyOa_UVX3FWSKNEygQQ1WybYXCL5M9Flk\">Link \u00e0s aulas no Youtube<\/a><\/p>\n\n\n\n<p><a href=\"http:\/\/www.professores.uff.br\/javierribon\/wp-content\/uploads\/sites\/118\/2025\/05\/lista_alg_lin_grad_2020_1.pdf\">Listas de problemas<\/a><\/p>\n","protected":false},"excerpt":{"rendered":"<p>Ementa do curso Link \u00e0s aulas no Youtube Listas de problemas<\/p>\n","protected":false},"author":123,"featured_media":0,"parent":0,"menu_order":0,"comment_status":"closed","ping_status":"closed","template":"","meta":{"_exactmetrics_skip_tracking":false,"_exactmetrics_sitenote_active":false,"_exactmetrics_sitenote_note":"","_exactmetrics_sitenote_category":0,"footnotes":""},"categories":[],"tags":[],"class_list":["post-169","page","type-page","status-publish","hentry"],"_links":{"self":[{"href":"https:\/\/www.professores.uff.br\/javierribon\/wp-json\/wp\/v2\/pages\/169","targetHints":{"allow":["GET"]}}],"collection":[{"href":"https:\/\/www.professores.uff.br\/javierribon\/wp-json\/wp\/v2\/pages"}],"about":[{"href":"https:\/\/www.professores.uff.br\/javierribon\/wp-json\/wp\/v2\/types\/page"}],"author":[{"embeddable":true,"href":"https:\/\/www.professores.uff.br\/javierribon\/wp-json\/wp\/v2\/users\/123"}],"replies":[{"embeddable":true,"href":"https:\/\/www.professores.uff.br\/javierribon\/wp-json\/wp\/v2\/comments?post=169"}],"version-history":[{"count":5,"href":"https:\/\/www.professores.uff.br\/javierribon\/wp-json\/wp\/v2\/pages\/169\/revisions"}],"predecessor-version":[{"id":188,"href":"https:\/\/www.professores.uff.br\/javierribon\/wp-json\/wp\/v2\/pages\/169\/revisions\/188"}],"wp:attachment":[{"href":"https:\/\/www.professores.uff.br\/javierribon\/wp-json\/wp\/v2\/media?parent=169"}],"wp:term":[{"taxonomy":"category","embeddable":true,"href":"https:\/\/www.professores.uff.br\/javierribon\/wp-json\/wp\/v2\/categories?post=169"},{"taxonomy":"post_tag","embeddable":true,"href":"https:\/\/www.professores.uff.br\/javierribon\/wp-json\/wp\/v2\/tags?post=169"}],"curies":[{"name":"wp","href":"https:\/\/api.w.org\/{rel}","templated":true}]}}