{"id":172,"date":"2025-05-08T17:20:48","date_gmt":"2025-05-08T20:20:48","guid":{"rendered":"http:\/\/www.professores.uff.br\/javierribon\/?page_id=172"},"modified":"2025-05-08T18:16:24","modified_gmt":"2025-05-08T21:16:24","slug":"curso-de-algebra-linear-graduacao-2021-remoto","status":"publish","type":"page","link":"https:\/\/www.professores.uff.br\/javierribon\/curso-de-algebra-linear-graduacao-2021-remoto\/","title":{"rendered":"Curso de \u00c1lgebra Linear, gradua\u00e7\u00e3o, 2020-2, remoto"},"content":{"rendered":"\n<p><a href=\"https:\/\/www.professores.uff.br\/javierribon\/wp-content\/uploads\/sites\/118\/2025\/05\/2-2017-gan00140.pdf\">Ementa do curso<\/a><\/p>\n\n\n\n<p><a href=\"https:\/\/www.youtube.com\/playlist?list=PLyOa_UVX3FWSKNEygQQ1WybYXCL5M9Flk\">Link \u00e0s aulas no Youtube<\/a><\/p>\n\n\n\n<p><a href=\"http:\/\/www.professores.uff.br\/javierribon\/wp-content\/uploads\/sites\/118\/2025\/05\/lista_alg_lin_grad_2020_2.pdf\">Listas de problemas<\/a><\/p>\n","protected":false},"excerpt":{"rendered":"<p>Ementa do curso Link \u00e0s aulas no Youtube Listas de problemas<\/p>\n","protected":false},"author":123,"featured_media":0,"parent":0,"menu_order":0,"comment_status":"closed","ping_status":"closed","template":"","meta":{"_exactmetrics_skip_tracking":false,"_exactmetrics_sitenote_active":false,"_exactmetrics_sitenote_note":"","_exactmetrics_sitenote_category":0,"footnotes":""},"categories":[],"tags":[],"class_list":["post-172","page","type-page","status-publish","hentry"],"_links":{"self":[{"href":"https:\/\/www.professores.uff.br\/javierribon\/wp-json\/wp\/v2\/pages\/172","targetHints":{"allow":["GET"]}}],"collection":[{"href":"https:\/\/www.professores.uff.br\/javierribon\/wp-json\/wp\/v2\/pages"}],"about":[{"href":"https:\/\/www.professores.uff.br\/javierribon\/wp-json\/wp\/v2\/types\/page"}],"author":[{"embeddable":true,"href":"https:\/\/www.professores.uff.br\/javierribon\/wp-json\/wp\/v2\/users\/123"}],"replies":[{"embeddable":true,"href":"https:\/\/www.professores.uff.br\/javierribon\/wp-json\/wp\/v2\/comments?post=172"}],"version-history":[{"count":4,"href":"https:\/\/www.professores.uff.br\/javierribon\/wp-json\/wp\/v2\/pages\/172\/revisions"}],"predecessor-version":[{"id":190,"href":"https:\/\/www.professores.uff.br\/javierribon\/wp-json\/wp\/v2\/pages\/172\/revisions\/190"}],"wp:attachment":[{"href":"https:\/\/www.professores.uff.br\/javierribon\/wp-json\/wp\/v2\/media?parent=172"}],"wp:term":[{"taxonomy":"category","embeddable":true,"href":"https:\/\/www.professores.uff.br\/javierribon\/wp-json\/wp\/v2\/categories?post=172"},{"taxonomy":"post_tag","embeddable":true,"href":"https:\/\/www.professores.uff.br\/javierribon\/wp-json\/wp\/v2\/tags?post=172"}],"curies":[{"name":"wp","href":"https:\/\/api.w.org\/{rel}","templated":true}]}}