{"id":176,"date":"2025-05-08T17:23:19","date_gmt":"2025-05-08T20:23:19","guid":{"rendered":"http:\/\/www.professores.uff.br\/javierribon\/?page_id=176"},"modified":"2025-05-08T18:29:57","modified_gmt":"2025-05-08T21:29:57","slug":"curso-matematica-para-economia-iii-graduacao-2021-remoto","status":"publish","type":"page","link":"https:\/\/www.professores.uff.br\/javierribon\/curso-matematica-para-economia-iii-graduacao-2021-remoto\/","title":{"rendered":"Curso Matem\u00e1tica para Economia III, gradua\u00e7\u00e3o, 2021, remoto"},"content":{"rendered":"\n<p><a href=\"http:\/\/www.professores.uff.br\/javierribon\/wp-content\/uploads\/sites\/118\/2025\/05\/gan00147-3.pdf\">Ementa do curso<\/a><\/p>\n\n\n\n<p><a href=\"https:\/\/www.youtube.com\/playlist?list=PLyOa_UVX3FWSBdkwbgxpDb3Z07Q3qm4TM\">Link \u00e0s aulas no Youtube<\/a><\/p>\n\n\n\n<p><a href=\"http:\/\/www.professores.uff.br\/javierribon\/wp-content\/uploads\/sites\/118\/2025\/05\/lista_mat_eco_3_2021_1.pdf\">Listas de problemas<\/a><\/p>\n","protected":false},"excerpt":{"rendered":"<p>Ementa do curso Link \u00e0s aulas no Youtube Listas de problemas<\/p>\n","protected":false},"author":123,"featured_media":0,"parent":0,"menu_order":0,"comment_status":"closed","ping_status":"closed","template":"","meta":{"_exactmetrics_skip_tracking":false,"_exactmetrics_sitenote_active":false,"_exactmetrics_sitenote_note":"","_exactmetrics_sitenote_category":0,"footnotes":""},"categories":[],"tags":[],"class_list":["post-176","page","type-page","status-publish","hentry"],"_links":{"self":[{"href":"https:\/\/www.professores.uff.br\/javierribon\/wp-json\/wp\/v2\/pages\/176","targetHints":{"allow":["GET"]}}],"collection":[{"href":"https:\/\/www.professores.uff.br\/javierribon\/wp-json\/wp\/v2\/pages"}],"about":[{"href":"https:\/\/www.professores.uff.br\/javierribon\/wp-json\/wp\/v2\/types\/page"}],"author":[{"embeddable":true,"href":"https:\/\/www.professores.uff.br\/javierribon\/wp-json\/wp\/v2\/users\/123"}],"replies":[{"embeddable":true,"href":"https:\/\/www.professores.uff.br\/javierribon\/wp-json\/wp\/v2\/comments?post=176"}],"version-history":[{"count":4,"href":"https:\/\/www.professores.uff.br\/javierribon\/wp-json\/wp\/v2\/pages\/176\/revisions"}],"predecessor-version":[{"id":198,"href":"https:\/\/www.professores.uff.br\/javierribon\/wp-json\/wp\/v2\/pages\/176\/revisions\/198"}],"wp:attachment":[{"href":"https:\/\/www.professores.uff.br\/javierribon\/wp-json\/wp\/v2\/media?parent=176"}],"wp:term":[{"taxonomy":"category","embeddable":true,"href":"https:\/\/www.professores.uff.br\/javierribon\/wp-json\/wp\/v2\/categories?post=176"},{"taxonomy":"post_tag","embeddable":true,"href":"https:\/\/www.professores.uff.br\/javierribon\/wp-json\/wp\/v2\/tags?post=176"}],"curies":[{"name":"wp","href":"https:\/\/api.w.org\/{rel}","templated":true}]}}