{"id":1279,"date":"2019-08-16T15:53:18","date_gmt":"2019-08-16T18:53:18","guid":{"rendered":"http:\/\/www.professores.uff.br\/jcolombo\/?page_id=1279"},"modified":"2019-12-07T13:07:03","modified_gmt":"2019-12-07T16:07:03","slug":"introducao-a-matematica-financeira-2","status":"publish","type":"page","link":"https:\/\/www.professores.uff.br\/jcolombo\/introducao-a-matematica-financeira-2\/","title":{"rendered":"Introdu\u00e7\u00e3o a Matem\u00e1tica Financeira 2019_2"},"content":{"rendered":"\n<dl>\n<dt><hr align=\"center\" size=\"2\" width=\"100%\"><\/dt>\n<dt><strong>Carga hor\u00e1ria:<\/strong>&nbsp; 68 hs, turma A1<\/dt>\n<dt><strong>Monitoria: <\/strong> N\u00e3o temos.<\/dt>\n<dt><strong>Hor\u00e1rio: <\/strong>  3\u00aa e 5\u00aa-feiras na sala 201-IMG das 14-16hs.<\/dt>\n<dt><strong>Hor\u00e1rio de atendimento<\/strong>: 4\u00aa-feiras das 14-16hs. <\/dt>\n<\/dl>\n\n\n\n<p><strong>Listas de Exerc\u00edcios para a P1<\/strong> <\/p>\n1\u00aa Lista &#8211; p\u00e1ginas 8 a 21 da refer\u00eancia [0];<br>\n2\u00aa Lista &#8211; p\u00e1ginas 33 a 51 da refer\u00eancia [0];<br>\n3\u00aa Lista &#8211; p\u00e1ginas 73 a 87 da refer\u00eancia [0];<br>\n\n<br>\n<p><strong>Listas de Exerc\u00edcios para a P2<\/strong> <\/p>\n1\u00aa Lista &#8211; p\u00e1ginas 16 a 18 da refer\u00eancia [6];<br>\n2\u00aa Lista &#8211; p\u00e1ginas 59 a 61 da refer\u00eancia [6];<br>\n3\u00aa Lista &#8211; p\u00e1ginas 90 a 91 da refer\u00eancia [6];<br>\n4\u00aa Lista &#8211; p\u00e1ginas 114 a 116 da refer\u00eancia [6];<br>\n5\u00aa Lista &#8211; p\u00e1ginas 136 a 138 da refer\u00eancia [6];<br>\n6\u00aa Lista &#8211; p\u00e1ginas 176 a 178 da refer\u00eancia [6];<br>\n7\u00aa Lista &#8211; p\u00e1ginas 241 a 242 da refer\u00eancia [6];<br>\n8\u00aa Lista &#8211; p\u00e1ginas 415 a 416 da refer\u00eancia [6];<br>\n9\u00aa Lista &#8211; p\u00e1ginas 435 a 436 da refer\u00eancia [6];<br>\n\n\n\n<div><hr>\n<dl>\n<dt><strong>Informa\u00e7\u00f5es:<\/strong><\/dt>\n<p><a href=\"http:\/\/www.professores.uff.br\/jcolombo\/orientacoes-para-o-estudo-22017\/\">Orienta\u00e7\u00f5es Gerais aos alunos<\/a><\/p>\n<hr>\n<p><strong>Data das provas:<\/strong><\/p>\n<a href=\"http:\/\/www.professores.uff.br\/jcolombo\/wp-content\/uploads\/sites\/124\/2019\/10\/Mat_Financeira_2019_2\">P1<\/a> &#8211;&nbsp; 01\/10\/2019 &#8211; <a href=\"http:\/\/www.professores.uff.br\/jcolombo\/wp-content\/uploads\/sites\/124\/2019\/10\/Notas_Int_Educ_financeira_2019_2_A1\">Notas<\/a><br>\n<a href=\"http:\/\/www.professores.uff.br\/jcolombo\/wp-content\/uploads\/sites\/124\/2019\/12\/P2_Edu_Mat_Fin_2019_2.pdf\">P2<\/a>  &#8211;&nbsp; 05\/12\/2019 &#8211; <a href=\"http:\/\/www.professores.uff.br\/jcolombo\/wp-content\/uploads\/sites\/124\/2019\/12\/Notas_Int_Educ_financeira_2019_2_A1_f.pdf\"> Nota P1+P2 <\/a><br>\nVR  &#8211;&nbsp; 12\/12\/2019  <br>\nVS  &#8211;&nbsp; 17\/12\/2019  <br>\n<p><\/p>\n<hr><\/div>\n<div>\n<dl>\n<dt><b>Cronograma da disciplina<\/b><\/dt>\n<\/dl>\n<p>Aula &nbsp;&nbsp;Data &nbsp;&nbsp;&nbsp;&nbsp;&nbsp;&nbsp;&nbsp;&nbsp;&nbsp;&nbsp;&nbsp;&nbsp;&nbsp; \nAssunto <br>\n&nbsp;<span style=\"color: #ff00ff\">01<\/span>&nbsp;&nbsp;&nbsp;<span style=\"color: #008000\"> 13\/08 <span style=\"color: #000000\">&nbsp; &nbsp;&nbsp;&nbsp;&nbsp; Apresenta\u00e7\u00e3o, ementa, bibliografia e avalia\u00e7\u00e3o. Vis\u00e3o Geral do que faremos nesta disciplina.<br>\n&nbsp;<span style=\"color: #ff00ff\">02<\/span>&nbsp;&nbsp;&nbsp;<span style=\"color: #008000\"> 15\/08 <span style=\"color: #000000\">&nbsp; &nbsp;&nbsp;&nbsp;&nbsp; Progress\u00f5es Aritm\u00e9ticas (PA).<br>\n&nbsp;<span style=\"color: #ff00ff\">03<\/span>&nbsp;&nbsp;&nbsp;<span style=\"color: #008000\"> 20\/08 <span style=\"color: #000000\">&nbsp; &nbsp;&nbsp;&nbsp;&nbsp; Progress\u00f5es Geom\u00e9tricas (PG).<br>\n&nbsp;<span style=\"color: #ff00ff\">04<\/span>&nbsp;&nbsp;&nbsp;<span style=\"color: #008000\"> 22\/08 <span style=\"color: #000000\">&nbsp; &nbsp;&nbsp;&nbsp;&nbsp; In\u00edcio de Matem\u00e1tica financeira: Taxa de juros, dinheiro no tempo, taxa pessoal, juros compostos.<br>\n&nbsp;<span style=\"color: #ff00ff\">05<\/span>&nbsp;&nbsp;&nbsp;<span style=\"color: #008000\"> 27\/08 <span style=\"color: #000000\">&nbsp; &nbsp;&nbsp;&nbsp;&nbsp; Taxas equivalentes e taxas proporcionais, presta\u00e7\u00f5es.<br>\n&nbsp;<span style=\"color: #ff00ff\">06<\/span>&nbsp;&nbsp;&nbsp;<span style=\"color: #008000\"> 29\/08 <span style=\"color: #000000\">&nbsp; &nbsp;&nbsp;&nbsp;&nbsp; An\u00e1lise de investimento, desconto.<br>\n&nbsp;<span style=\"color: #ff00ff\">07<\/span>&nbsp;&nbsp;&nbsp;<span style=\"color: #008000\"> 03\/09 <span style=\"color: #000000\">&nbsp; &nbsp;&nbsp;&nbsp;&nbsp; Parcelamento (SAC &amp; Price) e Juros reais e aparente.<br>\n&nbsp;<span style=\"color: #ff00ff\">08<\/span>&nbsp;&nbsp;&nbsp;<span style=\"color: #008000\"> 05\/09 <span style=\"color: #000000\">&nbsp; &nbsp;&nbsp;&nbsp;&nbsp; Aula de exerc\u00edcios.<br>\n&nbsp;<span style=\"color: #ff00ff\">08<\/span>&nbsp;&nbsp;&nbsp;<span style=\"color: #008000\"> 10\/09 <span style=\"color: #000000\">&nbsp; &nbsp;&nbsp;&nbsp;&nbsp; Aula no laborat\u00f3rio &#8211; usando planilhas, fun\u00e7\u00f5es: PGTO, Atingir a meta e Opera\u00e7\u00f5es M\u00faltiplas. <br>\n&nbsp;<span style=\"color: #ff00ff\">09<\/span>&nbsp;&nbsp;&nbsp;<span style=\"color: #008000\"> 12\/09 <span style=\"color: #000000\">&nbsp; &nbsp;&nbsp;&nbsp;&nbsp; Aula no laborat\u00f3rio &#8211; Aula de exerc\u00edcios.<br>\n&nbsp;<span style=\"color: #ff00ff\">10<\/span>&nbsp;&nbsp;&nbsp;<span style=\"color: #008000\"> 17\/09 <span style=\"color: #000000\">&nbsp; &nbsp;&nbsp;&nbsp;&nbsp; Aula no laborat\u00f3rio &#8211; An\u00e1lise de sensibilidade e exerc\u00edcios.<br>\n&nbsp;<span style=\"color: #ff00ff\">11<\/span>&nbsp;&nbsp;&nbsp;<span style=\"color: #008000\"> 19\/09 <span style=\"color: #000000\">&nbsp; &nbsp;&nbsp;&nbsp;&nbsp; Aula no laborat\u00f3rio &#8211; Macros e VBA. <br>\n&nbsp;<span style=\"color: #ff00ff\">12<\/span>&nbsp;&nbsp;&nbsp;<span style=\"color: #008000\"> 24\/09 <span style=\"color: #000000\">&nbsp; &nbsp;&nbsp;&nbsp;&nbsp; Aula no laborat\u00f3rio &#8211; Aula de exerc\u00edcios. <br>\n&nbsp;<span style=\"color: #ff00ff\">13<\/span>&nbsp;&nbsp;&nbsp;<span style=\"color: #008000\"> 26\/09 <span style=\"color: #000000\">&nbsp; &nbsp;&nbsp;&nbsp;&nbsp; Aula no laborat\u00f3rio &#8211; Aula de exerc\u00edcios. <br>\n&nbsp;<span style=\"color: #ff00ff\">14<\/span>&nbsp;&nbsp;&nbsp;<span style=\"color: #008000\"> 01\/10 <span style=\"color: #000000\">&nbsp; &nbsp;&nbsp;&nbsp;&nbsp; P1 no laborat\u00f3rio de inform\u00e1tica. <br>\n&nbsp;<span style=\"color: #ff00ff\">15<\/span>&nbsp;&nbsp;&nbsp;<span style=\"color: #008000\"> 03\/10 <span style=\"color: #000000\">&nbsp; &nbsp;&nbsp;&nbsp;&nbsp; N\u00e3o teremos aula. <br>\n&nbsp;<span style=\"color: #ff00ff\">16<\/span>&nbsp;&nbsp;&nbsp;<span style=\"color: #008000\"> 08\/10 <span style=\"color: #000000\">&nbsp; &nbsp;&nbsp;&nbsp;&nbsp; Vista da P1 e organiza\u00e7\u00e3o do trabalho. <br>\n&nbsp;<span style=\"color: #ff00ff\">17<\/span>&nbsp;&nbsp;&nbsp;<span style=\"color: #008000\"> 10\/10 <span style=\"color: #000000\">&nbsp; &nbsp;&nbsp;&nbsp;&nbsp; Fundamentos de Economia. <br>\n&nbsp;<span style=\"color: #ff00ff\">XX<\/span>&nbsp;&nbsp;&nbsp;<span style=\"color: #008000\"> 15\/10 <span style=\"color: #000000\">&nbsp; &nbsp;&nbsp;&nbsp;&nbsp; N\u00e3o teve aula. <br>\n&nbsp;<span style=\"color: #ff00ff\">18<\/span>&nbsp;&nbsp;&nbsp;<span style=\"color: #008000\"> 17\/10 <span style=\"color: #000000\">&nbsp; &nbsp;&nbsp;&nbsp;&nbsp; Vantagens do Com\u00e9rcio. Como os mercados funcionam. (decidimos nos aprofundar em economias dos mercados de trabalho.) <br>\n&nbsp;<span style=\"color: #ff00ff\">XX<\/span>&nbsp;&nbsp;&nbsp;<span style=\"color: #008000\"> 22\/10 <span style=\"color: #000000\">&nbsp; &nbsp;&nbsp;&nbsp;&nbsp; Semana Acad\u00eamcia. <br>\n&nbsp;<span style=\"color: #ff00ff\">XX<\/span>&nbsp;&nbsp;&nbsp;<span style=\"color: #008000\"> 24\/10 <span style=\"color: #000000\">&nbsp; &nbsp;&nbsp;&nbsp;&nbsp; Semana Acad\u00eamcia. <br>\n&nbsp;<span style=\"color: #ff00ff\">19<\/span>&nbsp;&nbsp;&nbsp;<span style=\"color: #008000\"> 29\/10 <span style=\"color: #000000\">&nbsp; &nbsp;&nbsp;&nbsp;&nbsp;Elasticidade e suas aplica\u00e7\u00f5es.<br>\n&nbsp;<span style=\"color: #ff00ff\">20<\/span>&nbsp;&nbsp;&nbsp;<span style=\"color: #008000\"> 31\/10 <span style=\"color: #000000\">&nbsp; &nbsp;&nbsp;&nbsp;&nbsp;Oferta, demanda e as pol\u00edticas dos governos.<br>\n&nbsp;<span style=\"color: #ff00ff\">XX<\/span>&nbsp;&nbsp;&nbsp;<span style=\"color: #008000\"> 05\/11 <span style=\"color: #000000\">&nbsp; &nbsp;&nbsp;&nbsp;&nbsp; N\u00e3o teremos aula.<br>\n&nbsp;<span style=\"color: #ff00ff\">XX<\/span>&nbsp;&nbsp;&nbsp;<span style=\"color: #008000\"> 07\/11 <span style=\"color: #000000\">&nbsp; &nbsp;&nbsp;&nbsp;&nbsp; N\u00e3o teremos aula.<br>\n&nbsp;<span style=\"color: #ff00ff\">21<\/span>&nbsp;&nbsp;&nbsp;<span style=\"color: #008000\"> 12\/11 <span style=\"color: #000000\">&nbsp; &nbsp;&nbsp;&nbsp;&nbsp; Efici\u00eancia e equidade nos mercados, externalidades, efeito dos impostos na efici\u00eancia dos mercados.<br>\n&nbsp;<span style=\"color: #ff00ff\">22<\/span>&nbsp;&nbsp;&nbsp;<span style=\"color: #008000\"> 14\/11 <span style=\"color: #000000\">&nbsp; &nbsp;&nbsp;&nbsp;&nbsp; Bens P\u00fablicos e recursos comuns, mercados de Fatores de produ\u00e7\u00e3o. <br>\n&nbsp;<span style=\"color: #ff00ff\">23<\/span>&nbsp;&nbsp;&nbsp;<span style=\"color: #008000\"> 19\/11 <span style=\"color: #000000\">&nbsp; &nbsp;&nbsp;&nbsp;&nbsp; aula de exerc\u00edcios. <br>\n&nbsp;<span style=\"color: #ff00ff\">XX<\/span>&nbsp;&nbsp;&nbsp;<span style=\"color: #008000\"> 21\/11 <span style=\"color: #000000\">&nbsp; &nbsp;&nbsp;&nbsp;&nbsp; Feriado. <br>\n&nbsp;<span style=\"color: #ff00ff\">XX<\/span>&nbsp;&nbsp;&nbsp;<span style=\"color: #008000\"> 26\/11 <span style=\"color: #000000\">&nbsp; &nbsp;&nbsp;&nbsp;&nbsp; N\u00e3o teremos aula. <br>\n&nbsp;<span style=\"color: #ff00ff\">24<\/span>&nbsp;&nbsp;&nbsp;<span style=\"color: #008000\"> 28\/11 <span style=\"color: #000000\">&nbsp; &nbsp;&nbsp;&nbsp;&nbsp; apresenta\u00e7\u00e3o dos trabalhos. <br>\n&nbsp;<span style=\"color: #ff00ff\">25<\/span>&nbsp;&nbsp;&nbsp;<span style=\"color: #008000\"> 03\/12 <span style=\"color: #000000\">&nbsp; &nbsp;&nbsp;&nbsp;&nbsp; P2. <br>\n&nbsp;<span style=\"color: #ff00ff\">XX<\/span>&nbsp;&nbsp;&nbsp;<span style=\"color: #008000\"> 05\/12 <span style=\"color: #000000\">&nbsp; &nbsp;&nbsp;&nbsp;&nbsp; N\u00e3o teve aula. <br>\n&nbsp;<span style=\"color: #ff00ff\">26<\/span>&nbsp;&nbsp;&nbsp;<span style=\"color: #008000\"> 10\/12 <span style=\"color: #000000\">&nbsp; &nbsp;&nbsp;&nbsp;&nbsp; Entrega da P2. Discutir os detalhes para a VR <br>\n&nbsp;<span style=\"color: #ff00ff\">27<\/span>&nbsp;&nbsp;&nbsp;<span style=\"color: #008000\"> 12\/12 <span style=\"color: #000000\">&nbsp; &nbsp;&nbsp;&nbsp;&nbsp; VR. <br>\n&nbsp;<span style=\"color: #ff00ff\">28<\/span>&nbsp;&nbsp;&nbsp;<span style=\"color: #008000\"> 17\/12 <span style=\"color: #000000\">&nbsp; &nbsp;&nbsp;&nbsp;&nbsp; VS. <br>\n\n<\/span><\/span><\/span><\/span><\/span><\/span><\/span><\/span><\/span><\/span><\/span><\/span><\/span><\/span><\/span><\/span><\/span><\/span><\/span><\/span><\/span><\/span><\/span><\/span><\/span><\/span><\/span><\/span><\/span><\/span><\/span><\/span><\/span><\/span><\/span><\/span><\/span><\/span><\/span><\/span><\/span><\/span><\/span><\/span><\/span><\/span><\/span><\/span><\/span><\/span><\/span><\/span><\/span><\/span><\/span><\/span><\/span><\/span><\/span><\/span><\/span><\/span><\/span><\/span><\/span><\/span><\/span><\/span><\/span><\/span><\/span><\/span><\/p><hr>\n<div>\n<p><strong>Bibliografia:<\/strong><\/p>\n<\/div>\n<p>[0] MORGADO, A. C. O.; WAGNER, E.; ZANI, S.. <em>Progress\u00f5es e Matem\u00e1tica Financeira<\/em>. Sexta edi\u00e7\u00e3o. Cole\u00e7\u00e3o do Professor de Matem\u00e1tica. Sociedade Brasileira de Matem\u00e1tica, 2015.<\/p>\n<p>[1] PUCCINI, A. L.. <em>Matem\u00e1tica Financeira: Objetiva e Aplicada<\/em>. Nona edi\u00e7\u00e3o. Elsevier, 2011.<\/p>\n<p>[2] SAMANEZ, C. P. Matem\u00e1tica Financeira: Aplica\u00e7\u00f5es \u00c0 An\u00e1lise de Investimentos. 3 ed. Prentice Hall, 2012.<\/p>\n<p>[3] LAPPONI, J. C.. Matem\u00e1tica Financeira. 2 ed.. Elsevier, 2014.<\/p>\n<p>[4]&nbsp;ASSAF NETO, A. Matem\u00e1tica Financeira e Suas Aplica\u00e7\u00f5es. 13 ed. Editora Atlas, 2016.<\/p>\n<p>[5]&nbsp;Minist\u00e9rio da Educa\u00e7\u00e3o do Brasil. Programa de Educa\u00e7\u00e3o Financeira nas Escolas http:\/\/www.edufinanceiranaescola.gov.br\/. Acesso em: 10 de abril de 2017.<\/p>\n<p>[6]&nbsp;MANKIW, N.G. Introdu\u00e7\u00e3o \u00e0 Economia. 2\u00aa edi\u00e7\u00e3o americana 16\u00aa tirarem. Elsevier Editora, 2001.<\/p>\n<p>[7]&nbsp;CIALDINI, R.B., As armas da persuas\u00e3o. Rio de  Janeiro, Sextante, 2012.<\/p>\n<hr>\n<p><strong>Ementa: <\/strong>Porcentagem, acr\u00e9scimos e decr\u00e9scimos simples e sucessivos. Juros simples e compostos. O Valor do Dinheiro no Tempo. Amortiza\u00e7\u00e3o de Empr\u00e9stimos e Sistemas de Amortiza\u00e7\u00e3o SAC, Price e Americano. Aplica\u00e7\u00f5es (cart\u00e3o de cr\u00e9dito, financiamento, previd\u00eancia, infla\u00e7\u00e3o e poder de compra, corre\u00e7\u00e3o monet\u00e1ria, varia\u00e7\u00e3o cambial, impostos, etc.). Aplica\u00e7\u00f5es Financeiras (Rentabilidade e Liquidez de Um Investimento). An\u00e1lise de sensibilidade discreta e cont\u00ednua. O uso de calculadoras, planilhas de c\u00e1lculo e aplicativos\/simuladores em Educa\u00e7\u00e3o Financeira. (<a href=\"http:\/\/www.professores.uff.br\/jcolombo\/wp-content\/uploads\/sites\/124\/2019\/03\/formulario_13_educa\u00e7\u00e3o_financeira.pdf\">Ementa oficial GMA00143<\/a>).<\/p>\n<hr>\n<p>\u00daltima revis\u00e3o em Dezembro, 2019<\/p>\n<p style=\"text-align: center\"><strong><a href=\"http:\/\/www.professores.uff.br\/jcolombo\/disciplinas\/\">Voltar<\/a><\/strong><\/p>\n<\/div><\/div>\n\n\n\n<p><\/p>\n","protected":false},"excerpt":{"rendered":"<p>Carga hor\u00e1ria:&nbsp; 68 hs, turma A1 Monitoria: N\u00e3o temos. Hor\u00e1rio: 3\u00aa e 5\u00aa-feiras na sala 201-IMG das 14-16hs. Hor\u00e1rio de atendimento: 4\u00aa-feiras das 14-16hs. Listas de Exerc\u00edcios para a P1 1\u00aa Lista &#8211; p\u00e1ginas 8 a 21 da refer\u00eancia [0]; 2\u00aa Lista &#8211; p\u00e1ginas 33 a 51 da refer\u00eancia [0]; 3\u00aa Lista &#8211; p\u00e1ginas 73 [&hellip;]<\/p>\n","protected":false},"author":129,"featured_media":0,"parent":0,"menu_order":0,"comment_status":"closed","ping_status":"closed","template":"","meta":{"_exactmetrics_skip_tracking":false,"_exactmetrics_sitenote_active":false,"_exactmetrics_sitenote_note":"","_exactmetrics_sitenote_category":0,"footnotes":""},"categories":[],"tags":[],"class_list":["post-1279","page","type-page","status-publish","hentry"],"_links":{"self":[{"href":"https:\/\/www.professores.uff.br\/jcolombo\/wp-json\/wp\/v2\/pages\/1279","targetHints":{"allow":["GET"]}}],"collection":[{"href":"https:\/\/www.professores.uff.br\/jcolombo\/wp-json\/wp\/v2\/pages"}],"about":[{"href":"https:\/\/www.professores.uff.br\/jcolombo\/wp-json\/wp\/v2\/types\/page"}],"author":[{"embeddable":true,"href":"https:\/\/www.professores.uff.br\/jcolombo\/wp-json\/wp\/v2\/users\/129"}],"replies":[{"embeddable":true,"href":"https:\/\/www.professores.uff.br\/jcolombo\/wp-json\/wp\/v2\/comments?post=1279"}],"version-history":[{"count":32,"href":"https:\/\/www.professores.uff.br\/jcolombo\/wp-json\/wp\/v2\/pages\/1279\/revisions"}],"predecessor-version":[{"id":1441,"href":"https:\/\/www.professores.uff.br\/jcolombo\/wp-json\/wp\/v2\/pages\/1279\/revisions\/1441"}],"wp:attachment":[{"href":"https:\/\/www.professores.uff.br\/jcolombo\/wp-json\/wp\/v2\/media?parent=1279"}],"wp:term":[{"taxonomy":"category","embeddable":true,"href":"https:\/\/www.professores.uff.br\/jcolombo\/wp-json\/wp\/v2\/categories?post=1279"},{"taxonomy":"post_tag","embeddable":true,"href":"https:\/\/www.professores.uff.br\/jcolombo\/wp-json\/wp\/v2\/tags?post=1279"}],"curies":[{"name":"wp","href":"https:\/\/api.w.org\/{rel}","templated":true}]}}