{"id":1340,"date":"2019-09-16T10:54:49","date_gmt":"2019-09-16T13:54:49","guid":{"rendered":"http:\/\/www.professores.uff.br\/jcolombo\/?page_id=1340"},"modified":"2019-12-10T17:33:15","modified_gmt":"2019-12-10T20:33:15","slug":"introducao-aos-numeros-p-adicos","status":"publish","type":"page","link":"https:\/\/www.professores.uff.br\/jcolombo\/introducao-aos-numeros-p-adicos\/","title":{"rendered":"Introdu\u00e7\u00e3o aos N\u00fameros p-\u00e1dicos"},"content":{"rendered":"<p><\/p>\n<p><!--StartFragment--><\/p>\n\n\n<dl>\n<dt><hr align=\"center\" size=\"2\" width=\"100%\"><\/dt>\n<dt><strong>Carga hor\u00e1ria:<\/strong>&nbsp; 32 hs, turma J1 &#8211; GGT00025 &#8211; ESTUDO ORIENTADO IV.<\/dt>\n<dt><strong>Hor\u00e1rio: <\/strong>  4\u00aa-feiras na sala 504-IMH das 16-18hs.<\/dt>\n<dt><strong>Hor\u00e1rio de atendimento<\/strong>: 4\u00aa-feiras das 14-16hs. <\/dt>\n<\/dl>\n\n\n\n<p><strong>Listas de Exerc\u00edcios para a P1<\/strong> <\/p>\n\n\n\n<div><hr>\n<dl>\n<dt><strong>Informa\u00e7\u00f5es:<\/strong><\/dt>\n<p><a href=\"http:\/\/www.professores.uff.br\/jcolombo\/orientacoes-para-o-estudo-22017\/\">Orienta\u00e7\u00f5es Gerais aos alunos<\/a><\/p>\n<hr>\n<p><strong>Data das provas:<\/strong><\/p>\nP1  &#8211;&nbsp; 09\/10\/2019 <br>\nP2  &#8211;&nbsp; 11\/12\/2019  <br>\n<p><\/p>\n<hr><\/div>\n<div>\n<dl>\n<dt><b>Cronograma da disciplina<\/b><\/dt>\n<\/dl>\n<p>Aula &nbsp;&nbsp;Data &nbsp;&nbsp;&nbsp;&nbsp;&nbsp;&nbsp;&nbsp;&nbsp;&nbsp;&nbsp;&nbsp;&nbsp;&nbsp; \nAssunto <br>\n&nbsp;<span style=\"color: #ff00ff\">01<\/span>&nbsp;&nbsp;&nbsp;<span style=\"color: #008000\"> 14\/08 <span style=\"color: #000000\">&nbsp; &nbsp;&nbsp;&nbsp;&nbsp; Apresenta\u00e7\u00e3o, ementa, bibliografia e avalia\u00e7\u00e3o. Vis\u00e3o Geral do que faremos nesta disciplina.<br>\n&nbsp;<span style=\"color: #ff00ff\">02<\/span>&nbsp;&nbsp;&nbsp;<span style=\"color: #008000\"> 21\/08 <span style=\"color: #000000\">&nbsp; &nbsp;&nbsp;&nbsp;&nbsp; Analogia de Hensel.<br>\n&nbsp;<span style=\"color: #ff00ff\">03<\/span>&nbsp;&nbsp;&nbsp;<span style=\"color: #008000\"> 28\/08 <span style=\"color: #000000\">&nbsp; &nbsp;&nbsp;&nbsp;&nbsp; Valores absolutos sobre um corpo &#8211; corpos n\u00e3o arquimedianos.<br>\n&nbsp;<span style=\"color: #ff00ff\">04<\/span>&nbsp;&nbsp;&nbsp;<span style=\"color: #008000\"> 04\/09 <span style=\"color: #000000\">&nbsp; &nbsp;&nbsp;&nbsp;&nbsp; Propriedades B\u00e1sicas.<br>\n&nbsp;<span style=\"color: #ff00ff\">05<\/span>&nbsp;&nbsp;&nbsp;<span style=\"color: #008000\"> 11\/09 <span style=\"color: #000000\">&nbsp; &nbsp;&nbsp;&nbsp;&nbsp; Topologia: Se X \u00e9 n\u00e3o arquimediano, ent\u00e3o X \u00e9 totalmente desconexo e \u00c1lgebra (Anel Local).<br>\n&nbsp;<span style=\"color: #ff00ff\">06<\/span>&nbsp;&nbsp;&nbsp;<span style=\"color: #008000\"> 18\/09 <span style=\"color: #000000\">&nbsp; &nbsp;&nbsp;&nbsp;&nbsp; Valores Absolutos em Q (Ostrowski) e a F\u00f3rmula do Produto.<br>\n&nbsp;<span style=\"color: #ff00ff\">XX<\/span>&nbsp;&nbsp;&nbsp;<span style=\"color: #008000\"> 25\/09 <span style=\"color: #000000\">&nbsp; &nbsp;&nbsp;&nbsp;&nbsp; N\u00e3o teve aula.<br>\n&nbsp;<span style=\"color: #ff00ff\">07<\/span>&nbsp;&nbsp;&nbsp;<span style=\"color: #008000\"> 02\/10 <span style=\"color: #000000\">&nbsp; &nbsp;&nbsp;&nbsp;&nbsp; Completamento Q_p: parte 1.<br>\n&nbsp;<span style=\"color: #ff00ff\">08<\/span>&nbsp;&nbsp;&nbsp;<span style=\"color: #008000\"> 09\/10 <span style=\"color: #000000\">&nbsp; &nbsp;&nbsp;&nbsp;&nbsp; Completamento Q_p: parte 2.<br>\n&nbsp;<span style=\"color: #ff00ff\">08<\/span>&nbsp;&nbsp;&nbsp;<span style=\"color: #008000\"> 16\/10 <span style=\"color: #000000\">&nbsp; &nbsp;&nbsp;&nbsp;&nbsp; Explorando Q_p.<br>\n&nbsp;<span style=\"color: #ff00ff\">08<\/span>&nbsp;&nbsp;&nbsp;<span style=\"color: #008000\"> 18\/10 <span style=\"color: #000000\">&nbsp; &nbsp;&nbsp;&nbsp;&nbsp; Lemas de Hensel.<br>\n&nbsp;<span style=\"color: #ff00ff\">09<\/span>&nbsp;&nbsp;&nbsp;<span style=\"color: #008000\"> 27\/10 <span style=\"color: #000000\">&nbsp; &nbsp;&nbsp;&nbsp;&nbsp; Aula de exerc\u00edcios.<br>\n&nbsp;<span style=\"color: #ff00ff\">XX<\/span>&nbsp;&nbsp;&nbsp;<span style=\"color: #008000\"> 06\/11 <span style=\"color: #000000\">&nbsp; &nbsp;&nbsp;&nbsp;&nbsp; N\u00e3o tem aula.<br>\n&nbsp;<span style=\"color: #ff00ff\">10<\/span>&nbsp;&nbsp;&nbsp;<span style=\"color: #008000\"> 13\/11 <span style=\"color: #000000\">&nbsp; &nbsp;&nbsp;&nbsp;&nbsp; Espa\u00e7os normados e extens\u00f5es finitas de corpos.<br>\n&nbsp;<span style=\"color: #ff00ff\">XX<\/span>&nbsp;&nbsp;&nbsp;<span style=\"color: #008000\"> 20\/11 <span style=\"color: #000000\">&nbsp; &nbsp;&nbsp;&nbsp;&nbsp; N\u00e3o teve aula.<br>\n&nbsp;<span style=\"color: #ff00ff\">11<\/span>&nbsp;&nbsp;&nbsp;<span style=\"color: #008000\"> 27\/11 <span style=\"color: #000000\">&nbsp; &nbsp;&nbsp;&nbsp;&nbsp; Espa\u00e7os normados e extens\u00f5es finitas de corpos.<br>\n&nbsp;<span style=\"color: #ff00ff\">12<\/span>&nbsp;&nbsp;&nbsp;<span style=\"color: #008000\"> 04\/12 <span style=\"color: #000000\">&nbsp; &nbsp;&nbsp;&nbsp;&nbsp; Espa\u00e7os normados e extens\u00f5es finitas de corpos.<br>\n&nbsp;<span style=\"color: #ff00ff\">13<\/span>&nbsp;&nbsp;&nbsp;<span style=\"color: #008000\"> 13\/12 <span style=\"color: #000000\">&nbsp; &nbsp;&nbsp;&nbsp;&nbsp; Entrega de exerc\u00edcios.<br>\n\n<\/span><\/span><\/span><\/span><\/span><\/span><\/span><\/span><\/span><\/span><\/span><\/span><\/span><\/span><\/span><\/span><\/span><\/span><\/span><\/span><\/span><\/span><\/span><\/span><\/span><\/span><\/span><\/span><\/span><\/span><\/span><\/span><\/span><\/span><\/span><\/span><\/span><\/span><\/span><\/span><\/span><\/span><\/span><\/span><\/span><\/span><\/span><\/span><\/span><\/span><\/span><\/span><\/span><\/span><\/span><\/span><\/span><\/span><\/span><\/span><\/span><\/span><\/span><\/span><\/span><\/span><\/span><\/span><\/span><\/span><\/span><\/span><\/p><hr>\n<div>\n<p><strong>Bibliografia:<\/strong><\/p>\n<\/div>\n<p>[0] GOUV\u00caA, Fernando Q.. <em> p-adic Numbers:  an introduction <\/em>. Universitext, Springer-Verlag Berlin Heidelberg New York, 2003.<\/p>\n<p>[1] \u00c1VILA, G..  <em>Introdu\u00e7\u00e3o \u00e0 Analise Matem\u00e1tica, 2\u00aa-edi\u00e7\u00e3o, Editora Edgard-Bl\u00fccher, 1995.<\/p>\n<p>[2] KOBLITZ, N.. <em> p-adic Numbers, p-adic Analysis, and Zeta-functions.<\/em>.  Springer-Verlag Berlin Heidelberg New York, second edition, 1984.<\/p>\n\n<hr>\n<p><strong>Ementa: <\/strong>Normas sobre um corpo, valor absoluto sobre Q, completamento, lema de Hensel, local e global, sequ\u00eancias e s\u00e9ries em Q_p, fun\u00e7\u00f5es: continuidade e diferenciabilidade e s\u00e9ries de pot\u00eancia em Q_p. Espa\u00e7os vetoriais e extens\u00f5es finitas de corpos, adicionar ra\u00edzes da unidade sobre Q_p. Teoremas de Ostrowski.<\/p>\n<hr>\n<p>\u00daltima revis\u00e3o em Novembro, 2019<\/p>\n<p style=\"text-align: center\"><strong><a href=\"http:\/\/www.professores.uff.br\/jcolombo\/disciplinas\/\">Voltar<\/a><\/strong><\/p>\n<\/div><\/div>\n\n\n<p><!--EndFragment--><\/p>\n<p><\/p>","protected":false},"excerpt":{"rendered":"<p>Carga hor\u00e1ria:&nbsp; 32 hs, turma J1 &#8211; GGT00025 &#8211; ESTUDO ORIENTADO IV. Hor\u00e1rio: 4\u00aa-feiras na sala 504-IMH das 16-18hs. Hor\u00e1rio de atendimento: 4\u00aa-feiras das 14-16hs. Listas de Exerc\u00edcios para a P1 Informa\u00e7\u00f5es: Orienta\u00e7\u00f5es Gerais aos alunos Data das provas: P1 &#8211;&nbsp; 09\/10\/2019 P2 &#8211;&nbsp; 11\/12\/2019 Cronograma da disciplina Aula &nbsp;&nbsp;Data &nbsp;&nbsp;&nbsp;&nbsp;&nbsp;&nbsp;&nbsp;&nbsp;&nbsp;&nbsp;&nbsp;&nbsp;&nbsp; Assunto &nbsp;01&nbsp;&nbsp;&nbsp; 14\/08 &nbsp; [&hellip;]<\/p>\n","protected":false},"author":129,"featured_media":0,"parent":0,"menu_order":0,"comment_status":"closed","ping_status":"closed","template":"","meta":{"_exactmetrics_skip_tracking":false,"_exactmetrics_sitenote_active":false,"_exactmetrics_sitenote_note":"","_exactmetrics_sitenote_category":0,"footnotes":""},"categories":[],"tags":[],"class_list":["post-1340","page","type-page","status-publish","hentry"],"_links":{"self":[{"href":"https:\/\/www.professores.uff.br\/jcolombo\/wp-json\/wp\/v2\/pages\/1340","targetHints":{"allow":["GET"]}}],"collection":[{"href":"https:\/\/www.professores.uff.br\/jcolombo\/wp-json\/wp\/v2\/pages"}],"about":[{"href":"https:\/\/www.professores.uff.br\/jcolombo\/wp-json\/wp\/v2\/types\/page"}],"author":[{"embeddable":true,"href":"https:\/\/www.professores.uff.br\/jcolombo\/wp-json\/wp\/v2\/users\/129"}],"replies":[{"embeddable":true,"href":"https:\/\/www.professores.uff.br\/jcolombo\/wp-json\/wp\/v2\/comments?post=1340"}],"version-history":[{"count":12,"href":"https:\/\/www.professores.uff.br\/jcolombo\/wp-json\/wp\/v2\/pages\/1340\/revisions"}],"predecessor-version":[{"id":1440,"href":"https:\/\/www.professores.uff.br\/jcolombo\/wp-json\/wp\/v2\/pages\/1340\/revisions\/1440"}],"wp:attachment":[{"href":"https:\/\/www.professores.uff.br\/jcolombo\/wp-json\/wp\/v2\/media?parent=1340"}],"wp:term":[{"taxonomy":"category","embeddable":true,"href":"https:\/\/www.professores.uff.br\/jcolombo\/wp-json\/wp\/v2\/categories?post=1340"},{"taxonomy":"post_tag","embeddable":true,"href":"https:\/\/www.professores.uff.br\/jcolombo\/wp-json\/wp\/v2\/tags?post=1340"}],"curies":[{"name":"wp","href":"https:\/\/api.w.org\/{rel}","templated":true}]}}