{"id":1514,"date":"2023-05-03T11:48:03","date_gmt":"2023-05-03T14:48:03","guid":{"rendered":"http:\/\/www.professores.uff.br\/jcolombo\/?page_id=1514"},"modified":"2023-05-19T18:03:01","modified_gmt":"2023-05-19T21:03:01","slug":"eleicoes-para-coordenador-do-profmat","status":"publish","type":"page","link":"https:\/\/www.professores.uff.br\/jcolombo\/eleicoes-para-coordenador-do-profmat\/","title":{"rendered":"2023 ELEI\u00c7\u00d5ES PARA COORDENADOR DO PROFMAT"},"content":{"rendered":"\n<p>Aqui conter\u00e3o as informa\u00e7\u00f5es sobre a Consulta Eleitoral para escolha de Coordenador(a) e vice-Coordenador(a) do Curso de p\u00f3s-Gradua\u00e7\u00e3o Stricto Sensu Mestrado em Matem\u00e1tica em Rede Nacional da UFF.<\/p>\n\n\n\n<h2 class=\"wp-block-heading\"><strong>Edital<\/strong><\/h2>\n\n\n\n<p><a href=\"https:\/\/drive.google.com\/file\/d\/1U3jHn_T1UfFqhEFs3FW-KRWO_MGjA1vu\/view?usp=sharing\">DTS de Instituindo a Comiss\u00e3o Local &#8211; IME\/UFF para realizar a consulta p\u00fablica.<\/a><\/p>\n\n\n\n<p><\/p>\n\n\n\n<p><a rel=\"noreferrer noopener\" aria-label=\" (abre numa nova aba)\" href=\"https:\/\/drive.google.com\/file\/d\/1cngdPX8Hx2fJ2jtnRWpnb8_H54QqIGsF\/view?usp=sharing\" target=\"_blank\">Edital de abertura da Consulta publicado no Boletim de Servi\u00e7o<\/a>&nbsp;e no&nbsp;<a rel=\"noreferrer noopener\" aria-label=\" (abre numa nova aba)\" href=\"https:\/\/www.editais.uff.br\/8359\" target=\"_blank\">Site de Editais da UFF<\/a>.<\/p>\n\n\n\n<p><\/p>\n\n\n\n<h2 class=\"wp-block-heading\"><strong>Cronograma<\/strong><\/h2>\n\n\n\n<figure class=\"wp-block-table is-style-stripes\"><table class=\"\"><tbody><tr><td>19\/04\/2023<\/td><td>&nbsp;<\/td><td>Divulga\u00e7\u00e3o do Edital<\/td><\/tr><tr><td>02\/05 a 03\/05<\/td><td>&nbsp;<\/td><td>Per\u00edodo de inscri\u00e7\u00f5es<\/td><\/tr><tr><td>03\/05\/2023<\/td><td>16h<\/td><td>Divulga\u00e7\u00e3o das chapas inscritas<\/td><\/tr><tr><td>03\/05\/2023<\/td><td>16h \u00e0s 17h<\/td><td>Prazo para envio de pedido de impugna\u00e7\u00e3o<\/td><\/tr><tr><td>&nbsp;<\/td><td>18h<\/td><td>Divulga\u00e7\u00e3o dos resultados dos pedidos<\/td><\/tr><tr><td>&nbsp;<\/td><td>18h<\/td><td>Divulga\u00e7\u00e3o da homologa\u00e7\u00e3o das chapas e in\u00edcio da campanha eleitoral<\/td><\/tr><tr><td>14\/05\/2023<\/td><td>22h<\/td><td>Fim da campanha eleitoral<\/td><\/tr><tr><td>17\/05\/2023<\/td><td>10h<\/td><td>In\u00edcio da Elei\u00e7\u00e3o<\/td><\/tr><tr><td>18\/05\/2023<\/td><td>20h<\/td><td>Fim da Elei\u00e7\u00e3o<\/td><\/tr><tr><td>19\/05\/2023<\/td><td>10h<\/td><td>Apura\u00e7\u00e3o dos votos<\/td><\/tr><tr><td>&nbsp;<\/td><td>12h<\/td><td>Divulga\u00e7\u00e3o do resultado e Prazo inicial para envio de recurso relativo \u00e0 apura\u00e7\u00e3o<\/td><\/tr><tr><td>19\/05\/2023<\/td><td>13h-15h<\/td><td> Envio de recurso relativo a apura\u00e7\u00e3o<\/td><\/tr><tr><td>&nbsp;<\/td><td>15h<\/td><td>Divulga\u00e7\u00e3o do resultado do recurso<\/td><\/tr><tr><td>&nbsp;<\/td><td>16h<\/td><td>Envio do resultado da consulta para Coordena\u00e7\u00e3o PROFMAT<\/td><\/tr><\/tbody><\/table><\/figure>\n\n\n\n<h2 class=\"wp-block-heading\"><strong>Divulga\u00e7\u00e3o da(s) Chapa(s) Inscrita(s)<\/strong><\/h2>\n\n\n\n<p>Em conformidade com o EDITAL CEL IME N\u00ba 01\/2023,  publicado no Boletim de Servi\u00e7o ANO LVII N.\u00ba 81 em 02\/05\/2023,  a Comiss\u00e3o Eleitoral Local torna p\u00fablico que, de acordo com as normas do RGCE, solicitou inscri\u00e7\u00e3o a(s) Chapa(s) abaixo.<\/p>\n\n\n\n<h4 class=\"wp-block-heading\"><strong>CHAPA 1<\/strong><\/h4>\n\n\n\n<figure class=\"wp-block-table is-style-stripes\"><table class=\"\"><tbody><tr><td>\n  Candidata a\n  Coordenadora \n  <\/td><td>\n  Prof\u00aa. Dirce Uesu Pesco \n  Associado 4 \u2013 Mat. SIAPE 1559604 \n  <\/td><\/tr><tr><td>\n  Candidata a vice\n  Coordenadora\n  <\/td><td>\n  Prof\u00aa. Miriam Del Milagro Abdon \n  Associado 4\n  \u2013 Mat. SIAPE: 1478180 \n  <\/td><\/tr><\/tbody><\/table><\/figure>\n\n\n\n<p><\/p>\n\n\n\n<p><\/p>\n\n\n\n<p>Esta Comiss\u00e3o informa que, de acordo com o Art. 6\u00ba do Edital, quaisquer recursos ou pedidos de impugna\u00e7\u00e3o podem ser apresentados at\u00e9 as 16:00 horas do dia 03\/05\/2023 em formul\u00e1rio pr\u00f3prio dispon\u00edvel em&nbsp;<a href=\"https:\/\/forms.gle\/LD4g9LYVt9k2jq3f6\">https:\/\/forms.gle\/LD4g9LYVt9k2jq3f6<\/a> .<\/p>\n\n\n\n<h2 class=\"wp-block-heading\"><strong>Homologa\u00e7\u00e3o Da Chapa Inscrita<\/strong><\/h2>\n\n\n\n<p>Como n\u00e3o houve qualquer recurso ou pedido de impugna\u00e7\u00e3o da Chapa 1. A chapa 1 foi homologada. <\/p>\n\n\n\n<h2 class=\"wp-block-heading\"><strong>Divulga\u00e7\u00e3o da Apura\u00e7\u00e3o da Consulta Eleitoral<\/strong><\/h2>\n\n\n\n<p>  A Comiss\u00e3o Eleitoral Local, reunida de forma online, no dia 19\/05\/2023 a partir das 10h tem a declarar que a partir da apura\u00e7\u00e3o realizada e como houve uma \u00fanica chapa e os resultados da Consulta foram:<\/p>\n\n\n\n<figure class=\"wp-block-table\"><table class=\"\"><tbody><tr><td>Segmento eleitoral<\/td><td>N\u00famero de poss\u00edveis Votantes<\/td><td>Peso<\/td><td>Total<\/td><td>de<\/td><td>Votos<\/td><\/tr><tr><td><\/td><td><\/td><td><\/td><td>V\u00e1lidos<\/td><td>Brancos<\/td><td>Nulos<\/td><\/tr><tr><td>Discentes<\/td><td>31<\/td><td>1<\/td><td>10<\/td><td>0<\/td><td>0<\/td><\/tr><tr><td>Docentes e T\u00e9cnico(a)<\/td><td>13<\/td><td>1<\/td><td>9<\/td><td>0<\/td><td>1<\/td><\/tr><tr><td><\/td><td>Pontos obtidos<\/td><td><\/td><td>1,11<\/td><td>0,00<\/td><td>0,08<\/td><\/tr><tr><td><\/td><td>Percentual obtido<\/td><td><\/td><td>95,65%<\/td><td>0,00%<\/td><td>4,35%<\/td><\/tr><\/tbody><\/table><\/figure>\n\n\n\n<p>Considerando que as situa\u00e7\u00f5es previstas nos incisos&nbsp;<strong>a<\/strong>&nbsp;e&nbsp;<strong>b<\/strong>&nbsp;do Art. 71 do RGCE n\u00e3o ocorreram (percentual de votos nulos ou brancos n\u00e3o \u00e9 superior a 50% e os pontos obtidos pelos votos nulos ou brancos n\u00e3o \u00e9 maior que o n\u00famero de pontos da \u00fanica chapa), a CEL declara v\u00e1lida a consulta eleitoral.<\/p>\n\n\n\n<p>A CEL informa que quaisquer pedidos de esclarecimento e&nbsp;impugna\u00e7\u00e3o devem ser feitos at\u00e9 o dia 19 de maio de 2023 \u00e0s 15h.<\/p>\n\n\n\n<p><a href=\"http:\/\/www.professores.uff.br\/jcolombo\/wp-content\/uploads\/sites\/124\/2023\/05\/Apuracao_contagem_pontos_PROFMAT.xlsx\">Planilha com o c\u00e1lculo dos votos<\/a><\/p>\n\n\n\n<h2 class=\"wp-block-heading\"><strong>Homologa\u00e7\u00e3o do Resultado da Consulta<\/strong><\/h2>\n\n\n\n<p>Decorrido o prazo legal para pedidos de impugna\u00e7\u00e3o, a Comiss\u00e3o Eleitoral Local n\u00e3o recebeu qualquer solicita\u00e7\u00e3o de impugna\u00e7\u00e3o ou mesmo recontagem dos votos. Sendo assim, a CEL declara esta Consulta Eleitoral encerrada.<\/p>\n\n\n\n<p><a href=\"http:\/\/www.professores.uff.br\/jcolombo\/wp-content\/uploads\/sites\/124\/2023\/05\/ResultadoFinalApuracao_PROFMAT_assinado.pdf\" target=\"_blank\" rel=\"noreferrer noopener\" aria-label=\"Documento com a homologa\u00e7\u00e3o do Resultado (abre numa nova aba)\">Documento com a homologa\u00e7\u00e3o do Resultado<\/a><\/p>\n\n\n\n<h2 class=\"wp-block-heading\"><strong>Links \u00dateis<\/strong><\/h2>\n\n\n\n<p><strong>Normas<\/strong><\/p>\n\n\n\n<p><a href=\"http:\/\/www.noticias.uff.br\/arquivos\/eleicaoreitoria2006\/rgce.pdf\">RGCE<\/a><\/p>\n\n\n\n<p><a href=\"http:\/\/www.noticias.uff.br\/bs\/2013\/12\/197-2013.pdf\">Decis\u00e3o CUV n\u00ba 077\/2013<\/a><\/p>\n\n\n\n<p><a href=\"http:\/\/www.noticias.uff.br\/bs\/2020\/12\/235-20.pdf\">Resolu\u00e7\u00e3o CUV n\u00ba 005\/2020<\/a><\/p>\n\n\n\n<p><a href=\"https:\/\/drive.google.com\/file\/d\/1U3jHn_T1UfFqhEFs3FW-KRWO_MGjA1vu\/view?usp=sharing\">Designa\u00e7\u00e3o da Comiss\u00e3o Eleitoral Local<\/a><\/p>\n\n\n\n<p><strong>Formul\u00e1rios<\/strong><\/p>\n\n\n\n<p><a href=\"https:\/\/forms.gle\/b7cgeWm5QRtRPjnx7\">Inscri\u00e7\u00e3o<\/a><\/p>\n\n\n\n<p><a href=\"https:\/\/forms.gle\/LD4g9LYVt9k2jq3f6\" target=\"_blank\" rel=\"noreferrer noopener\" aria-label=\"Pedido de Impugna\u00e7\u00e3o de Inscri\u00e7\u00e3o (abre numa nova aba)\">Pedido de Impugna\u00e7\u00e3o de Inscri\u00e7\u00e3o<\/a><\/p>\n\n\n\n<p><\/p>\n","protected":false},"excerpt":{"rendered":"<p>Aqui conter\u00e3o as informa\u00e7\u00f5es sobre a Consulta Eleitoral para escolha de Coordenador(a) e vice-Coordenador(a) do Curso de p\u00f3s-Gradua\u00e7\u00e3o Stricto Sensu Mestrado em Matem\u00e1tica em Rede Nacional da UFF. Edital DTS de Instituindo a Comiss\u00e3o Local &#8211; IME\/UFF para realizar a consulta p\u00fablica. Edital de abertura da Consulta publicado no Boletim de Servi\u00e7o&nbsp;e no&nbsp;Site de Editais [&hellip;]<\/p>\n","protected":false},"author":129,"featured_media":0,"parent":0,"menu_order":0,"comment_status":"closed","ping_status":"closed","template":"","meta":{"_exactmetrics_skip_tracking":false,"_exactmetrics_sitenote_active":false,"_exactmetrics_sitenote_note":"","_exactmetrics_sitenote_category":0,"footnotes":""},"categories":[],"tags":[],"class_list":["post-1514","page","type-page","status-publish","hentry"],"_links":{"self":[{"href":"https:\/\/www.professores.uff.br\/jcolombo\/wp-json\/wp\/v2\/pages\/1514","targetHints":{"allow":["GET"]}}],"collection":[{"href":"https:\/\/www.professores.uff.br\/jcolombo\/wp-json\/wp\/v2\/pages"}],"about":[{"href":"https:\/\/www.professores.uff.br\/jcolombo\/wp-json\/wp\/v2\/types\/page"}],"author":[{"embeddable":true,"href":"https:\/\/www.professores.uff.br\/jcolombo\/wp-json\/wp\/v2\/users\/129"}],"replies":[{"embeddable":true,"href":"https:\/\/www.professores.uff.br\/jcolombo\/wp-json\/wp\/v2\/comments?post=1514"}],"version-history":[{"count":15,"href":"https:\/\/www.professores.uff.br\/jcolombo\/wp-json\/wp\/v2\/pages\/1514\/revisions"}],"predecessor-version":[{"id":1544,"href":"https:\/\/www.professores.uff.br\/jcolombo\/wp-json\/wp\/v2\/pages\/1514\/revisions\/1544"}],"wp:attachment":[{"href":"https:\/\/www.professores.uff.br\/jcolombo\/wp-json\/wp\/v2\/media?parent=1514"}],"wp:term":[{"taxonomy":"category","embeddable":true,"href":"https:\/\/www.professores.uff.br\/jcolombo\/wp-json\/wp\/v2\/categories?post=1514"},{"taxonomy":"post_tag","embeddable":true,"href":"https:\/\/www.professores.uff.br\/jcolombo\/wp-json\/wp\/v2\/tags?post=1514"}],"curies":[{"name":"wp","href":"https:\/\/api.w.org\/{rel}","templated":true}]}}