{"id":18,"date":"2017-09-04T11:38:37","date_gmt":"2017-09-04T14:38:37","guid":{"rendered":"http:\/\/www.professores.uff.br\/jcolombo\/?page_id=18"},"modified":"2017-09-18T11:54:00","modified_gmt":"2017-09-18T14:54:00","slug":"latex","status":"publish","type":"page","link":"https:\/\/www.professores.uff.br\/jcolombo\/latex\/","title":{"rendered":"LaTeX"},"content":{"rendered":"<hr \/>\n<p>Algumas dicas a respeito do\u00a0<a href=\"http:\/\/www.professores.uff.br\/jcolombo\/LaTEX.html\" target=\"_blank\" rel=\"noopener noreferrer\">LaTeX<\/a><\/p>\n<h3 style=\"text-align: center;\">LaTeX<\/h3>\n<hr \/>\n<p>O LaTeX \u00e9 um pacote feito para a prepara\u00e7\u00e3o de textos impressos em alta qualidade gr\u00e1fica, especialmente para textos t\u00e9cnicos e cient\u00edficos. Ele foi desenvolvido por Leslie Lamport a partir do programa TEX criado por Donald Knuth.<\/p>\n<p>A filosofia dominante do projeto \u00e9: preocupe-se com o conte\u00fado quanto \u00e0 forma deixe com a gente.<br \/>\nComo sabemos a realidade \u00e9 sempre um pouco mais complicada, mas o resultado final em geral \u00e9 bastante satisfat\u00f3rio. Outro fato que me \u00e9 bastante agrad\u00e1vel \u00e9 que o projeto se adapta perfeitamente \u00e0 filosofia GNU (General Public License ousoftware livre).<\/p>\n<p>como Por ser o LaTEX um GNU, e como \u00e9 comum neste meio existem diversas implementa\u00e7\u00f5es, ou melhor dizendo distribui\u00e7\u00f5es por exemplo: Em Unix ou linux: teTeX, em Mac: OzTeX, em DOS ou OS\/2: emTeX e em Windows: MiKTeX, emTeXGI e fpTeX.<\/p>\n<p>Vou tratar apenas de uma destas distribui\u00e7\u00f5es conhecida como MikTEX que vem acompanhado um visualizador chamado &#8220;<a href=\"http:\/\/www.miktex.org\/\" target=\"_blank\" rel=\"noopener noreferrer\">YAP<\/a>&#8220;. Al\u00e9m disso, podemos eleger um editor de texto ao gosto do fregu\u00eas (em ordem de sofistica\u00e7\u00e3o: notepad (W-G), pico(L-G),\u00a0<a href=\"http:\/\/www.texniccenter.org\/\" target=\"_blank\" rel=\"noopener noreferrer\">TeXnicCenter<\/a>(W-G), kile, LyX(W,L-G),\u00a0<a href=\"http:\/\/www.winedt.com\/\" target=\"_blank\" rel=\"noopener noreferrer\">WinEdt<\/a>(W-P), Scientific WorkPlace (W-P) e o suprasumo Emacs\u00a0<a href=\"http:\/\/www.gnu.org\/software\/emacs\/windows\/ntemacs.html\" target=\"_blank\" rel=\"noopener noreferrer\">aqui<\/a>\u00a0ou\u00a0<a href=\"http:\/\/www.xemacs.org\/\" target=\"_blank\" rel=\"noopener noreferrer\">aqui<\/a>(L-G). Aqui L &#8211; Linux, W windows e G \u00e9 gr\u00e1tis e P pago), e outros visualizadores (Acrobat Reader, Ghost Script\/GSView, YAP). Todos estes programas s\u00e3o independentes mas funcionam em harmonia quando adequadamente configurados, dentro do espirito do software livre.<\/p>\n<p>Nas pr\u00f3ximas linhas vou descrever os passos para a instala\u00e7\u00e3o em uma plataforma Windows do MikTEX, com o editor de texto TeXnicCenter\u00a0 e os visualizadores Acrobat Reader, Ghost Script\/GSView, YAP.<\/p>\n<p>V\u00e1 a p\u00e1gina do\u00a0<a href=\"http:\/\/www.miktex.org\/2.5\/Setup.aspx\" target=\"_blank\" rel=\"noopener noreferrer\">MikTeX<\/a>\u00a0e baixe o instalador, este programa n\u00e3o \u00e9 o LaTeX em si, \u00e9 um programa que vai administrar a instala\u00e7\u00e3o do MikTeX em sua m\u00e1quina. Uma vez baixado execute e siga as instru\u00e7\u00f5es. Observe que a instala\u00e7\u00e3o completa em geral tomam v\u00e1rias horas.<\/p>\n<p>Depois v\u00e1 para os sites dos visualizadores:<\/p>\n<p><a href=\"http:\/\/www.cs.wisc.edu\/~ghost\/\" target=\"_blank\" rel=\"noopener noreferrer\">Ghostview + GSview<\/a>\u00a0 Com estes aplicativos voc\u00ea poder\u00e1 visualizar e processar arquivos do formato PS, EPS e PDF, podendo exportar para diversos formatos gr\u00e1ficos BitMap e vetorial.<\/p>\n<p><a href=\"http:\/\/www.adobe.com\/products\/acrobat\/readstep2.html\" target=\"_blank\" rel=\"noopener noreferrer\">Acrobat Reader<\/a>\u00a0 visualizador\/navegador (linux\/win) de PDF que \u00e9 usado como plugin pelos diversos browsers (netscape, internet explorer, etc) para visualizar o documento PDF.<br \/>\nDes\u00e7a-os e os instale sem se importar com a ordem.\u00a0 Agora v\u00e1 \u00e0 p\u00e1gina do\u00a0<a href=\"http:\/\/www.texniccenter.org\/\" target=\"_blank\" rel=\"noopener noreferrer\">TeXNiccenter\u00a0<\/a>e des\u00e7a-o e instale-o!<\/p>\n<p>Feito tudo isto v\u00e1 para a p\u00e1gina que explica como configurar o\u00a0<a href=\"http:\/\/www.dm.ufscar.br\/~sadao\/latex\/tex-inst-win.php?lang=pt#TeXnicCenter\" target=\"_blank\" rel=\"noopener noreferrer\">TeXNiccenter<\/a>.<br \/>\nEm LaTEX uma das principais dificuldades \u00e9 a parte gr\u00e1fica ent\u00e3o sugiro que, quando for trabalhar com gr\u00e1ficos instale o\u00a0<a href=\"http:\/\/www.imagemagick.org\/script\/index.php\" target=\"_blank\" rel=\"noopener noreferrer\">Image Magick<\/a>(cross platform) que \u00e9 uma\u00a0 ferramenta e biblioteca de convers\u00e3o de formatos gr\u00e1fico e se quiser desenhar instale o\u00a0<a href=\"http:\/\/tams-www.informatik.uni-hamburg.de\/applets\/jfig\/\" target=\"_blank\" rel=\"noopener noreferrer\">JFIG<\/a>\u00a0(cross platform) que \u00e9 uma implemeta\u00e7\u00e3o em java, do cl\u00e1ssico editor de diagramas\u00a0<a href=\"http:\/\/www.xfig.org\/\" target=\"_blank\" rel=\"noopener noreferrer\">xfig ,<\/a>\u00a0um detalhe \u00e9 que ele requer\u00a0<a href=\"http:\/\/www.java.com\/pt_BR\/\" target=\"_blank\" rel=\"noopener noreferrer\">java run time<\/a>.<\/p>\n<p>O pr\u00f3xima\u00a0<a href=\"http:\/\/biquinho.furg.br\/tex-br\/links.html#distros_windows\" target=\"_blank\" rel=\"noopener noreferrer\">link<\/a>\u00a0\u00e9 de uma p\u00e1gina que possui mais que os seres humanos deveriam saber sobre o LaTeX, e os proximos links s\u00e3o de tutoriais que eu mesmo utilizei no meu apredizado do LaTeX.<\/p>\n<p>Este\u00a0<a href=\"http:\/\/www.dm.ufscar.br\/~sadao\/latex\/\" target=\"_blank\" rel=\"noopener noreferrer\">link<\/a>\u00a0\u00a0\u00e9 muito bom. Ele \u00e9 para a p\u00e1gina do Sadao Massago da UFSCar, tudo que disse aqui esta nesta p\u00e1gina de forma muito melhor.<\/p>\n<p>Recomendo tamb\u00e9m este\u00a0<a href=\"http:\/\/www.comp.ufla.br\/~joukim\/latex\/GuiaTraduzido.html\" target=\"_blank\" rel=\"noopener noreferrer\">link<\/a>\u00a0.<\/p>\n<p>Boa Sorte!<\/p>\n<p>\u00faltima\u00a0 revis\u00e3o em outubro, 2011.<\/p>\n","protected":false},"excerpt":{"rendered":"<p>Algumas dicas a respeito do\u00a0LaTeX LaTeX O LaTeX \u00e9 um pacote feito para a prepara\u00e7\u00e3o de textos impressos em alta qualidade gr\u00e1fica, especialmente para textos t\u00e9cnicos e cient\u00edficos. Ele foi desenvolvido por Leslie Lamport a partir do programa TEX criado por Donald Knuth. A filosofia dominante do projeto \u00e9: preocupe-se com o conte\u00fado quanto \u00e0 [&hellip;]<\/p>\n","protected":false},"author":70,"featured_media":0,"parent":0,"menu_order":0,"comment_status":"closed","ping_status":"closed","template":"","meta":{"_exactmetrics_skip_tracking":false,"_exactmetrics_sitenote_active":false,"_exactmetrics_sitenote_note":"","_exactmetrics_sitenote_category":0,"footnotes":""},"categories":[],"tags":[],"class_list":["post-18","page","type-page","status-publish","hentry"],"_links":{"self":[{"href":"https:\/\/www.professores.uff.br\/jcolombo\/wp-json\/wp\/v2\/pages\/18","targetHints":{"allow":["GET"]}}],"collection":[{"href":"https:\/\/www.professores.uff.br\/jcolombo\/wp-json\/wp\/v2\/pages"}],"about":[{"href":"https:\/\/www.professores.uff.br\/jcolombo\/wp-json\/wp\/v2\/types\/page"}],"author":[{"embeddable":true,"href":"https:\/\/www.professores.uff.br\/jcolombo\/wp-json\/wp\/v2\/users\/70"}],"replies":[{"embeddable":true,"href":"https:\/\/www.professores.uff.br\/jcolombo\/wp-json\/wp\/v2\/comments?post=18"}],"version-history":[{"count":7,"href":"https:\/\/www.professores.uff.br\/jcolombo\/wp-json\/wp\/v2\/pages\/18\/revisions"}],"predecessor-version":[{"id":652,"href":"https:\/\/www.professores.uff.br\/jcolombo\/wp-json\/wp\/v2\/pages\/18\/revisions\/652"}],"wp:attachment":[{"href":"https:\/\/www.professores.uff.br\/jcolombo\/wp-json\/wp\/v2\/media?parent=18"}],"wp:term":[{"taxonomy":"category","embeddable":true,"href":"https:\/\/www.professores.uff.br\/jcolombo\/wp-json\/wp\/v2\/categories?post=18"},{"taxonomy":"post_tag","embeddable":true,"href":"https:\/\/www.professores.uff.br\/jcolombo\/wp-json\/wp\/v2\/tags?post=18"}],"curies":[{"name":"wp","href":"https:\/\/api.w.org\/{rel}","templated":true}]}}