{"id":20,"date":"2017-09-04T11:38:44","date_gmt":"2017-09-04T14:38:44","guid":{"rendered":"http:\/\/www.professores.uff.br\/jcolombo\/?page_id=20"},"modified":"2017-09-18T11:50:12","modified_gmt":"2017-09-18T14:50:12","slug":"links","status":"publish","type":"page","link":"https:\/\/www.professores.uff.br\/jcolombo\/links\/","title":{"rendered":"Links"},"content":{"rendered":"<hr \/>\n<p><a href=\"http:\/\/www.professores.uff.br\/jcolombo\/Links.html\" target=\"_blank\" rel=\"noopener noreferrer\"><br \/>\nAqui<\/a>\u00a0colecionei uma s\u00e9rie de Links para facilitar a vida (provavelmente muito mais a minha)<span class=\"\">.<\/span><\/p>\n<p>Links para UFF<\/p>\n<ul>\n<li><a href=\"http:\/\/www.uff.br\/\" target=\"_blank\" rel=\"noopener noreferrer\">UFF<\/a><\/li>\n<li><a href=\"http:\/\/www.uff.br\/matematica\/\" target=\"_blank\" rel=\"noopener noreferrer\">Matem\u00e1tica UFF<\/a><\/li>\n<li><a href=\"http:\/\/www.prograd.uff.br\/novo\/calendarios\" target=\"_blank\" rel=\"noopener noreferrer\">Calend\u00e1rio UFF<\/a><\/li>\n<\/ul>\n<p>Links de interesse geral para matem\u00e1ticos<\/p>\n<ul>\n<li><a href=\"http:\/\/www.yahoo.com\/Science\/Mathematics\/\" target=\"_blank\" rel=\"noopener noreferrer\">Yahoo&#8217;s<\/a> lista de links matem\u00e1ticos<\/li>\n<li><a href=\"http:\/\/www.math.psu.edu\/OtherMath.html\" target=\"_blank\" rel=\"noopener noreferrer\">Pennsylvania State University&#8217;s list of Mathematics Information Servers<\/a><\/li>\n<li><a href=\"http:\/\/www.math.upenn.edu\/MathSources.html\" target=\"_blank\" rel=\"noopener noreferrer\">Mathematics topics<\/a><\/li>\n<li><a href=\"http:\/\/archives.math.utk.edu\/\" target=\"_blank\" rel=\"noopener noreferrer\">The Mathematics Archives<\/a><\/li>\n<li><a href=\"http:\/\/www.math-net.de\/links\/show?collection=math\" target=\"_blank\" rel=\"noopener noreferrer\">MathNet<\/a><\/li>\n<li><a href=\"http:\/\/euclid.math.fsu.edu\/Science\/math.html\" target=\"_blank\" rel=\"noopener noreferrer\">WWW Virtual Library Mathematics Node<\/a><\/li>\n<li><a href=\"http:\/\/galaxy.einet.net\/galaxy\/Science\/Mathematics.html\" target=\"_blank\" rel=\"noopener noreferrer\">EINet Galaxy Mathematics Node<\/a><\/li>\n<li><a href=\"http:\/\/www-mathdoc.ujf-grenoble.fr\/\" target=\"_blank\" rel=\"noopener noreferrer\">Cellule MathDoc &#8211; France<\/a><\/li>\n<li><a href=\"http:\/\/www.nas.edu\/\" target=\"_blank\" rel=\"noopener noreferrer\">National Academy of Science<\/a><\/li>\n<\/ul>\n<p>Sociedades cient\u00edficas brasileiras<\/p>\n<ul>\n<li>\u00a0<a href=\"http:\/\/www.sbm.org.br\/\" target=\"_blank\" rel=\"noopener noreferrer\">SBM &#8211; Sociedade Brasileira de Matem\u00e1tica<\/a><\/li>\n<li>\u00a0<a href=\"http:\/\/www.sbmac.org.br\/\" target=\"_blank\" rel=\"noopener noreferrer\">SBMAC- Sociedade Brasileira de Matem\u00e1tica Aplicada e Computacional<\/a><\/li>\n<li>\u00a0<a href=\"http:\/\/www.sbpcnet.org.br\/\" target=\"_blank\" rel=\"noopener noreferrer\">ABE &#8211; Associa\u00e7\u00e3o Brasileira de Estat\u00edstica<\/a><\/li>\n<li>\u00a0<a href=\"http:\/\/www.fec.unicamp.br\/~abmec\/\" target=\"_blank\" rel=\"noopener noreferrer\">Associa\u00e7\u00e3o Brasileira de Mec\u00e2nica Computacional<\/a><\/li>\n<li>\u00a0<a href=\"http:\/\/www.sbf.if.usp.br\/\" target=\"_blank\" rel=\"noopener noreferrer\">SBF &#8211; Sociedade Brasileira de F\u00edsica<\/a><\/li>\n<li>\u00a0<a href=\"http:\/\/www.sbpcnet.org.br\/\" target=\"_blank\" rel=\"noopener noreferrer\">SBPC &#8211; Sociedade Brasileira para o Progresso da Ci\u00eancia<\/a><\/li>\n<\/ul>\n<p>Sociedades cient\u00edficas no exterior<\/p>\n<ul>\n<li><a href=\"http:\/\/e-math.ams.org\/\" target=\"_blank\" rel=\"noopener noreferrer\">AMS &#8211; The American Mathematical Society<\/a><\/li>\n<li><a href=\"http:\/\/www.siam.org\/\" target=\"_blank\" rel=\"noopener noreferrer\">SIAM &#8211; Society for Industrial and Applied Mathematics<\/a><\/li>\n<li><a href=\"http:\/\/www.emath.fr\/index1.html\" target=\"_blank\" rel=\"noopener noreferrer\">EMATHFR &#8211; \u00c9cole Math\u00e9matique Fran\u00e7aise<\/a>\u00a0 (links para SMAI e SMF)<\/li>\n<li><a href=\"http:\/\/www.mathunion.org\/\" target=\"_blank\" rel=\"noopener noreferrer\">IMU &#8211; International Mathematical Union<\/a><\/li>\n<li><a href=\"http:\/\/mirror.impa.br\/EMIS\/\" target=\"_blank\" rel=\"noopener noreferrer\">EMS &#8211; The European Mathematical\u00a0 Society<\/a><\/li>\n<li><a href=\"http:\/\/www.maths.soton.ac.uk\/EMIS\/member-societies.html\" target=\"_blank\" rel=\"noopener noreferrer\">Member and Associate Member Societies of the EMS<\/a><\/li>\n<li><a href=\"http:\/\/www.mathunion.org\/math_soc\/\" target=\"_blank\" rel=\"noopener noreferrer\">Mathematical Societies<\/a><\/li>\n<\/ul>\n<p>Institui\u00e7\u00f5es educacionais e de pesquisa no Brasil<\/p>\n<ul>\n<li>\u00a0<a href=\"http:\/\/www.unicamp.br\/\" target=\"_blank\" rel=\"noopener noreferrer\">UNICAMP &#8211; Universidade Estadual de Campinas<\/a><\/li>\n<li>\u00a0<a href=\"http:\/\/www.usp.br\/\" target=\"_blank\" rel=\"noopener noreferrer\">USP &#8211; Universidade de S\u00e3o Paulo<\/a><\/li>\n<li>\u00a0<a href=\"http:\/\/www.unesp.br\/unidades.htm\" target=\"_blank\" rel=\"noopener noreferrer\">UNESP &#8211; Universidade do Estado de S\u00e3o Paulo<\/a><\/li>\n<li>\u00a0<a href=\"http:\/\/www.impa.br\/\" target=\"_blank\" rel=\"noopener noreferrer\">IMPA &#8211; Instituto de Matem\u00e1tica Pura e Aplicada<\/a><\/li>\n<li>\u00a0<a href=\"http:\/\/www.lncc.br\/\" target=\"_blank\" rel=\"noopener noreferrer\">LNCC &#8211; Laborat\u00f3rio Nacional de Computa\u00e7\u00e3o Cient\u00edfica<\/a><\/li>\n<li>\u00a0<a href=\"http:\/\/www.crub.org.br\/\" target=\"_blank\" rel=\"noopener noreferrer\">Cat\u00e1logo das universidade brasileiras (CRUB- Conselho de Reitores de Universidades Brasileiras)<\/a><\/li>\n<li>\u00a0<a href=\"http:\/\/www.universidades.com.br\/\" target=\"_blank\" rel=\"noopener noreferrer\">Informa\u00e7\u00f5es sobre institui\u00e7\u00f5es de ensino superior<\/a><\/li>\n<li>\u00a0<a href=\"http:\/\/www.lncc.br\/~sbi\/universidades.html\" target=\"_blank\" rel=\"noopener noreferrer\">Institutos de Pesquisa, Universidades e Bibliotecas<\/a> &#8211; lista do LNCC<\/li>\n<\/ul>\n<p>Organiza\u00e7\u00f5es de apoio<\/p>\n<ul>\n<li>\u00a0<a href=\"http:\/\/www.fapesp.br\/\" target=\"_blank\" rel=\"noopener noreferrer\">FAPESP &#8211; Funda\u00e7\u00e3o de Amparo \u00e0 Pesquisa do Estado de S\u00e3o Paulo<\/a><\/li>\n<li>\u00a0<a href=\"http:\/\/www.cnpq.br\/\" target=\"_blank\" rel=\"noopener noreferrer\">CNPq &#8211; Conselho Nacional de Desenvolvimento Cient\u00edfico e Tecnol\u00f3gico<\/a><\/li>\n<li>\u00a0<a href=\"http:\/\/www.capes.gov.br\/\">CAPES<\/a><\/li>\n<li>\u00a0<a href=\"http:\/\/www.mct.gov.br\/\" target=\"_blank\" rel=\"noopener noreferrer\">Minist\u00e9rio da Ci\u00eancia e Tecnologia<\/a><\/li>\n<li>\u00a0<a href=\"http:\/\/www.mec.gov.br\/\" target=\"_blank\" rel=\"noopener noreferrer\">Minist\u00e9rio da Educa\u00e7\u00e3o e do Desporto<\/a><\/li>\n<li>\u00a0<a href=\"http:\/\/www.finep.gov.br\/\" target=\"_blank\" rel=\"noopener noreferrer\">FINEP &#8211; Financiadora de Estudos e Projetos<\/a><\/li>\n<li>\u00a0<a href=\"http:\/\/www.conicet.gov.ar\/\" target=\"_blank\" rel=\"noopener noreferrer\">Conicet<\/a><\/li>\n<li><a href=\"http:\/\/www.fapemat.br\/\" target=\"_blank\" rel=\"noopener noreferrer\">Fapemat &#8211; Funda\u00e7\u00e3o de Amparo \u00e0 Pesquisa no Estado de Mato Grosso<\/a><\/li>\n<\/ul>\n<p>Bancos de dados cient\u00edficos<\/p>\n<ul>\n<li>\u00a0<a href=\"http:\/\/ams.impa.br\/mathscinet\/search\" target=\"_blank\" rel=\"noopener noreferrer\">MathSciNet Search<\/a><\/li>\n<li>\u00a0<a href=\"http:\/\/mirror.impa.br\/ZMATH\/\" target=\"_blank\" rel=\"noopener noreferrer\">MATH Database &#8211; Zentralblatt<\/a><\/li>\n<li><a href=\"http:\/\/science.thomsonreuters.com\/\" target=\"_blank\" rel=\"noopener noreferrer\">\u00a0Web of Science (Institute for Scientific Information &#8211; Scientific Database)<\/a><\/li>\n<\/ul>\n<p>Consulta ao acervo de biblioteca<\/p>\n<ul>\n<li>\u00a0<a href=\"http:\/\/www.unicamp.br\/bc\/\" target=\"_blank\" rel=\"noopener noreferrer\">Bibliotecas da Universidade Estadual de Campinas<\/a><\/li>\n<li>\u00a0<a href=\"http:\/\/dedalus.usp.br:4500\/ALEPH\/por\/USP\/USP\/DEDALUS\/START\" target=\"_blank\" rel=\"noopener noreferrer\">Bibliotecas da Universidade de S\u00e3o Paulo<\/a><\/li>\n<li>\u00a0<a href=\"http:\/\/www.lncc.br\/did\/biblioteca.html#1\" target=\"_blank\" rel=\"noopener noreferrer\">Biblioteca do Laborat\u00f3rio Nacional de Computa\u00e7\u00e3o Cient\u00edfica<\/a><\/li>\n<\/ul>\n<p>Livrarias<\/p>\n<ul>\n<li><a href=\"http:\/\/www.academus.com.br\/\" target=\"_blank\" rel=\"noopener noreferrer\">Academus<\/a><\/li>\n<li><a href=\"http:\/\/www.amazon.com\/\" target=\"_blank\" rel=\"noopener noreferrer\">Amazon<\/a><\/li>\n<li><a href=\"http:\/\/www.ime.unicamp.br\/Academus\" target=\"_blank\" rel=\"noopener noreferrer\">AMS Bookstore<\/a><\/li>\n<li><a href=\"http:\/\/www.bkstore.com\/\" target=\"_blank\" rel=\"noopener noreferrer\">Barnes &amp; Noble<\/a><\/li>\n<li><a href=\"http:\/\/www.books.com\/\" target=\"_blank\" rel=\"noopener noreferrer\">Book Stacks<\/a><\/li>\n<li><a href=\"http:\/\/www.campus.com.br\/\" target=\"_blank\" rel=\"noopener noreferrer\">Campus<\/a><\/li>\n<li><a href=\"http:\/\/www.canuto.com.br\/\" target=\"_blank\" rel=\"noopener noreferrer\">Canuto<\/a><\/li>\n<li><a href=\"http:\/\/www.lcm.com.br\/\" target=\"_blank\" rel=\"noopener noreferrer\">Ci\u00eancia Moderna<\/a><\/li>\n<li><a href=\"http:\/\/www.ediouro.com.br\/\" target=\"_blank\" rel=\"noopener noreferrer\">Ediouro<\/a><\/li>\n<li><a href=\"http:\/\/www.interbooks.com.br\/\" target=\"_blank\" rel=\"noopener noreferrer\">InterBooks<\/a><\/li>\n<li><a href=\"http:\/\/www.interciencia.com.br\/\" target=\"_blank\" rel=\"noopener noreferrer\">Interci\u00eancia<\/a><\/li>\n<li><a href=\"http:\/\/www.siciliano.com.br\/\" target=\"_blank\" rel=\"noopener noreferrer\">Siciliano<\/a><\/li>\n<\/ul>\n<p>Not\u00edcias<\/p>\n<ul>\n<li>\u00a0<a href=\"http:\/\/www.sbpcnet.org.br\/jc.html\" target=\"_blank\" rel=\"noopener noreferrer\">Jornal da Ci\u00eancia Hoje<\/a><\/li>\n<li>\u00a0<a href=\"http:\/\/jornal.cesar.org.br\/mct\/index.cfm\" target=\"_blank\" rel=\"noopener noreferrer\">MCT &#8211; C&amp;T Online &#8211; Not\u00edcias da Comunidade Cient\u00edfica<\/a><\/li>\n<li>\u00a0<a href=\"http:\/\/www.folha.uol.com.br\/\" target=\"_blank\" rel=\"noopener noreferrer\">Folha de S\u00e3o Paulo<\/a><\/li>\n<li><a href=\"http:\/\/www.clarin.com.ar\/\" target=\"_blank\" rel=\"noopener noreferrer\">Clarin &#8211; Di\u00e1rio Argentino<\/a><\/li>\n<li><a href=\"http:\/\/www.estadao.com.br\/\" target=\"_blank\" rel=\"noopener noreferrer\">O Estad\u00e3o &#8211; Rio de Janeiro<\/a><\/li>\n<li><a href=\"http:\/\/revistapesquisa.fapesp.br\/\" target=\"_blank\" rel=\"noopener noreferrer\">Revista Fapesp<\/a><\/li>\n<\/ul>\n","protected":false},"excerpt":{"rendered":"<p>Aqui\u00a0colecionei uma s\u00e9rie de Links para facilitar a vida (provavelmente muito mais a minha). Links para UFF UFF Matem\u00e1tica UFF Calend\u00e1rio UFF Links de interesse geral para matem\u00e1ticos Yahoo&#8217;s lista de links matem\u00e1ticos Pennsylvania State University&#8217;s list of Mathematics Information Servers Mathematics topics The Mathematics Archives MathNet WWW Virtual Library Mathematics Node EINet Galaxy Mathematics [&hellip;]<\/p>\n","protected":false},"author":70,"featured_media":0,"parent":0,"menu_order":0,"comment_status":"closed","ping_status":"closed","template":"","meta":{"_exactmetrics_skip_tracking":false,"_exactmetrics_sitenote_active":false,"_exactmetrics_sitenote_note":"","_exactmetrics_sitenote_category":0,"footnotes":""},"categories":[],"tags":[],"class_list":["post-20","page","type-page","status-publish","hentry"],"_links":{"self":[{"href":"https:\/\/www.professores.uff.br\/jcolombo\/wp-json\/wp\/v2\/pages\/20","targetHints":{"allow":["GET"]}}],"collection":[{"href":"https:\/\/www.professores.uff.br\/jcolombo\/wp-json\/wp\/v2\/pages"}],"about":[{"href":"https:\/\/www.professores.uff.br\/jcolombo\/wp-json\/wp\/v2\/types\/page"}],"author":[{"embeddable":true,"href":"https:\/\/www.professores.uff.br\/jcolombo\/wp-json\/wp\/v2\/users\/70"}],"replies":[{"embeddable":true,"href":"https:\/\/www.professores.uff.br\/jcolombo\/wp-json\/wp\/v2\/comments?post=20"}],"version-history":[{"count":6,"href":"https:\/\/www.professores.uff.br\/jcolombo\/wp-json\/wp\/v2\/pages\/20\/revisions"}],"predecessor-version":[{"id":650,"href":"https:\/\/www.professores.uff.br\/jcolombo\/wp-json\/wp\/v2\/pages\/20\/revisions\/650"}],"wp:attachment":[{"href":"https:\/\/www.professores.uff.br\/jcolombo\/wp-json\/wp\/v2\/media?parent=20"}],"wp:term":[{"taxonomy":"category","embeddable":true,"href":"https:\/\/www.professores.uff.br\/jcolombo\/wp-json\/wp\/v2\/categories?post=20"},{"taxonomy":"post_tag","embeddable":true,"href":"https:\/\/www.professores.uff.br\/jcolombo\/wp-json\/wp\/v2\/tags?post=20"}],"curies":[{"name":"wp","href":"https:\/\/api.w.org\/{rel}","templated":true}]}}