{"id":229,"date":"2017-09-11T11:21:03","date_gmt":"2017-09-11T14:21:03","guid":{"rendered":"http:\/\/www.professores.uff.br\/jcolombo\/?page_id=229"},"modified":"2017-09-18T11:18:25","modified_gmt":"2017-09-18T14:18:25","slug":"algebra-ii-gan00156-turma-b1-12015","status":"publish","type":"page","link":"https:\/\/www.professores.uff.br\/jcolombo\/algebra-ii-gan00156-turma-b1-12015\/","title":{"rendered":"\u00c1lgebra II &#8211; GAN00156 &#8211; Turma B1 &#8211; 1\/2015"},"content":{"rendered":"<p><strong>Carga hor\u00e1ria<\/strong>: 68 hs, turma: B1 &#8211; Matem\u00e1tica.<\/p>\n<hr \/>\n<p><strong>Monitoria:<\/strong> N\u00e3o temos monitor<br \/>\n<strong>Hor\u00e1rio da aula:<\/strong> 2\u00aa e 4\u00aa-feiras na sala IM-105 das 20-22h.<br \/>\n<strong>Meu hor\u00e1rio do atendimento<\/strong>: 2\u00aa e 3\u00aa-feiras, das 17-18hs em meu gabinete. O meu gabinete \u00e9 o 4 do 4\u00ba andar &#8211; IME &#8211; Valonguinho.<\/p>\n<hr \/>\n<p><strong>Informa\u00e7\u00f5es sobre o curso:<\/strong><\/p>\n<p># A nossa pasta \u00e9 a n\u00ba43 e esta na X\u00e9rox do Instituto de Matem\u00e1tica.<\/p>\n<p># Cubo M\u00e1gico -&gt;. Estava seguindo o seguinte texto https:\/\/rubiks.com\/uploads\/general_content\/Rubiks_cube_3x3_solution-en.pdf Mas a Isabelly enviou um link para alguns v\u00eddeos no YouTube que s\u00e3o muito bons \u00e9 do Rafael Cinoto <a href=\"https:\/\/www.youtube.com\/watch?v=TPDs7ZlPl6o&amp;list=UU8oFUW8SMyi5XxVit2ha2pw\" target=\"_blank\" rel=\"noopener noreferrer\">click aqui.<\/a><\/p>\n<hr \/>\n<p><strong>Provas<\/strong><br \/>\n<a href=\"http:\/\/www.professores.uff.br\/jcolombo\/wp-content\/uploads\/sites\/124\/2017\/09\/1-2015-P1_GAN00156_AlgII.pdf\" target=\"_blank\" rel=\"noopener noreferrer\">P1<\/a> &#8211; 06\/05\/2015 &#8211; Grupos &#8211; <em>trocamos para 11\/05\/2015<\/em>.<br \/>\n<a href=\"http:\/\/www.professores.uff.br\/jcolombo\/wp-content\/uploads\/sites\/124\/2017\/09\/1-2015-P2_GAN00156_AlgII.pdf\" target=\"_blank\" rel=\"noopener noreferrer\">P2<\/a>&#8211; 29\/06\/2015 &#8211; An\u00e9is<br \/>\n<a href=\"http:\/\/www.professores.uff.br\/jcolombo\/wp-content\/uploads\/sites\/124\/2017\/09\/1-2015-VR_GAN00156_AlgII.pdf\" target=\"_blank\" rel=\"noopener noreferrer\">VR<\/a> &#8211; 06\/07\/2015 (Toda a mat\u00e9ria)<br \/>\n<a href=\"http:\/\/www.professores.uff.br\/jcolombo\/wp-content\/uploads\/sites\/124\/2017\/09\/1-2015-VS_GAN00156_AlgII.pdf\" target=\"_blank\" rel=\"noopener noreferrer\">VS<\/a> &#8211; 08\/07\/2105 (Toda a mat\u00e9ria)<\/p>\n<hr \/>\n<p><strong>Listas de Exerc\u00edcios e Apostilas<\/strong><br \/>\nApostila 1 &#8211;<a href=\"http:\/\/www.professores.uff.br\/jcolombo\/wp-content\/uploads\/sites\/124\/2017\/09\/1-2015-grupos-mod1.pdf\" target=\"_blank\" rel=\"noopener noreferrer\"> Grupos_Mod1<\/a><br \/>\nApostila 2 &#8211; <a href=\"http:\/\/www.professores.uff.br\/jcolombo\/wp-content\/uploads\/sites\/124\/2017\/09\/1-2015-polinomios-mod2.pdf\" target=\"_blank\" rel=\"noopener noreferrer\">Polin\u00f4mios Mod2<\/a><\/p>\n<p><strong>Roteiro para estudar usando o livro do Arnaldo e do Yves<br \/>\n<\/strong><br \/>\nPg. 121 at\u00e9 a 140 (Tudo que estiver ai)<br \/>\nPulei a se\u00e7\u00e3o: Subgrupos gerado pela uni\u00e3o de dois subgrupos.<br \/>\nPg. 144 &#8211; 148: Homomorfismo de grupos fiz at\u00e9 o teorema do isomorfismo, lembro que fiz apenas a parte 1 desse teorema.<br \/>\nVer exemplo V.5.11 d\u00e1 pg. 151 at\u00e9 a defini\u00e7\u00e3o V.5.16<br \/>\nPg. 155 &#8211; Grupos C\u00edclicos at\u00e9 a proposi\u00e7\u00e3o V.6.6 da pg. 156.<br \/>\nPg. 169 &#8211; Determina\u00e7\u00e3o de todos os grupos &lt;= 11 &#8211; Estudar at\u00e9 o grupos de ordem 7. Pg. 198 &#8211; Grupo de Permuta\u00e7\u00f5es &#8211; pretendo fazer tudo at\u00e9 a p\u00e1gina 225.<br \/>\nVoc\u00eas podem tentar fazer os exerc\u00edcios: 1,2,3,6,7,8,9,10,12,13, 17,18,19,20,31,41,42,43,47 e 48.<\/p>\n<p><strong>Listas para estudar na 2\u00aa parte do curso<\/strong>:<br \/>\nLista 1 p\u00e1ginas 41 &#8211; 42 da apostila 2 &#8211; <a href=\"http:\/\/www.professores.uff.br\/jcolombo\/wp-content\/uploads\/sites\/124\/2017\/09\/1-2015-polinomios-mod2.pdf\" target=\"_blank\" rel=\"noopener noreferrer\">Polin\u00f4mios-Mod2<\/a><br \/>\nLista 2 p\u00e1ginas 50 &#8211; 51 da apostila 2 &#8211; Polin\u00f4mios-Mod2<br \/>\nLista 3 p\u00e1ginas 70 &#8211; 72 da apostila 2 &#8211; Polin\u00f4mios-Mod2<br \/>\nLista 4 p\u00e1ginas 88 &#8211; 90 da apostila 2 &#8211; Polin\u00f4mios-Mod2<br \/>\nLista 5<a href=\"http:\/\/www.professores.uff.br\/jcolombo\/wp-content\/uploads\/sites\/124\/2017\/09\/1-2015-Lista_5_algebra_II_20151.pdf\" target=\"_blank\" rel=\"noopener noreferrer\"> baixe aqui.<\/a><br \/>\n<a href=\"http:\/\/www.professores.uff.br\/jcolombo\/wp-content\/uploads\/sites\/124\/2017\/09\/1-2015-Lista_6_algebra_II_20151.pdf\" target=\"_blank\" rel=\"noopener noreferrer\">Lista 6<\/a> Exerc\u00edcios selecionados no livro do Arnaldo e Yves.<br \/>\n<a href=\"http:\/\/www.professores.uff.br\/jcolombo\/wp-content\/uploads\/sites\/124\/2017\/09\/1-2015-Lista_7_algebra_II_20151.pdf\" target=\"_blank\" rel=\"noopener noreferrer\">Lista 7<\/a> &#8211; Entregue na aula 15JUN.<\/p>\n<hr \/>\n<p><strong>Cronograma:<\/strong><br \/>\nProvas P1-06\/05(mudamos para 11\/05), P2-29\/06 VR-06\/07 e VS-08\/07.<br \/>\n09\/03 &#8211; 1 Apresenta\u00e7\u00f5es, ementas, data de avalia\u00e7\u00f5es, bibliografia.<br \/>\n11\/03 &#8211; 2 Defini\u00e7\u00e3o de grupo, exemplos de grupos, abelianos, n\u00e3o-abelianos, finitos, infinitos: inteiros, inteiros m\u00f3dulo n, corpos, Diedrais, permuta\u00e7\u00f5es.<\/p>\n<p>16\/03 &#8211; 3 Grupos de permuta\u00e7\u00f5es, subgrupos<br \/>\n18\/03 &#8211; 4 subgrupos gerados, subgrupo dos comutadores, introduzi a id\u00e9ia de cubo rubik<\/p>\n<p>23\/03 &#8211; 5 Classe laterais e o teorema de Lagrange.<br \/>\n25\/03 &#8211; 6 Subgrupos Normais e Grupos Quocientes<\/p>\n<p>30\/03 &#8211; 7 Homomorfismo de Grupos, n\u00facleo e imagem<br \/>\n01\/04 &#8211; 8 exerc\u00edcio<\/p>\n<p>06\/04 &#8211; 9 Grupos C\u00edclicos, se todo elemento do grupo \u00e9 idempotente, ent\u00e3o o grupo e abeliano, classifica\u00e7\u00e3o dos grupos<br \/>\n08\/04 &#8211; 10 Concluir classifica\u00e7\u00e3o falar sobre o cubo Rubik<\/p>\n<p>13\/04 &#8211; 11 Grupos S_n, exerc\u00edcios &#8211; e o final das t\u00e9cnicas para montar o cubo Rubik<br \/>\n15\/04 &#8211; 12 Grupos Sim\u00e9tricos &#8211; defini o grupo alternado<\/p>\n<p>20\/04 -&gt; S\u00e3o Jorge<br \/>\n22\/04 &#8211; n\u00e3o darei aula<\/p>\n<p>27\/04 &#8211; 14 Conjuga\u00e7\u00e3o e simplicidade dos A_n se n diferente de 4.<br \/>\n29\/04 &#8211; 15 Exerc\u00edcios<\/p>\n<p>04\/05 &#8211; 16 &#8211; Teste<br \/>\n06\/05 &#8211; 17 &#8211; Objetivos da 2\u00aa parte do curso: Id\u00e9ias de Kummer para demonstrar o \u00faltimo Teorema de Fermat. Iniciei introduzindo o anel dos Polin\u00f4mios, Dom\u00ednio Euclidiano exemplos: Inteiros, Inteiros de Gauss, K[X].<\/p>\n<p>11\/05 &#8211; 18 &#8211; P1<br \/>\n13\/05 &#8211; 19 &#8211; Corre\u00e7\u00e3o da P1 e depois recordar: Dom\u00ednios de Fatora\u00e7\u00e3o \u00fanica e DIP, Calculo de MDC nos polin\u00f4mios.<\/p>\n<p>18\/05 &#8211; 20 &#8211; Dom\u00ednio Euclidianos, DIP, DFU e MDC<br \/>\n20\/05 &#8211; 21 &#8211; Lema de Gauss, Ra\u00edzes e fatores nos polin\u00f4mios, Entrega e vista da P1.<\/p>\n<p>25\/05 &#8211; 22 &#8211; Crit\u00e9rios de irredutibilidade em Q[x]<br \/>\n27\/05 &#8211; 23 &#8211; Ra\u00edzes da Unidade<\/p>\n<p>01\/06 &#8211; 24 &#8211; Resolvendo x^2+y^2=z^2<br \/>\n03\/06 &#8211; 25 &#8211; Consequ\u00eancias da equa\u00e7\u00e3o x^2+y^2=z^2; propriedades dos an\u00e9is: Inteiros de Gauss e Inteiros de Eisenstein &#8211; conclu\u00ed a mat\u00e9ria<\/p>\n<p>08\/06 &#8211; N\u00e3o haver\u00e1 aula<br \/>\n10\/06 &#8211; N\u00e3o haver\u00e1 aula<\/p>\n<p>15\/06 &#8211; 26 &#8211; Exerc\u00edcios<br \/>\n17\/06 &#8211; 27 &#8211; Exerc\u00edcios<\/p>\n<p>22\/06 &#8211; 28 &#8211; Exerc\u00edcios<br \/>\n24\/06 &#8211; 29 &#8211; Exerc\u00edcios<\/p>\n<p>29\/06 &#8211; 30 &#8211; P2<br \/>\n01\/07 &#8211; 31 &#8211; Exerc\u00edcios, resolu\u00e7\u00e3o da P2, vista de prova<\/p>\n<p>06\/07 &#8211; 32 &#8211; VR<br \/>\n08\/07 &#8211; 33 &#8211; VS<\/p>\n<p>13\/07<br \/>\n15\/07<\/p>\n<hr \/>\n<p><strong>Ementa: GAN00156<\/strong><br \/>\n1. Ra\u00edzes n-\u00e9simas em um corpo.<br \/>\n1.1 A forma trigonom\u00e9trica dos n\u00fameros complexos n\u00e3o-nulos e a multiplica\u00e7\u00e3o de n\u00fameros complexos n\u00e3o-nulos.<br \/>\n1.2 Ra\u00edzes n-\u00e9simas em um corpo K. Ra\u00edzes complexas n-\u00e9simas de um complexo n\u00e3o-nulo.<br \/>\n1.3 Raizes complexas n-\u00e9simas da unidade. Ra\u00edzes complexas primitivas n-\u00e9simas da unidade.<\/p>\n<p>2. Polin\u00f4mios sobre dom\u00ednios e corpos.<br \/>\n2.1 Rever: polin\u00f4mios sobre an\u00e9is comutativos com unidade, com \u00eanfase em dom\u00ednios, a fun\u00e7\u00e3o grau e propriedades.<br \/>\n2.2 O dom\u00ednio D[x], onde D \u00e9 dom\u00ednio: a divis\u00e3o euclidiana por polin\u00f4mios com coeficiente l\u00edder invert\u00edvel. \u03b1 em D \u00e9 raiz de p(x) em D[x] se, e somente se x &#8211; \u03b1 divide p(x). Polin\u00f4mios de grau n com coeficientes em um dom\u00ednio D t\u00eam no m\u00e1ximo n ra\u00edzes em D. Multiplicidade das ra\u00edzes.<br \/>\n2.3 Corpos algebricamente fechados: defini\u00e7\u00e3o, corpos algebricamente fechados s\u00e3o infinitos, C \u00e9 algebricamente fechado (sem demonstra\u00e7\u00e3o).<br \/>\n2.4 K[x], K corpo, \u00e9 um dom\u00ednio principal. Algoritmo de Euclides em K[x] e o m\u00e1ximo divisor comum. Fatora\u00e7\u00e3o \u00fanica em K[x]. MDC e MMC, a partir da fatora\u00e7\u00e3o \u00fanica. Polin\u00f4mios primos entre si. Polin\u00f4mios irredut\u00edveis em K[x] e ideais primos.<br \/>\n2.5 Polin\u00f4mios com coeficientes complexos e com coeficientes reais. Teorema Fundamental da \u00c1lgebra em C[x]. Polin\u00f4mios irredut\u00edveis em R[x] e o TFA em R[x].<br \/>\n2.6 Se D \u00e9 dom\u00ednio de fatora\u00e7\u00e3o \u00fanica, ent\u00e3o D[x] \u00e9 de fatora\u00e7\u00e3o \u00fanica (n\u00e3o demonstrar). Polin\u00f4mios em Q[x] e em Z[x]. Lema de Gauss. Crit\u00e9rios de irredutibilidade em Q[x].<br \/>\n2.7 Resolu\u00e7\u00e3o por radicais: as equa\u00e7\u00f5es do 2\u00ba, 3\u00ba e 4\u00ba graus.<\/p>\n<p>3. Grupos<br \/>\n3.1 Propriedades elementares. Grupos abelianos e n\u00e3o-abelianos, grupos finitos e infinitos. A ordem de um grupo. O grupo Sn, para todo n \u2265 3, \u00e9 n\u00e3o-abeliano.<br \/>\n3.2 Subgrupos: defini\u00e7\u00e3o e exemplos. Subgrupo gerado por um elemento. Ordem de um elemento. C\u00e1lculo dos subgrupos do grupo Z.<br \/>\n3.3 A rela\u00e7\u00e3o de equival\u00eancia m\u00f3dulo H, classe \u00e0 direita e classe \u00e0 esquerda, o \u00edndice (G : H). Teorema de Lagrange.<br \/>\n3.4 Grupos c\u00edclicos: teorema de estrutura.<br \/>\n3.5 Classifica\u00e7\u00e3o dos grupos de ordem prima, ordem 4 e ordem 6. Grupo dos quat\u00e9rnios. Grupos diedrais.<\/p>\n<p>4. Homomorfismo.<br \/>\n4.1 Defini\u00e7\u00e3o, propriedades, n\u00facleo e imagem. Isomorfismo e automorfismo de grupos.<br \/>\n4.2 Teorema de Cayley.<\/p>\n<p>5. O grupo Sn<br \/>\n5.1 A congru\u00eancia m\u00f3dulo \u03b8, onde \u03b8 em Sn. A \u00f3rbita de a por \u03b8, onde a em {1, &#8230; ,n}. Os ciclos de \u03b8, r-ciclos, multiplica\u00e7\u00e3o de ciclos.<br \/>\n5.2 Toda permuta\u00e7\u00e3o \u00e9 o produto dos seus ciclos. Toda permuta\u00e7\u00e3o \u00e9 produto de 2-ciclos (transposi\u00e7\u00f5es). Permuta\u00e7\u00f5es pares e \u00edmpares. O grupo alternado An das permuta\u00e7\u00f5es pares.<\/p>\n<hr \/>\n<p><strong>Bibliografia:<\/strong><br \/>\n[1] Introdu\u00e7\u00e3o \u00e0 \u00c1lgebra, Adilson Gon\u00e7alves, Projeto Euclides, IMPA, 2000.<\/p>\n<p>[2] Topics in Alqebra, LN. Herstein, John Wiley &amp; Sons, 2nd editon.<\/p>\n<p>[3] A First Course in Absiract Alqebra, John B. Fraleigh, Addison Wesley Publishing Company, 1967.<\/p>\n<hr \/>\n<p>\u00faltima revis\u00e3o em Julho, 2015.<\/p>\n<p style=\"text-align: center;\"><strong><a href=\"http:\/\/www.professores.uff.br\/jcolombo\/disciplinas\/\">Voltar<\/a><\/strong><\/p>\n","protected":false},"excerpt":{"rendered":"<p>Carga hor\u00e1ria: 68 hs, turma: B1 &#8211; Matem\u00e1tica. Monitoria: N\u00e3o temos monitor Hor\u00e1rio da aula: 2\u00aa e 4\u00aa-feiras na sala IM-105 das 20-22h. Meu hor\u00e1rio do atendimento: 2\u00aa e 3\u00aa-feiras, das 17-18hs em meu gabinete. O meu gabinete \u00e9 o 4 do 4\u00ba andar &#8211; IME &#8211; Valonguinho. Informa\u00e7\u00f5es sobre o curso: # A nossa [&hellip;]<\/p>\n","protected":false},"author":70,"featured_media":0,"parent":0,"menu_order":0,"comment_status":"closed","ping_status":"closed","template":"","meta":{"_exactmetrics_skip_tracking":false,"_exactmetrics_sitenote_active":false,"_exactmetrics_sitenote_note":"","_exactmetrics_sitenote_category":0,"footnotes":""},"categories":[],"tags":[],"class_list":["post-229","page","type-page","status-publish","hentry"],"_links":{"self":[{"href":"https:\/\/www.professores.uff.br\/jcolombo\/wp-json\/wp\/v2\/pages\/229","targetHints":{"allow":["GET"]}}],"collection":[{"href":"https:\/\/www.professores.uff.br\/jcolombo\/wp-json\/wp\/v2\/pages"}],"about":[{"href":"https:\/\/www.professores.uff.br\/jcolombo\/wp-json\/wp\/v2\/types\/page"}],"author":[{"embeddable":true,"href":"https:\/\/www.professores.uff.br\/jcolombo\/wp-json\/wp\/v2\/users\/70"}],"replies":[{"embeddable":true,"href":"https:\/\/www.professores.uff.br\/jcolombo\/wp-json\/wp\/v2\/comments?post=229"}],"version-history":[{"count":7,"href":"https:\/\/www.professores.uff.br\/jcolombo\/wp-json\/wp\/v2\/pages\/229\/revisions"}],"predecessor-version":[{"id":630,"href":"https:\/\/www.professores.uff.br\/jcolombo\/wp-json\/wp\/v2\/pages\/229\/revisions\/630"}],"wp:attachment":[{"href":"https:\/\/www.professores.uff.br\/jcolombo\/wp-json\/wp\/v2\/media?parent=229"}],"wp:term":[{"taxonomy":"category","embeddable":true,"href":"https:\/\/www.professores.uff.br\/jcolombo\/wp-json\/wp\/v2\/categories?post=229"},{"taxonomy":"post_tag","embeddable":true,"href":"https:\/\/www.professores.uff.br\/jcolombo\/wp-json\/wp\/v2\/tags?post=229"}],"curies":[{"name":"wp","href":"https:\/\/api.w.org\/{rel}","templated":true}]}}